{"id":18459,"date":"2025-03-23T21:19:57","date_gmt":"2025-03-23T20:19:57","guid":{"rendered":"https:\/\/forzini.com\/producto\/set-mancuernas-decorativas\/"},"modified":"2025-10-18T09:53:20","modified_gmt":"2025-10-18T07:53:20","slug":"hantlar-3-kg","status":"publish","type":"product","link":"https:\/\/forzini.com\/sv\/producto\/hantlar-3-kg\/","title":{"rendered":"Hantlar 3 kg i vit marmor \u2013 designer och lyx"},"content":{"rendered":"<h2>Exklusiva 3 kg hantlar i vit marmor<\/h2>\n<p data-start=\"194\" data-end=\"469\">Detta set med <strong data-start=\"208\" data-end=\"224\">hantlar 3 kg<\/strong> \u00e4r b\u00e5de dekorativt och funktionellt, perfekt f\u00f6r exklusiva gym eller f\u00f6r fitnessentusiaster som uppskattar sofistikerad design. Hantlarna \u00e4r <strong data-start=\"366\" data-end=\"400\">handgjorda i begr\u00e4nsad upplaga<\/strong> varje \u00e5r och k\u00e4nnetecknas av enast\u00e5ende estetik och unik karakt\u00e4r.<\/p>\n<p data-start=\"471\" data-end=\"685\">Det lyxiga designen k\u00e4nnetecknas av mjuka linjer och organiska former som skapar harmoni och balans. Varje kurva och detalj \u00e4r noggrant utformad f\u00f6r att framh\u00e4va marmorns naturliga \u00e5dring och ge en elegant touch.<\/p>\n<p data-start=\"687\" data-end=\"931\">Tillverkade i <strong data-start=\"701\" data-end=\"736\">vit marmor med subtila gr\u00e5 \u00e5rer<\/strong>, \u00e4r varje hantel ett unikt konstverk. Med en vikt p\u00e5 <strong data-start=\"790\" data-end=\"809\">3 kg per hantel<\/strong> kombinerar detta set funktionalitet med dekorativ design, och passar perfekt b\u00e5de i moderna vardagsrum och privata gym.<\/p>\n<p data-start=\"933\" data-end=\"1229\">F\u00f6rest\u00e4ll dig dessa hantlar som en del av inredningen \u2013 de tillf\u00f6r en k\u00e4nsla av exklusivitet och sofistikering. Den eleganta designen och materialen av h\u00f6gsta kvalitet g\u00f6r dem ocks\u00e5 till den perfekta g\u00e5van f\u00f6r fitness\u00e4lskare som vill kombinera <strong data-start=\"1177\" data-end=\"1204\">stil och funktionalitet<\/strong> i sin dagliga tr\u00e4ning.<\/p>\n<p data-start=\"1231\" data-end=\"1399\">Varje hantel, med sina mjuka konturer och organiska linjer, \u00e4r ett uttryck f\u00f6r gott omd\u00f6me och konstn\u00e4rligt hantverk \u2013 d\u00e4r funktion och design m\u00f6ts i ett enda objekt.<\/p>\n<p data-start=\"1401\" data-end=\"1514\"><strong data-start=\"1401\" data-end=\"1415\">V\u00e5rt tips:<\/strong> Kombinera dessa lyxhantlar med v\u00e5r premium kettlebell <em data-start=\"1470\" data-end=\"1482\">\u201cVirtus M\u201d<\/em> f\u00f6r ett komplett tr\u00e4ningsset.<\/p>\n<p data-start=\"1516\" data-end=\"1727\"><strong data-start=\"1516\" data-end=\"1540\">Snow Leopard-marmor:<\/strong> Vit marmor med subtila gr\u00e5 toner och \u00e5dring. Denna ovanliga och exklusiva marmor utvinns i sm\u00e5 m\u00e4ngder fr\u00e5n ett specifikt omr\u00e5de och uppskattas f\u00f6r sina j\u00e4mna, n\u00e4stan djuriska m\u00f6nster.<\/p>\n<p data-start=\"1729\" data-end=\"2124\">Visste du att dessa lyxhantlar inte bara \u00e4r tr\u00e4ningsredskap, utan ocks\u00e5 skulpturala konstverk? Varje hantel formas och poleras f\u00f6r hand av v\u00e5ra m\u00e4stare, vilket framh\u00e4ver marmorns unika karakt\u00e4r och skapar en produkt som \u00e4r lika njutbar att h\u00e5lla i som att se p\u00e5. Den mjuka formen \u00e4r ergonomiskt designad f\u00f6r komfort och sensorisk njutning, vilket f\u00f6rvandlar tr\u00e4ningen till en lyxig upplevelse.<\/p>\n<p data-start=\"2126\" data-end=\"2387\">P\u00e5 grund av marmorns s\u00e4rpr\u00e4gel och det hantverksm\u00e4ssiga tillverkningss\u00e4ttet produceras hantlarna endast i sm\u00e5 upplagor n\u00e5gra g\u00e5nger per \u00e5r. Denna begr\u00e4nsade produktion s\u00e4kerst\u00e4ller att varje set \u00e4r en s\u00e4llsynt skatt, som f\u00f6renar b\u00e5de sk\u00f6nhet och exklusivitet.<\/p>\n<p>&nbsp;<\/p>\n<p><a href=\"https:\/\/forzini.com\/sv\/material\/\" target=\"_blank\" rel=\"noopener\">Uppt\u00e4ck mer om v\u00e5r kollektion av marmor och onyx via denna l\u00e4nk: <\/a><a href=\"https:\/\/forzini.com\/sv\/material\/\" target=\"_blank\" rel=\"noopener\">Material<\/a><\/p>\n","protected":false},"excerpt":{"rendered":"<h1>Exklusiva hantlar 3 kg i vit marmor<\/h1>\n<p data-start=\"87\" data-end=\"370\">Detta exklusiva set <strong data-start=\"107\" data-end=\"139\">hantlar i vit marmor p\u00e5 3 kg<\/strong> f\u00f6rvandlar den dagliga tr\u00e4ningen till en estetisk och funktionell upplevelse. Designade f\u00f6r personer som v\u00e4rdes\u00e4tter b\u00e5de fysisk prestation och visuell elegans, f\u00f6renar de fitnessens ergonomi med det moderna designens f\u00f6rfining.<\/p>\n<p data-start=\"372\" data-end=\"658\">Varje hantel \u00e4r noggrant skulpterad f\u00f6r att ge ett bekv\u00e4mt och balanserat grepp \u2013 \u00e4ven under intensiva tr\u00e4ningspass. Dess organiska form och marmorns naturliga \u00e5dring g\u00f6r varje hantel till ett unikt konstverk som pryder vilket rum som helst \u2013 fr\u00e5n privata gym till moderna vardagsrum.<\/p>\n<p data-start=\"660\" data-end=\"850\">Detta \u00e4r mer \u00e4n bara ett tr\u00e4ningsredskap \u2013 dessa hantlar representerar ett nytt s\u00e4tt att integrera v\u00e4lm\u00e5ende i vardagen. Perfekt f\u00f6r dem som s\u00f6ker stil utan kompromisser p\u00e5 funktionalitet.<\/p>\n","protected":false},"featured_media":18447,"comment_status":"closed","ping_status":"closed","template":"","meta":{"_acf_changed":false,"_joinchat":[]},"product_brand":[],"product_cat":[309,369],"product_tag":[321],"class_list":{"0":"post-18459","1":"product","2":"type-product","3":"status-publish","4":"has-post-thumbnail","6":"product_cat-tillbehor","7":"product_cat-traningstillbehor","8":"product_tag-marmor-sv","10":"first","11":"instock","12":"sale","13":"featured","14":"shipping-taxable","15":"purchasable","16":"product-type-simple"},"acf":[],"_links":{"self":[{"href":"https:\/\/forzini.com\/sv\/wp-json\/wp\/v2\/product\/18459","targetHints":{"allow":["GET"]}}],"collection":[{"href":"https:\/\/forzini.com\/sv\/wp-json\/wp\/v2\/product"}],"about":[{"href":"https:\/\/forzini.com\/sv\/wp-json\/wp\/v2\/types\/product"}],"replies":[{"embeddable":true,"href":"https:\/\/forzini.com\/sv\/wp-json\/wp\/v2\/comments?post=18459"}],"version-history":[{"count":0,"href":"https:\/\/forzini.com\/sv\/wp-json\/wp\/v2\/product\/18459\/revisions"}],"wp:featuredmedia":[{"embeddable":true,"href":"https:\/\/forzini.com\/sv\/wp-json\/wp\/v2\/media\/18447"}],"wp:attachment":[{"href":"https:\/\/forzini.com\/sv\/wp-json\/wp\/v2\/media?parent=18459"}],"wp:term":[{"taxonomy":"product_brand","embeddable":true,"href":"https:\/\/forzini.com\/sv\/wp-json\/wp\/v2\/product_brand?post=18459"},{"taxonomy":"product_cat","embeddable":true,"href":"https:\/\/forzini.com\/sv\/wp-json\/wp\/v2\/product_cat?post=18459"},{"taxonomy":"product_tag","embeddable":true,"href":"https:\/\/forzini.com\/sv\/wp-json\/wp\/v2\/product_tag?post=18459"}],"curies":[{"name":"wp","href":"https:\/\/api.w.org\/{rel}","templated":true}]}}