{"id":18328,"date":"2024-07-05T13:06:57","date_gmt":"2024-07-05T11:06:57","guid":{"rendered":"https:\/\/forzini.com\/producto\/mancuernas-de-diseno\/"},"modified":"2025-10-15T20:15:54","modified_gmt":"2025-10-15T18:15:54","slug":"hantlar-traning-hemma","status":"publish","type":"product","link":"https:\/\/forzini.com\/sv\/producto\/hantlar-traning-hemma\/","title":{"rendered":"Hantlar tr\u00e4ning hemma \u2013 vita marmor dumbbells 1 kg"},"content":{"rendered":"<h2>Vita marmor dumbbells 1 kg &#8221;Apolo S&#8221;<\/h2>\n<p>Dessa hantlar med originell och innovativ design \u00e4r ett perfekt komplement till hemmagymmet. Varje \u00e5r tillverkas endast ett f\u00e5tal exemplar f\u00f6r hand, vilket g\u00f6r dem till verkligt unika tr\u00e4ningsredskap. Med sina mjuka former och ergonomiska konturer tillf\u00f6r de b\u00e5de komfort och elegans till din tr\u00e4ningsmilj\u00f6.<\/p>\n<p>De estetiska linjerna och det unika formspr\u00e5ket g\u00f6r att hantlarna sticker ut. De mjuka kurvorna och de raffinerade detaljerna \u00e4r inte bara visuellt tilltalande \u2013 de ger ocks\u00e5 en behaglig k\u00e4nsla vid ber\u00f6ring. Varje hantel v\u00e4ger 1 kg och \u00e4r ett utm\u00e4rkt val f\u00f6r dig som \u00e4lskar tr\u00e4ning och s\u00f6ker n\u00e5got exklusivt, lyxigt och annorlunda till ditt hemmagym.<\/p>\n<p>Den eleganta designen g\u00f6r dem till samtals\u00e4mnen och dekorativa inslag som f\u00f6rh\u00f6jer atmosf\u00e4ren i vilket rum som helst. Varje detalj \u00e4r noggrant handbearbetad f\u00f6r att f\u00f6rena estetik med funktionalitet \u2013 resultatet \u00e4r en hantel som \u00e4r lika praktisk som den \u00e4r vacker.<\/p>\n<p><strong>V\u00e5rt tips:<\/strong> Kombinera g\u00e4rna dessa hantlar med v\u00e5r marmorkettlebell &#8221;Virtus S&#8221; f\u00f6r en stilren tr\u00e4ningsupplevelse.<\/p>\n<p>Inspirerade av sambandet mellan kropp, sinne och milj\u00f6 har vi lyft fram sk\u00f6nheten i varje detalj. Genom att f\u00f6rena funktion med form har vi skapat ett unikt hanteldesign som kombinerar mjuka linjer, exceptionell ergonomi och tidl\u00f6s elegans. Varje hantel \u00e4r handskuren med stor precision, vilket garanterar en unik perfektion i varje kurva.<\/p>\n<p>Denna hantverksprocess begr\u00e4nsar produktionen till ett f\u00e5tal set per \u00e5r, vilket s\u00e4kerst\u00e4ller att varje exemplar \u00e4r helt unikt. V\u00e5rt materialval och formspr\u00e5k erbjuder v\u00e5ra kunder en distinkt exklusivitet \u2013 inga tv\u00e5 set \u00e4r identiska.<\/p>\n<p>&nbsp;<\/p>\n<p><a href=\"https:\/\/forzini.com\/sv\/material\/\" target=\"_blank\" rel=\"noopener\">Uppt\u00e4ck mer om v\u00e5r kollektion av marmor och onyx via denna l\u00e4nk: <\/a><a href=\"https:\/\/forzini.com\/sv\/material\/\" target=\"_blank\" rel=\"noopener\">Material<\/a><\/p>\n","protected":false},"excerpt":{"rendered":"<h1>Hantlar tr\u00e4ning hemma 1 kg<\/h1>\n<p>Dessa hantlar i marmor \u00e4r den yttersta symbolen f\u00f6r exklusivitet och hantverk. Varje \u00e5r tillverkas endast ett f\u00e5tal exemplar f\u00f6r hand, vilket g\u00f6r dem till verkligt unika objekt. Med sina mjuka och ergonomiska former \u00e4r de bekv\u00e4ma att anv\u00e4nda och tillf\u00f6r samtidigt en k\u00e4nsla av elegans till hemmagymmet. Varje detalj \u00e4r noggrant utformad f\u00f6r att f\u00f6rena estetik med funktionalitet \u2013 resultatet \u00e4r en hantel i marmor som \u00e4r ett sant m\u00e4sterverk.<\/p>\n","protected":false},"featured_media":18302,"comment_status":"closed","ping_status":"closed","template":"","meta":{"_acf_changed":false,"_joinchat":[]},"product_brand":[],"product_cat":[309,369],"product_tag":[321],"class_list":{"0":"post-18328","1":"product","2":"type-product","3":"status-publish","4":"has-post-thumbnail","6":"product_cat-tillbehor","7":"product_cat-traningstillbehor","8":"product_tag-marmor-sv","10":"first","11":"instock","12":"sale","13":"featured","14":"shipping-taxable","15":"purchasable","16":"product-type-simple"},"acf":[],"_links":{"self":[{"href":"https:\/\/forzini.com\/sv\/wp-json\/wp\/v2\/product\/18328","targetHints":{"allow":["GET"]}}],"collection":[{"href":"https:\/\/forzini.com\/sv\/wp-json\/wp\/v2\/product"}],"about":[{"href":"https:\/\/forzini.com\/sv\/wp-json\/wp\/v2\/types\/product"}],"replies":[{"embeddable":true,"href":"https:\/\/forzini.com\/sv\/wp-json\/wp\/v2\/comments?post=18328"}],"version-history":[{"count":0,"href":"https:\/\/forzini.com\/sv\/wp-json\/wp\/v2\/product\/18328\/revisions"}],"wp:featuredmedia":[{"embeddable":true,"href":"https:\/\/forzini.com\/sv\/wp-json\/wp\/v2\/media\/18302"}],"wp:attachment":[{"href":"https:\/\/forzini.com\/sv\/wp-json\/wp\/v2\/media?parent=18328"}],"wp:term":[{"taxonomy":"product_brand","embeddable":true,"href":"https:\/\/forzini.com\/sv\/wp-json\/wp\/v2\/product_brand?post=18328"},{"taxonomy":"product_cat","embeddable":true,"href":"https:\/\/forzini.com\/sv\/wp-json\/wp\/v2\/product_cat?post=18328"},{"taxonomy":"product_tag","embeddable":true,"href":"https:\/\/forzini.com\/sv\/wp-json\/wp\/v2\/product_tag?post=18328"}],"curies":[{"name":"wp","href":"https:\/\/api.w.org\/{rel}","templated":true}]}}