{"id":18249,"date":"2024-07-05T11:46:18","date_gmt":"2024-07-05T09:46:18","guid":{"rendered":"https:\/\/forzini.com\/producto\/cadena-marmol-rhea\/"},"modified":"2025-10-12T21:24:49","modified_gmt":"2025-10-12T19:24:49","slug":"dekoration-objekt-i-marmor","status":"publish","type":"product","link":"https:\/\/forzini.com\/sv\/producto\/dekoration-objekt-i-marmor\/","title":{"rendered":"Dekoration objekt i marmor \u2013 stor knut figur"},"content":{"rendered":"<h2>Dekoration objekt i marmor &#8211; stor knut figur &#8221;Rhea&#8221;<\/h2>\n<p>Detta uts\u00f6kta dekoration objekt i marmor knut \u00e4r handskuret i gr\u00f6n onyx och har en elegant, skulpturell form som liknar en knut. Den \u00e4r ett uppskattat inredningsobjekt som f\u00f6rh\u00f6jer varje rum med sin distinkta n\u00e4rvaro och tillf\u00f6r ett sofistikerat uttryck som f\u00e5ngar alla blickar.<\/p>\n<p>Den gr\u00f6na onyxstenen, med sina karakteristiska \u00e5dringar i r\u00f6tt, guld och mjuka vita moln, ger varje exemplar en unik och naturlig sk\u00f6nhet. Denna marmorknut \u00e4r en perfekt detalj f\u00f6r att framh\u00e4va visuella fokuspunkter i hemmet \u2013 ett varmt och stilfullt inslag som f\u00f6rvandlar vilket rum som helst till ett personligt och inbjudande hem.<\/p>\n<p>Dessutom \u00e4r detta dekoration objekt i marmor knut en utm\u00e4rkt g\u00e5va f\u00f6r den som s\u00f6ker n\u00e5got speciellt. Oavsett om det g\u00e4ller f\u00f6delsedag, jubileum, inflyttningspresent, en g\u00e5va till mamma eller till en kollega \u2013 denna skulptur \u00e4r ett smakfullt val. Den kan \u00e4ven anv\u00e4ndas som bokst\u00f6d eller pappersvikt, vilket ger funktion till dess estetiska v\u00e4rde.<\/p>\n<p>&nbsp;<\/p>\n<p><strong>Amazonian Green Onyx<\/strong>: En m\u00e5ngfacetterad gr\u00f6n f\u00e4rgpalett som str\u00e4cker sig fr\u00e5n livfulla nyanser till mjuka toner, kompletterad av bruna, chokladf\u00e4rgade, gyllene och r\u00f6da \u00e5dringar \u2013 ett uttryck f\u00f6r naturens konstn\u00e4rliga kraft.<\/p>\n<p>Vid skapandet av detta dekoration objekt i marmor knut inspirerades vi av tanken p\u00e5 samh\u00f6righet och hur detta koncept speglar sig i hemmet. Hemmet \u00e4r v\u00e5r gemensamma utg\u00e5ngspunkt \u2013 en plats vi alltid \u00e5terv\u00e4nder till, fylld av v\u00e4rme och mening.<\/p>\n<p>De tre sammanl\u00e4nkade delarna symboliserar livets faser: f\u00f6delse, vuxenliv och \u00e5lderdom \u2013 alla f\u00f6rbundna till en gemensam k\u00e4rna: hemmet. Denna knut \u00e4r skulpterad i onyx, en sten k\u00e4nd f\u00f6r sin styrka och sk\u00f6nhet, och dess tillkomst kr\u00e4vde stor skicklighet och t\u00e5lamod.<\/p>\n<p>V\u00e5ra hantverkare har med precision och passion format denna knut till ett konstverk som hyllar livets f\u00f6rbindelser. Den perfekta finishen och harmoniska formen speglar deras engagemang och konstn\u00e4rliga skicklighet.<\/p>\n<p>&nbsp;<\/p>\n<p>&nbsp;<\/p>\n<p><a href=\"https:\/\/forzini.com\/sv\/material\/\" target=\"_blank\" rel=\"noopener\">Uppt\u00e4ck mer om v\u00e5r kollektion av marmor och onyx via denna l\u00e4nk: <\/a><a href=\"https:\/\/forzini.com\/sv\/material\/\" target=\"_blank\" rel=\"noopener\">Material<\/a><\/p>\n","protected":false},"excerpt":{"rendered":"<h2>Dekoration objekt i marmor knut figur<\/h2>\n<p>Denna knutfigur i marmor \u00e4r det perfekta komplementet till varje bord eller hylla. Idealisk som g\u00e5va \u2013 den kan anv\u00e4ndas som bokst\u00f6d, pappersvikt eller helt enkelt som ett dekorativt objekt som f\u00f6rh\u00f6jer milj\u00f6n med en sofistikerad k\u00e4nsla.<\/p>\n<p>Detta marmorf\u00f6rem\u00e5l \u00e4r en fantastisk detalj f\u00f6r att framh\u00e4va visuella fokuspunkter i hemmet. Den tillf\u00f6r v\u00e4rme och f\u00f6rvandlar vilket rum som helst till ett personligt och inbjudande hem \u2013 med ett litet men effektfullt inslag av design och elegans.<\/p>\n","protected":false},"featured_media":18250,"comment_status":"closed","ping_status":"closed","template":"","meta":{"_acf_changed":false,"_joinchat":[]},"product_brand":[],"product_cat":[392,309],"product_tag":[324],"class_list":{"0":"post-18249","1":"product","2":"type-product","3":"status-publish","4":"has-post-thumbnail","6":"product_cat-inredningsdetaljer","7":"product_cat-tillbehor","8":"product_tag-onyx-sv","10":"first","11":"instock","12":"featured","13":"shipping-taxable","14":"purchasable","15":"product-type-simple"},"acf":[],"_links":{"self":[{"href":"https:\/\/forzini.com\/sv\/wp-json\/wp\/v2\/product\/18249","targetHints":{"allow":["GET"]}}],"collection":[{"href":"https:\/\/forzini.com\/sv\/wp-json\/wp\/v2\/product"}],"about":[{"href":"https:\/\/forzini.com\/sv\/wp-json\/wp\/v2\/types\/product"}],"replies":[{"embeddable":true,"href":"https:\/\/forzini.com\/sv\/wp-json\/wp\/v2\/comments?post=18249"}],"version-history":[{"count":0,"href":"https:\/\/forzini.com\/sv\/wp-json\/wp\/v2\/product\/18249\/revisions"}],"wp:featuredmedia":[{"embeddable":true,"href":"https:\/\/forzini.com\/sv\/wp-json\/wp\/v2\/media\/18250"}],"wp:attachment":[{"href":"https:\/\/forzini.com\/sv\/wp-json\/wp\/v2\/media?parent=18249"}],"wp:term":[{"taxonomy":"product_brand","embeddable":true,"href":"https:\/\/forzini.com\/sv\/wp-json\/wp\/v2\/product_brand?post=18249"},{"taxonomy":"product_cat","embeddable":true,"href":"https:\/\/forzini.com\/sv\/wp-json\/wp\/v2\/product_cat?post=18249"},{"taxonomy":"product_tag","embeddable":true,"href":"https:\/\/forzini.com\/sv\/wp-json\/wp\/v2\/product_tag?post=18249"}],"curies":[{"name":"wp","href":"https:\/\/api.w.org\/{rel}","templated":true}]}}