{"id":17677,"date":"2024-07-04T16:53:51","date_gmt":"2024-07-04T14:53:51","guid":{"rendered":"https:\/\/forzini.com\/producto\/bowl-de-marmol-bacchus-mediano\/"},"modified":"2026-03-02T16:44:30","modified_gmt":"2026-03-02T15:44:30","slug":"marmor-bricka-svart","status":"publish","type":"product","link":"https:\/\/forzini.com\/sv\/producto\/marmor-bricka-svart\/","title":{"rendered":"Svart marmor bricka \u2013 elegant inredningsdetalj"},"content":{"rendered":"<h2>Svart marmor bricka \u2013 elegant inredningsdetalj &#8221;Bacchus&#8221;<\/h2>\n<p>Denna medelstora dekorativa svart marmorbricka ger ett distinkt inslag till din heminredning. Handgjord av den finaste marmorn kombinerar den estetik med funktionalitet och passar perfekt f\u00f6r flera anv\u00e4ndningsomr\u00e5den \u2013 som en elegant nyckelbricka i hallen, en smyckesbricka, en ljush\u00e5llare eller ett i\u00f6gonfallande mittstycke p\u00e5 matbordet. Den tidl\u00f6sa och minimalistiska designen g\u00f6r att denna svart marmorbricka blir ett framtr\u00e4dande inslag i alla milj\u00f6er, fr\u00e5n klassiska till moderna.<\/p>\n<p>Varje exemplar \u00e4r unikt, med naturliga \u00e5dringar och f\u00e4rgskiftningar som speglar marmorns inneboende sk\u00f6nhet. Det fina hantverket syns i varje detalj och skapar ett konstverk som kommer att gl\u00e4dja alla som \u00e4lskar heminredning. Oavsett om det \u00e4r en f\u00f6delsedagspresent, br\u00f6llopsg\u00e5va eller en g\u00e5va vid ett s\u00e4rskilt tillf\u00e4lle, g\u00f6r dess sofistikering och sk\u00f6nhet den till ett exceptionellt val som kommer att uppskattas i m\u00e5nga \u00e5r fram\u00f6ver.<\/p>\n<p>Finns i tv\u00e5 olika varianter av v\u00e5r magnifika marmor \u2013 denna svart marmorbricka \u00e4r ett hantverksm\u00e4ssigt smycke som tillf\u00f6r elegans och karakt\u00e4r till varje rum.<\/p>\n<p><a href=\"https:\/\/forzini.com\/sv\/material\/\" target=\"_blank\" rel=\"noopener\">Uppt\u00e4ck mer om v\u00e5r kollektion av marmor och onyx via denna l\u00e4nk: <\/a><a href=\"https:\/\/forzini.com\/sv\/material\/\" target=\"_blank\" rel=\"noopener\">Material<\/a><\/p>\n","protected":false},"excerpt":{"rendered":"<h1>Svart marmor bricka<\/h1>\n<p>Den \u00e4r mycket m\u00e5ngsidig och kan anv\u00e4ndas som en elegant nyckelbricka i hallen, en bricka f\u00f6r dina mest v\u00e4rdefulla smycken, en ljush\u00e5llare som skapar en mysig atmosf\u00e4r eller som en i\u00f6gonfallande mittpunkt p\u00e5 matbordet. Dess tidl\u00f6sa och minimalistiska design g\u00f6r den till ett framst\u00e5ende inslag i alla milj\u00f6er \u2013 fr\u00e5n klassiska till moderna. Det \u00e4r en perfekt l\u00f6sning f\u00f6r den som s\u00f6ker en inflyttningspresent eller vill \u00f6verraska n\u00e5gon speciell med ett unikt f\u00f6rem\u00e5l som blir ett varaktigt minne i m\u00e5nga \u00e5r fram\u00f6ver.<\/p>\n","protected":false},"featured_media":17665,"comment_status":"closed","ping_status":"closed","template":"","meta":{"_acf_changed":false,"_joinchat":[]},"product_brand":[],"product_cat":[385,309],"product_tag":[321],"class_list":{"0":"post-17677","1":"product","2":"type-product","3":"status-publish","4":"has-post-thumbnail","6":"product_cat-bordsdekorationer","7":"product_cat-tillbehor","8":"product_tag-marmor-sv","10":"first","11":"instock","12":"sale","13":"featured","14":"shipping-taxable","15":"purchasable","16":"product-type-simple"},"acf":[],"_links":{"self":[{"href":"https:\/\/forzini.com\/sv\/wp-json\/wp\/v2\/product\/17677","targetHints":{"allow":["GET"]}}],"collection":[{"href":"https:\/\/forzini.com\/sv\/wp-json\/wp\/v2\/product"}],"about":[{"href":"https:\/\/forzini.com\/sv\/wp-json\/wp\/v2\/types\/product"}],"replies":[{"embeddable":true,"href":"https:\/\/forzini.com\/sv\/wp-json\/wp\/v2\/comments?post=17677"}],"version-history":[{"count":0,"href":"https:\/\/forzini.com\/sv\/wp-json\/wp\/v2\/product\/17677\/revisions"}],"wp:featuredmedia":[{"embeddable":true,"href":"https:\/\/forzini.com\/sv\/wp-json\/wp\/v2\/media\/17665"}],"wp:attachment":[{"href":"https:\/\/forzini.com\/sv\/wp-json\/wp\/v2\/media?parent=17677"}],"wp:term":[{"taxonomy":"product_brand","embeddable":true,"href":"https:\/\/forzini.com\/sv\/wp-json\/wp\/v2\/product_brand?post=17677"},{"taxonomy":"product_cat","embeddable":true,"href":"https:\/\/forzini.com\/sv\/wp-json\/wp\/v2\/product_cat?post=17677"},{"taxonomy":"product_tag","embeddable":true,"href":"https:\/\/forzini.com\/sv\/wp-json\/wp\/v2\/product_tag?post=17677"}],"curies":[{"name":"wp","href":"https:\/\/api.w.org\/{rel}","templated":true}]}}