{"id":17647,"date":"2024-10-29T23:20:25","date_gmt":"2024-10-29T22:20:25","guid":{"rendered":"https:\/\/forzini.com\/producto\/bowl-de-marmol-redondo\/"},"modified":"2025-10-05T16:04:28","modified_gmt":"2025-10-05T14:04:28","slug":"vit-marmorskal-dekorativ","status":"publish","type":"product","link":"https:\/\/forzini.com\/sv\/producto\/vit-marmorskal-dekorativ\/","title":{"rendered":"Marmorsk\u00e5l vit \u2013 modern design f\u00f6r hem och present"},"content":{"rendered":"<h2>Bowl de m\u00e1rmol redondo &#8221;Bacchus W&#8221;<\/h2>\n<p>Marmorsk\u00e5l vit \u00e4r en unik och m\u00e5ngsidig inredningsdetalj som tillf\u00f6r b\u00e5de elegans och funktion till alla typer av milj\u00f6er. Denna medelstora sk\u00e5l \u00e4r handgjord i vit marmor av h\u00f6g kvalitet och utm\u00e4rker sig med sitt fina, sofistikerade formspr\u00e5k och mjuka naturliga \u00e5dringar som ger den ett exklusivt uttryck.<\/p>\n<p>Tack vare sin m\u00e5ngsidighet kan Marmorsk\u00e5l vit anv\u00e4ndas p\u00e5 flera s\u00e4tt \u2013 som ett stilrent blickf\u00e5ng p\u00e5 matbordet, dekorativ ljush\u00e5llare eller som beh\u00e5llare f\u00f6r sm\u00e5saker, frukt eller torkade blommor.<\/p>\n<p>Den vita marmorn ger inte bara en lyxig k\u00e4nsla utan st\u00e5r \u00e4ven f\u00f6r h\u00e5llbarhet och styrka, vilket g\u00f6r sk\u00e5len idealisk f\u00f6r b\u00e5de vardagsbruk och festliga tillf\u00e4llen. Den polerade ytan och det hantverksm\u00e4ssiga utf\u00f6randet ger en behaglig textur och ett elegant utseende som passar allt fr\u00e5n modern minimalism till klassisk inredning.<\/p>\n<p>Marmorsk\u00e5l vit \u00e4r ocks\u00e5 en utm\u00e4rkt presentid\u00e9 \u2013 dess tidl\u00f6sa design och premiumkvalitet g\u00f6r den till ett oumb\u00e4rligt tillskott i varje hem. Eftersom varje sk\u00e5l \u00e4r handgjord \u00e4r den helt unik och speglar marmorns naturliga sk\u00f6nhet samt det skickliga hantverket bakom.<\/p>\n<p>Perfekt f\u00f6r att f\u00f6rgylla bord, hyllor eller b\u00e4nkskivor \u2013 denna runda marmorsk\u00e5l sm\u00e4lter in i alla rum och blir ett elegant blickf\u00e5ng som lyfter din inredning.<\/p>\n<p>&nbsp;<\/p>\n<p><a href=\"https:\/\/forzini.com\/sv\/material\/\" target=\"_blank\" rel=\"noopener\">Uppt\u00e4ck mer om v\u00e5r kollektion av marmor och onyx via denna l\u00e4nk: <\/a><a href=\"https:\/\/forzini.com\/sv\/material\/\" target=\"_blank\" rel=\"noopener\">Material<\/a><\/p>\n","protected":false},"excerpt":{"rendered":"<h1>Marmorsk\u00e5l vit<\/h1>\n<p>En m\u00e5ngsidig och raffinerad dekorationsdetalj, perfekt f\u00f6r hemmet. Handgjord i vit marmor med fina naturliga \u00e5dringar, har den ett elegant design som g\u00f6r den idealisk som mittpunkt p\u00e5 bordet, ljush\u00e5llare eller f\u00f6rvaring av sm\u00e5 f\u00f6rem\u00e5l. Denna medelstora sk\u00e5l utm\u00e4rker sig inte bara genom sin sk\u00f6nhet, utan ocks\u00e5 genom sin h\u00e5llbarhet, vilket g\u00f6r den till ett praktiskt val f\u00f6r dagligt bruk eller som en unik g\u00e5va. Dess tidl\u00f6sa stil passar alla inredningar och tillf\u00f6r en k\u00e4nsla av sofistikation och exklusivitet till varje rum.<\/p>\n","protected":false},"featured_media":17635,"comment_status":"closed","ping_status":"closed","template":"","meta":{"_acf_changed":false,"_joinchat":[]},"product_brand":[],"product_cat":[385,309],"product_tag":[321],"class_list":{"0":"post-17647","1":"product","2":"type-product","3":"status-publish","4":"has-post-thumbnail","6":"product_cat-bordsdekorationer","7":"product_cat-tillbehor","8":"product_tag-marmor-sv","10":"first","11":"instock","12":"sale","13":"featured","14":"shipping-taxable","15":"purchasable","16":"product-type-simple"},"acf":[],"_links":{"self":[{"href":"https:\/\/forzini.com\/sv\/wp-json\/wp\/v2\/product\/17647","targetHints":{"allow":["GET"]}}],"collection":[{"href":"https:\/\/forzini.com\/sv\/wp-json\/wp\/v2\/product"}],"about":[{"href":"https:\/\/forzini.com\/sv\/wp-json\/wp\/v2\/types\/product"}],"replies":[{"embeddable":true,"href":"https:\/\/forzini.com\/sv\/wp-json\/wp\/v2\/comments?post=17647"}],"version-history":[{"count":0,"href":"https:\/\/forzini.com\/sv\/wp-json\/wp\/v2\/product\/17647\/revisions"}],"wp:featuredmedia":[{"embeddable":true,"href":"https:\/\/forzini.com\/sv\/wp-json\/wp\/v2\/media\/17635"}],"wp:attachment":[{"href":"https:\/\/forzini.com\/sv\/wp-json\/wp\/v2\/media?parent=17647"}],"wp:term":[{"taxonomy":"product_brand","embeddable":true,"href":"https:\/\/forzini.com\/sv\/wp-json\/wp\/v2\/product_brand?post=17647"},{"taxonomy":"product_cat","embeddable":true,"href":"https:\/\/forzini.com\/sv\/wp-json\/wp\/v2\/product_cat?post=17647"},{"taxonomy":"product_tag","embeddable":true,"href":"https:\/\/forzini.com\/sv\/wp-json\/wp\/v2\/product_tag?post=17647"}],"curies":[{"name":"wp","href":"https:\/\/api.w.org\/{rel}","templated":true}]}}