{"id":17484,"date":"2025-03-30T20:00:43","date_gmt":"2025-03-30T18:00:43","guid":{"rendered":"https:\/\/forzini.com\/producto\/plato-artesanal-ceramica-marroqui\/"},"modified":"2025-10-03T19:57:25","modified_gmt":"2025-10-03T17:57:25","slug":"stor-marockansk-tallrik","status":"publish","type":"product","link":"https:\/\/forzini.com\/sv\/producto\/stor-marockansk-tallrik\/","title":{"rendered":"Stor marockansk tallrik i keramik"},"content":{"rendered":"<h2>Stor marockansk tallrik i keramik \u2013 handgjord och dekorativ<\/h2>\n<p><strong>Denna uts\u00f6kta marockanska tallrik i keramik<\/strong>, skapad av de skickliga hantverkarna fr\u00e5n Safi, \u00e4r en sann symbol f\u00f6r tradition. Varje tallrik \u00e4r noggrant tillverkad och handm\u00e5lad, och speglar arvet fr\u00e5n generationer som har \u00e4gnat sig \u00e5t att f\u00f6rfina konsten att skapa keramik. De livfulla f\u00e4rgerna och de intrikata m\u00f6nstren g\u00f6r varje tallrik till ett unikt konstverk.<\/p>\n<p>Med sin perfekta kombination av sk\u00f6nhet och funktionalitet passar denna dekorativa tallrik f\u00f6r m\u00e5nga \u00e4ndam\u00e5l. Den kan pryda en v\u00e4gg som ett dekorativt inslag, anv\u00e4ndas som en elegant fruktsk\u00e5l eller som ett imponerande mittstycke p\u00e5 bordet \u2013 och tillf\u00f6r en tidl\u00f6s och sofistikerad k\u00e4nsla till varje rum.<\/p>\n<p><strong>Denna marockanska tallrik i keramik<\/strong> representerar inte bara Marockos kulturella rikedom, utan ocks\u00e5 passionen och engagemanget hos de hantverkare som har gjort den m\u00f6jlig. Dess unika karakt\u00e4r g\u00f6r den till ett m\u00e5ste f\u00f6r alla som s\u00f6ker n\u00e5got extraordin\u00e4rt till sitt hem eller sin samling.<\/p>\n<h3><strong>Specifikationer:<\/strong><\/h3>\n<h3>Diameter: 35 cm<\/h3>\n<h3>H\u00f6jd: 6\u20137 cm<\/h3>\n","protected":false},"excerpt":{"rendered":"<h1>Marockansk tallrik i keramik<\/h1>\n<p>Denna handgjorda marockanska keramiktallrik, skapad av m\u00e4stare fr\u00e5n Safi, utm\u00e4rker sig genom sin unika design och sina livfulla f\u00e4rger som g\u00f6r varje exemplar oers\u00e4ttligt. Perfekt som fruktsk\u00e5l, mittpunkt p\u00e5 bordet eller dekorativt inslag \u2013 den f\u00f6renar tradition med elegans. Varje tallrik speglar Marockos rika kulturarv och hantverkarnas h\u00e4ngivenhet, och tillf\u00f6r en s\u00e4rskild k\u00e4nsla till varje hem.<\/p>\n","protected":false},"featured_media":17450,"comment_status":"closed","ping_status":"closed","template":"","meta":{"_acf_changed":false,"_joinchat":[]},"product_brand":[],"product_cat":[385,309],"product_tag":[318],"class_list":{"0":"post-17484","1":"product","2":"type-product","3":"status-publish","4":"has-post-thumbnail","6":"product_cat-bordsdekorationer","7":"product_cat-tillbehor","8":"product_tag-keramik-sv","10":"first","11":"instock","12":"sale","13":"featured","14":"shipping-taxable","15":"purchasable","16":"product-type-simple"},"acf":[],"_links":{"self":[{"href":"https:\/\/forzini.com\/sv\/wp-json\/wp\/v2\/product\/17484","targetHints":{"allow":["GET"]}}],"collection":[{"href":"https:\/\/forzini.com\/sv\/wp-json\/wp\/v2\/product"}],"about":[{"href":"https:\/\/forzini.com\/sv\/wp-json\/wp\/v2\/types\/product"}],"replies":[{"embeddable":true,"href":"https:\/\/forzini.com\/sv\/wp-json\/wp\/v2\/comments?post=17484"}],"version-history":[{"count":0,"href":"https:\/\/forzini.com\/sv\/wp-json\/wp\/v2\/product\/17484\/revisions"}],"wp:featuredmedia":[{"embeddable":true,"href":"https:\/\/forzini.com\/sv\/wp-json\/wp\/v2\/media\/17450"}],"wp:attachment":[{"href":"https:\/\/forzini.com\/sv\/wp-json\/wp\/v2\/media?parent=17484"}],"wp:term":[{"taxonomy":"product_brand","embeddable":true,"href":"https:\/\/forzini.com\/sv\/wp-json\/wp\/v2\/product_brand?post=17484"},{"taxonomy":"product_cat","embeddable":true,"href":"https:\/\/forzini.com\/sv\/wp-json\/wp\/v2\/product_cat?post=17484"},{"taxonomy":"product_tag","embeddable":true,"href":"https:\/\/forzini.com\/sv\/wp-json\/wp\/v2\/product_tag?post=17484"}],"curies":[{"name":"wp","href":"https:\/\/api.w.org\/{rel}","templated":true}]}}