{"id":17371,"date":"2024-10-30T21:47:51","date_gmt":"2024-10-30T20:47:51","guid":{"rendered":"https:\/\/forzini.com\/producto\/bowl-oval-grande-de-marmol\/"},"modified":"2026-01-05T23:24:11","modified_gmt":"2026-01-05T22:24:11","slug":"frukostskalar-for-servering","status":"publish","type":"product","link":"https:\/\/forzini.com\/sv\/producto\/frukostskalar-for-servering\/","title":{"rendered":"Frukostsk\u00e5lar i marmor f\u00f6r stilren servering hemma"},"content":{"rendered":"<h2>Frukostsk\u00e5lar i marmor f\u00f6r stilren servering hemma &#8221;Oh Helios L&#8221;<\/h2>\n<p>Denna frukostsk\u00e5l i marmor, tillverkad av ljusgr\u00f6n, genomskinlig onyx, \u00e4r en symbol f\u00f6r elegans och m\u00e4sterligt hantverk. Den v\u00e5giga formen f\u00e5ngar blicken och framh\u00e4ver det uts\u00f6kta arbetet fr\u00e5n skickliga hantverkare som formar varje kurva med precision. Sk\u00e5len \u00e4r inte bara funktionell \u2013 den \u00e4r ett konstverk som tillf\u00f6r sofistikation till varje rum. Den delikata onyxstenen sl\u00e4pper igenom ljus och skapar en n\u00e4stan eterisk effekt, som om den vore huggen ur en silkeslen, molnliknande sten.<\/p>\n<p>Sk\u00e5len \u00e4r mycket m\u00e5ngsidig och fungerar utm\u00e4rkt som dekorativt fat, perfekt f\u00f6r att visa upp f\u00e4rsk frukt, s\u00e4songsdekorationer eller som ett elegant mittpunkt p\u00e5 bordet. Oavsett om det g\u00e4ller en intim middag eller ett st\u00f6rre evenemang, tillf\u00f6r den en k\u00e4nsla av raffinerad lyx och imponerar med sin eleganta design och exklusiva stenbearbetning.<\/p>\n<p>F\u00f6r den som s\u00f6ker en minnesv\u00e4rd g\u00e5va \u00e4r denna frukostsk\u00e5l ett idealiskt val f\u00f6r f\u00f6delsedagar, inflyttningsfester och andra speciella tillf\u00e4llen. Dess tidl\u00f6sa stil och praktiska anv\u00e4ndning g\u00f6r den till en v\u00e4rdefull del av varje hem, d\u00e4r sk\u00f6nhet och funktionalitet f\u00f6renas i en hyllning till stenhantverkets konst.<\/p>\n<p><strong>V\u00e5rt tips:<\/strong> Denna dekorativa bricka passar perfekt ihop med v\u00e5r champagnekylare &#8221;Oh Lares&#8221;.<\/p>\n<p><strong>Green Galaxy Onyx:<\/strong> En ljusgr\u00f6n bakgrund vackert framh\u00e4vd av vita v\u00e5gor, med inslag av bronsf\u00e4rgade, gyllenbruna och r\u00f6daktiga \u00e5dringar. Denna onyxvariant \u00e4r mycket genomskinlig och utvinns i mycket sm\u00e5 m\u00e4ngder.<\/p>\n<p>&nbsp;<\/p>\n<p><a href=\"https:\/\/forzini.com\/sv\/material\/\" target=\"_blank\" rel=\"noopener\">Uppt\u00e4ck mer om v\u00e5r kollektion av marmor och onyx via denna l\u00e4nk: <\/a><a href=\"https:\/\/forzini.com\/sv\/material\/\" target=\"_blank\" rel=\"noopener\">Material<\/a><\/p>\n","protected":false},"excerpt":{"rendered":"<h1>Frukostsk\u00e5lar i marmor f\u00f6r stilren servering<\/h1>\n<p>Handskuren i ljusgr\u00f6n, genomskinlig onyx med en unik v\u00e5gig form. Den eleganta och l\u00e4tta designen f\u00e5ngar ljuset p\u00e5 ett fantastiskt s\u00e4tt och skapar en mjuk, molnliknande effekt. Perfekt som mittpunkt p\u00e5 bordet \u2013 fungerar utm\u00e4rkt som fruktsk\u00e5l eller dekorativt fat. Idealisk f\u00f6r speciella tillf\u00e4llen, denna uts\u00f6kta sk\u00e5l \u00e4r en imponerande g\u00e5va till f\u00f6delsedagar, inflyttningsfester eller h\u00f6gtider, d\u00e5 den f\u00f6renar konstn\u00e4rligt hantverk med praktisk funktion och l\u00e4mnar ett best\u00e5ende intryck.<\/p>\n<h2>M\u00e5tt: L\u00e4ngd 35 cm, Bredd 15 cm, H\u00f6jd 10 cm.<\/h2>\n<p>&nbsp;<\/p>\n","protected":false},"featured_media":17356,"comment_status":"closed","ping_status":"closed","template":"","meta":{"_acf_changed":false,"_joinchat":[]},"product_brand":[],"product_cat":[385,309],"product_tag":[324],"class_list":{"0":"post-17371","1":"product","2":"type-product","3":"status-publish","4":"has-post-thumbnail","6":"product_cat-bordsdekorationer","7":"product_cat-tillbehor","8":"product_tag-onyx-sv","10":"first","11":"instock","12":"sale","13":"featured","14":"shipping-taxable","15":"purchasable","16":"product-type-simple"},"acf":[],"_links":{"self":[{"href":"https:\/\/forzini.com\/sv\/wp-json\/wp\/v2\/product\/17371","targetHints":{"allow":["GET"]}}],"collection":[{"href":"https:\/\/forzini.com\/sv\/wp-json\/wp\/v2\/product"}],"about":[{"href":"https:\/\/forzini.com\/sv\/wp-json\/wp\/v2\/types\/product"}],"replies":[{"embeddable":true,"href":"https:\/\/forzini.com\/sv\/wp-json\/wp\/v2\/comments?post=17371"}],"version-history":[{"count":2,"href":"https:\/\/forzini.com\/sv\/wp-json\/wp\/v2\/product\/17371\/revisions"}],"predecessor-version":[{"id":23494,"href":"https:\/\/forzini.com\/sv\/wp-json\/wp\/v2\/product\/17371\/revisions\/23494"}],"wp:featuredmedia":[{"embeddable":true,"href":"https:\/\/forzini.com\/sv\/wp-json\/wp\/v2\/media\/17356"}],"wp:attachment":[{"href":"https:\/\/forzini.com\/sv\/wp-json\/wp\/v2\/media?parent=17371"}],"wp:term":[{"taxonomy":"product_brand","embeddable":true,"href":"https:\/\/forzini.com\/sv\/wp-json\/wp\/v2\/product_brand?post=17371"},{"taxonomy":"product_cat","embeddable":true,"href":"https:\/\/forzini.com\/sv\/wp-json\/wp\/v2\/product_cat?post=17371"},{"taxonomy":"product_tag","embeddable":true,"href":"https:\/\/forzini.com\/sv\/wp-json\/wp\/v2\/product_tag?post=17371"}],"curies":[{"name":"wp","href":"https:\/\/api.w.org\/{rel}","templated":true}]}}