{"id":17300,"date":"2024-11-02T09:13:51","date_gmt":"2024-11-02T08:13:51","guid":{"rendered":"https:\/\/forzini.com\/producto\/bol-decorativo-de-marmol-de-pie\/"},"modified":"2025-10-02T22:42:00","modified_gmt":"2025-10-02T20:42:00","slug":"gron-skal-pa-fot","status":"publish","type":"product","link":"https:\/\/forzini.com\/sv\/producto\/gron-skal-pa-fot\/","title":{"rendered":"Gr\u00f6n sk\u00e5l p\u00e5 fot \u2013 stilren detalj f\u00f6r hemmet"},"content":{"rendered":"<h2>Gr\u00f6n sk\u00e5l p\u00e5 fot \u2013 stilren detalj f\u00f6r hemmet &#8221;Ceres L&#8221;<\/h2>\n<p><strong>Gr\u00f6n sk\u00e5l p\u00e5 fot <\/strong>\u00e4r ett verkligt blickf\u00e5ng. Handgjord med den mest exklusiva ljusgr\u00f6na onyxen utstr\u00e5lar den elegans med en k\u00e4nsla av lyx. Ljuset som dansar genom de tunna, halvgenomskinliga v\u00e4ggarna ger sk\u00e5len en n\u00e4stan magisk aura som fascinerar alla som betraktar den. Det \u00e4r en imponerande sk\u00e5l p\u00e5 fot \u2013 ett samtals\u00e4mne och ett konstverk som f\u00f6rvandlar varje rum den placeras i.<\/p>\n<p>F\u00f6rest\u00e4ll dig denna magnifika sk\u00e5l p\u00e5 fot som dekoration p\u00e5 soffbordet, i hallen eller i matsalen. Dess m\u00e5ngsidighet \u00e4r o\u00e4ndlig \u2013 den kan anv\u00e4ndas som en elegant smyckessk\u00e5l, en stilren plats f\u00f6r nycklar eller som en glamor\u00f6s ljush\u00e5llare som sprider ett mjukt och varmt sken. Det \u00e4r inte bara en inredningsdetalj, utan ett samlarobjekt skapat av m\u00e4sterliga hantverkare f\u00f6r att st\u00e5 emot tidens g\u00e5ng och tillf\u00f6ra en uts\u00f6kt touch till vardagens \u00f6gonblick.<\/p>\n<p>F\u00f6r den som \u00e4lskar sofistikerad design \u00e4r denna sk\u00e5l mer \u00e4n ett k\u00f6p \u2013 det \u00e4r en upplevelse som lyfter hemmet och imponerar p\u00e5 varje g\u00e4st.<\/p>\n<p><strong>Galaxy Verde Onyx<\/strong> \u2013 En ljusgr\u00f6n bakgrund vackert framh\u00e4vd av vita v\u00e5gor, genomborrad av bronsf\u00e4rgade \u00e5dror i jordn\u00e4ra och r\u00f6daktiga toner. Bryts i mycket sm\u00e5 m\u00e4ngder, vilket g\u00f6r denna variant exklusiv och s\u00e4rskilt genomskinlig.<\/p>\n<p>&nbsp;<\/p>\n<p><a href=\"https:\/\/forzini.com\/sv\/material\/\" target=\"_blank\" rel=\"noopener\">Uppt\u00e4ck mer om v\u00e5r kollektion av marmor och onyx via denna l\u00e4nk: <\/a><a href=\"https:\/\/forzini.com\/sv\/material\/\" target=\"_blank\" rel=\"noopener\">Material<\/a><\/p>\n","protected":false},"excerpt":{"rendered":"<h1>Gr\u00f6n sk\u00e5l p\u00e5 fot<\/h1>\n<p>es el regalo perfecto para quienes aprecian la belleza del arte artesanal y sienten pasi\u00f3n por la decoraci\u00f3n elegante del hogar. Su suntuoso \u00f3nix verde claro, tallado a mano por maestros artesanos, aporta un toque de distinci\u00f3n a cualquier espacio, convirti\u00e9ndolo en un regalo inolvidable para alguien de gusto refinado.<\/p>\n<p>Cada bol es una pieza de arte \u00fanica que destaca como complemento chic en cualquier habitaci\u00f3n, reflejando elegancia e individualidad. Ya sea adornando una mesa de caf\u00e9, sirviendo de refinado llavero u ofreciendo un c\u00e1lido resplandor como soporte para velas, capta la atenci\u00f3n y embellece cualquier decoraci\u00f3n. Para quienes atesoran el encanto de las piezas hechas a mano y valoran la belleza atemporal en su hogar, este cuenco de m\u00e1rmol \u00f3nix es un regalo que ser\u00e1 apreciado y admirado durante a\u00f1os.<\/p>\n","protected":false},"featured_media":17281,"comment_status":"closed","ping_status":"closed","template":"","meta":{"_acf_changed":false,"_joinchat":[]},"product_brand":[],"product_cat":[385,309],"product_tag":[324],"class_list":{"0":"post-17300","1":"product","2":"type-product","3":"status-publish","4":"has-post-thumbnail","6":"product_cat-bordsdekorationer","7":"product_cat-tillbehor","8":"product_tag-onyx-sv","10":"first","11":"instock","12":"sale","13":"featured","14":"shipping-taxable","15":"purchasable","16":"product-type-simple"},"acf":[],"_links":{"self":[{"href":"https:\/\/forzini.com\/sv\/wp-json\/wp\/v2\/product\/17300","targetHints":{"allow":["GET"]}}],"collection":[{"href":"https:\/\/forzini.com\/sv\/wp-json\/wp\/v2\/product"}],"about":[{"href":"https:\/\/forzini.com\/sv\/wp-json\/wp\/v2\/types\/product"}],"replies":[{"embeddable":true,"href":"https:\/\/forzini.com\/sv\/wp-json\/wp\/v2\/comments?post=17300"}],"version-history":[{"count":0,"href":"https:\/\/forzini.com\/sv\/wp-json\/wp\/v2\/product\/17300\/revisions"}],"wp:featuredmedia":[{"embeddable":true,"href":"https:\/\/forzini.com\/sv\/wp-json\/wp\/v2\/media\/17281"}],"wp:attachment":[{"href":"https:\/\/forzini.com\/sv\/wp-json\/wp\/v2\/media?parent=17300"}],"wp:term":[{"taxonomy":"product_brand","embeddable":true,"href":"https:\/\/forzini.com\/sv\/wp-json\/wp\/v2\/product_brand?post=17300"},{"taxonomy":"product_cat","embeddable":true,"href":"https:\/\/forzini.com\/sv\/wp-json\/wp\/v2\/product_cat?post=17300"},{"taxonomy":"product_tag","embeddable":true,"href":"https:\/\/forzini.com\/sv\/wp-json\/wp\/v2\/product_tag?post=17300"}],"curies":[{"name":"wp","href":"https:\/\/api.w.org\/{rel}","templated":true}]}}