{"id":17265,"date":"2024-11-02T17:36:36","date_gmt":"2024-11-02T16:36:36","guid":{"rendered":"https:\/\/forzini.com\/producto\/cuenco-de-marmol-decorativo\/"},"modified":"2025-10-02T20:05:18","modified_gmt":"2025-10-02T18:05:18","slug":"vit-skal-med-fot-marmor","status":"publish","type":"product","link":"https:\/\/forzini.com\/sv\/producto\/vit-skal-med-fot-marmor\/","title":{"rendered":"Liten vit marmorsk\u00e5l med fot \u2013 stilren och dekorativ"},"content":{"rendered":"<h2>Liten vit marmorsk\u00e5l med fot \u2013 stilren och dekorativ &#8221;Ceres W&#8221;<\/h2>\n<p>Denna <strong>vita marmorsk\u00e5l med fot<\/strong> \u00e4r ett imponerande konstverk som utstr\u00e5lar elegans och sofistikation. Handgjord av naturlig onyx av h\u00f6gsta kvalitet av skickliga hantverkare, f\u00e5ngar denna sk\u00e5l essensen av lyx och fint hantverk. Varje marmorsk\u00e5l med fot b\u00f6rjar som en r\u00e5 natursten som v\u00e5ra m\u00e4stare f\u00f6rvandlar till ett konstn\u00e4rligt, dekorativt och funktionellt objekt.<\/p>\n<p>De mjukt rundade v\u00e4ggarna f\u00e5ngar och sprider ljuset, vilket skapar ett f\u00e4ngslande skuggspel och framh\u00e4ver onyxens intrikata \u00e5dringar. Effekten \u00e4r n\u00e4stan eterisk, med en genomskinlighet som p\u00e5minner om ett moln. Perfekt f\u00f6r m\u00e5nga anv\u00e4ndningsomr\u00e5den \u2013 denna dekorativa marmorsk\u00e5l fungerar som elegant ljush\u00e5llare, smyckesfat, nyckelbricka, amenity-bricka, serveringssk\u00e5l eller som ett i\u00f6gonfallande dekorativt inslag.<\/p>\n<p>Idealisk f\u00f6r att lyfta bordets dekoration vid evenemang, fester eller intima familjesammankomster \u2013 denna marmorsk\u00e5l f\u00f6rh\u00f6jer varje rum med sin tidl\u00f6sa charm och m\u00e5ngsidiga funktion. Denna unika onyxsk\u00e5l \u00e4r mer \u00e4n bara dekoration; den \u00e4r ett uttryck f\u00f6r raffinerad smak och ett m\u00e5ste f\u00f6r dem som uppskattar uts\u00f6kt hantverk i sin heminredning.<\/p>\n<p><strong>Sugar White Onyx<\/strong> \u2013 En vit f\u00e4rg f\u00f6rfinad med mycket tunna, mjuka och kr\u00e4miga gyllene linjer som graci\u00f6st l\u00f6per \u00f6ver ytan. Denna rena vita onyx av h\u00f6g kvalitet \u00e4r ett s\u00e4llsynt fynd, tillg\u00e4nglig endast i sm\u00e5 m\u00e4ngder eftersom den bryts fr\u00e5n en specifik plats.<\/p>\n<p>&nbsp;<\/p>\n<p><a href=\"https:\/\/forzini.com\/sv\/material\/\" target=\"_blank\" rel=\"noopener\">Uppt\u00e4ck mer om v\u00e5r kollektion av marmor och onyx via denna l\u00e4nk: <\/a><a href=\"https:\/\/forzini.com\/sv\/material\/\" target=\"_blank\" rel=\"noopener\">Material<\/a><\/p>\n","protected":false},"excerpt":{"rendered":"<h1>Vit marmorsk\u00e5l med fot<\/h1>\n<p>\u00e4r ett f\u00e4ngslande hantverk, handskuret i naturlig onyx. Den mjuka och b\u00f6ljande formen l\u00e5ter ljuset leka genom de fina \u00e5dringarna och skapar ett milt skimmer med ett molnliknande uttryck. Dekorativ och funktionell p\u00e5 samma g\u00e5ng \u2013 denna sk\u00e5l fungerar som ljush\u00e5llare, smyckessk\u00e5l, nyckelbricka eller som ett dekorativt inslag i alla milj\u00f6er. Den marmorsk\u00e5l med fot \u00e4r ett imponerande tillskott till bordets dekoration vid sammankomster, eller som ett utm\u00e4rkande inslag i vardagen i stilfulla hem, d\u00e5 den f\u00f6rkroppsligar konstn\u00e4rlighet och tidl\u00f6s elegans.<\/p>\n","protected":false},"featured_media":17241,"comment_status":"closed","ping_status":"closed","template":"","meta":{"_acf_changed":false,"_joinchat":[]},"product_brand":[],"product_cat":[385,309],"product_tag":[324],"class_list":{"0":"post-17265","1":"product","2":"type-product","3":"status-publish","4":"has-post-thumbnail","6":"product_cat-bordsdekorationer","7":"product_cat-tillbehor","8":"product_tag-onyx-sv","10":"first","11":"instock","12":"sale","13":"featured","14":"shipping-taxable","15":"purchasable","16":"product-type-simple"},"acf":[],"_links":{"self":[{"href":"https:\/\/forzini.com\/sv\/wp-json\/wp\/v2\/product\/17265","targetHints":{"allow":["GET"]}}],"collection":[{"href":"https:\/\/forzini.com\/sv\/wp-json\/wp\/v2\/product"}],"about":[{"href":"https:\/\/forzini.com\/sv\/wp-json\/wp\/v2\/types\/product"}],"replies":[{"embeddable":true,"href":"https:\/\/forzini.com\/sv\/wp-json\/wp\/v2\/comments?post=17265"}],"version-history":[{"count":0,"href":"https:\/\/forzini.com\/sv\/wp-json\/wp\/v2\/product\/17265\/revisions"}],"wp:featuredmedia":[{"embeddable":true,"href":"https:\/\/forzini.com\/sv\/wp-json\/wp\/v2\/media\/17241"}],"wp:attachment":[{"href":"https:\/\/forzini.com\/sv\/wp-json\/wp\/v2\/media?parent=17265"}],"wp:term":[{"taxonomy":"product_brand","embeddable":true,"href":"https:\/\/forzini.com\/sv\/wp-json\/wp\/v2\/product_brand?post=17265"},{"taxonomy":"product_cat","embeddable":true,"href":"https:\/\/forzini.com\/sv\/wp-json\/wp\/v2\/product_cat?post=17265"},{"taxonomy":"product_tag","embeddable":true,"href":"https:\/\/forzini.com\/sv\/wp-json\/wp\/v2\/product_tag?post=17265"}],"curies":[{"name":"wp","href":"https:\/\/api.w.org\/{rel}","templated":true}]}}