{"id":17224,"date":"2024-11-08T09:19:08","date_gmt":"2024-11-08T08:19:08","guid":{"rendered":"https:\/\/forzini.com\/producto\/cuenco-vaciabolsillos-de-marmol\/"},"modified":"2025-10-02T19:06:24","modified_gmt":"2025-10-02T17:06:24","slug":"liten-svart-marmarskal-dekorativ","status":"publish","type":"product","link":"https:\/\/forzini.com\/sv\/producto\/liten-svart-marmarskal-dekorativ\/","title":{"rendered":"Liten svart marmorsk\u00e5l \u2013 dekorativ och stilren"},"content":{"rendered":"<h2>Liten svart marmorsk\u00e5l \u2013 dekorativ och stilren &#8221;Fontus B&#8221;<\/h2>\n<p>Denna <strong>liten svart marmorsk\u00e5l<\/strong> \u00e4r en \u00e4kta hantverksjuvel, noggrant handskuren med stor precision. Dess sofistikerade och exklusiva design f\u00f6rh\u00f6jer varje milj\u00f6 och tillf\u00f6r en k\u00e4nsla av elegans som speglar god smak och en raffinerad personlighet. Den m\u00f6rka marmorn med inslag av chokladtoner, gyllene karamellreflexer och vita \u00e5dringar skapar en naturlig sk\u00f6nhet som g\u00f6r sk\u00e5len till en dekorativ detalj med stark visuell effekt.<\/p>\n<p><strong>Sk\u00e5lens m\u00e5ngsidighet<\/strong> g\u00f6r den idealisk f\u00f6r flera anv\u00e4ndningsomr\u00e5den i hemmet: som ljush\u00e5llare, dekorativ sk\u00e5l f\u00f6r praliner eller som bricka f\u00f6r sm\u00e5 tillbeh\u00f6r i badrummet. Den utm\u00e4rker sig alltid p\u00e5 bord vid tillst\u00e4llningar och f\u00e5ngar allas uppm\u00e4rksamhet med sin uts\u00f6kta formgivning. Dess n\u00e4rvaro tillf\u00f6r b\u00e5de stil och funktion, vilket g\u00f6r den till ett m\u00e5ste f\u00f6r den som vill komplettera sin inredning med en lyxig och unik detalj.<\/p>\n<p><strong>Golden Cascad-marmor<\/strong> \u00e4r en extraordin\u00e4r symfoni av kontraster, d\u00e4r den djupa och mystiska sv\u00e4rtan lyfts fram av ett spel av \u00e5dringar i vitt, karamell, r\u00f6tt, guld och brunt. Varje bit ber\u00e4ttar en geologisk konsthistoria \u2013 ett naturligt konstverk d\u00e4r jorden sj\u00e4lv har m\u00e5lat sitt mest praktfulla motiv.<\/p>\n<p>&nbsp;<\/p>\n<p><a href=\"https:\/\/forzini.com\/sv\/material\/\" target=\"_blank\" rel=\"noopener\">Uppt\u00e4ck mer om v\u00e5r kollektion av marmor och onyx via denna l\u00e4nk: <\/a><a href=\"https:\/\/forzini.com\/sv\/material\/\" target=\"_blank\" rel=\"noopener\">Material<\/a><\/p>\n","protected":false},"excerpt":{"rendered":"<h1>Liten svart marmorsk\u00e5l<\/h1>\n<p>Handskuren f\u00f6r hand \u00e4r detta en dekorativ pj\u00e4s som lyfter vilket rum som helst. Den s\u00e4llsynta och vackra marmorn med sin blandning av m\u00f6rka toner, gyllene skimmer och fina vita \u00e5dringar ger ett unikt och sofistikerat utseende.<\/p>\n<p>Perfekt f\u00f6r m\u00e5nga anv\u00e4ndningsomr\u00e5den \u2013 den kan anv\u00e4ndas som ljush\u00e5llare, bricka f\u00f6r sm\u00e5 tillbeh\u00f6r, fruktsk\u00e5l eller som ett i\u00f6gonfallande mittstycke vid tillst\u00e4llningar och sammankomster. Med sin eleganta design \u00e4r denna sk\u00e5l en oumb\u00e4rlig detalj f\u00f6r den som vill tillf\u00f6ra stil och finess till sitt hem.<\/p>\n<p>&nbsp;<\/p>\n","protected":false},"featured_media":17205,"comment_status":"closed","ping_status":"closed","template":"","meta":{"_acf_changed":false,"_joinchat":[]},"product_brand":[],"product_cat":[392,309],"product_tag":[321],"class_list":{"0":"post-17224","1":"product","2":"type-product","3":"status-publish","4":"has-post-thumbnail","6":"product_cat-inredningsdetaljer","7":"product_cat-tillbehor","8":"product_tag-marmor-sv","10":"first","11":"instock","12":"sale","13":"featured","14":"shipping-taxable","15":"purchasable","16":"product-type-simple"},"acf":[],"_links":{"self":[{"href":"https:\/\/forzini.com\/sv\/wp-json\/wp\/v2\/product\/17224","targetHints":{"allow":["GET"]}}],"collection":[{"href":"https:\/\/forzini.com\/sv\/wp-json\/wp\/v2\/product"}],"about":[{"href":"https:\/\/forzini.com\/sv\/wp-json\/wp\/v2\/types\/product"}],"replies":[{"embeddable":true,"href":"https:\/\/forzini.com\/sv\/wp-json\/wp\/v2\/comments?post=17224"}],"version-history":[{"count":0,"href":"https:\/\/forzini.com\/sv\/wp-json\/wp\/v2\/product\/17224\/revisions"}],"wp:featuredmedia":[{"embeddable":true,"href":"https:\/\/forzini.com\/sv\/wp-json\/wp\/v2\/media\/17205"}],"wp:attachment":[{"href":"https:\/\/forzini.com\/sv\/wp-json\/wp\/v2\/media?parent=17224"}],"wp:term":[{"taxonomy":"product_brand","embeddable":true,"href":"https:\/\/forzini.com\/sv\/wp-json\/wp\/v2\/product_brand?post=17224"},{"taxonomy":"product_cat","embeddable":true,"href":"https:\/\/forzini.com\/sv\/wp-json\/wp\/v2\/product_cat?post=17224"},{"taxonomy":"product_tag","embeddable":true,"href":"https:\/\/forzini.com\/sv\/wp-json\/wp\/v2\/product_tag?post=17224"}],"curies":[{"name":"wp","href":"https:\/\/api.w.org\/{rel}","templated":true}]}}