{"id":17022,"date":"2024-08-09T15:43:20","date_gmt":"2024-08-09T13:43:20","guid":{"rendered":"https:\/\/forzini.com\/producto\/reloj-de-pared-redondo-en-marmol-hera\/"},"modified":"2025-09-30T21:17:12","modified_gmt":"2025-09-30T19:17:12","slug":"vaggklocka-gron-rund","status":"publish","type":"product","link":"https:\/\/forzini.com\/sv\/producto\/vaggklocka-gron-rund\/","title":{"rendered":"V\u00e4ggklocka gr\u00f6n rund minimalistisk design"},"content":{"rendered":"<h2>V\u00e4ggklocka gr\u00f6n rund &#8221;Hera&#8221;<\/h2>\n<p>Denna magnifika v\u00e4ggklocka gr\u00f6n i onyxmarmor f\u00f6rvandlar varje rum med sin oklanderliga stil. Mer \u00e4n bara ett funktionellt objekt \u00e4r det en modern v\u00e4ggklocka som kan pryda ditt vardagsrum, matsal, k\u00f6k eller tillf\u00f6ra en sofistikerad touch till kontoret. Den felfria hantverksm\u00e4ssiga utf\u00f6randet av denna onyxklocka, tillsammans med det m\u00e4sterliga urvalet av natursten, speglar v\u00e5ra hantverkares skicklighet. Den polerade ytan p\u00e5 onyxen, med sina unika \u00e5dringar och ett kalejdoskop av subtila gr\u00f6na nyanser, g\u00f6r denna stora runda v\u00e4ggklocka till ett dekorativt underverk. Det \u00e4r ett lyxigt inslag som skapar en elegant atmosf\u00e4r och uttrycker personlighet och god smak.<\/p>\n<p>Denna gr\u00f6na v\u00e4ggklocka \u00e4r en perfekt presentid\u00e9 f\u00f6r alla tillf\u00e4llen \u2013 vare sig det g\u00e4ller en inflyttningsfest, f\u00f6delsedag eller som en stilfull detalj till kontoret. Utan tvekan kommer den att bli en minnesv\u00e4rd och uppskattad g\u00e5va under l\u00e5ng tid.<\/p>\n<p>V\u00e5rt tips: Denna moderna designklocka passar utm\u00e4rkt ihop med v\u00e5r dekorativa marmorkedja &#8221;Rhea&#8221;.<\/p>\n<p>Galaxy Verde Onyx<strong>:<\/strong> En ljusgr\u00f6n bakgrund vackert framh\u00e4vd av vita v\u00e5gor, genombrytna av bronsf\u00e4rgade \u00e5dringar i jordbrun, gyllene och r\u00f6daktig ton. Denna variant utvinns i mycket sm\u00e5 m\u00e4ngder och \u00e4r exklusiv samt extremt genomskinlig.<\/p>\n<p>Visste du att v\u00e5r Galaxy Verde-onyx \u00e4r ett naturens underverk som st\u00e4ndigt \u00f6verraskar? Denna s\u00e4llsynta onyx har valts ut till v\u00e5ra kollektioner tack vare sin unika sk\u00f6nhet och sina speciella egenskaper som g\u00f6r den till en verklig skatt. I antiken trodde man att gr\u00f6n onyx hade skyddande och l\u00e4kande egenskaper. De gamla egyptierna och grekerna anv\u00e4nde stenen f\u00f6r att skapa amuletter och smycken, i tron att den kunde skydda b\u00e4raren fr\u00e5n negativ energi och dra till sig lycka.<\/p>\n<p>Dessutom \u00e4r ljusgr\u00f6n onyx k\u00e4nd f\u00f6r sin f\u00f6rm\u00e5ga att \u00e4ndra nyans beroende p\u00e5 ljuset. Under naturligt ljus framst\u00e5r \u00e5dringarna och f\u00e4rgerna som mjukare och mer subtila, medan de under konstgjort ljus blir mer intensiva och livfulla. Denna unika egenskap g\u00f6r varje bit av ljusgr\u00f6n onyx till ett dynamiskt konstverk som st\u00e4ndigt f\u00f6r\u00e4ndras.<\/p>\n<p>En annan fascinerande detalj \u00e4r att Galaxy Green-onyx \u00e4r en av de mest sv\u00e5rfunna stenarna i naturen. Dess geologiska bildning kr\u00e4ver specifika temperatur- och tryckf\u00f6rh\u00e5llanden, vilket bidrar till dess s\u00e4llsynthet och exklusivitet. Varje v\u00e4ggklocka i Galaxy Verde-onyx som vi erbjuder \u00e4r ett unikt exemplar, noggrant utvalt f\u00f6r att garantera h\u00f6gsta kvalitet och sk\u00f6nhet.<\/p>\n<p>&nbsp;<\/p>\n<p><a href=\"https:\/\/forzini.com\/sv\/material\/\" target=\"_blank\" rel=\"noopener\">Uppt\u00e4ck mer om v\u00e5r kollektion av marmor och onyx via denna l\u00e4nk: <\/a><a href=\"https:\/\/forzini.com\/sv\/material\/\" target=\"_blank\" rel=\"noopener\">Material<\/a><\/p>\n","protected":false},"excerpt":{"rendered":"<h1>V\u00e4ggklocka gr\u00f6n<\/h1>\n<p>Denna handskurna v\u00e4ggklocka i gr\u00f6n onyx marmor \u00e4r ett exceptionellt konstverk som tillf\u00f6r en o\u00f6vertr\u00e4ffad stil till varje rum. V\u00e5ra moderna dekorativa v\u00e4ggklockor \u00e4r tillverkade av \u00e4kta gr\u00f6n onyx och erbjuder ett unikt m\u00f6nster samt f\u00e4rgvariationer som g\u00f6r varje klocka helt unik. Med sin stora storlek \u00e4r denna runda v\u00e4ggklocka perfekt f\u00f6r utrymmen d\u00e4r man vill skapa en i\u00f6gonfallande fokuspunkt. Formen f\u00f6rb\u00e4ttrar b\u00e5de synlighet och l\u00e4sbarhet, samtidigt som den beh\u00e5ller en sofistikerad estetik.<\/p>\n<p>Oavsett om din inredningsstil \u00e4r modern, klassisk eller eklektisk, passar den moderna v\u00e4ggklockan i gr\u00f6n onyx perfekt in i olika milj\u00f6er. Den \u00e4r idealisk f\u00f6r vardagsrum, kontor eller entr\u00e9er och tillf\u00f6r en lyxig k\u00e4nsla inspirerad av naturen.<\/p>\n<h2><strong>M\u00e5tt: \u00d8 35 cm, bredd 2 cm<\/strong><\/h2>\n","protected":false},"featured_media":17005,"comment_status":"closed","ping_status":"closed","template":"","meta":{"_acf_changed":false,"_joinchat":[]},"product_brand":[],"product_cat":[392,309],"product_tag":[324],"class_list":{"0":"post-17022","1":"product","2":"type-product","3":"status-publish","4":"has-post-thumbnail","6":"product_cat-inredningsdetaljer","7":"product_cat-tillbehor","8":"product_tag-onyx-sv","10":"first","11":"instock","12":"sale","13":"featured","14":"shipping-taxable","15":"purchasable","16":"product-type-simple"},"acf":[],"_links":{"self":[{"href":"https:\/\/forzini.com\/sv\/wp-json\/wp\/v2\/product\/17022","targetHints":{"allow":["GET"]}}],"collection":[{"href":"https:\/\/forzini.com\/sv\/wp-json\/wp\/v2\/product"}],"about":[{"href":"https:\/\/forzini.com\/sv\/wp-json\/wp\/v2\/types\/product"}],"replies":[{"embeddable":true,"href":"https:\/\/forzini.com\/sv\/wp-json\/wp\/v2\/comments?post=17022"}],"version-history":[{"count":0,"href":"https:\/\/forzini.com\/sv\/wp-json\/wp\/v2\/product\/17022\/revisions"}],"wp:featuredmedia":[{"embeddable":true,"href":"https:\/\/forzini.com\/sv\/wp-json\/wp\/v2\/media\/17005"}],"wp:attachment":[{"href":"https:\/\/forzini.com\/sv\/wp-json\/wp\/v2\/media?parent=17022"}],"wp:term":[{"taxonomy":"product_brand","embeddable":true,"href":"https:\/\/forzini.com\/sv\/wp-json\/wp\/v2\/product_brand?post=17022"},{"taxonomy":"product_cat","embeddable":true,"href":"https:\/\/forzini.com\/sv\/wp-json\/wp\/v2\/product_cat?post=17022"},{"taxonomy":"product_tag","embeddable":true,"href":"https:\/\/forzini.com\/sv\/wp-json\/wp\/v2\/product_tag?post=17022"}],"curies":[{"name":"wp","href":"https:\/\/api.w.org\/{rel}","templated":true}]}}