{"id":16693,"date":"2024-10-26T19:49:00","date_gmt":"2024-10-26T17:49:00","guid":{"rendered":"https:\/\/forzini.com\/producto\/mesa-decorativa-de-marmol-onix\/"},"modified":"2025-09-21T19:34:07","modified_gmt":"2025-09-21T17:34:07","slug":"modernt-sangbord-sten","status":"publish","type":"product","link":"https:\/\/forzini.com\/sv\/producto\/modernt-sangbord-sten\/","title":{"rendered":"Modernt s\u00e4ngbord i sten &#8211; Unik design i natursten"},"content":{"rendered":"<h2>Modernt s\u00e4ngbord i sten &#8211; Unik design i natursten\u00a0&#8221;Tellus G&#8221;<\/h2>\n<p>Detta moderna s\u00e4ngbord i sten \u00e4r en verklig juvel inom samtida hantverk. Dess unika design i form av ett timglas speglar tidens dualitet och fl\u00f6de. Bordet \u00e4r inte bara visuellt tilltalande \u2013 det \u00e4r ocks\u00e5 mycket funktionellt och m\u00e5ngsidigt. Kombinationen av marmor och onyx resulterar i ett m\u00e4sterverk som utstr\u00e5lar lyx och elegans. Varje bord \u00e4r exklusivt tack vare de s\u00e4llsynta och exceptionella material som anv\u00e4nds, vilket g\u00f6r varje exemplar unikt. Det dekorativa bordet i marmor och onyx f\u00f6rsk\u00f6nar inte bara ditt hem, utan blir \u00e4ven ett varaktigt arv \u2013 skapat f\u00f6r att beundras och f\u00f6ras vidare fr\u00e5n generation till generation. Dess blandning av innovation och tradition g\u00f6r det till en symbol f\u00f6r stil och sofistikering.<\/p>\n<p>Visste du att v\u00e5r Onyx Green Amaz\u00f3nian, tack vare sin s\u00e4llsynthet och unika karakt\u00e4r, \u00e4r en \u00e4delsten som utstr\u00e5lar mystik och lyx? Dess exklusivitet och s\u00e4rpr\u00e4gel matchas endast av dess imponerande sk\u00f6nhet \u2013 s\u00e4rskilt n\u00e4r den anv\u00e4nds i bord. Den genomskinliga kvaliteten hos Onyx Green Amaz\u00f3nian g\u00f6r att ljuset kan passera genom stenen, vilket ger ett fascinerande skimmer som kan f\u00f6rvandla vilket rum som helst. Sk\u00f6nheten i gr\u00f6na onyxbord ligger i deras naturliga m\u00f6nster, som liknar penseldrag i ett naturens m\u00e4sterverk. Varje r\u00e5sten vi v\u00e4ljer har unika \u00e5dringar i djupbrunt, chokladguld, r\u00f6daktiga toner p\u00e5 en skogsgr\u00f6n bakgrund, blandat med vita moln eller olika nyanser av gr\u00f6nt som skapar ett f\u00e4ngslande landskap. Att tillverka bord av gr\u00f6n onyx \u00e4r en k\u00e4nslig process som kr\u00e4ver skickliga hantverkare. Materialets s\u00e4llsynthet g\u00f6r det sv\u00e5rt att hitta stora, felfria bitar som l\u00e4mpar sig f\u00f6r bordsskivor, vilket g\u00f6r varje f\u00e4rdig produkt till en s\u00e4llsynt skatt. I v\u00e4rlden av exklusiv inredning \u00e4r ett bord i gr\u00f6n onyx en symbol f\u00f6r status och god smak. Det \u00e4r ett material lika h\u00e5llbart som vackert \u2013 vilket garanterar att det kan beundras i generationer.<\/p>\n<p>&nbsp;<\/p>\n<p>L\u00e6r mere om vores kollektion af marmor og onyx via dette link: <a href=\"https:\/\/forzini.com\/sv\/material\/\" target=\"_blank\" rel=\"noopener\">Materialer<\/a><\/p>\n<h3 data-start=\"40\" data-end=\"67\"><strong data-start=\"40\" data-end=\"65\">Framh\u00e4vda egenskaper:<\/strong><\/h3>\n<ul data-start=\"69\" data-end=\"144\" data-is-last-node=\"\" data-is-only-node=\"\">\n<li data-start=\"69\" data-end=\"106\">\n<h3 data-start=\"71\" data-end=\"106\">Montering: Kr\u00e4ver ingen montering<\/h3>\n<\/li>\n<li data-start=\"107\" data-end=\"130\">\n<h3 data-start=\"109\" data-end=\"130\">Stenfinish: Polerad<\/h3>\n<\/li>\n<li data-start=\"131\" data-end=\"144\" data-is-last-node=\"\">\n<h3 data-start=\"133\" data-end=\"144\">Vikt: 35 kg<\/h3>\n<\/li>\n<\/ul>\n","protected":false},"excerpt":{"rendered":"<h1>Modernt s\u00e4ngbord i sten<\/h1>\n<p>Med sin exklusiva och dj\u00e4rva design \u00e4r detta bord b\u00e5de elegant och inbjudande. Dess unika form och innovativa stil g\u00f6r att det enkelt sm\u00e4lter in i alla milj\u00f6er och tillf\u00f6r en fr\u00e4sch och originell k\u00e4nsla. Den harmoniska kombinationen av uts\u00f6kt marmor och naturlig onyx resulterar i ett hantverksm\u00e4ssigt konstverk som f\u00f6rh\u00f6jer varje rum med en sofistikerad och raffinerad touch.<\/p>\n<h2><strong>M\u00e5tt:<\/strong> Diameter 30 cm \u00b7 H\u00f6jd 52 cm<\/h2>\n<p>&nbsp;<\/p>\n","protected":false},"featured_media":16686,"comment_status":"closed","ping_status":"closed","template":"","meta":{"_acf_changed":false,"_joinchat":[]},"product_brand":[],"product_cat":[315,399],"product_tag":[324],"class_list":{"0":"post-16693","1":"product","2":"type-product","3":"status-publish","4":"has-post-thumbnail","6":"product_cat-bord-sv","7":"product_cat-sofabord-i-sten","8":"product_tag-onyx-sv","10":"first","11":"instock","12":"sale","13":"featured","14":"shipping-taxable","15":"purchasable","16":"product-type-simple"},"acf":[],"_links":{"self":[{"href":"https:\/\/forzini.com\/sv\/wp-json\/wp\/v2\/product\/16693","targetHints":{"allow":["GET"]}}],"collection":[{"href":"https:\/\/forzini.com\/sv\/wp-json\/wp\/v2\/product"}],"about":[{"href":"https:\/\/forzini.com\/sv\/wp-json\/wp\/v2\/types\/product"}],"replies":[{"embeddable":true,"href":"https:\/\/forzini.com\/sv\/wp-json\/wp\/v2\/comments?post=16693"}],"version-history":[{"count":0,"href":"https:\/\/forzini.com\/sv\/wp-json\/wp\/v2\/product\/16693\/revisions"}],"wp:featuredmedia":[{"embeddable":true,"href":"https:\/\/forzini.com\/sv\/wp-json\/wp\/v2\/media\/16686"}],"wp:attachment":[{"href":"https:\/\/forzini.com\/sv\/wp-json\/wp\/v2\/media?parent=16693"}],"wp:term":[{"taxonomy":"product_brand","embeddable":true,"href":"https:\/\/forzini.com\/sv\/wp-json\/wp\/v2\/product_brand?post=16693"},{"taxonomy":"product_cat","embeddable":true,"href":"https:\/\/forzini.com\/sv\/wp-json\/wp\/v2\/product_cat?post=16693"},{"taxonomy":"product_tag","embeddable":true,"href":"https:\/\/forzini.com\/sv\/wp-json\/wp\/v2\/product_tag?post=16693"}],"curies":[{"name":"wp","href":"https:\/\/api.w.org\/{rel}","templated":true}]}}