{"id":16670,"date":"2024-04-05T11:14:22","date_gmt":"2024-04-05T09:14:22","guid":{"rendered":"https:\/\/forzini.com\/producto\/mesa-esquinera-de-marmol-tellus\/"},"modified":"2025-09-21T18:01:49","modified_gmt":"2025-09-21T16:01:49","slug":"sangbord-med-marmor","status":"publish","type":"product","link":"https:\/\/forzini.com\/sv\/producto\/sangbord-med-marmor\/","title":{"rendered":"S\u00e4ngbord med marmor \u2013 skulpturalt sidobord"},"content":{"rendered":"<h2>S\u00e4ngbord med marmor \u2013 skulpturalt sidobord &#8221;Tellus&#8221;<\/h2>\n<p>Detta s\u00e4ngbord i marmor och onyks, med sin o\u00f6vertr\u00e4ffade och extravaganta form, \u00e4r en juvel inom modern hantverkskonst. Bordet best\u00e5r av tv\u00e5 konformade delar sammanfogade med en central ring, vilket v\u00e4cker associationer till en timglasform och symboliserar dualitet och tidens fl\u00f6de. Den dj\u00e4rva designen inbjuder till eftertanke och tillf\u00f6r en konstn\u00e4rlig dimension till varje rum. Det marmorbord som placeras i h\u00f6rn \u00e4r inte bara visuellt sl\u00e5ende, utan \u00e4ven m\u00e5ngsidigt och funktionellt. Den perfekta kombinationen av praktfull marmor och unik, f\u00f6rbluffande naturlig onyks resulterar i ett m\u00e4sterverk som utstr\u00e5lar lyx och sofistikering. Varje aspekt av detta sidobord \u2013 fr\u00e5n den modiga formen till de s\u00e4llsynta och uts\u00f6kta materialen \u2013 speglar en niv\u00e5 av elegans som saknar motstycke. Marmorn och onyksen \u00e4r noggrant utvalda f\u00f6r sin sk\u00f6nhet och s\u00e4rpr\u00e4gel, vilket g\u00f6r varje bord till ett unikt och exklusivt konstverk. Denna hantverksm\u00e4ssiga skapelse f\u00f6rsk\u00f6nar ditt hem och blir ett tidl\u00f6st arv. Det \u00e4r en m\u00f6bel skapad f\u00f6r att beundras och f\u00f6ras vidare \u2013 en skatt som f\u00e5ngar \u00f6gonblick och minnen genom tidens g\u00e5ng. Det marmorbord som placeras i h\u00f6rn, med sin perfekta balans mellan innovation och tradition, \u00e4r en symbol f\u00f6r f\u00e4ngslande stil och god smak.<\/p>\n<p>Golden Dune Onyks &#8211; \u00e4r en imponerande natursten som k\u00e4nnetecknas av sin mjuka, kr\u00e4mvita bas f\u00e4rgad med varma gyllene \u00e5dringar. Denna lyxiga onyks f\u00e5ngar ljuset p\u00e5 ett fantastiskt s\u00e4tt och skapar ett eteriskt skimmer som f\u00f6rh\u00f6jer atmosf\u00e4ren i varje rum. Dess unika m\u00f6nster och f\u00e4rgspel g\u00f6r den till ett favoritval f\u00f6r eleganta interi\u00f6rer \u2013 vare sig det g\u00e4ller b\u00e4nkskivor, v\u00e4ggbekl\u00e4dnader eller dekorativa inslag. Den uts\u00f6kta kombinationen av vitt och guld tillf\u00f6r inte bara sofistikering, utan f\u00f6rkroppsligar \u00e4ven en k\u00e4nsla av tidl\u00f6s sk\u00f6nhet, vilket g\u00f6r Golden Dune Onyks till ett anm\u00e4rkningsv\u00e4rt tillskott i varje designprojekt.<\/p>\n<p>&nbsp;<\/p>\n<p>L\u00e6r mere om vores kollektion af marmor og onyx via dette link: <a href=\"https:\/\/forzini.com\/sv\/material\/\" target=\"_blank\" rel=\"noopener\">Materialer<\/a><\/p>\n<h3 data-start=\"40\" data-end=\"67\"><strong data-start=\"40\" data-end=\"65\">Framh\u00e4vda egenskaper:<\/strong><\/h3>\n<ul data-start=\"69\" data-end=\"144\" data-is-last-node=\"\" data-is-only-node=\"\">\n<li data-start=\"69\" data-end=\"106\">\n<h3 data-start=\"71\" data-end=\"106\">Montering: Kr\u00e4ver ingen montering<\/h3>\n<\/li>\n<li data-start=\"107\" data-end=\"130\">\n<h3 data-start=\"109\" data-end=\"130\">Stenfinish: Polerad<\/h3>\n<\/li>\n<li data-start=\"131\" data-end=\"144\" data-is-last-node=\"\">\n<h3 data-start=\"133\" data-end=\"144\">Vikt: 35 kg<\/h3>\n<\/li>\n<\/ul>\n<p>&nbsp;<\/p>\n","protected":false},"excerpt":{"rendered":"<h1>S\u00e4ngbord med marmor<\/h1>\n<p>Med sin innovativa och extravaganta form \u2013 dj\u00e4rv men samtidigt inbjudande \u2013 \u00e4r detta bord en unik designm\u00f6bel som sm\u00e4lter in perfekt i alla milj\u00f6er. Den originella och nyskapande formen tillf\u00f6r en fr\u00e4sch och konstn\u00e4rlig k\u00e4nsla till rummet. Den perfekta fusionen mellan uts\u00f6kt marmor och unik, f\u00f6rbluffande naturlig onyks resulterar i ett handgjort konstverk som f\u00f6rh\u00f6jer varje yta med en touch av elegans och sofistikerad stil.<\/p>\n<h2><strong>M\u00e5tt:<\/strong> Diameter 30 cm \u00b7 H\u00f6jd 52 cm<\/h2>\n<p>&nbsp;<\/p>\n","protected":false},"featured_media":16663,"comment_status":"closed","ping_status":"closed","template":"","meta":{"_acf_changed":false,"_joinchat":[]},"product_brand":[],"product_cat":[315,399],"product_tag":[324],"class_list":{"0":"post-16670","1":"product","2":"type-product","3":"status-publish","4":"has-post-thumbnail","6":"product_cat-bord-sv","7":"product_cat-sofabord-i-sten","8":"product_tag-onyx-sv","10":"first","11":"instock","12":"sale","13":"featured","14":"shipping-taxable","15":"purchasable","16":"product-type-simple"},"acf":[],"_links":{"self":[{"href":"https:\/\/forzini.com\/sv\/wp-json\/wp\/v2\/product\/16670","targetHints":{"allow":["GET"]}}],"collection":[{"href":"https:\/\/forzini.com\/sv\/wp-json\/wp\/v2\/product"}],"about":[{"href":"https:\/\/forzini.com\/sv\/wp-json\/wp\/v2\/types\/product"}],"replies":[{"embeddable":true,"href":"https:\/\/forzini.com\/sv\/wp-json\/wp\/v2\/comments?post=16670"}],"version-history":[{"count":0,"href":"https:\/\/forzini.com\/sv\/wp-json\/wp\/v2\/product\/16670\/revisions"}],"wp:featuredmedia":[{"embeddable":true,"href":"https:\/\/forzini.com\/sv\/wp-json\/wp\/v2\/media\/16663"}],"wp:attachment":[{"href":"https:\/\/forzini.com\/sv\/wp-json\/wp\/v2\/media?parent=16670"}],"wp:term":[{"taxonomy":"product_brand","embeddable":true,"href":"https:\/\/forzini.com\/sv\/wp-json\/wp\/v2\/product_brand?post=16670"},{"taxonomy":"product_cat","embeddable":true,"href":"https:\/\/forzini.com\/sv\/wp-json\/wp\/v2\/product_cat?post=16670"},{"taxonomy":"product_tag","embeddable":true,"href":"https:\/\/forzini.com\/sv\/wp-json\/wp\/v2\/product_tag?post=16670"}],"curies":[{"name":"wp","href":"https:\/\/api.w.org\/{rel}","templated":true}]}}