{"id":16649,"date":"2024-10-26T18:53:03","date_gmt":"2024-10-26T16:53:03","guid":{"rendered":"https:\/\/forzini.com\/producto\/mesa-consola-reloj-de-arena\/"},"modified":"2025-09-21T16:56:18","modified_gmt":"2025-09-21T14:56:18","slug":"svart-marmorbord-designbord","status":"publish","type":"product","link":"https:\/\/forzini.com\/sv\/producto\/svart-marmorbord-designbord\/","title":{"rendered":"Svart marmorbord med onyx \u2013 designer sidebord"},"content":{"rendered":"<h2>Svart marmorbord med onyx \u2013 exklusivt designer sidebord &#8221;Tellus P&#8221;<\/h2>\n<p>Detta svart marmorbord med onyx, format som ett timglas och tillverkat i onyx och marmor, utm\u00e4rker sig med sin unika design och blir ett distinkt inslag som tillf\u00f6r djup och elegans till varje rum. Formen \u00e4r en fusion av tv\u00e5 delar marmor och onyx, sammanfogade med en central ring, vilket f\u00e5ngar tidens g\u00e5ng i en skulptural struktur. Perfekt som ett visuellt fokus i hemmet, ger dess dj\u00e4rva och samtida stil en konstn\u00e4rlig touch till alla milj\u00f6er. Varje bord \u00e4r handgjort med noggrant utvald marmor och onyx, k\u00e4nda f\u00f6r sina exklusiva egenskaper och unika \u00e5dringar, vilket g\u00f6r varje exemplar till ett unikt konstverk. Den polerade ytan framh\u00e4ver den naturliga sk\u00f6nheten i materialen och ger en elegant glans som lyser upp rummet. Detta konsolbord i timglasform \u00e4r b\u00e5de dekorativt och funktionellt \u2013 en symbol f\u00f6r sofistikering och kreativitet, perfekt f\u00f6r dem som uppskattar konst i sin inredning.<\/p>\n<p>Onyx Pink Cloud <strong>&#8211;<\/strong> Denna onyx \u00e4r ett verkligt unikt material, erk\u00e4nt som en av v\u00e4rldens mest s\u00e4llsynta och exklusiva. Dess rena f\u00e4rg, fri fr\u00e5n f\u00e4rg\u00e4mnen eller konstgjord behandling, g\u00f6r den \u00e4nnu mer speciell och v\u00e4rdefull. Utvunnen fr\u00e5n en avl\u00e4gsen bergsregion i s\u00f6dra Asien, f\u00e4ngslar dess mjuka ton och naturliga glans \u00f6gat och lyfter fram sk\u00f6nheten i varje dekorativ detalj. I detta ovanliga bord har Onyx Rosa Cloud integrerats f\u00f6r att framh\u00e4va naturens konstn\u00e4rliga uttryck i samspel med m\u00e4nsklig kreativitet \u2013 och g\u00f6r detta verk till en sann skatt av konst och elegans.<\/p>\n<p>L\u00e6r mere om vores kollektion af marmor og onyx via dette link: <a href=\"https:\/\/forzini.com\/sv\/material\/\" target=\"_blank\" rel=\"noopener\">Materialer<\/a><\/p>\n<h3 data-start=\"40\" data-end=\"67\"><strong data-start=\"40\" data-end=\"65\">Framh\u00e4vda egenskaper:<\/strong><\/h3>\n<ul data-start=\"69\" data-end=\"144\" data-is-last-node=\"\" data-is-only-node=\"\">\n<li data-start=\"69\" data-end=\"106\">\n<h3 data-start=\"71\" data-end=\"106\">Montering: Kr\u00e4ver ingen montering<\/h3>\n<\/li>\n<li data-start=\"107\" data-end=\"130\">\n<h3 data-start=\"109\" data-end=\"130\">Stenfinish: Polerad<\/h3>\n<\/li>\n<li data-start=\"131\" data-end=\"144\" data-is-last-node=\"\">\n<h3 data-start=\"133\" data-end=\"144\">Vikt: 35 kg<\/h3>\n<\/li>\n<\/ul>\n","protected":false},"excerpt":{"rendered":"<h1>Svart marmorbord med onyx<\/h1>\n<p>Detta bord i marmor och onyx, med sin innovativa och dj\u00e4rva form, blir en i\u00f6gonfallande och m\u00e5ngsidig detalj i varje milj\u00f6. Den unika och fantasifulla designen, d\u00e4r tv\u00e5 koner f\u00f6renas i en elegant struktur, tillf\u00f6r fr\u00e4schhet och originalitet till rummet. Kombinationen av utvald marmor och naturlig onyx, noggrant bearbetad f\u00f6r hand, resulterar i ett konstn\u00e4rligt verk som utstr\u00e5lar sofistikering och raffinerad stil \u2013 och f\u00f6rh\u00f6jer varje h\u00f6rn med en touch av elegans.<\/p>\n<h2><strong>M\u00e5tt:<\/strong> Diameter 30 cm \u00b7 H\u00f6jd 52 cm<\/h2>\n<p>&nbsp;<\/p>\n","protected":false},"featured_media":16632,"comment_status":"closed","ping_status":"closed","template":"","meta":{"_acf_changed":false,"_joinchat":[]},"product_brand":[],"product_cat":[315,399],"product_tag":[324],"class_list":{"0":"post-16649","1":"product","2":"type-product","3":"status-publish","4":"has-post-thumbnail","6":"product_cat-bord-sv","7":"product_cat-sofabord-i-sten","8":"product_tag-onyx-sv","10":"first","11":"instock","12":"sale","13":"featured","14":"shipping-taxable","15":"purchasable","16":"product-type-simple"},"acf":[],"_links":{"self":[{"href":"https:\/\/forzini.com\/sv\/wp-json\/wp\/v2\/product\/16649","targetHints":{"allow":["GET"]}}],"collection":[{"href":"https:\/\/forzini.com\/sv\/wp-json\/wp\/v2\/product"}],"about":[{"href":"https:\/\/forzini.com\/sv\/wp-json\/wp\/v2\/types\/product"}],"replies":[{"embeddable":true,"href":"https:\/\/forzini.com\/sv\/wp-json\/wp\/v2\/comments?post=16649"}],"version-history":[{"count":0,"href":"https:\/\/forzini.com\/sv\/wp-json\/wp\/v2\/product\/16649\/revisions"}],"wp:featuredmedia":[{"embeddable":true,"href":"https:\/\/forzini.com\/sv\/wp-json\/wp\/v2\/media\/16632"}],"wp:attachment":[{"href":"https:\/\/forzini.com\/sv\/wp-json\/wp\/v2\/media?parent=16649"}],"wp:term":[{"taxonomy":"product_brand","embeddable":true,"href":"https:\/\/forzini.com\/sv\/wp-json\/wp\/v2\/product_brand?post=16649"},{"taxonomy":"product_cat","embeddable":true,"href":"https:\/\/forzini.com\/sv\/wp-json\/wp\/v2\/product_cat?post=16649"},{"taxonomy":"product_tag","embeddable":true,"href":"https:\/\/forzini.com\/sv\/wp-json\/wp\/v2\/product_tag?post=16649"}],"curies":[{"name":"wp","href":"https:\/\/api.w.org\/{rel}","templated":true}]}}