{"id":16604,"date":"2024-07-03T09:11:27","date_gmt":"2024-07-03T07:11:27","guid":{"rendered":"https:\/\/forzini.com\/producto\/mesa-de-onix-juno\/"},"modified":"2025-09-21T11:59:41","modified_gmt":"2025-09-21T09:59:41","slug":"soffbord-guld-marmor","status":"publish","type":"product","link":"https:\/\/forzini.com\/sv\/producto\/soffbord-guld-marmor\/","title":{"rendered":"Soffbord guld marmor \u2013 bord med vit onyx"},"content":{"rendered":"<h2>Soffbord guld marmor \u2013 bord med vit onyx &#8221;Juno&#8221;<\/h2>\n<p>Detta uts\u00f6kta runda och lyxiga soffbord i onyx \u00e4r ett handgjort m\u00e4sterverk, skapat av skickliga hantverkare med traditionella tekniker som framh\u00e4ver den majest\u00e4tiska elegansen hos naturlig onyx. Den eleganta siluetten och den str\u00e5lande ytan skapar ett f\u00e4ngslande ljusspel som g\u00f6r bordet till rummets sj\u00e4lvklara blickf\u00e5ng. V\u00e5r s\u00e4llsynta onyx, noggrant utvald f\u00f6r sin distinkta sk\u00f6nhet, f\u00f6rh\u00f6jer varje inredning med en innovativ touch som st\u00e5r sig \u00f6ver tid. Detta bord \u00e4r inte bara ett m\u00f6bel \u2013 det \u00e4r ett tidl\u00f6st konstverk att v\u00e5rda i generationer.<\/p>\n<p>Kan kombineras som satsbord med den l\u00e4gre modellen \u201c<a href=\"https:\/\/forzini.com\/sv\/producto\/litet-soffbord-i-sten-vit\/\" target=\"_blank\" rel=\"noopener\">Janus<\/a>\u201d.<\/p>\n<p>Golden Dune Onyx &#8211; Den vita bakgrunden liknar en fridfull duk, vars yta \u00e4r mjukt dekorerad med sv\u00e4vande vita moln. Kr\u00e4miga och gula skuggor blandas med \u00e5dringar i toner av guld, karamell, brunt, cognac och r\u00f6tt. Denna speciella vita onyx \u00e4r ett s\u00e4llsynt fynd, tillg\u00e4nglig endast i sm\u00e5 m\u00e4ngder d\u00e5 den bryts fr\u00e5n ett specifikt omr\u00e5de.<\/p>\n<p>Visste du att vit onyx \u00e4r en verkligt f\u00e4ngslande sten, uppskattad f\u00f6r sin s\u00e4llsynthet och lugna sk\u00f6nhet? Dess ovanlighet beror p\u00e5 de specifika f\u00f6rh\u00e5llanden som kr\u00e4vs f\u00f6r dess bildning \u2013 d\u00e4r kiselsyrerikt vatten droppar i grottor och avs\u00e4tter lager av kalcedon, som sedan kristalliseras under tusentals \u00e5r. Den kr\u00e4migt elfenbensvita f\u00e4rgen p\u00e5 vit onyx p\u00e5minner om antik konst och arkitektur, och v\u00e4cker en k\u00e4nsla av tidl\u00f6s elegans och renhet. Magin med vit onyx ligger i dess genomskinlighet \u2013 en eterisk kvalitet, n\u00e4stan som att h\u00e5lla ett stycke m\u00e5nljus i handen. Denna genomskinlighet m\u00f6jligg\u00f6r ett spel av ljus och skuggor som ger liv \u00e5t stenens yta och avsl\u00f6jar dess fascinerande m\u00f6nster. Och s\u00e5 finns de molnliknande \u00e5dringarna \u2013 naturens egen konst. Jordens penseldrag, unika i varje skiva, skapar landskap av mj\u00f6lkig dimma och mjuka v\u00e5gor som flyter \u00f6ver stenen. Det \u00e4r detta m\u00f6nster som ger vit onyx sin f\u00f6rtrollande charm.<\/p>\n<p>&nbsp;<\/p>\n<p>L\u00e6r mere om vores kollektion af marmor og onyx via dette link: <a href=\"https:\/\/forzini.com\/sv\/material\/\" target=\"_blank\" rel=\"noopener\">Materialer<\/a><\/p>\n<h3><strong>Framst\u00e5ende egenskaper:<\/strong><\/h3>\n<ul>\n<li>\n<h3>Montering: Kr\u00e4vs ej<\/h3>\n<\/li>\n<li>\n<h3>Stenfinish: Polerad<\/h3>\n<\/li>\n<li>\n<h3>Benfinish: Rostfritt st\u00e5l, tulpanform, gyllene f\u00e4rg<\/h3>\n<\/li>\n<li>\n<h3>Vikt: 15 kg<\/h3>\n<\/li>\n<\/ul>\n","protected":false},"excerpt":{"rendered":"<h1>Soffbord guld marmor<\/h1>\n<p>Med sin runda och oregelbundna bordsskiva, huggen ur ren sten, \u00e4r detta ett handgjort m\u00e4sterverk i exklusiv design. Varje bord \u00e4r noggrant skulpterat av skickliga hantverkare som anv\u00e4nder traditionella tekniker f\u00f6r att framh\u00e4va den naturliga sk\u00f6nheten i onyx. Bordsskivans organiska former och unika textur reflekterar ljuset p\u00e5 ett spektakul\u00e4rt s\u00e4tt och skapar ett spel av skuggor och bl\u00e4nk som f\u00e5ngar blicken och tillf\u00f6r en k\u00e4nsla av lyx till varje rum.<\/p>\n<h2><strong>M\u00e5tt:<\/strong> Bredd 50 cm \u00b7 L\u00e4ngd 60 cm \u00b7 H\u00f6jd 50 cm<\/h2>\n","protected":false},"featured_media":16585,"comment_status":"closed","ping_status":"closed","template":"","meta":{"_acf_changed":false,"_joinchat":[]},"product_brand":[],"product_cat":[315,399],"product_tag":[324],"class_list":{"0":"post-16604","1":"product","2":"type-product","3":"status-publish","4":"has-post-thumbnail","6":"product_cat-bord-sv","7":"product_cat-sofabord-i-sten","8":"product_tag-onyx-sv","10":"first","11":"instock","12":"sale","13":"featured","14":"shipping-taxable","15":"purchasable","16":"product-type-simple"},"acf":[],"_links":{"self":[{"href":"https:\/\/forzini.com\/sv\/wp-json\/wp\/v2\/product\/16604","targetHints":{"allow":["GET"]}}],"collection":[{"href":"https:\/\/forzini.com\/sv\/wp-json\/wp\/v2\/product"}],"about":[{"href":"https:\/\/forzini.com\/sv\/wp-json\/wp\/v2\/types\/product"}],"replies":[{"embeddable":true,"href":"https:\/\/forzini.com\/sv\/wp-json\/wp\/v2\/comments?post=16604"}],"version-history":[{"count":0,"href":"https:\/\/forzini.com\/sv\/wp-json\/wp\/v2\/product\/16604\/revisions"}],"wp:featuredmedia":[{"embeddable":true,"href":"https:\/\/forzini.com\/sv\/wp-json\/wp\/v2\/media\/16585"}],"wp:attachment":[{"href":"https:\/\/forzini.com\/sv\/wp-json\/wp\/v2\/media?parent=16604"}],"wp:term":[{"taxonomy":"product_brand","embeddable":true,"href":"https:\/\/forzini.com\/sv\/wp-json\/wp\/v2\/product_brand?post=16604"},{"taxonomy":"product_cat","embeddable":true,"href":"https:\/\/forzini.com\/sv\/wp-json\/wp\/v2\/product_cat?post=16604"},{"taxonomy":"product_tag","embeddable":true,"href":"https:\/\/forzini.com\/sv\/wp-json\/wp\/v2\/product_tag?post=16604"}],"curies":[{"name":"wp","href":"https:\/\/api.w.org\/{rel}","templated":true}]}}