{"id":16563,"date":"2024-07-03T09:27:30","date_gmt":"2024-07-03T07:27:30","guid":{"rendered":"https:\/\/forzini.com\/producto\/mesa-de-piedra-onix-janus\/"},"modified":"2025-09-21T11:58:57","modified_gmt":"2025-09-21T09:58:57","slug":"litet-soffbord-i-sten-vit","status":"publish","type":"product","link":"https:\/\/forzini.com\/sv\/producto\/litet-soffbord-i-sten-vit\/","title":{"rendered":"Litet soffbord i sten \u2013 Vit onyx med tulpanfot"},"content":{"rendered":"<h2>Litet soffbord i sten vit onyx &#8221;Janus&#8221;<\/h2>\n<p>Tillverkat med noggrann omsorg av skickliga hantverkare, utstr\u00e5lar detta <strong>lilla soffbord i sten med vit onyx<\/strong> den sublima elegansen hos natursten. De definierade linjerna, den oregelbundna formen p\u00e5 bordsskivan ovanp\u00e5 det rostfria st\u00e5lbenet och den lysande ytan skapar ett f\u00e4ngslande ljusspel som g\u00f6r bordet till en i\u00f6gonfallande detalj i vardagsrummets inredning. V\u00e5r exklusiva vita onyx, noggrant utvald, tillf\u00f6r ett sofistikerat uttryck till varje milj\u00f6 och g\u00f6r bordet till ett tidl\u00f6st m\u00e4sterverk som kan bevaras i generationer.<\/p>\n<p>Oavsett om det anv\u00e4nds som satsbord eller kombineras med modellen &#8221;<a href=\"https:\/\/forzini.com\/sv\/producto\/soffbord-guld-marmor\/\" target=\"_blank\" rel=\"noopener\">Juno<\/a>&#8221;, g\u00f6r dess kompakta storlek att det kan st\u00e5 som ett dekorativt solobord eller ing\u00e5 harmoniskt i en gruppkomposition med varierande storlekar.<\/p>\n<p>Golden Dune Onyx &#8211; Den vita bakgrunden \u00e4r som en lugn m\u00e5larduk, vars yta \u00e4r mjukt dekorerad med vita och gyllene moln som sv\u00e4var graci\u00f6st. Kr\u00e4miga och gula skuggor samt \u00e5dringar i nyanser av guld, karamell, brunt, konjak och r\u00f6tt. Denna speciella vita onyx \u00e4r en s\u00e4llsynt skatt, tillg\u00e4nglig endast i sm\u00e5 m\u00e4ngder d\u00e5 den bryts fr\u00e5n ett specifikt omr\u00e5de.<\/p>\n<p>Varje bord vi erbjuder \u00e4r ett bevis p\u00e5 v\u00e5ra hantverkares m\u00e4sterskap \u2013 deras talang, kunskap och erfarenhet i arbete med \u00e4dla material som onyx och marmor \u00e4r o\u00f6vertr\u00e4ffad. Det \u00e4r deras skickliga h\u00e4nder som f\u00f6rvandlar dessa naturstenar till uts\u00f6kta m\u00f6bler. Med stor k\u00e4nsla f\u00f6r estetik v\u00e4ljer de noggrant ut de mest passande ytorna, s\u00e5 att varje \u00e5der och kontur bidrar till bordets helhetsintryck. Endast en sann konstn\u00e4r kan skapa ett s\u00e5 magnifikt verk \u2013 och v\u00e5ra hantverkare \u00e4r just det. Deras h\u00e4ngivenhet till hantverket m\u00e4rks i den minuti\u00f6sa uppm\u00e4rksamheten p\u00e5 detaljer, den harmoniska sammans\u00e4ttningen av stenens m\u00f6nster och den felfria finishen p\u00e5 varje bord.<\/p>\n<p>L\u00e6r mere om vores kollektion af marmor og onyx via dette link: <a href=\"https:\/\/forzini.com\/sv\/material\/\" target=\"_blank\" rel=\"noopener\">Materialer<\/a><\/p>\n<h3><strong>Framst\u00e5ende egenskaper:<\/strong><\/h3>\n<ul>\n<li>\n<h3>Montering: Kr\u00e4vs ej<\/h3>\n<\/li>\n<li>\n<h3>Stenfinish: Polerad<\/h3>\n<\/li>\n<li>\n<h3>Benfinish: Rostfritt st\u00e5l, tulpanform, gyllene f\u00e4rg<\/h3>\n<\/li>\n<li>\n<h3>Vikt: 8 kg<\/h3>\n<\/li>\n<\/ul>\n<p>&nbsp;<\/p>\n","protected":false},"excerpt":{"rendered":"<h1>Litet soffbord i sten<\/h1>\n<p>Denne hvide bordplade med gylden base er et exceptionelt stilfuldt designobjekt. Renheden i den hvide onyx, med sine fine \u00e5rer og lysende overflade, kombineres harmonisk med den elegante gyldne base \u2013 et bord, der udstr\u00e5ler luksus og sofistikation. Bordet imponerer b\u00e5de med sin sk\u00f8nhed og sin alsidighed.<\/p>\n<p>Det kan med fordel kombineres med modellen Juno og danne et s\u00e6t af indskudsborde, som tilf\u00f8rer ethvert rum et strejf af modernitet og funktionalitet. Dette bordduo er ideelt for dem, der s\u00f8ger en dekorativ l\u00f8sning, som b\u00e5de er praktisk og visuelt i\u00f8jnefaldende.<\/p>\n<h2><strong>M\u00e5l:<\/strong> Bredde 37 cm \u00b7 L\u00e6ngde 38 cm \u00b7 H\u00f8jde 40 cm<\/h2>\n<p>&nbsp;<\/p>\n","protected":false},"featured_media":16541,"comment_status":"closed","ping_status":"closed","template":"","meta":{"_acf_changed":false,"_joinchat":[]},"product_brand":[],"product_cat":[315,399],"product_tag":[324],"class_list":{"0":"post-16563","1":"product","2":"type-product","3":"status-publish","4":"has-post-thumbnail","6":"product_cat-bord-sv","7":"product_cat-sofabord-i-sten","8":"product_tag-onyx-sv","10":"first","11":"instock","12":"sale","13":"featured","14":"shipping-taxable","15":"purchasable","16":"product-type-simple"},"acf":[],"_links":{"self":[{"href":"https:\/\/forzini.com\/sv\/wp-json\/wp\/v2\/product\/16563","targetHints":{"allow":["GET"]}}],"collection":[{"href":"https:\/\/forzini.com\/sv\/wp-json\/wp\/v2\/product"}],"about":[{"href":"https:\/\/forzini.com\/sv\/wp-json\/wp\/v2\/types\/product"}],"replies":[{"embeddable":true,"href":"https:\/\/forzini.com\/sv\/wp-json\/wp\/v2\/comments?post=16563"}],"version-history":[{"count":0,"href":"https:\/\/forzini.com\/sv\/wp-json\/wp\/v2\/product\/16563\/revisions"}],"wp:featuredmedia":[{"embeddable":true,"href":"https:\/\/forzini.com\/sv\/wp-json\/wp\/v2\/media\/16541"}],"wp:attachment":[{"href":"https:\/\/forzini.com\/sv\/wp-json\/wp\/v2\/media?parent=16563"}],"wp:term":[{"taxonomy":"product_brand","embeddable":true,"href":"https:\/\/forzini.com\/sv\/wp-json\/wp\/v2\/product_brand?post=16563"},{"taxonomy":"product_cat","embeddable":true,"href":"https:\/\/forzini.com\/sv\/wp-json\/wp\/v2\/product_cat?post=16563"},{"taxonomy":"product_tag","embeddable":true,"href":"https:\/\/forzini.com\/sv\/wp-json\/wp\/v2\/product_tag?post=16563"}],"curies":[{"name":"wp","href":"https:\/\/api.w.org\/{rel}","templated":true}]}}