{"id":16518,"date":"2024-03-14T16:48:28","date_gmt":"2024-03-14T15:48:28","guid":{"rendered":"https:\/\/forzini.com\/producto\/mesa-pequena-de-marmol-uranus\/"},"modified":"2025-09-20T22:41:41","modified_gmt":"2025-09-20T20:41:41","slug":"designer-soffbord-sten-beige","status":"publish","type":"product","link":"https:\/\/forzini.com\/sv\/producto\/designer-soffbord-sten-beige\/","title":{"rendered":"Beige Soffbord i Sten \u2013 Stilrent Designerbord"},"content":{"rendered":"<h1>Beige Soffbord i Sten&#8221;Uranus&#8221;<\/h1>\n<p><strong>Beige soffbord i sten, marmor och onyx<\/strong>, med en kreativ och fr\u00e4sch design, \u00e4r ett unikt och absolut lyxigt m\u00e4sterverk. Denna magnifika m\u00f6bel \u00e4r en imponerande fusion av s\u00e4llsynt \u00e4del onyx och exceptionell marmor, som f\u00e5ngar naturens essens i en konstn\u00e4rlig tolkning. Det distinkta rundade formspr\u00e5ket, som p\u00e5minner om en donut, f\u00f6renar \u00e4kta onyx och marmor i flytande och eleganta linjer.<\/p>\n<p>Denna innovativa och exklusiva design tillf\u00f6r inte bara en samtida estetik, utan utstr\u00e5lar \u00e4ven klassisk elegans som lyfter varje interi\u00f6r. Varje kurva och linje har utformats med st\u00f6rsta noggrannhet f\u00f6r att skapa ett bord som \u00e4r b\u00e5de funktionellt och visuellt f\u00e4ngslande. Kombinationen av dessa tv\u00e5 \u00e4dla material f\u00f6rst\u00e4rker dess naturliga sk\u00f6nhet och tillf\u00f6r en dimension av sofistikering och f\u00f6rfining som \u00e4r sv\u00e5r att \u00f6vertr\u00e4ffa.<\/p>\n<p>Den rundade formen och den felfria utf\u00f6randet g\u00f6r detta till ett signerat designobjekt som inte g\u00e5r att gl\u00f6mma. Det \u00e4r ett bord som imponerar p\u00e5 alla \u2013 ett uttryck f\u00f6r stil och god smak som inte l\u00e4mnar n\u00e5gon ober\u00f6rd. Oavsett om det placeras i ett elegant vardagsrum eller i ett mysigt h\u00f6rn blir detta konstn\u00e4rliga bord rummets mittpunkt, och h\u00f6jer atmosf\u00e4ren med sin majest\u00e4tiska n\u00e4rvaro och tidl\u00f6sa klass. Perfekt f\u00f6r den som s\u00f6ker unik och exklusiv inredning.<\/p>\n<p>Verona Dream Marmor &#8211;\u00a0En varm och mjuk kr\u00e4mf\u00e4rgad marmor med sandtoner, m\u00f6rkbruna eller gr\u00e5 \u00e5dringar och skuggor. Denna marmor \u00e4r en hyllning till k\u00e4nslor och st\u00e4mningar. Vi har valt den till v\u00e5r kollektion f\u00f6r dess speciella betydelse och eleganta estetik.<\/p>\n<p>Galaxy Verde Onyx &#8211; En ljusgr\u00f6n bakgrund vackert framh\u00e4vd av vita v\u00e5gor, blandade med bronsf\u00e4rgade \u00e5dringar i jordn\u00e4ra gyllenbruna och r\u00f6daktiga toner. Denna mycket exklusiva onyx bryts i mycket sm\u00e5 m\u00e4ngder och \u00e4r anm\u00e4rkningsv\u00e4rt genomskinlig.<\/p>\n<p>Visste du att v\u00e5r Verona Dream Marmor \u00e4r en f\u00f6rkroppsligad konstform fr\u00e5n naturen? Det \u00e4r en sten som viskar ber\u00e4ttelser fr\u00e5n den ur\u00e5ldriga jorden genom sin egen essens. Den beige tonen fungerar som en varm och neutral duk som inbjuder \u00f6gat att utforska dess rika textur. Genom detta duklandskap slingrar sig de bruna \u00e5dringarna graci\u00f6st \u2013 som floder p\u00e5 en karta, var och en med sin unika resa.<\/p>\n<p>\u00c5dringens intensitet \u00e4r en dans mellan det subtila och det dramatiska. Vissa linjer \u00e4r diskreta antydningar, som de mjukaste penseldragen i ett ren\u00e4ssansm\u00e5lning. Andra \u00e4r dj\u00e4rva och f\u00e5ngar blicken med sina dramatiska m\u00f6nster, blandade med vitaktiga f\u00e5ror som f\u00f6rtrollande tr\u00e4dgrenar \u00f6ver stenen. Dessa m\u00f6nster v\u00e4cker associationer till mjuka moln och blommande kvistar m\u00e5lade av en konstn\u00e4r.<\/p>\n<p>Inb\u00e4ddade i marmorn finns sm\u00e5 fragment \u2013 fossiler och sn\u00e4ckor som har motst\u00e5tt tidens tand och bevarats i miljontals \u00e5r. De \u00e4r ekon fr\u00e5n forntida hav, fr\u00e5n liv som en g\u00e5ng blomstrade och nu \u00e4r f\u00f6r evigt bevarade i sten. Dessa fragment tillf\u00f6r marmorn ett djup och en historia, vilket g\u00f6r Verona Dream Marmor till mer \u00e4n bara ett material \u2013 det \u00e4r ett stycke bevarad historia, en ber\u00e4ttelse huggen i sten.<\/p>\n<p>&nbsp;<\/p>\n<p>L\u00e6r mere om vores kollektion af marmor og onyx via dette link: <a href=\"https:\/\/forzini.com\/sv\/material\/\" target=\"_blank\" rel=\"noopener\">Materialer<\/a><\/p>\n<h3 data-start=\"40\" data-end=\"67\"><strong data-start=\"40\" data-end=\"65\">Framh\u00e4vda egenskaper:<\/strong><\/h3>\n<ul data-start=\"69\" data-end=\"144\" data-is-last-node=\"\" data-is-only-node=\"\">\n<li data-start=\"69\" data-end=\"106\">\n<h3 data-start=\"71\" data-end=\"106\">Montering: Kr\u00e4ver ingen montering<\/h3>\n<\/li>\n<li data-start=\"107\" data-end=\"130\">\n<h3 data-start=\"109\" data-end=\"130\">Stenfinish: Polerad<\/h3>\n<\/li>\n<li data-start=\"131\" data-end=\"144\" data-is-last-node=\"\">\n<h3 data-start=\"133\" data-end=\"144\">Vikt: 75 kg<\/h3>\n<\/li>\n<\/ul>\n","protected":false},"excerpt":{"rendered":"<h2>Beige Soffbord i Sten<\/h2>\n<p data-start=\"79\" data-end=\"393\">Marmor och onyx \u00e4r en \u00e4kta designp\u00e4rla, en innovativ och exceptionell pj\u00e4s som utm\u00e4rker sig genom sin form och utf\u00f6rande. Med en rundad design som p\u00e5minner om en donut \u00e4r detta konstn\u00e4rliga bord en sublim fusion av s\u00e4llsynt onyx och exceptionell marmor, som f\u00e5ngar naturens essens i ett unikt konstn\u00e4rligt uttryck.<\/p>\n<p data-start=\"395\" data-end=\"682\">Det distinkta och rundade designen p\u00e5 detta piedestalbord f\u00f6rsk\u00f6nar inomhusmilj\u00f6n med sin tidl\u00f6sa elegans och o\u00f6vertr\u00e4ffade klass. Bordets mjuka och b\u00f6jda linjer skapar en k\u00e4nsla av fl\u00f6de och r\u00f6relse, medan kombinationen av material ger en fascinerande och sofistikerad visuell kontrast.<\/p>\n<h2 data-start=\"684\" data-end=\"720\"><strong data-start=\"684\" data-end=\"693\">M\u00e5tt:<\/strong> Diameter 38 cm, h\u00f6jd 52 cm<\/h2>\n","protected":false},"featured_media":16501,"comment_status":"closed","ping_status":"closed","template":"","meta":{"_acf_changed":false,"_joinchat":[]},"product_brand":[],"product_cat":[315,399],"product_tag":[324],"class_list":{"0":"post-16518","1":"product","2":"type-product","3":"status-publish","4":"has-post-thumbnail","6":"product_cat-bord-sv","7":"product_cat-sofabord-i-sten","8":"product_tag-onyx-sv","10":"first","11":"instock","12":"sale","13":"featured","14":"shipping-taxable","15":"purchasable","16":"product-type-simple"},"acf":[],"_links":{"self":[{"href":"https:\/\/forzini.com\/sv\/wp-json\/wp\/v2\/product\/16518","targetHints":{"allow":["GET"]}}],"collection":[{"href":"https:\/\/forzini.com\/sv\/wp-json\/wp\/v2\/product"}],"about":[{"href":"https:\/\/forzini.com\/sv\/wp-json\/wp\/v2\/types\/product"}],"replies":[{"embeddable":true,"href":"https:\/\/forzini.com\/sv\/wp-json\/wp\/v2\/comments?post=16518"}],"version-history":[{"count":0,"href":"https:\/\/forzini.com\/sv\/wp-json\/wp\/v2\/product\/16518\/revisions"}],"wp:featuredmedia":[{"embeddable":true,"href":"https:\/\/forzini.com\/sv\/wp-json\/wp\/v2\/media\/16501"}],"wp:attachment":[{"href":"https:\/\/forzini.com\/sv\/wp-json\/wp\/v2\/media?parent=16518"}],"wp:term":[{"taxonomy":"product_brand","embeddable":true,"href":"https:\/\/forzini.com\/sv\/wp-json\/wp\/v2\/product_brand?post=16518"},{"taxonomy":"product_cat","embeddable":true,"href":"https:\/\/forzini.com\/sv\/wp-json\/wp\/v2\/product_cat?post=16518"},{"taxonomy":"product_tag","embeddable":true,"href":"https:\/\/forzini.com\/sv\/wp-json\/wp\/v2\/product_tag?post=16518"}],"curies":[{"name":"wp","href":"https:\/\/api.w.org\/{rel}","templated":true}]}}