{"id":16485,"date":"2024-04-05T11:22:43","date_gmt":"2024-04-05T09:22:43","guid":{"rendered":"https:\/\/forzini.com\/producto\/mesa-lateral-de-marmol-hades\/"},"modified":"2025-09-20T20:36:18","modified_gmt":"2025-09-20T18:36:18","slug":"marmor-soffbord-gratt-ovalt","status":"publish","type":"product","link":"https:\/\/forzini.com\/sv\/producto\/marmor-soffbord-gratt-ovalt\/","title":{"rendered":"Gr\u00e5tt Ovalt Marmor Soffbord \u2013 Stilren Design"},"content":{"rendered":"<h2>Gr\u00e5tt Ovalt Marmor Soffbord &#8221;Hades&#8221;<\/h2>\n<p data-start=\"82\" data-end=\"424\">Detta uts\u00f6kta <strong data-start=\"96\" data-end=\"127\">Gr\u00e5tt Ovalt Marmor Soffbord<\/strong> \u00e4r ett perfekt litet bord f\u00f6r servering av kaffe eller te, placerat intill din soffa. Chic, distinkt och raffinerat \u2013 detta underbara ovala marmorbord, handgjort av m\u00e4starhantverkare med en speciell design, tillf\u00f6r en touch av elegans och en unik k\u00e4nsla av exklusivitet till vilket rum som helst.<\/p>\n<p data-start=\"426\" data-end=\"796\">Skapa en perfekt harmoni mellan funktionalitet, stil och minimalistisk design. Ut\u00f6ver sin sk\u00f6nhet \u00e4r detta sidobord i marmor oerh\u00f6rt praktiskt. Dess moderna och fr\u00e4scha linjer, tillsammans med dess idealiska h\u00f6jd, g\u00f6r det perfekt att placera bredvid en soffa eller f\u00e5t\u00f6lj, d\u00e4r det ger bekv\u00e4mlighet f\u00f6r drycker eller att njuta av en liten frukost p\u00e5 s\u00e4ngen en lat s\u00f6ndag.<\/p>\n<p data-start=\"798\" data-end=\"1093\">Det fungerar ocks\u00e5 som ett h\u00f6gt bord som framh\u00e4ver sk\u00f6nheten hos en v\u00e4xt eller en vas, och tillf\u00f6r en k\u00e4nsla av exklusivitet till vilken vr\u00e5 som helst. Varje detalj p\u00e5 detta hantverk speglar ett engagemang f\u00f6r kvalitet och design, vilket g\u00f6r det till en oumb\u00e4rlig del i inredningen av varje hem.<\/p>\n<p data-start=\"1095\" data-end=\"1373\">Med sin tidl\u00f6sa elegans och m\u00e5ngsidiga funktionalitet f\u00f6rh\u00f6jer detta marmorbord ditt utrymme och berikar din vardag med en touch av lyx och sofistikering. Finns i lyxig gr\u00e5 marmor med subtila m\u00f6rka \u00e5dringar, vilket ger en tidl\u00f6s karakt\u00e4r och estetisk tyngd till varje inredning.<\/p>\n<p data-start=\"1375\" data-end=\"1626\">Silver Grey Marmor &#8211; En mycket speciell typ av marmor med en gr\u00e5 bakgrund och ett charmigt spel av vita ljusstrimmor mellan m\u00f6rkgr\u00e5 och svarta \u00e5dror. Den unika f\u00e4rgvariationen, fr\u00e5n ljusgr\u00e5 till beige, skapar en imponerande kontrast mot bakgrunden.<\/p>\n<p>&nbsp;<\/p>\n<p>L\u00e6r mere om vores kollektion af marmor og onyx via dette link: <a href=\"https:\/\/forzini.com\/sv\/material\/\" target=\"_blank\" rel=\"noopener\">Materialer<\/a><\/p>\n<h3><strong>Viktiga egenskaper:<\/strong><\/h3>\n<ul>\n<li>\n<h3><strong>Montering:<\/strong> Kr\u00e4vs inte<\/h3>\n<\/li>\n<li>\n<h3><strong>Stenfinish:<\/strong> Polerad<\/h3>\n<\/li>\n<li>\n<h3><strong>Benfinish:<\/strong> Rostfritt st\u00e5l i silverf\u00e4rg<\/h3>\n<\/li>\n<li>\n<h3><strong>Vikt:<\/strong> 8 kg<\/h3>\n<\/li>\n<\/ul>\n","protected":false},"excerpt":{"rendered":"<h1>Gr\u00e5tt Ovalt Marmor Soffbord<\/h1>\n<p data-start=\"153\" data-end=\"401\">Den \u00e4r b\u00e5de funktionell och hemtrevlig, vilket g\u00f6r den till ett charmigt tillskott i vilket hem som helst. Det h\u00e4r eleganta ovala sidobordet i sten kan placeras vid soffan och fungerar perfekt som ett litet bord f\u00f6r servering av kaffe eller te.<\/p>\n<p data-start=\"403\" data-end=\"690\">Dess stilrena design och kompakta storlek g\u00f6r den idealisk f\u00f6r att skapa en bekv\u00e4m och stilfull plats d\u00e4r du kan njuta av dina favoritdrycker. Den sl\u00e4ta marmorytan ger en lyxig k\u00e4nsla, medan den robusta konstruktionen s\u00e4kerst\u00e4ller att bordet klarar av daglig anv\u00e4ndning utan problem.<\/p>\n<p data-start=\"692\" data-end=\"858\">Oavsett om du har g\u00e4ster eller njuter av en lugn stund f\u00f6r dig sj\u00e4lv, f\u00f6rh\u00f6jer det h\u00e4r lilla marmorbordet din vardagsmilj\u00f6 med b\u00e5de praktisk funktion och elegans.<\/p>\n<h2 data-start=\"860\" data-end=\"906\"><strong data-start=\"860\" data-end=\"906\">M\u00e5tt: L\u00e4ngd 38 cm, Bredd 28 cm, H\u00f6jd 60 cm<\/strong><\/h2>\n","protected":false},"featured_media":16471,"comment_status":"closed","ping_status":"closed","template":"","meta":{"_acf_changed":false,"_joinchat":[]},"product_brand":[],"product_cat":[315,362],"product_tag":[321],"class_list":{"0":"post-16485","1":"product","2":"type-product","3":"status-publish","4":"has-post-thumbnail","6":"product_cat-bord-sv","7":"product_cat-soffbord-i-marmor","8":"product_tag-marmor-sv","10":"first","11":"instock","12":"sale","13":"featured","14":"shipping-taxable","15":"purchasable","16":"product-type-simple"},"acf":[],"_links":{"self":[{"href":"https:\/\/forzini.com\/sv\/wp-json\/wp\/v2\/product\/16485","targetHints":{"allow":["GET"]}}],"collection":[{"href":"https:\/\/forzini.com\/sv\/wp-json\/wp\/v2\/product"}],"about":[{"href":"https:\/\/forzini.com\/sv\/wp-json\/wp\/v2\/types\/product"}],"replies":[{"embeddable":true,"href":"https:\/\/forzini.com\/sv\/wp-json\/wp\/v2\/comments?post=16485"}],"version-history":[{"count":0,"href":"https:\/\/forzini.com\/sv\/wp-json\/wp\/v2\/product\/16485\/revisions"}],"wp:featuredmedia":[{"embeddable":true,"href":"https:\/\/forzini.com\/sv\/wp-json\/wp\/v2\/media\/16471"}],"wp:attachment":[{"href":"https:\/\/forzini.com\/sv\/wp-json\/wp\/v2\/media?parent=16485"}],"wp:term":[{"taxonomy":"product_brand","embeddable":true,"href":"https:\/\/forzini.com\/sv\/wp-json\/wp\/v2\/product_brand?post=16485"},{"taxonomy":"product_cat","embeddable":true,"href":"https:\/\/forzini.com\/sv\/wp-json\/wp\/v2\/product_cat?post=16485"},{"taxonomy":"product_tag","embeddable":true,"href":"https:\/\/forzini.com\/sv\/wp-json\/wp\/v2\/product_tag?post=16485"}],"curies":[{"name":"wp","href":"https:\/\/api.w.org\/{rel}","templated":true}]}}