{"id":16455,"date":"2024-06-28T12:20:29","date_gmt":"2024-06-28T10:20:29","guid":{"rendered":"https:\/\/forzini.com\/producto\/mesa-de-noche-de-marmol-iris\/"},"modified":"2025-09-20T16:03:00","modified_gmt":"2025-09-20T14:03:00","slug":"soffbord-med-stenskiva","status":"publish","type":"product","link":"https:\/\/forzini.com\/sv\/producto\/soffbord-med-stenskiva\/","title":{"rendered":"Soffbord med brun stenskiva och C-format"},"content":{"rendered":"<h2>Soffbord med brun stenskiva och C-format &#8221;Iris&#8221;<\/h2>\n<p>Den uts\u00f6kta finessen hos detta soffbord med stenskiva och C-format underrede visar sig i dess unika design, som tillf\u00f6r ett elegant inslag till din heminredning. Med sin stilrena fyrkantiga form \u00e4r bordet tillverkat med enast\u00e5ende precision, d\u00e4r marmorskivor valts ut noggrant f\u00f6r sina exceptionella egenskaper. Varje bord \u00e4r unikt med sina mjuka och naturliga \u00e5dringar, vilket ger en organisk sk\u00f6nhet och individuell karakt\u00e4r till vardagsrummet eller andra utrymmen.<\/p>\n<p>Detta soffbord med stenskiva \u00e4r inte bara ett funktionellt inslag \u2013 det \u00e4r ett stiluttryck i sig sj\u00e4lvt. Dess n\u00e4rvaro utstr\u00e5lar sofistikering och elegans, vilket g\u00f6r det till ett f\u00e4ngslande tillskott i varje stilfullt hem. Oavsett om det anv\u00e4nds f\u00f6r att lyfta inredningen i sovrummet eller som ett blickf\u00e5ng i vardagsrummet, tillf\u00f6r detta soffbord med brun stenskiva och C-format underrede en tidl\u00f6s elegans och en k\u00e4nsla av lyx till din milj\u00f6. Det \u00e4r en oumb\u00e4rlig m\u00f6bel f\u00f6r dem som vill f\u00f6rena funktion med uts\u00f6kt design och berika sitt hem med en touch av distinktion och f\u00f6rfining.<\/p>\n<p>Oceanic Mystery Marmor Oceanic Mystery \u00e4r en av de mest imponerande marmorsorterna i v\u00e5r kollektion. Denna sten visar upp en f\u00e4rgpalett som str\u00e4cker sig fr\u00e5n jordgr\u00e5tt till ljusbrunt, mot en bakgrund av vita \u00e5dringar och m\u00f6rka skuggor. Dess unika m\u00f6nster liknar en samling sm\u00e5stenar i varierande storlekar<\/p>\n<p>L\u00e6r mere om vores kollektion af marmor og onyx via dette link: <a href=\"https:\/\/forzini.com\/sv\/material\/\" target=\"_blank\" rel=\"noopener\">Materialer<\/a><\/p>\n<h3><strong>Viktiga egenskaper:<\/strong><\/h3>\n<ul>\n<li>\n<h3><strong>Montering:<\/strong> Kr\u00e4vs inte<\/h3>\n<\/li>\n<li>\n<h3><strong>Stenfinish:<\/strong> Polerad<\/h3>\n<\/li>\n<li>\n<h3><strong>Benfinish:<\/strong> Rostfritt st\u00e5l i silverf\u00e4rg<\/h3>\n<\/li>\n<li>\n<h3><strong>Vikt:<\/strong> 18 kg<\/h3>\n<\/li>\n<\/ul>\n","protected":false},"excerpt":{"rendered":"<h1>Soffbord med stenskiva<\/h1>\n<p>Med sin eleganta fyrkantiga bordsskiva \u00e4r detta bord ett blickf\u00e5ng i varje rum. Det dekorativa och stilrena designen ger en modern och ren estetik som passar utm\u00e4rkt till olika inredningsstilar. Marmorytan, med sina naturliga \u00e5dringar och lyxiga textur, skapar ett visuellt uttryck som tillf\u00f6r djup och karakt\u00e4r till ditt hem.<\/p>\n<h2><strong>M\u00e5tt:<\/strong> Bredd 40 cm \u00b7 L\u00e4ngd 40 cm \u00b7 H\u00f6jd 52 cm<\/h2>\n","protected":false},"featured_media":16446,"comment_status":"closed","ping_status":"closed","template":"","meta":{"_acf_changed":false,"_joinchat":[]},"product_brand":[],"product_cat":[315,362],"product_tag":[321],"class_list":{"0":"post-16455","1":"product","2":"type-product","3":"status-publish","4":"has-post-thumbnail","6":"product_cat-bord-sv","7":"product_cat-soffbord-i-marmor","8":"product_tag-marmor-sv","10":"first","11":"instock","12":"sale","13":"featured","14":"shipping-taxable","15":"purchasable","16":"product-type-simple"},"acf":[],"_links":{"self":[{"href":"https:\/\/forzini.com\/sv\/wp-json\/wp\/v2\/product\/16455","targetHints":{"allow":["GET"]}}],"collection":[{"href":"https:\/\/forzini.com\/sv\/wp-json\/wp\/v2\/product"}],"about":[{"href":"https:\/\/forzini.com\/sv\/wp-json\/wp\/v2\/types\/product"}],"replies":[{"embeddable":true,"href":"https:\/\/forzini.com\/sv\/wp-json\/wp\/v2\/comments?post=16455"}],"version-history":[{"count":0,"href":"https:\/\/forzini.com\/sv\/wp-json\/wp\/v2\/product\/16455\/revisions"}],"wp:featuredmedia":[{"embeddable":true,"href":"https:\/\/forzini.com\/sv\/wp-json\/wp\/v2\/media\/16446"}],"wp:attachment":[{"href":"https:\/\/forzini.com\/sv\/wp-json\/wp\/v2\/media?parent=16455"}],"wp:term":[{"taxonomy":"product_brand","embeddable":true,"href":"https:\/\/forzini.com\/sv\/wp-json\/wp\/v2\/product_brand?post=16455"},{"taxonomy":"product_cat","embeddable":true,"href":"https:\/\/forzini.com\/sv\/wp-json\/wp\/v2\/product_cat?post=16455"},{"taxonomy":"product_tag","embeddable":true,"href":"https:\/\/forzini.com\/sv\/wp-json\/wp\/v2\/product_tag?post=16455"}],"curies":[{"name":"wp","href":"https:\/\/api.w.org\/{rel}","templated":true}]}}