{"id":16431,"date":"2024-06-28T12:56:07","date_gmt":"2024-06-28T10:56:07","guid":{"rendered":"https:\/\/forzini.com\/producto\/mesa-de-centro-ovalada-de-marmol-scotus\/"},"modified":"2025-09-20T10:09:18","modified_gmt":"2025-09-20T08:09:18","slug":"brun-marmor-soffbord","status":"publish","type":"product","link":"https:\/\/forzini.com\/sv\/producto\/brun-marmor-soffbord\/","title":{"rendered":"Brun marmor soffbord med natursten"},"content":{"rendered":"<h2>Brun marmor soffbord med natursten &#8221;Scotus&#8221;<\/h2>\n<p>Med sin oregelbundna form och handgjorda utf\u00f6rande \u00e4r brun marmor soffbord ett fascinerande konstverk. F\u00f6rest\u00e4ll dig ett m\u00f6belstycke som inte bara pryder ditt hem, utan ocks\u00e5 ber\u00e4ttar en tusen\u00e5rig historia. Detta marmorbord, med sin organiska form och hantverksm\u00e4ssiga precision, \u00e4r ett m\u00e4sterverk inom nordisk design som f\u00e5ngar naturens essens i varje detalj. Utskuret f\u00f6r hand ur ett massivt block av brun marmor \u00e4r bordet en unik juvel. Den polerade ytan framh\u00e4ver marmorns naturliga \u00e5dring, medan de tjocka, r\u00e5a kanterna ger en rustik och autentisk k\u00e4nsla.<\/p>\n<p>Det som verkligen s\u00e4rskiljer detta bord \u00e4r den exceptionella marmorn det \u00e4r tillverkat av. Inb\u00e4ddad med tusen\u00e5riga sn\u00e4ckskal f\u00f6rvandlas denna s\u00e4llsynta sten till en ber\u00e4ttelse fr\u00e5n havets djup, d\u00e4r varje skal viskar om ur\u00e5ldrig visdom. Bordets ovanliga tjocklek och dj\u00e4rva design ger det ett modernt och kraftfullt uttryck, vilket g\u00f6r det till rummets sj\u00e4lvklara mittpunkt. Dess n\u00e4rvaro i ditt hem tillf\u00f6r inte bara elegans och sofistikation, utan v\u00e4cker ocks\u00e5 en djup k\u00e4nsla av samh\u00f6righet med naturen och tidens g\u00e5ng. Varje g\u00e5ng du betraktar det, p\u00e5minns du om den sk\u00f6nhet och historia som g\u00f6mmer sig i havets djup.<\/p>\n<p>Oceanic Mystery Marmor \u2013 en av de mest imponerande marmorsorterna i v\u00e5r kollektion. Denna sten visar upp en f\u00e4rgpalett som str\u00e4cker sig fr\u00e5n jordgr\u00e5tt till blekbrunt, mot en bakgrund av vita \u00e5dror och m\u00f6rka skuggor. Dess unika m\u00f6nster p\u00e5minner om en samling sm\u00e5sten i varierande storlekar.<\/p>\n<p>V\u00e5r fantastiska och ovanliga Oceanic Mystery Marmor \u00e4r ett vittnesm\u00e5l om jordens marina historia \u2013 en s\u00e4llsynt och v\u00e4rdefull sten som b\u00e4r p\u00e5 havets djupa essens. Dess s\u00e4rpr\u00e4gel ligger i den extraordin\u00e4ra bevaringen av fossila sn\u00e4ckor och musslor, intrikat inb\u00e4ddade i stenen under miljontals \u00e5r. Dessa naturliga reliker, frusna i tiden, ger en inblick i en svunnen era och f\u00f6rvandlar varje skiva av Oceanic Mystery Marmor till ett stycke av planetens oceaniska arv.<\/p>\n<p>Stenens s\u00e4llsynthet beror p\u00e5 de specifika f\u00f6rh\u00e5llanden som kr\u00e4vs f\u00f6r dess bildning. F\u00f6rekomsten av s\u00e5 v\u00e4lbevarade fossiler i marmorn \u00e4r mycket ovanlig och kr\u00e4ver en perfekt kombination av biologiska och geologiska faktorer. D\u00e4rf\u00f6r \u00e4r Oceanic Mystery Marmor inte bara ett naturens underverk, utan ocks\u00e5 en samlarjuvel \u2013 eftertraktad f\u00f6r sin historiska betydelse och den unika ber\u00e4ttelse den f\u00f6rmedlar.<\/p>\n<p>&nbsp;<\/p>\n<p>L\u00e6r mere om vores kollektion af marmor og onyx via dette link: <a href=\"https:\/\/forzini.com\/sv\/material\/\" target=\"_blank\" rel=\"noopener\">Materialer<\/a><\/p>\n<h3><strong>Framst\u00e5ende egenskaper:<\/strong><\/h3>\n<h3>Montering: Kr\u00e4ver ingen montering<\/h3>\n<h3>Stenfinish: Polerad<\/h3>\n<h3>Benfinish: Rostfritt st\u00e5l, brun<\/h3>\n<h3>Vikt: 25 kg<\/h3>\n","protected":false},"excerpt":{"rendered":"<h1>Brun marmor soffbord<\/h1>\n<p>\u00e4r en spektakul\u00e4r fusion mellan design och konst. Med sin oregelbundna form och handgjord fr\u00e5n ett massivt block av brun marmor, utstr\u00e5lar detta nordiskt inspirerade stenbord en o\u00f6vertr\u00e4ffad charm. De tjocka, opolerade kanterna i kontrast till den magnifika och s\u00e4llsynta marmorn ger bordet en rustik k\u00e4nsla och en distinkt, autentisk estetik. Denna unika kombination av raffinerade och r\u00e5a element g\u00f6r bordet till en ikonisk m\u00f6bel som tillf\u00f6r lyx och sofistikation till varje rum.<\/p>\n<h2><strong>M\u00e5tt:<\/strong> Bredd 50 cm, L\u00e4ngd 60 cm, H\u00f6jd 50 cm<\/h2>\n<p>&nbsp;<\/p>\n","protected":false},"featured_media":16418,"comment_status":"closed","ping_status":"closed","template":"","meta":{"_acf_changed":false,"_joinchat":[]},"product_brand":[],"product_cat":[315,362],"product_tag":[321],"class_list":{"0":"post-16431","1":"product","2":"type-product","3":"status-publish","4":"has-post-thumbnail","6":"product_cat-bord-sv","7":"product_cat-soffbord-i-marmor","8":"product_tag-marmor-sv","10":"first","11":"instock","12":"sale","13":"featured","14":"shipping-taxable","15":"purchasable","16":"product-type-simple"},"acf":[],"_links":{"self":[{"href":"https:\/\/forzini.com\/sv\/wp-json\/wp\/v2\/product\/16431","targetHints":{"allow":["GET"]}}],"collection":[{"href":"https:\/\/forzini.com\/sv\/wp-json\/wp\/v2\/product"}],"about":[{"href":"https:\/\/forzini.com\/sv\/wp-json\/wp\/v2\/types\/product"}],"replies":[{"embeddable":true,"href":"https:\/\/forzini.com\/sv\/wp-json\/wp\/v2\/comments?post=16431"}],"version-history":[{"count":0,"href":"https:\/\/forzini.com\/sv\/wp-json\/wp\/v2\/product\/16431\/revisions"}],"wp:featuredmedia":[{"embeddable":true,"href":"https:\/\/forzini.com\/sv\/wp-json\/wp\/v2\/media\/16418"}],"wp:attachment":[{"href":"https:\/\/forzini.com\/sv\/wp-json\/wp\/v2\/media?parent=16431"}],"wp:term":[{"taxonomy":"product_brand","embeddable":true,"href":"https:\/\/forzini.com\/sv\/wp-json\/wp\/v2\/product_brand?post=16431"},{"taxonomy":"product_cat","embeddable":true,"href":"https:\/\/forzini.com\/sv\/wp-json\/wp\/v2\/product_cat?post=16431"},{"taxonomy":"product_tag","embeddable":true,"href":"https:\/\/forzini.com\/sv\/wp-json\/wp\/v2\/product_tag?post=16431"}],"curies":[{"name":"wp","href":"https:\/\/api.w.org\/{rel}","templated":true}]}}