{"id":16399,"date":"2024-07-03T11:19:56","date_gmt":"2024-07-03T09:19:56","guid":{"rendered":"https:\/\/forzini.com\/producto\/mesa-auxiliar-de-onix-mercury\/"},"modified":"2025-09-20T09:17:41","modified_gmt":"2025-09-20T07:17:41","slug":"runt-marmor-soffbord","status":"publish","type":"product","link":"https:\/\/forzini.com\/sv\/producto\/runt-marmor-soffbord\/","title":{"rendered":"Runt marmor soffbord i onyx och marmor"},"content":{"rendered":"<h2>Runt marmor soffbord i onyx och marmor &#8221;Mercury&#8221;<\/h2>\n<p>Varje del av detta <strong>runt marmor soffbord i onyx och marmor<\/strong> \u00e4r noggrant handgjord av h\u00f6gt kvalificerade hantverksm\u00e4stare. Med sin runda form som framkallar perfektion, f\u00f6renar detta bord den sensationella ljusgr\u00f6na onyxf\u00e4rgen med den djupa svarta marmorn och skapar ett skulpturalt konstverk som tillf\u00f6r sofistikering och tidl\u00f6s elegans till varje inomhusmilj\u00f6. Onyxens naturliga sk\u00f6nhet breder ut sig \u00f6ver varje yta och visar upp unika m\u00f6nster och livfulla f\u00e4rger som f\u00e5ngar naturens essens. Tack vare onyxens naturliga transparens till\u00e5ter basen en intern belysning som skapar ett mjukt sken och tillf\u00f6r v\u00e4rme och raffinerad st\u00e4mning till rummet.<\/p>\n<p>M\u00e5ngsidigt och samtida \u2013 detta runt marmor soffbord fungerar inte bara som ett sidobord, utan kan \u00e4ven anv\u00e4ndas som soffbord, nattduksbord eller podium f\u00f6r att visa upp en vas, en byst eller en lampa, och f\u00f6rh\u00f6jer atmosf\u00e4ren med en o\u00f6vertr\u00e4ffad elegans. Varje bord \u00e4r ett uttryck f\u00f6r stil och god smak \u2013 perfekt f\u00f6r den som vill l\u00e4gga till en lyxig touch i sitt hem.<\/p>\n<p>Visste du att v\u00e5r onyx har en fascinerande genomskinlighet som har f\u00e4ngslat b\u00e5de hantverkare och beundrare? Dess f\u00f6rm\u00e5ga att sprida ljus, snarare \u00e4n att reflektera det, ger onyxen en n\u00e4stan mystisk kvalitet. Ljuset som filtreras genom dess brokiga lager mjukas upp och skapar ett varmt och inbjudande sken som kan f\u00f6rvandla vilket rum som helst till en plats f\u00f6r sk\u00f6nhet och eftertanke.<\/p>\n<p>Denna genomskinlighet \u00e4r en metafor f\u00f6r djup och komplexitet. Precis som ljuset avsl\u00f6jar onyxens dolda nyanser, uppmanar stenen oss att se bortom ytan \u2013 till den subtila interaktionen mellan f\u00e4rg och form som g\u00f6mmer sig inuti. I en v\u00e4rld som ofta v\u00e4rdes\u00e4tter det omedelbara och uppenbara, p\u00e5minner onyxens genomskinlighet oss om den sk\u00f6nhet som finns i det stillsamma, det diskreta och det djupa. Det \u00e4r denna egenskap som g\u00f6r onyx till mer \u00e4n bara ett material \u2013 det \u00e4r ett medium genom vilket naturen visar oss sina mest f\u00f6rtrollande hemligheter.<\/p>\n<p>&nbsp;<\/p>\n<p>L\u00e6r mere om vores kollektion af marmor og onyx via dette link: <a href=\"https:\/\/forzini.com\/sv\/material\/\" target=\"_blank\" rel=\"noopener\">Materialer<\/a><\/p>\n<h3 data-start=\"40\" data-end=\"67\"><strong data-start=\"40\" data-end=\"65\">Framh\u00e4vda egenskaper:<\/strong><\/h3>\n<ul data-start=\"69\" data-end=\"144\" data-is-last-node=\"\" data-is-only-node=\"\">\n<li data-start=\"69\" data-end=\"106\">\n<h3 data-start=\"71\" data-end=\"106\">Montering: Kr\u00e4ver ingen montering<\/h3>\n<\/li>\n<li data-start=\"107\" data-end=\"130\">\n<h3 data-start=\"109\" data-end=\"130\">Stenfinish: Polerad<\/h3>\n<\/li>\n<li data-start=\"131\" data-end=\"144\" data-is-last-node=\"\">\n<h3 data-start=\"133\" data-end=\"144\">Vikt: 71 kg<\/h3>\n<\/li>\n<\/ul>\n","protected":false},"excerpt":{"rendered":"<h1>Runt marmor soffbord<\/h1>\n<p>Detta \u00e4r inte bara ett distinkt dekorativt element, utan ocks\u00e5 en ovanligt m\u00e5ngsidig m\u00f6bel. Perfekt som ett sofistikerat nattduksbord i marmor, men fungerar \u00e4ven utm\u00e4rkt som en bekv\u00e4m extra sittplats. Den anpassar sig enkelt till alla utrymmen i ditt hem.<\/p>\n<h2><strong>M\u00e5tt:<\/strong> Diameter 38 cm, H\u00f6jd 52 cm<\/h2>\n","protected":false},"featured_media":16390,"comment_status":"closed","ping_status":"closed","template":"","meta":{"_acf_changed":false,"_joinchat":[]},"product_brand":[],"product_cat":[315],"product_tag":[321,324],"class_list":{"0":"post-16399","1":"product","2":"type-product","3":"status-publish","4":"has-post-thumbnail","6":"product_cat-bord-sv","7":"product_tag-marmor-sv","8":"product_tag-onyx-sv","10":"first","11":"instock","12":"sale","13":"shipping-taxable","14":"purchasable","15":"product-type-simple"},"acf":[],"_links":{"self":[{"href":"https:\/\/forzini.com\/sv\/wp-json\/wp\/v2\/product\/16399","targetHints":{"allow":["GET"]}}],"collection":[{"href":"https:\/\/forzini.com\/sv\/wp-json\/wp\/v2\/product"}],"about":[{"href":"https:\/\/forzini.com\/sv\/wp-json\/wp\/v2\/types\/product"}],"replies":[{"embeddable":true,"href":"https:\/\/forzini.com\/sv\/wp-json\/wp\/v2\/comments?post=16399"}],"version-history":[{"count":0,"href":"https:\/\/forzini.com\/sv\/wp-json\/wp\/v2\/product\/16399\/revisions"}],"wp:featuredmedia":[{"embeddable":true,"href":"https:\/\/forzini.com\/sv\/wp-json\/wp\/v2\/media\/16390"}],"wp:attachment":[{"href":"https:\/\/forzini.com\/sv\/wp-json\/wp\/v2\/media?parent=16399"}],"wp:term":[{"taxonomy":"product_brand","embeddable":true,"href":"https:\/\/forzini.com\/sv\/wp-json\/wp\/v2\/product_brand?post=16399"},{"taxonomy":"product_cat","embeddable":true,"href":"https:\/\/forzini.com\/sv\/wp-json\/wp\/v2\/product_cat?post=16399"},{"taxonomy":"product_tag","embeddable":true,"href":"https:\/\/forzini.com\/sv\/wp-json\/wp\/v2\/product_tag?post=16399"}],"curies":[{"name":"wp","href":"https:\/\/api.w.org\/{rel}","templated":true}]}}