{"id":16349,"date":"2024-04-05T11:00:29","date_gmt":"2024-04-05T09:00:29","guid":{"rendered":"https:\/\/forzini.com\/producto\/mesa-auxiliar-en-marmol-corus\/"},"modified":"2025-09-19T20:13:16","modified_gmt":"2025-09-19T18:13:16","slug":"konsolbord-marmor-hogt","status":"publish","type":"product","link":"https:\/\/forzini.com\/sv\/producto\/konsolbord-marmor-hogt\/","title":{"rendered":"Konsolbord i marmor \u2013 h\u00f6g modell med lyxig k\u00e4nsla"},"content":{"rendered":"<h2>Konsolbord i marmor \u2013 h\u00f6g modell med lyxig k\u00e4nsla &#8221;Corus&#8221;<\/h2>\n<p>Originaliteten i detta konsolbord i marmor framtr\u00e4der som ett skulpturalt m\u00e4sterverk. Det dekorativa bordet i natursten, med sin f\u00e4ngslande triangul\u00e4ra form, vilar p\u00e5 ett elegant st\u00e5lstativ. Denna m\u00f6bel \u00e4r inte bara m\u00e5ngsidig, utan ocks\u00e5 sl\u00e5ende \u2013 den tillf\u00f6r ett sofistikerat uttryck till varje rum och v\u00e4cker beundran med sin innovativa design.<\/p>\n<p>Tillverkat med konstn\u00e4rlig precision i exklusiv gr\u00e5 marmor, utvald f\u00f6r sina subtila gr\u00e5 skuggor som l\u00f6per \u00f6ver ytan, utm\u00e4rker sig bordet genom sin unika sk\u00f6nhet. Den trapetsformade silhuetten m\u00f6jligg\u00f6r konstn\u00e4rliga kompositioner \u2013 antingen genom att gruppera flera bord till geometriska figurer eller anv\u00e4nda det som en solit\u00e4r m\u00f6bel som st\u00e5r ut p\u00e5 egen hand. Oavsett om det fungerar som ett blickf\u00e5ng eller ett kompletterande inslag, h\u00f6jer detta marmorbord hemmets estetik med sin distinkta stil.<\/p>\n<p>Silver Grey Marmor \u2013 en mycket speciell marmortyp med gr\u00e5 bakgrund och ett f\u00f6rtrollande spel av vita ljusreflexer mellan m\u00f6rkgr\u00e5 \u00e5dringar. Denna unika f\u00e4rgvariation, som str\u00e4cker sig fr\u00e5n ljusgr\u00e5tt till beige, skapar en imponerande kontrast mot bakgrunden.<\/p>\n<p>Visste du att v\u00e5r Silver Grey Marmor \u00e4r en verklig skatt bland naturstenar, och att dess s\u00e4llsynthet speglar de unika geologiska f\u00f6rh\u00e5llanden som kr\u00e4vs f\u00f6r dess bildning? Den uppst\u00e5r genom metamorfos av kalksten eller dolomit under intensiv v\u00e4rme och tryck \u2013 en process som omkristalliserar karbonatmineralerna till en t\u00e4t och sammanfl\u00e4tad struktur. Denna omvandling sker djupt nere i jordskorpan, d\u00e4r temperaturerna kan n\u00e5 upp till 800\u202f\u00b0C och trycket 1,5\u20132,5\u202fGPa.<\/p>\n<p>Denna marmors s\u00e4llsynthet beror p\u00e5 den precisa samverkan mellan naturliga element och mineraler, vilket resulterar i dess f\u00e4ngslande gr\u00e5 bakgrund och det spektakul\u00e4ra spelet av vita och m\u00f6rkgr\u00e5 \u00e5dringar. F\u00e4rgpaletten \u2013 fr\u00e5n ljusgr\u00e5tt till beige \u2013 skapar en visuell kontrast som \u00e4r b\u00e5de i\u00f6gonfallande och elegant.<\/p>\n<p>L\u00e6r mere om vores kollektion af marmor og onyx via dette link: <a href=\"https:\/\/forzini.com\/sv\/material\/\" target=\"_blank\" rel=\"noopener\">Materialer<\/a><\/p>\n<h3><strong>Viktiga egenskaper:<\/strong><\/h3>\n<ul>\n<li>\n<h3>Montering: Kr\u00e4ver ingen montering<\/h3>\n<\/li>\n<li>\n<h3>Stenfinish: Polerad<\/h3>\n<\/li>\n<li>\n<h3>Benfinish: Rostfritt st\u00e5l, svart ram<\/h3>\n<\/li>\n<li>\n<h3>Vikt: 18 kg<\/h3>\n<\/li>\n<\/ul>\n","protected":false},"excerpt":{"rendered":"<h1>Konsolbord i marmor<\/h1>\n<p>Med sin trapetsformade silhuett och ram i st\u00e5l \u00e4r detta bord sj\u00e4lva definitionen av kreativitet och minimalism. Dess design \u00e4r idealisk f\u00f6r att lyfta fram hemmets stil \u2013 antingen som en harmonisk del av en f\u00e4rgkomposition eller som en i\u00f6gonfallande accent som f\u00e5ngar allas uppm\u00e4rksamhet. Originellt och bekv\u00e4mt, tillverkat av den mest uts\u00f6kta marmorn, tillf\u00f6r det en k\u00e4nsla av elegans och sofistikation. Den polerade ytan reflekterar ljuset p\u00e5 ett subtilt s\u00e4tt, medan den solida konstruktionen garanterar h\u00e5llbarhet och stabilitet. Det \u00e4r ett m\u00f6belstycke som f\u00f6renar funktion med estetik \u2013 perfekt f\u00f6r den som s\u00f6ker en unik inredningsdetalj som talar f\u00f6r sig sj\u00e4lv.<\/p>\n<h2><strong>M\u00e5tt:<\/strong> L\u00e4ngd 35 cm, Bredd 35 cm, H\u00f6jd 62 cm<\/h2>\n<p>&nbsp;<\/p>\n","protected":false},"featured_media":16337,"comment_status":"closed","ping_status":"closed","template":"","meta":{"_acf_changed":false,"_joinchat":[]},"product_brand":[],"product_cat":[315,362],"product_tag":[321],"class_list":{"0":"post-16349","1":"product","2":"type-product","3":"status-publish","4":"has-post-thumbnail","6":"product_cat-bord-sv","7":"product_cat-soffbord-i-marmor","8":"product_tag-marmor-sv","10":"first","11":"instock","12":"sale","13":"shipping-taxable","14":"purchasable","15":"product-type-simple"},"acf":[],"_links":{"self":[{"href":"https:\/\/forzini.com\/sv\/wp-json\/wp\/v2\/product\/16349","targetHints":{"allow":["GET"]}}],"collection":[{"href":"https:\/\/forzini.com\/sv\/wp-json\/wp\/v2\/product"}],"about":[{"href":"https:\/\/forzini.com\/sv\/wp-json\/wp\/v2\/types\/product"}],"replies":[{"embeddable":true,"href":"https:\/\/forzini.com\/sv\/wp-json\/wp\/v2\/comments?post=16349"}],"version-history":[{"count":0,"href":"https:\/\/forzini.com\/sv\/wp-json\/wp\/v2\/product\/16349\/revisions"}],"wp:featuredmedia":[{"embeddable":true,"href":"https:\/\/forzini.com\/sv\/wp-json\/wp\/v2\/media\/16337"}],"wp:attachment":[{"href":"https:\/\/forzini.com\/sv\/wp-json\/wp\/v2\/media?parent=16349"}],"wp:term":[{"taxonomy":"product_brand","embeddable":true,"href":"https:\/\/forzini.com\/sv\/wp-json\/wp\/v2\/product_brand?post=16349"},{"taxonomy":"product_cat","embeddable":true,"href":"https:\/\/forzini.com\/sv\/wp-json\/wp\/v2\/product_cat?post=16349"},{"taxonomy":"product_tag","embeddable":true,"href":"https:\/\/forzini.com\/sv\/wp-json\/wp\/v2\/product_tag?post=16349"}],"curies":[{"name":"wp","href":"https:\/\/api.w.org\/{rel}","templated":true}]}}