{"id":16323,"date":"2024-07-03T09:41:48","date_gmt":"2024-07-03T07:41:48","guid":{"rendered":"https:\/\/forzini.com\/producto\/mesa-auxiliar-pequena\/"},"modified":"2026-02-21T09:00:22","modified_gmt":"2026-02-21T08:00:22","slug":"soffbord-i-sten-onyx-kub","status":"publish","type":"product","link":"https:\/\/forzini.com\/sv\/producto\/soffbord-i-sten-onyx-kub\/","title":{"rendered":"Soffbord i sten \u2013 kub i gr\u00f6n onyx med exklusiv design"},"content":{"rendered":"<h2>Soffbord i sten \u2013 kub i gr\u00f6n onyx &#8221;Juventas&#8221;<\/h2>\n<p>Ren minimalistisk stil \u2013 detta soffbord i sten av gr\u00f6n onyx \u00e4r ett skulpturalt m\u00e4sterverk som f\u00f6renar klassiska former med en modern touch. Designen utstr\u00e5lar lyx och enkelhet, och skapar en aura av elegans som lyfter varje inredning. Den kubformade strukturen och den ljusgr\u00f6na onyxens textur sm\u00e4lter samman till en funktionell m\u00f6bel och en symbol f\u00f6r sofistikation.<\/p>\n<p>Soffbordet i sten \u00e4r tillverkat av ljusgr\u00f6n onyx och \u00e4r ih\u00e5ligt undertill, vilket g\u00f6r det enkelt att bakgrundsbelysa och skapa en varm, inbjudande atmosf\u00e4r. Detta lilla sidobord blir snabbt rummets verkliga blickf\u00e5ng.<\/p>\n<p>Galaxy Green Onyx \u2013 en ljusgr\u00f6n bas vackert accentuerad av vita v\u00e5gor, blandade med bronsf\u00e4rgade \u00e5dringar i jordigt gyllenbrunt och r\u00f6daktiga toner. Denna exklusiva onyx bryts i mycket sm\u00e5 m\u00e4ngder och k\u00e4nnetecknas av sin h\u00f6ga transparens.<\/p>\n<p>L\u00e6r mere om vores kollektion af marmor og onyx via dette link: <a href=\"https:\/\/forzini.com\/sv\/material\/\" target=\"_blank\" rel=\"noopener\">Materialer<\/a><\/p>\n<h3 data-start=\"40\" data-end=\"67\"><strong data-start=\"40\" data-end=\"65\">Framh\u00e4vda egenskaper:<\/strong><\/h3>\n<ul data-start=\"69\" data-end=\"144\" data-is-last-node=\"\" data-is-only-node=\"\">\n<li data-start=\"69\" data-end=\"106\">\n<h3 data-start=\"71\" data-end=\"106\">Montering: Kr\u00e4ver ingen montering<\/h3>\n<\/li>\n<li data-start=\"107\" data-end=\"130\">\n<h3 data-start=\"109\" data-end=\"130\">Stenfinish: Polerad<\/h3>\n<\/li>\n<li data-start=\"131\" data-end=\"144\" data-is-last-node=\"\">\n<h3 data-start=\"133\" data-end=\"144\">Vikt: 35 kg<\/h3>\n<\/li>\n<\/ul>\n","protected":false},"excerpt":{"rendered":"<h1>Soffbord i sten \u2013 kub i gr\u00f6n onyx<\/h1>\n<p>Med en sober och raffinerad design hyllar detta kubformade sidobord funktionalitet med stil. Tillverkat i ljusgr\u00f6n onyx, utm\u00e4rker sig varje exemplar genom sina unika nyanser som framh\u00e4ver stenens naturliga estetik. Den geometriska formen m\u00f6jligg\u00f6r lek med olika f\u00e4rgkombinationer och tillf\u00f6r b\u00e5de karakt\u00e4r och harmoni till alla milj\u00f6er. Onyxen, noggrant utvald f\u00f6r sin renhet och visuella attraktionskraft, ger en k\u00e4nsla av lyx och elegans, och f\u00f6rvandlar denna kompakta m\u00f6bel till ett dekorativt inslag med stark visuell effekt.<\/p>\n<h2><strong>M\u00e5tt:<\/strong> Bredd 40 cm, l\u00e4ngd 40 cm, h\u00f6jd 45 cm<\/h2>\n","protected":false},"featured_media":16314,"comment_status":"closed","ping_status":"closed","template":"","meta":{"_acf_changed":false,"_joinchat":[]},"product_brand":[],"product_cat":[315,399],"product_tag":[324],"class_list":{"0":"post-16323","1":"product","2":"type-product","3":"status-publish","4":"has-post-thumbnail","6":"product_cat-bord-sv","7":"product_cat-sofabord-i-sten","8":"product_tag-onyx-sv","10":"first","11":"instock","12":"sale","13":"featured","14":"shipping-taxable","15":"purchasable","16":"product-type-simple"},"acf":[],"_links":{"self":[{"href":"https:\/\/forzini.com\/sv\/wp-json\/wp\/v2\/product\/16323","targetHints":{"allow":["GET"]}}],"collection":[{"href":"https:\/\/forzini.com\/sv\/wp-json\/wp\/v2\/product"}],"about":[{"href":"https:\/\/forzini.com\/sv\/wp-json\/wp\/v2\/types\/product"}],"replies":[{"embeddable":true,"href":"https:\/\/forzini.com\/sv\/wp-json\/wp\/v2\/comments?post=16323"}],"version-history":[{"count":0,"href":"https:\/\/forzini.com\/sv\/wp-json\/wp\/v2\/product\/16323\/revisions"}],"wp:featuredmedia":[{"embeddable":true,"href":"https:\/\/forzini.com\/sv\/wp-json\/wp\/v2\/media\/16314"}],"wp:attachment":[{"href":"https:\/\/forzini.com\/sv\/wp-json\/wp\/v2\/media?parent=16323"}],"wp:term":[{"taxonomy":"product_brand","embeddable":true,"href":"https:\/\/forzini.com\/sv\/wp-json\/wp\/v2\/product_brand?post=16323"},{"taxonomy":"product_cat","embeddable":true,"href":"https:\/\/forzini.com\/sv\/wp-json\/wp\/v2\/product_cat?post=16323"},{"taxonomy":"product_tag","embeddable":true,"href":"https:\/\/forzini.com\/sv\/wp-json\/wp\/v2\/product_tag?post=16323"}],"curies":[{"name":"wp","href":"https:\/\/api.w.org\/{rel}","templated":true}]}}