{"id":16296,"date":"2024-10-26T23:18:32","date_gmt":"2024-10-26T21:18:32","guid":{"rendered":"https:\/\/forzini.com\/producto\/mesa-en-forma-de-cubo\/"},"modified":"2026-02-21T09:00:22","modified_gmt":"2026-02-21T08:00:22","slug":"soffbord-gron-marmor-natursten","status":"publish","type":"product","link":"https:\/\/forzini.com\/sv\/producto\/soffbord-gron-marmor-natursten\/","title":{"rendered":"Soffbord gr\u00f6n marmor \u2013 exklusivt bord i natursten"},"content":{"rendered":"<h2>Soffbord gr\u00f6n marmor \u2013 exklusivt bord i natursten &#8221;Juventas G&#8221;<\/h2>\n<p>Minimalistiskt och elegant \u2013 detta soffbord i gr\u00f6n marmor onyx \u00e4r ett m\u00e4sterverk som f\u00f6renar klassiska former med en modern touch. Dess design speglar lyx och enkelhet och skapar en sofistikerad atmosf\u00e4r i vilken milj\u00f6 som helst. De rena linjerna och den rika texturen i den gr\u00f6na onyksen samverkar f\u00f6r att erbjuda en funktionell m\u00f6bel och en stilikon. Detta soffbord i gr\u00f6n marmor onyx \u00e4r tillverkat av \u00e4kta gr\u00f6n onyx med flera nyanser och toner, och dess enast\u00e5ende sk\u00f6nhet g\u00f6r det till rummets sj\u00e4lvklara mittpunkt.<\/p>\n<p>Amazonian Green Onyx: En m\u00e5ngfacetterad gr\u00f6n f\u00e4rg med en rik palett som str\u00e4cker sig fr\u00e5n livfulla gr\u00f6na till ljusa toner, kompletterade av \u00e5dror i brunt, choklad, guld och r\u00f6daktiga nyanser, som \u00e5terspeglar naturens rena konst.<\/p>\n<p>L\u00e6r mere om vores kollektion af marmor og onyx via dette link: <a href=\"https:\/\/forzini.com\/sv\/material\/\" target=\"_blank\" rel=\"noopener\">Materialer<\/a><\/p>\n<h3 data-start=\"40\" data-end=\"67\"><strong data-start=\"40\" data-end=\"65\">Framh\u00e4vda egenskaper:<\/strong><\/h3>\n<ul data-start=\"69\" data-end=\"144\" data-is-last-node=\"\" data-is-only-node=\"\">\n<li data-start=\"69\" data-end=\"106\">\n<h3 data-start=\"71\" data-end=\"106\">Montering: Kr\u00e4ver ingen montering<\/h3>\n<\/li>\n<li data-start=\"107\" data-end=\"130\">\n<h3 data-start=\"109\" data-end=\"130\">Stenfinish: Polerad<\/h3>\n<\/li>\n<li data-start=\"131\" data-end=\"144\" data-is-last-node=\"\">\n<h3 data-start=\"133\" data-end=\"144\">Vikt: 35 kg<\/h3>\n<\/li>\n<\/ul>\n","protected":false},"excerpt":{"rendered":"<h1>Soffbord gr\u00f6n marmor<\/h1>\n<p>Onyx med sin sofistikerade och moderna design passar perfekt in i alla milj\u00f6er. Den livfulla gr\u00f6na tonen i onyksen g\u00f6r att varje stycke hyllar stenens naturliga sk\u00f6nhet. Den bekv\u00e4ma och geometriska formen g\u00f6r det m\u00f6jligt att kombinera olika f\u00e4rger, vilket framh\u00e4ver hemmets lyx och stil. Den exklusiva onyksen, utvald f\u00f6r sin exceptionella kvalitet och sk\u00f6nhet, tillf\u00f6r en k\u00e4nsla av prakt och sofistikation och f\u00f6rvandlar detta lilla sidobord till rummets sj\u00e4lvklara blickf\u00e5ng.<\/p>\n<h2><strong>M\u00e5tt:<\/strong> Bredd 40 cm, l\u00e4ngd 40 cm, h\u00f6jd 45 cm<\/h2>\n<p>&nbsp;<\/p>\n","protected":false},"featured_media":16289,"comment_status":"closed","ping_status":"closed","template":"","meta":{"_acf_changed":false,"_joinchat":[]},"product_brand":[],"product_cat":[315,399],"product_tag":[324],"class_list":{"0":"post-16296","1":"product","2":"type-product","3":"status-publish","4":"has-post-thumbnail","6":"product_cat-bord-sv","7":"product_cat-sofabord-i-sten","8":"product_tag-onyx-sv","10":"first","11":"onbackorder","12":"sale","13":"featured","14":"shipping-taxable","15":"purchasable","16":"product-type-simple"},"acf":[],"_links":{"self":[{"href":"https:\/\/forzini.com\/sv\/wp-json\/wp\/v2\/product\/16296","targetHints":{"allow":["GET"]}}],"collection":[{"href":"https:\/\/forzini.com\/sv\/wp-json\/wp\/v2\/product"}],"about":[{"href":"https:\/\/forzini.com\/sv\/wp-json\/wp\/v2\/types\/product"}],"replies":[{"embeddable":true,"href":"https:\/\/forzini.com\/sv\/wp-json\/wp\/v2\/comments?post=16296"}],"version-history":[{"count":0,"href":"https:\/\/forzini.com\/sv\/wp-json\/wp\/v2\/product\/16296\/revisions"}],"wp:featuredmedia":[{"embeddable":true,"href":"https:\/\/forzini.com\/sv\/wp-json\/wp\/v2\/media\/16289"}],"wp:attachment":[{"href":"https:\/\/forzini.com\/sv\/wp-json\/wp\/v2\/media?parent=16296"}],"wp:term":[{"taxonomy":"product_brand","embeddable":true,"href":"https:\/\/forzini.com\/sv\/wp-json\/wp\/v2\/product_brand?post=16296"},{"taxonomy":"product_cat","embeddable":true,"href":"https:\/\/forzini.com\/sv\/wp-json\/wp\/v2\/product_cat?post=16296"},{"taxonomy":"product_tag","embeddable":true,"href":"https:\/\/forzini.com\/sv\/wp-json\/wp\/v2\/product_tag?post=16296"}],"curies":[{"name":"wp","href":"https:\/\/api.w.org\/{rel}","templated":true}]}}