{"id":16273,"date":"2024-10-27T00:36:37","date_gmt":"2024-10-26T22:36:37","guid":{"rendered":"https:\/\/forzini.com\/producto\/mesa-cubo-marmol\/"},"modified":"2025-09-18T22:14:36","modified_gmt":"2025-09-18T20:14:36","slug":"soffbord-sten-fyrkantigt","status":"publish","type":"product","link":"https:\/\/forzini.com\/sv\/producto\/soffbord-sten-fyrkantigt\/","title":{"rendered":"Fyrkantigt soffbord sten onyx vit"},"content":{"rendered":"<h2>Fyrkantigt soffbord sten onyx vit \u2013 lyxigt soffbord &#8221;Juventas W&#8221;<\/h2>\n<p>Detta fyrkantiga soffbord i vit onyx, omsorgsfullt handgjort, framst\u00e5r som en modern och lyxig m\u00f6bel med tidl\u00f6s design. Den minimalistiska strukturen framh\u00e4ver onyxens naturliga elegans \u2013 en halv\u00e4delsten av enast\u00e5ende sk\u00f6nhet som \u00e4ven uppskattas inom smyckestillverkning. Den genomskinliga ytan l\u00e5ter ljuset framh\u00e4va dess unika nyanser och \u00e5dringar, vilket ger varje rum en exklusiv och raffinerad k\u00e4nsla. Perfekt f\u00f6r att pryda vardagsrummet eller som nattduksbord, f\u00f6rvandlar denna ikoniska m\u00f6bel varje milj\u00f6 med sin sofistikerade och distinkta n\u00e4rvaro.<\/p>\n<p>Duna Golden Onyx\u2013 Den vita bakgrunden \u00e4r som en stilla duk, varsamt dekorerad med mjuka vita moln som sv\u00e4var graci\u00f6st \u00f6ver ytan. Kr\u00e4miga och gula skuggor samt \u00e5dror i gyllene, karamell-, bruna, konjaks- och r\u00f6daktiga toner. Denna speciella vita onyx \u00e4r ett s\u00e4llsynt fynd, tillg\u00e4nglig endast i sm\u00e5 m\u00e4ngder d\u00e5 den bryts fr\u00e5n en specifik plats.<\/p>\n<p>L\u00e6r mere om vores kollektion af marmor og onyx via dette link: <a href=\"https:\/\/forzini.com\/sv\/material\/\" target=\"_blank\" rel=\"noopener\">Materialer<\/a><\/p>\n<h3 data-start=\"40\" data-end=\"67\"><strong data-start=\"40\" data-end=\"65\">Framh\u00e4vda egenskaper:<\/strong><\/h3>\n<ul data-start=\"69\" data-end=\"144\" data-is-last-node=\"\" data-is-only-node=\"\">\n<li data-start=\"69\" data-end=\"106\">\n<h3 data-start=\"71\" data-end=\"106\">Montering: Kr\u00e4ver ingen montering<\/h3>\n<\/li>\n<li data-start=\"107\" data-end=\"130\">\n<h3 data-start=\"109\" data-end=\"130\">Stenfinish: Polerad<\/h3>\n<\/li>\n<li data-start=\"131\" data-end=\"144\" data-is-last-node=\"\">\n<h3 data-start=\"133\" data-end=\"144\">Vikt: 35 kg<\/h3>\n<\/li>\n<\/ul>\n","protected":false},"excerpt":{"rendered":"<h2>Fyrkantigt soffbord sten onyx vit<\/h2>\n<p>Handgjort med omsorgsfullt hantverk representerar det en perfekt fusion av modernitet och tidl\u00f6s lyx. Med en minimalistisk design som framh\u00e4ver renheten i dess linjer lyfter denna ikoniska m\u00f6bel fram den inneboende sk\u00f6nheten hos onyx \u2013 en halv\u00e4delsten som \u00e4ven anv\u00e4nds inom smyckestillverkning. Dess genomskinliga och eleganta yta g\u00f6r bordet till en verklig dekorationsskatt, idealisk f\u00f6r att f\u00f6rsk\u00f6na vilket vardagsrum som helst eller som nattduksbord, d\u00e4r det tillf\u00f6r en unik k\u00e4nsla av distinktion och sofistikering.<\/p>\n<h2><strong>M\u00e5tt:<\/strong> Bredd 40 cm, l\u00e4ngd 40 cm, h\u00f6jd 45 cm<\/h2>\n","protected":false},"featured_media":16263,"comment_status":"closed","ping_status":"closed","template":"","meta":{"_acf_changed":false,"_joinchat":[]},"product_brand":[],"product_cat":[315,399],"product_tag":[324],"class_list":{"0":"post-16273","1":"product","2":"type-product","3":"status-publish","4":"has-post-thumbnail","6":"product_cat-bord-sv","7":"product_cat-sofabord-i-sten","8":"product_tag-onyx-sv","10":"first","11":"instock","12":"sale","13":"featured","14":"shipping-taxable","15":"purchasable","16":"product-type-simple"},"acf":[],"_links":{"self":[{"href":"https:\/\/forzini.com\/sv\/wp-json\/wp\/v2\/product\/16273","targetHints":{"allow":["GET"]}}],"collection":[{"href":"https:\/\/forzini.com\/sv\/wp-json\/wp\/v2\/product"}],"about":[{"href":"https:\/\/forzini.com\/sv\/wp-json\/wp\/v2\/types\/product"}],"replies":[{"embeddable":true,"href":"https:\/\/forzini.com\/sv\/wp-json\/wp\/v2\/comments?post=16273"}],"version-history":[{"count":0,"href":"https:\/\/forzini.com\/sv\/wp-json\/wp\/v2\/product\/16273\/revisions"}],"wp:featuredmedia":[{"embeddable":true,"href":"https:\/\/forzini.com\/sv\/wp-json\/wp\/v2\/media\/16263"}],"wp:attachment":[{"href":"https:\/\/forzini.com\/sv\/wp-json\/wp\/v2\/media?parent=16273"}],"wp:term":[{"taxonomy":"product_brand","embeddable":true,"href":"https:\/\/forzini.com\/sv\/wp-json\/wp\/v2\/product_brand?post=16273"},{"taxonomy":"product_cat","embeddable":true,"href":"https:\/\/forzini.com\/sv\/wp-json\/wp\/v2\/product_cat?post=16273"},{"taxonomy":"product_tag","embeddable":true,"href":"https:\/\/forzini.com\/sv\/wp-json\/wp\/v2\/product_tag?post=16273"}],"curies":[{"name":"wp","href":"https:\/\/api.w.org\/{rel}","templated":true}]}}