{"id":16245,"date":"2024-10-27T13:38:42","date_gmt":"2024-10-27T12:38:42","guid":{"rendered":"https:\/\/forzini.com\/producto\/mesa-de-marmol-blanco-lateral\/"},"modified":"2025-09-18T17:59:32","modified_gmt":"2025-09-18T15:59:32","slug":"sidobord-marmor-vit","status":"publish","type":"product","link":"https:\/\/forzini.com\/sv\/producto\/sidobord-marmor-vit\/","title":{"rendered":"Sidobord marmor vit \u2013 Fyrkantigt soffbord"},"content":{"rendered":"<h2>Sidobord marmor vit \u2013 Fyrkantigt soffbord &#8221;Iris W&#8221;<\/h2>\n<p>V\u00e5rt sidobord i vit marmor \u00e4r det perfekta komplementet till ditt vardagsrum, utformat f\u00f6r att framh\u00e4va rummets elegans och tillf\u00f6ra funktionalitet i din vardag. Detta sofistikerade marmorsidobord f\u00f6rsk\u00f6nar inte bara ditt hem, utan \u00e4r ocks\u00e5 praktiskt \u2013 idealiskt f\u00f6r att st\u00e4lla drycker, b\u00e4rbar dator eller andra enheter medan du njuter av soffans bekv\u00e4mlighet.<\/p>\n<p>Med en kvadratisk bordsskiva, handgjord av en mycket exklusiv vit marmor fr\u00e5n en specifik region, kombinerar detta bord en avantgardistisk design med modern komfort. Den hantverksm\u00e4ssiga kvaliteten i tillverkningen s\u00e4kerst\u00e4ller att varje exemplar \u00e4r unikt, tack vare de fina gr\u00e5 \u00e5dror som pryder marmorn och ger den ett distinkt och lyxigt utseende.<\/p>\n<p>Detta vita marmorsidobord utm\u00e4rker sig genom sin samtida estetik och praktiska anv\u00e4ndbarhet. H\u00f6jden \u00e4r noggrant anpassad f\u00f6r att fungera som en l\u00e4ttillg\u00e4nglig avlastningsyta \u2013 perfekt f\u00f6r att arbeta, njuta av en dryck eller helt enkelt ha dina enheter n\u00e4ra till hands n\u00e4r du slappnar av i soffan.<\/p>\n<p>F\u00f6rutom att vara en funktionell m\u00f6bel \u00e4r detta vita marmorsidobord ett konstverk i sig. Den moderna designen och den imponerande n\u00e4rvaron av vit marmor f\u00f6rvandlar vilket rum som helst och skapar en sofistikerad atmosf\u00e4r utan att f\u00f6rlora fokus p\u00e5 funktionaliteten. Sidobordet i vit marmor \u00e4r den perfekta kombinationen av modern design, komfort och marmorens tidl\u00f6sa sk\u00f6nhet, och tillf\u00f6r ditt hem en sublim och elegant touch.<\/p>\n<p>Snow Leopard Marmor: Vit f\u00e4rg med subtila gr\u00e5 nyanser och \u00e5dring. Denna ovanliga och distingerade marmor bryts i sm\u00e5 m\u00e4ngder fr\u00e5n en specifik region. Den \u00e4r h\u00f6gt uppskattad f\u00f6r sina speciella och j\u00e4mna \u00e5dror som skapar ett m\u00f6nster med djurliknande utseende.<\/p>\n<p>&nbsp;<\/p>\n<p>L\u00e6r mere om vores kollektion af marmor og onyx via dette link: <a href=\"https:\/\/forzini.com\/sv\/material\/\" target=\"_blank\" rel=\"noopener\">Materialer<\/a><\/p>\n<h3><strong>Viktiga egenskaper:<\/strong><\/h3>\n<ul>\n<li>\n<h3><strong>Montering:<\/strong> Kr\u00e4vs inte<\/h3>\n<\/li>\n<li>\n<h3><strong>Stenfinish:<\/strong> Polerad<\/h3>\n<\/li>\n<li>\n<h3><strong>Benfinish:<\/strong> Rostfritt st\u00e5l i silverf\u00e4rg<\/h3>\n<\/li>\n<li>\n<h3><strong>Vikt:<\/strong> 18 kg<\/h3>\n<\/li>\n<\/ul>\n","protected":false},"excerpt":{"rendered":"<h1>Sidobord marmor vit<\/h1>\n<p data-start=\"84\" data-end=\"401\">Perfekt som komplement till din soffa, tillf\u00f6r det b\u00e5de stil och funktionalitet till ditt hem och \u00e4r idealiskt f\u00f6r drycker och enheter. Tillverkat f\u00f6r hand i vit marmor med unika gr\u00e5 \u00e5dringar. Den samtida designen med en handgjord fyrkantig bordsskiva f\u00f6renar sk\u00f6nhet och praktisk anv\u00e4ndning p\u00e5 ett enast\u00e5ende s\u00e4tt.<\/p>\n<h2 data-start=\"403\" data-end=\"451\"><strong data-start=\"403\" data-end=\"412\">M\u00e5tt:<\/strong> L\u00e4ngd 40 cm, Bredd 40 cm, H\u00f6jd 52 cm<\/h2>\n<p>&nbsp;<\/p>\n","protected":false},"featured_media":16228,"comment_status":"closed","ping_status":"closed","template":"","meta":{"_acf_changed":false,"_joinchat":[]},"product_brand":[],"product_cat":[315,362],"product_tag":[321],"class_list":{"0":"post-16245","1":"product","2":"type-product","3":"status-publish","4":"has-post-thumbnail","6":"product_cat-bord-sv","7":"product_cat-soffbord-i-marmor","8":"product_tag-marmor-sv","10":"first","11":"instock","12":"sale","13":"featured","14":"shipping-taxable","15":"purchasable","16":"product-type-simple"},"acf":[],"_links":{"self":[{"href":"https:\/\/forzini.com\/sv\/wp-json\/wp\/v2\/product\/16245","targetHints":{"allow":["GET"]}}],"collection":[{"href":"https:\/\/forzini.com\/sv\/wp-json\/wp\/v2\/product"}],"about":[{"href":"https:\/\/forzini.com\/sv\/wp-json\/wp\/v2\/types\/product"}],"replies":[{"embeddable":true,"href":"https:\/\/forzini.com\/sv\/wp-json\/wp\/v2\/comments?post=16245"}],"version-history":[{"count":0,"href":"https:\/\/forzini.com\/sv\/wp-json\/wp\/v2\/product\/16245\/revisions"}],"wp:featuredmedia":[{"embeddable":true,"href":"https:\/\/forzini.com\/sv\/wp-json\/wp\/v2\/media\/16228"}],"wp:attachment":[{"href":"https:\/\/forzini.com\/sv\/wp-json\/wp\/v2\/media?parent=16245"}],"wp:term":[{"taxonomy":"product_brand","embeddable":true,"href":"https:\/\/forzini.com\/sv\/wp-json\/wp\/v2\/product_brand?post=16245"},{"taxonomy":"product_cat","embeddable":true,"href":"https:\/\/forzini.com\/sv\/wp-json\/wp\/v2\/product_cat?post=16245"},{"taxonomy":"product_tag","embeddable":true,"href":"https:\/\/forzini.com\/sv\/wp-json\/wp\/v2\/product_tag?post=16245"}],"curies":[{"name":"wp","href":"https:\/\/api.w.org\/{rel}","templated":true}]}}