{"id":16211,"date":"2024-10-27T15:27:00","date_gmt":"2024-10-27T14:27:00","guid":{"rendered":"https:\/\/forzini.com\/producto\/mesa-auxiliar-de-marmol-forma-c\/"},"modified":"2025-09-17T09:39:27","modified_gmt":"2025-09-17T07:39:27","slug":"ovalt-soffbord-marmor-beige","status":"publish","type":"product","link":"https:\/\/forzini.com\/sv\/producto\/ovalt-soffbord-marmor-beige\/","title":{"rendered":"Ovalt soffbord i beige marmor \u2013 C\u2011form sidobord"},"content":{"rendered":"<h2>Ovalt soffbord i beige marmor \u2013 C\u2011form sidobord\u00a0&#8221;Hades B&#8221;<\/h2>\n<p>Detta ovala soffbord i beige marmor kombinerar en exklusiv och originell design med en elegant oval bordsskiva av magnifik beige marmor. S\u00e4llsyntheten och sk\u00f6nheten hos denna marmor g\u00f6r det till en verkligt unik m\u00f6bel, idealisk f\u00f6r hem som s\u00f6ker en touch av distinktion. Den smala och slanka formen g\u00f6r det perfekt f\u00f6r sm\u00e5 utrymmen, d\u00e4r det enkelt kan anpassas till platser d\u00e4r andra m\u00f6bler inte f\u00e5r plats.<\/p>\n<p>Den moderna och fr\u00e4scha designen p\u00e5 detta ovala soffbord i beige marmor drar till sig allas blickar och tillf\u00f6r en k\u00e4nsla av elegans till varje rum. Det \u00e4r perfekt att placera bredvid soffan eller s\u00e4ngen och erbjuder en praktisk yta f\u00f6r att st\u00e4lla drycker, b\u00e4rbara datorer, telefoner, tidskrifter eller fj\u00e4rrkontroller. Lika perfekt f\u00f6r morgonkaffet som f\u00f6r att fungera som st\u00f6d n\u00e4r du arbetar fr\u00e5n soffan, kombinerar detta bord stil och funktionalitet i varje detalj. Dessutom \u00e4r det ett bevis p\u00e5 marmorens h\u00e5llbarhet och tidl\u00f6sa sk\u00f6nhet, som ger ditt hem en sofistikerad och praktisk touch.<\/p>\n<p><strong>Botticelli Classic Marmor:<\/strong> En mycket konstn\u00e4rlig och unik marmortyp med v\u00e5gigt m\u00f6nster och en charmig varm kr\u00e4m\u2011beige f\u00e4rg, som skapar ett mycket neutralt men elegant utseende. Den har en m\u00f6rkare brun\u2011gulaktig \u00e5dring som l\u00f6per genom den ljusbruna bakgrunden, framh\u00e4vd av ljusbruna och gyllene toner.<\/p>\n<p>&nbsp;<\/p>\n<p>L\u00e6r mere om vores kollektion af marmor og onyx via dette link: <a href=\"https:\/\/forzini.com\/sv\/material\/\" target=\"_blank\" rel=\"noopener\">Materialer<\/a><\/p>\n<h3><strong>Viktiga egenskaper:<\/strong><\/h3>\n<ul>\n<li>\n<h3><strong>Montering:<\/strong> Kr\u00e4vs inte<\/h3>\n<\/li>\n<li>\n<h3><strong>Stenfinish:<\/strong> Polerad<\/h3>\n<\/li>\n<li>\n<h3><strong>Benfinish:<\/strong> Rostfritt st\u00e5l i silverf\u00e4rg<\/h3>\n<\/li>\n<li>\n<h3><strong>Vikt:<\/strong> 8 kg<\/h3>\n<\/li>\n<\/ul>\n","protected":false},"excerpt":{"rendered":"<h1><span data-sheets-formula-bar-text-style=\"font-size:13px;color:#000000;font-weight:normal;text-decoration:none;font-family:'Arial';font-style:normal;text-decoration-skip-ink:none;\">Ovalt soffbord i beige marmor<\/span><\/h1>\n<p>Detta ovala soffbord i beige marmor \u00e4r innovativt och originellt, med en elegant oval bordsskiva av ovanlig beige marmor, prydd med fina karamellf\u00e4rgade \u00e5dror som l\u00f6per \u00f6ver ytan. H\u00f6gt och smalt \u00e4r det perfekt f\u00f6r sm\u00e5 utrymmen, d\u00e4r det kombinerar en fr\u00e4sch och i\u00f6gonfallande design som ger stil utan att ta upp f\u00f6r mycket plats.<\/p>\n<p>Det ovala soffbordet i beige marmor \u00e4r idealiskt att placera bredvid soffan eller s\u00e4ngen och erbjuder en praktisk yta f\u00f6r att st\u00e4lla drycker, b\u00e4rbara datorer, telefoner, tidskrifter eller fj\u00e4rrkontroller. Dess originella design \u00e4r inte bara estetiskt tilltalande, utan ocks\u00e5 bekv\u00e4m, h\u00e5llbar och utformad f\u00f6r att sm\u00e4lta in perfekt i alla moderna milj\u00f6er.<\/p>\n<h2><strong>M\u00e5tt:<\/strong> L\u00e4ngd 38 cm, bredd 28 cm, h\u00f6jd 60 cm<\/h2>\n","protected":false},"featured_media":16202,"comment_status":"closed","ping_status":"closed","template":"","meta":{"_acf_changed":false,"_joinchat":[]},"product_brand":[],"product_cat":[315,362],"product_tag":[321],"class_list":{"0":"post-16211","1":"product","2":"type-product","3":"status-publish","4":"has-post-thumbnail","6":"product_cat-bord-sv","7":"product_cat-soffbord-i-marmor","8":"product_tag-marmor-sv","10":"first","11":"instock","12":"sale","13":"featured","14":"shipping-taxable","15":"purchasable","16":"product-type-simple"},"acf":[],"_links":{"self":[{"href":"https:\/\/forzini.com\/sv\/wp-json\/wp\/v2\/product\/16211","targetHints":{"allow":["GET"]}}],"collection":[{"href":"https:\/\/forzini.com\/sv\/wp-json\/wp\/v2\/product"}],"about":[{"href":"https:\/\/forzini.com\/sv\/wp-json\/wp\/v2\/types\/product"}],"replies":[{"embeddable":true,"href":"https:\/\/forzini.com\/sv\/wp-json\/wp\/v2\/comments?post=16211"}],"version-history":[{"count":0,"href":"https:\/\/forzini.com\/sv\/wp-json\/wp\/v2\/product\/16211\/revisions"}],"wp:featuredmedia":[{"embeddable":true,"href":"https:\/\/forzini.com\/sv\/wp-json\/wp\/v2\/media\/16202"}],"wp:attachment":[{"href":"https:\/\/forzini.com\/sv\/wp-json\/wp\/v2\/media?parent=16211"}],"wp:term":[{"taxonomy":"product_brand","embeddable":true,"href":"https:\/\/forzini.com\/sv\/wp-json\/wp\/v2\/product_brand?post=16211"},{"taxonomy":"product_cat","embeddable":true,"href":"https:\/\/forzini.com\/sv\/wp-json\/wp\/v2\/product_cat?post=16211"},{"taxonomy":"product_tag","embeddable":true,"href":"https:\/\/forzini.com\/sv\/wp-json\/wp\/v2\/product_tag?post=16211"}],"curies":[{"name":"wp","href":"https:\/\/api.w.org\/{rel}","templated":true}]}}