{"id":16185,"date":"2024-10-27T20:14:49","date_gmt":"2024-10-27T19:14:49","guid":{"rendered":"https:\/\/forzini.com\/producto\/mesa-baja-redonda-de-onix\/"},"modified":"2025-09-19T22:48:52","modified_gmt":"2025-09-19T20:48:52","slug":"gront-marmor-soffbord","status":"publish","type":"product","link":"https:\/\/forzini.com\/sv\/producto\/gront-marmor-soffbord\/","title":{"rendered":"Gr\u00f6nt marmor soffbord sokkel \u2013 runt designerbord"},"content":{"rendered":"<h2>Gr\u00f6nt marmor soffbord sokkel &#8221;Trivia G&#8221;<\/h2>\n<p>Det gr\u00f6na marmorsoffbordet \u00e4r en liten och charmig m\u00f6bel som lyfter vilket utrymme som helst med en i\u00f6gonfallande accent. Dess innovativa design kombinerar p\u00e5 ett unikt s\u00e4tt onyx och marmor, och skapar eleganta linjer som f\u00e5ngar allas uppm\u00e4rksamhet. Tillverkad av solida och massiva stenar har detta bord en rund form som tillf\u00f6r mjukhet och fl\u00f6de till milj\u00f6n.<\/p>\n<p>Den spektakul\u00e4ra designen p\u00e5 detta marmorsoffbord, som f\u00f6renar beige marmor med den vackra gr\u00f6na onyksen, g\u00f6r det till ett of\u00f6rgl\u00f6mligt inslag i varje rum. Kombinationen av dessa material ger inte bara en k\u00e4nsla av lyx, utan framh\u00e4ver ocks\u00e5 den naturliga sk\u00f6nheten i varje sten, vilket g\u00f6r det till en verklig fokuspunkt.<\/p>\n<p>M\u00e5ngsidigt i sin anv\u00e4ndning kan det gr\u00f6na marmorsoffbordet fungera som nattduksbord, st\u00e5 elegant vid s\u00e4ngens sida eller placeras bredvid soffan och erbjuda en praktisk yta f\u00f6r b\u00f6cker, drycker eller dekorationer. Dess distinkta design g\u00f6r det ocks\u00e5 till en perfekt mittpunkt i vardagsrummet, d\u00e4r det kan anv\u00e4ndas som soffbord och tillf\u00f6ra ett sofistikerat inslag till din inredning.<\/p>\n<p>Oavsett om du vill skapa en mysig atmosf\u00e4r eller ett modernt och elegant utrymme \u00e4r det runda l\u00e5ga onyxbordet det perfekta valet f\u00f6r den som s\u00f6ker en exceptionell designm\u00f6bel som kombinerar funktionalitet och estetik. Detta bord \u00e4r inte bara praktiskt, utan representerar ocks\u00e5 sann stenkonst som kommer att f\u00f6rvandla ditt hem.<\/p>\n<p>L\u00e6r mere om vores kollektion af marmor og onyx via dette link: <a href=\"https:\/\/forzini.com\/sv\/material\/\" target=\"_blank\" rel=\"noopener\">Materialer<\/a><\/p>\n<h3 data-start=\"40\" data-end=\"67\"><strong data-start=\"40\" data-end=\"65\">Framh\u00e4vda egenskaper:<\/strong><\/h3>\n<ul data-start=\"69\" data-end=\"144\" data-is-last-node=\"\" data-is-only-node=\"\">\n<li data-start=\"69\" data-end=\"106\">\n<h3 data-start=\"71\" data-end=\"106\">Montering: Kr\u00e4ver ingen montering<\/h3>\n<\/li>\n<li data-start=\"107\" data-end=\"130\">\n<h3 data-start=\"109\" data-end=\"130\">Stenfinish: Polerad<\/h3>\n<\/li>\n<li data-start=\"131\" data-end=\"144\" data-is-last-node=\"\">\n<h3 data-start=\"133\" data-end=\"144\">Vikt: 75 kg<\/h3>\n<\/li>\n<\/ul>\n","protected":false},"excerpt":{"rendered":"<h1>Gr\u00f6nt marmor soffbord<\/h1>\n<p>\u00c4r en charmig m\u00f6bel som tillf\u00f6r en k\u00e4nsla av distinktion till varje utrymme. Med sin originella design kombinerar den elegant gr\u00f6n onyx med beige marmor i attraktiva linjer, vilket g\u00f6r den till en fascinerande fokuspunkt. Tillverkad av solid och massiv sten \u00e4r detta gr\u00f6na marmorsoffbord perfekt att anv\u00e4nda som nattduksbord, vid sidan av soffan eller som soffbord i vardagsrummets mitt. Dess m\u00e5ngsidighet och stil g\u00f6r det idealiskt f\u00f6r att lyfta inredningen i vilket rum som helst och erbjuder b\u00e5de funktionalitet och en sofistikerad k\u00e4nsla.<\/p>\n<h2><strong>M\u00e5tt:<\/strong> Diameter 38 cm, h\u00f6jd 52 cm<\/h2>\n","protected":false},"featured_media":16176,"comment_status":"closed","ping_status":"closed","template":"","meta":{"_acf_changed":false,"_joinchat":[]},"product_brand":[],"product_cat":[315,399],"product_tag":[321,324],"class_list":{"0":"post-16185","1":"product","2":"type-product","3":"status-publish","4":"has-post-thumbnail","6":"product_cat-bord-sv","7":"product_cat-sofabord-i-sten","8":"product_tag-marmor-sv","9":"product_tag-onyx-sv","11":"first","12":"instock","13":"sale","14":"featured","15":"shipping-taxable","16":"purchasable","17":"product-type-simple"},"acf":[],"_links":{"self":[{"href":"https:\/\/forzini.com\/sv\/wp-json\/wp\/v2\/product\/16185","targetHints":{"allow":["GET"]}}],"collection":[{"href":"https:\/\/forzini.com\/sv\/wp-json\/wp\/v2\/product"}],"about":[{"href":"https:\/\/forzini.com\/sv\/wp-json\/wp\/v2\/types\/product"}],"replies":[{"embeddable":true,"href":"https:\/\/forzini.com\/sv\/wp-json\/wp\/v2\/comments?post=16185"}],"version-history":[{"count":0,"href":"https:\/\/forzini.com\/sv\/wp-json\/wp\/v2\/product\/16185\/revisions"}],"wp:featuredmedia":[{"embeddable":true,"href":"https:\/\/forzini.com\/sv\/wp-json\/wp\/v2\/media\/16176"}],"wp:attachment":[{"href":"https:\/\/forzini.com\/sv\/wp-json\/wp\/v2\/media?parent=16185"}],"wp:term":[{"taxonomy":"product_brand","embeddable":true,"href":"https:\/\/forzini.com\/sv\/wp-json\/wp\/v2\/product_brand?post=16185"},{"taxonomy":"product_cat","embeddable":true,"href":"https:\/\/forzini.com\/sv\/wp-json\/wp\/v2\/product_cat?post=16185"},{"taxonomy":"product_tag","embeddable":true,"href":"https:\/\/forzini.com\/sv\/wp-json\/wp\/v2\/product_tag?post=16185"}],"curies":[{"name":"wp","href":"https:\/\/api.w.org\/{rel}","templated":true}]}}