{"id":16161,"date":"2024-10-27T21:43:58","date_gmt":"2024-10-27T20:43:58","guid":{"rendered":"https:\/\/forzini.com\/producto\/mesa-de-sofa-marmol\/"},"modified":"2025-09-20T20:50:55","modified_gmt":"2025-09-20T18:50:55","slug":"beige-marmor-soffbord","status":"publish","type":"product","link":"https:\/\/forzini.com\/sv\/producto\/beige-marmor-soffbord\/","title":{"rendered":"Beige marmor soffbord med rund skiva och onyxbas"},"content":{"rendered":"<h2>Beige marmor soffbord med rund skiva &#8221;Mercury L&#8221;<\/h2>\n<p><strong>V\u00e5rt beige marmorsoffbord med rund skiva<\/strong> \u00e4r en verkligt innovativ designm\u00f6bel som kombinerar elegans och originalitet. Den runda konstruktionen, med en bas i ljusgr\u00f6n onyx och en bordsskiva i beige marmor, ger ett unikt utseende som skiljer den fr\u00e5n alla andra bord. Materialvalet skapar inte bara en visuellt f\u00e4ngslande kontrast, utan g\u00f6r det ocks\u00e5 m\u00f6jligt att f\u00f6rvandla bordet till ett spektakul\u00e4rt bakbelyst inslag. Tack vare onyxens naturliga transparens kan basen belysas inifr\u00e5n, vilket skapar en ljuseffekt som tillf\u00f6r rummet en varm och sofistikerad atmosf\u00e4r.<\/p>\n<p>Med sin avantgardistiska design blir detta beige marmorsoffbord med rund skiva en idealisk fokuspunkt i b\u00e5de moderna och eleganta vardagsrum. F\u00f6rest\u00e4ll dig den visuella effekten av ett soffbord som inte bara imponerar med sitt utseende, utan ocks\u00e5 f\u00f6rh\u00f6jer rummet med ett mjukt och inbjudande sken n\u00e4r det \u00e4r upplyst. Detta beige marmorsoffbord framh\u00e4ver inte bara den naturliga sk\u00f6nheten hos beige marmor, med sitt mjuka och varma uttryck, utan \u00e4ven den unika karakt\u00e4ren hos den gr\u00f6na onyksen, som ger en k\u00e4nsla av distinktion och exklusivitet.<\/p>\n<p>F\u00f6rutom att vara ett funktionellt bord, perfekt att placera vid sidan av soffan som avst\u00e4llningsyta f\u00f6r drycker, b\u00f6cker eller enheter, \u00e4r detta bord ett verkligt konstverk. Kombinationen av marmor och onyx \u00e4r idealisk f\u00f6r den som s\u00f6ker en unik och minnesv\u00e4rd inredningsdetalj i hemmet. Varje element i detta bord \u00e4r noggrant utvalt f\u00f6r att tillf\u00f6ra stil och personlighet till milj\u00f6n, och s\u00e4kerst\u00e4ller att det blir en m\u00f6bel som \u00f6verraskar och imponerar p\u00e5 alla som ser den.<\/p>\n<p>L\u00e6r mere om vores kollektion af marmor og onyx via dette link: <a href=\"https:\/\/forzini.com\/sv\/material\/\" target=\"_blank\" rel=\"noopener\">Materialer<\/a><\/p>\n<h3 data-start=\"40\" data-end=\"67\"><strong data-start=\"40\" data-end=\"65\">Framh\u00e4vda egenskaper:<\/strong><\/h3>\n<ul data-start=\"69\" data-end=\"144\" data-is-last-node=\"\" data-is-only-node=\"\">\n<li data-start=\"69\" data-end=\"106\">\n<h3 data-start=\"71\" data-end=\"106\">Montering: Kr\u00e4ver ingen montering<\/h3>\n<\/li>\n<li data-start=\"107\" data-end=\"130\">\n<h3 data-start=\"109\" data-end=\"130\">Stenfinish: Polerad<\/h3>\n<\/li>\n<li data-start=\"131\" data-end=\"144\" data-is-last-node=\"\">\n<h3 data-start=\"133\" data-end=\"144\">Vikt: 75 kg<\/h3>\n<\/li>\n<\/ul>\n","protected":false},"excerpt":{"rendered":"<h1>Beige marmor soffbord<\/h1>\n<p>Detta \u00e4r ett beige marmor soffbord med en innovativ och sofistikerad design, perfekt f\u00f6r dig som vill lyfta fram ditt utrymme med en unik m\u00f6bel. Den runda formen och kombinationen av ljusgr\u00f6n onyx med beige marmor ger ett ovanligt och charmigt uttryck. Basen i gr\u00f6n onyx kan bakbelysas, eftersom stenen sl\u00e4pper igenom ljus, vilket f\u00f6rvandlar bordet till ett spektakul\u00e4rt inslag av st\u00e4mningsbelysning.<\/p>\n<p>F\u00f6rest\u00e4ll dig att \u00f6verraska dina g\u00e4ster med detta originella beige marmor soffbord, som framh\u00e4ver onyxens naturliga sk\u00f6nhet och kombinerar den med den tidl\u00f6sa mjukheten hos beige marmor. Det \u00e4r perfekt f\u00f6r att tillf\u00f6ra en touch av elegans och sofistikering och blir ett blickf\u00e5ng i vilket rum som helst. Detta marmorsoffbord \u00e4r inte bara funktionellt, utan ocks\u00e5 ett verkligt konstverk som imponerar med sin n\u00e4rvaro och sin o\u00f6vertr\u00e4ffade stil.<\/p>\n<h2><strong>M\u00e5tt:<\/strong> Diameter 38 cm, h\u00f6jd 52 cm<\/h2>\n","protected":false},"featured_media":16152,"comment_status":"closed","ping_status":"closed","template":"","meta":{"_acf_changed":false,"_joinchat":[]},"product_brand":[],"product_cat":[315,362],"product_tag":[321,324],"class_list":{"0":"post-16161","1":"product","2":"type-product","3":"status-publish","4":"has-post-thumbnail","6":"product_cat-bord-sv","7":"product_cat-soffbord-i-marmor","8":"product_tag-marmor-sv","9":"product_tag-onyx-sv","11":"first","12":"instock","13":"sale","14":"shipping-taxable","15":"purchasable","16":"product-type-simple"},"acf":[],"_links":{"self":[{"href":"https:\/\/forzini.com\/sv\/wp-json\/wp\/v2\/product\/16161","targetHints":{"allow":["GET"]}}],"collection":[{"href":"https:\/\/forzini.com\/sv\/wp-json\/wp\/v2\/product"}],"about":[{"href":"https:\/\/forzini.com\/sv\/wp-json\/wp\/v2\/types\/product"}],"replies":[{"embeddable":true,"href":"https:\/\/forzini.com\/sv\/wp-json\/wp\/v2\/comments?post=16161"}],"version-history":[{"count":0,"href":"https:\/\/forzini.com\/sv\/wp-json\/wp\/v2\/product\/16161\/revisions"}],"wp:featuredmedia":[{"embeddable":true,"href":"https:\/\/forzini.com\/sv\/wp-json\/wp\/v2\/media\/16152"}],"wp:attachment":[{"href":"https:\/\/forzini.com\/sv\/wp-json\/wp\/v2\/media?parent=16161"}],"wp:term":[{"taxonomy":"product_brand","embeddable":true,"href":"https:\/\/forzini.com\/sv\/wp-json\/wp\/v2\/product_brand?post=16161"},{"taxonomy":"product_cat","embeddable":true,"href":"https:\/\/forzini.com\/sv\/wp-json\/wp\/v2\/product_cat?post=16161"},{"taxonomy":"product_tag","embeddable":true,"href":"https:\/\/forzini.com\/sv\/wp-json\/wp\/v2\/product_tag?post=16161"}],"curies":[{"name":"wp","href":"https:\/\/api.w.org\/{rel}","templated":true}]}}