{"id":16135,"date":"2024-10-27T23:00:33","date_gmt":"2024-10-27T22:00:33","guid":{"rendered":"https:\/\/forzini.com\/producto\/mesa-moderna-de-marmol\/"},"modified":"2025-09-15T23:23:25","modified_gmt":"2025-09-15T21:23:25","slug":"soffbord-marmor-svart","status":"publish","type":"product","link":"https:\/\/forzini.com\/sv\/producto\/soffbord-marmor-svart\/","title":{"rendered":"Svart marmor soffbord \u2013 designer soffbord"},"content":{"rendered":"<h2>Svart marmor soffbord &#8221;Mercury B&#8221;<\/h2>\n<p data-start=\"73\" data-end=\"544\">Detta svarta marmor soffbord \u00e4r en unik m\u00f6bel som f\u00e5ngar allas blickar och blir centrum i varje rum. Designen \u00e4r en m\u00e4sterlig kombination av elegans och sofistikation: den svarta marmorkroppen kontrasterar vackert mot den vita onyxskivan och skapar en visuell lyx som lyfter inredningen i vilket utrymme som helst. Kontrasten ger inte bara en imponerande n\u00e4rvaro, utan f\u00f6rst\u00e4rker \u00e4ven dekoren genom att tillf\u00f6ra en samtida och distingverad touch som h\u00f6jer rummets stil.<\/p>\n<p data-start=\"546\" data-end=\"938\">Med minimalistisk design och rund form med mjuka, flytande linjer utstr\u00e5lar bordet en chic och tidl\u00f6s stil. Den perfekt polerade ytan tillf\u00f6r inte bara glans och elegans, utan framh\u00e4ver \u00e4ven stenarnas naturliga struktur och \u00e5dring. Det svarta marmorbordet har karakt\u00e4ren som kr\u00e4vs f\u00f6r att f\u00f6rvandla ett rum och skapa en k\u00e4nsla av lyx och modernitet, utan att kompromissa med funktionalitet.<\/p>\n<p data-start=\"940\" data-end=\"1224\">Detta svarta marmor soffbord \u00e4r inte bara ett skulpturalt konstverk, utan \u00e4ven en praktisk m\u00f6bel f\u00f6r vardagen. Perfekt som soffbord, med en idealisk yta f\u00f6r kaffekoppen, en bok eller dekorativa f\u00f6rem\u00e5l. Designen kombinerar sk\u00f6nhet med praktiska behov och \u00e4r b\u00e5de robust och h\u00e5llbar.<\/p>\n<p data-start=\"1226\" data-end=\"1575\">Kombinationen av svart marmor och vit onyx \u00e4r ett unikt estetiskt val, skapat f\u00f6r dem som s\u00f6ker exklusiv och h\u00f6gklassig inredning. Detta moderna marmorbord \u00e4r mer \u00e4n bara en m\u00f6bel; det \u00e4r ett konstverk som f\u00f6renar funktion med ett unikt och skulpturalt designuttryck, perfekt f\u00f6r dem som vill tillf\u00f6ra elegans och sofistikation till sina utrymmen.<\/p>\n<p>L\u00e6r mere om vores kollektion af marmor og onyx via dette link: <a href=\"https:\/\/forzini.com\/sv\/material\/\" target=\"_blank\" rel=\"noopener\">Materialer<\/a><\/p>\n<h3 data-start=\"40\" data-end=\"67\"><strong data-start=\"40\" data-end=\"65\">Framh\u00e4vda egenskaper:<\/strong><\/h3>\n<ul data-start=\"69\" data-end=\"144\" data-is-last-node=\"\" data-is-only-node=\"\">\n<li data-start=\"69\" data-end=\"106\">\n<h3 data-start=\"71\" data-end=\"106\">Montering: Kr\u00e4ver ingen montering<\/h3>\n<\/li>\n<li data-start=\"107\" data-end=\"130\">\n<h3 data-start=\"109\" data-end=\"130\">Stenfinish: Polerad<\/h3>\n<\/li>\n<li data-start=\"131\" data-end=\"144\" data-is-last-node=\"\">\n<h3 data-start=\"133\" data-end=\"144\">Vikt: 71 kg<\/h3>\n<\/li>\n<\/ul>\n","protected":false},"excerpt":{"rendered":"<h1>Svart marmor soffbord<\/h1>\n<p data-start=\"73\" data-end=\"521\">Ett imponerande stycke som f\u00f6rh\u00f6jer varje utrymme. Den svarta marmorfoten och den vita onyxytan skapar en elegant och sofistikerad kontrast. Med sin minimalistiska stil, runda form och polerade finish blir det ett b\u00e5de chic och funktionellt dekorativt inslag. Perfekt som soffbord, idealiskt f\u00f6r att st\u00e4lla en kaffekopp eller en bok, och f\u00f6renar konst och praktisk anv\u00e4ndning i en enda m\u00f6bel som utm\u00e4rker sig genom sin sk\u00f6nhet och moderna design.<\/p>\n<h2 data-start=\"523\" data-end=\"561\"><strong data-start=\"523\" data-end=\"532\">M\u00e5tt:<\/strong> Diameter 38 cm, H\u00f6jd 52 cm<\/h2>\n","protected":false},"featured_media":16130,"comment_status":"closed","ping_status":"closed","template":"","meta":{"_acf_changed":false,"_joinchat":[]},"product_brand":[],"product_cat":[315,362],"product_tag":[321,324],"class_list":{"0":"post-16135","1":"product","2":"type-product","3":"status-publish","4":"has-post-thumbnail","6":"product_cat-bord-sv","7":"product_cat-soffbord-i-marmor","8":"product_tag-marmor-sv","9":"product_tag-onyx-sv","11":"first","12":"instock","13":"sale","14":"shipping-taxable","15":"purchasable","16":"product-type-simple"},"acf":[],"_links":{"self":[{"href":"https:\/\/forzini.com\/sv\/wp-json\/wp\/v2\/product\/16135","targetHints":{"allow":["GET"]}}],"collection":[{"href":"https:\/\/forzini.com\/sv\/wp-json\/wp\/v2\/product"}],"about":[{"href":"https:\/\/forzini.com\/sv\/wp-json\/wp\/v2\/types\/product"}],"replies":[{"embeddable":true,"href":"https:\/\/forzini.com\/sv\/wp-json\/wp\/v2\/comments?post=16135"}],"version-history":[{"count":0,"href":"https:\/\/forzini.com\/sv\/wp-json\/wp\/v2\/product\/16135\/revisions"}],"wp:featuredmedia":[{"embeddable":true,"href":"https:\/\/forzini.com\/sv\/wp-json\/wp\/v2\/media\/16130"}],"wp:attachment":[{"href":"https:\/\/forzini.com\/sv\/wp-json\/wp\/v2\/media?parent=16135"}],"wp:term":[{"taxonomy":"product_brand","embeddable":true,"href":"https:\/\/forzini.com\/sv\/wp-json\/wp\/v2\/product_brand?post=16135"},{"taxonomy":"product_cat","embeddable":true,"href":"https:\/\/forzini.com\/sv\/wp-json\/wp\/v2\/product_cat?post=16135"},{"taxonomy":"product_tag","embeddable":true,"href":"https:\/\/forzini.com\/sv\/wp-json\/wp\/v2\/product_tag?post=16135"}],"curies":[{"name":"wp","href":"https:\/\/api.w.org\/{rel}","templated":true}]}}