{"id":16074,"date":"2024-03-18T16:23:22","date_gmt":"2024-03-18T15:23:22","guid":{"rendered":"https:\/\/forzini.com\/producto\/lavabo-rustico-de-onix-portunus\/"},"modified":"2025-09-14T22:27:10","modified_gmt":"2025-09-14T20:27:10","slug":"rektangulart-onyx-handfat-natursten","status":"publish","type":"product","link":"https:\/\/forzini.com\/sv\/producto\/rektangulart-onyx-handfat-natursten\/","title":{"rendered":"Rektangul\u00e4rt handfat i natursten onyx"},"content":{"rendered":"<h2>Rektangul\u00e4rt handfat i natursten onyx &#8221;Portunus&#8221;<\/h2>\n<p>Handgjort med en innovativ design \u00e4r detta rektangul\u00e4ra handfat i natursten onyx i rustik stil en skapelse som f\u00e5ngar fantasin. Genom att kombinera modern estetik med traditionella tekniker f\u00f6r stenbearbetning \u00e4r detta handfat i natursten onyx hugget ur lyxig och \u00e4kta gr\u00f6n onyx. Varje kurva och varje kontur har formats av skickliga hantverkare och skapar den perfekta f\u00f6reningen mellan modernitet och tradition. Polerat till perfektion \u00e4r detta handfat i natursten onyx ett m\u00e4sterverk som tillf\u00f6r sofistikation och charm till ditt badrum.<\/p>\n<p>Galaxy Green Onyx: En ljusgr\u00f6n bakgrund vackert framh\u00e4vd av vita v\u00e5gor, genombrutna av bronsf\u00e4rgade \u00e5dror i jordigt gyllenbruna och r\u00f6dbruna toner. Bryts i mycket sm\u00e5 m\u00e4ngder, vilket g\u00f6r denna variant mycket exklusiv och h\u00f6gt genomskinlig.<\/p>\n<p>V\u00e5r exklusiva Onyx Green Galaxy uppskattas f\u00f6r sin s\u00e4llsynthet och sitt sl\u00e5ende utseende. Dess gr\u00f6na ton, som en mjuk f\u00e4rgber\u00f6ring, fl\u00e4tas samman med gyllenbruna \u00e5dror och inslag av r\u00f6daktiga accenter. Denna sten f\u00e4ngslar med ett unikt konstn\u00e4rligt uttryck. Dess genomskinlighet \u00e4r en f\u00f6rtrollning som l\u00e5ter ljuset falla som en kaskad genom formen, lysa upp djupet av dess sk\u00f6nhet och avsl\u00f6ja den intrikata f\u00e4rgdansen i dess inre. Denna kombination av f\u00e4rg och genomskinlighet \u00e4r s\u00e4llsynt p\u00e5 grund av den begr\u00e4nsade tillg\u00e5ngen i naturen, vilket g\u00f6r denna onyx till en eftertraktad skatt. Att uppt\u00e4cka dessa s\u00e4llsynta stenar och skapa exklusiva handgjorda f\u00f6rem\u00e5l f\u00f6r v\u00e5ra uppskattade kunder fyller oss med stor gl\u00e4dje.<\/p>\n<p>Uppt\u00e4ck mer om v\u00e5r kollektion av marmor och onyx via denna l\u00e4nk: <a href=\"https:\/\/forzini.com\/sv\/material\/\" target=\"_blank\" rel=\"noopener\">Material<\/a><\/p>\n<h3><strong>Framtr\u00e4dande egenskaper:<\/strong><\/h3>\n<ul>\n<li>\n<h3><strong>Installation:<\/strong> Ovanp\u00e5 b\u00e4nkskivan.<\/h3>\n<\/li>\n<li>\n<h3><strong>Diameter p\u00e5 avloppsh\u00e5l:<\/strong> 4,5 cm (europeisk standard).<\/h3>\n<\/li>\n<li>\n<h3><strong>Kompatibel avloppstyp:<\/strong> Universell ventil (ing\u00e5r ej), utan br\u00e4ddavlopp.<\/h3>\n<\/li>\n<li>\n<h3><strong>Kompatibel kran:<\/strong> F\u00f6r b\u00e4nkskiva eller v\u00e4ggmontering (ing\u00e5r ej).<\/h3>\n<\/li>\n<li>\n<h3><strong>Ing\u00e5r ej:<\/strong> Vattenl\u00e5s, avloppsventil, kran.<\/h3>\n<\/li>\n<\/ul>\n<p>&nbsp;<\/p>\n","protected":false},"excerpt":{"rendered":"<h2>Rektangul\u00e4rt handfat i natursten onyx<\/h2>\n<p>Med sin uts\u00f6kta rektangul\u00e4ra design \u00e4r det ett lyxigt m\u00e4sterverk f\u00f6r b\u00e5de stora och sm\u00e5 badrum med stil. V\u00e5rt onyx-handfat \u00e4r hugget ur massiv sten och erbjuder en perfekt kombination av elegans och robusthet. Det har en rustik charm som bara \u00e4kta onyx kan f\u00f6rmedla, med sina rika och magnifika \u00e5dringar som skapar en f\u00f6rtrollande skog av unika m\u00f6nster.<\/p>\n","protected":false},"featured_media":16063,"comment_status":"closed","ping_status":"closed","template":"","meta":{"_acf_changed":false,"_joinchat":[]},"product_brand":[],"product_cat":[312,335],"product_tag":[324],"class_list":{"0":"post-16074","1":"product","2":"type-product","3":"status-publish","4":"has-post-thumbnail","6":"product_cat-handfat","7":"product_cat-tvattstall-onyx","8":"product_tag-onyx-sv","10":"first","11":"outofstock","12":"sale","13":"featured","14":"shipping-taxable","15":"purchasable","16":"product-type-simple"},"acf":[],"_links":{"self":[{"href":"https:\/\/forzini.com\/sv\/wp-json\/wp\/v2\/product\/16074","targetHints":{"allow":["GET"]}}],"collection":[{"href":"https:\/\/forzini.com\/sv\/wp-json\/wp\/v2\/product"}],"about":[{"href":"https:\/\/forzini.com\/sv\/wp-json\/wp\/v2\/types\/product"}],"replies":[{"embeddable":true,"href":"https:\/\/forzini.com\/sv\/wp-json\/wp\/v2\/comments?post=16074"}],"version-history":[{"count":0,"href":"https:\/\/forzini.com\/sv\/wp-json\/wp\/v2\/product\/16074\/revisions"}],"wp:featuredmedia":[{"embeddable":true,"href":"https:\/\/forzini.com\/sv\/wp-json\/wp\/v2\/media\/16063"}],"wp:attachment":[{"href":"https:\/\/forzini.com\/sv\/wp-json\/wp\/v2\/media?parent=16074"}],"wp:term":[{"taxonomy":"product_brand","embeddable":true,"href":"https:\/\/forzini.com\/sv\/wp-json\/wp\/v2\/product_brand?post=16074"},{"taxonomy":"product_cat","embeddable":true,"href":"https:\/\/forzini.com\/sv\/wp-json\/wp\/v2\/product_cat?post=16074"},{"taxonomy":"product_tag","embeddable":true,"href":"https:\/\/forzini.com\/sv\/wp-json\/wp\/v2\/product_tag?post=16074"}],"curies":[{"name":"wp","href":"https:\/\/api.w.org\/{rel}","templated":true}]}}