{"id":16000,"date":"2024-06-05T18:19:44","date_gmt":"2024-06-05T16:19:44","guid":{"rendered":"https:\/\/forzini.com\/producto\/lavabo-de-onix\/"},"modified":"2025-09-14T15:58:56","modified_gmt":"2025-09-14T13:58:56","slug":"rund-onyx-stenhandfat","status":"publish","type":"product","link":"https:\/\/forzini.com\/sv\/producto\/rund-onyx-stenhandfat\/","title":{"rendered":"Rund onyx stenhandfat \u2013 exklusivt handfat i natursten"},"content":{"rendered":"<h2>Runt vitt onyx stenhandfat \u2013 handfat i natursten &#8221;Saturn&#8221;<\/h2>\n<p data-start=\"74\" data-end=\"375\">Detta handgjorda vita onyx stenhandfat, med en o\u00f6vertr\u00e4ffad sk\u00f6nhet, tillf\u00f6r pragt och stil till vilket badrum som helst. Varje vitt onyx-handfat f\u00f6r b\u00e4nkskiva \u00e4r noggrant skulpterat i rund form fr\u00e5n naturlig sten med traditionella hantverkstekniker som ger ditt hem ett elegant och modernt uttryck.<\/p>\n<p data-start=\"377\" data-end=\"761\">V\u00e5ra lyxkollektioner av naturstenshandfat inkluderar den b\u00e4sta \u00e4kta onyxen, med unika m\u00f6nster, ett varierat f\u00e4rgspektrum och fascinerande \u00e5dringar som hyllar naturens konst. Den runda formen framh\u00e4ver onyxens naturliga sk\u00f6nhet, medan den sl\u00e4ta och kurviga ytan lyfter fram de rika och intrikata m\u00f6nstren samt stenens translucenta egenskaper och skapar en visuellt f\u00e4ngslande effekt.<\/p>\n<p data-start=\"763\" data-end=\"1121\">Varje onyx stenhandfat \u00e4r ett bevis p\u00e5 uts\u00f6kt hantverk, med perfekt polerade kurvor och konturer. Ljuset som reflekteras genom de naturliga \u00e5dringarna och den blanka ytan f\u00f6rst\u00e4rker handfatets lyxiga karakt\u00e4r och g\u00f6r det till rummets blickf\u00e5ng. Varje exemplar \u00e4r ett unikt vittnesb\u00f6rd om tidl\u00f6s charm och hantverksm\u00e4ssig excellens i handgjorda stenhandfat.<\/p>\n<p data-start=\"1123\" data-end=\"1399\">Golden Dune Onyx<strong data-start=\"1123\" data-end=\"1144\">:<\/strong> Den vita bakgrunden fungerar som en lugn duk, vars yta \u00e4r dekorerad med mjuka moln som sv\u00e4var ovanp\u00e5. Cremiga skuggor och \u00e5dringar i guld, karamell, brun, cognac och r\u00f6daktiga toner. Denna speciella vita onyx \u00e4r s\u00e4llsynt och finns endast i sm\u00e5 m\u00e4ngder.<\/p>\n<p data-start=\"1401\" data-end=\"1923\">Visste du att v\u00e5r Golden Dune vita onyx \u00e4r en av de mest s\u00e4llsynta och eftertraktade varianterna? Vi \u00e4r stolta \u00f6ver att erbjuda en s\u00e5dan unik skatt, noggrant utvald f\u00f6r sin o\u00f6vertr\u00e4ffade sk\u00f6nhet. Detta underverk fascinerar med sin sublima sk\u00f6nhet och blir en verklig juvel. Bildandet av dessa unika \u00e5dringar kr\u00e4ver specifika geologiska f\u00f6rh\u00e5llanden. Under miljontals \u00e5r avs\u00e4tts kiselsyrarika l\u00f6sningar i bergsh\u00e5ligheter, och vid kristallisering skapar orenheter som j\u00e4rn och mangan de karakteristiska gyllene \u00e5dringarna.<\/p>\n<p data-start=\"1925\" data-end=\"2399\">Det magnifika f\u00e4rgspelet str\u00e4cker sig fr\u00e5n delikat vitt till mer uttrycksfulla gyllene, kanel- och cognactoner. F\u00f6rutom dess s\u00e4llsynthet utvinns Golden Dune onyx fr\u00e5n en specifik region i s\u00f6dra Asien, vars unika geologiska milj\u00f6 \u00e4r avg\u00f6rande f\u00f6r bildandet av denna fantastiska sten. Varje exemplar ber\u00e4ttar en historia och f\u00e5ngar essensen av avl\u00e4gsna \u00f6knar och solnedg\u00e5ngarnas fascinerande sken. Denna unika onyx \u00e4r en s\u00e4llsynt sten som f\u00f6rtrollar med sin sublima sk\u00f6nhet.<\/p>\n<p>Uppt\u00e4ck mer om v\u00e5r kollektion av marmor och onyx via denna l\u00e4nk: <a href=\"https:\/\/forzini.com\/sv\/material\/\" target=\"_blank\" rel=\"noopener\">Material<\/a><\/p>\n<h3><strong>Framtr\u00e4dande egenskaper:<\/strong><\/h3>\n<ul>\n<li>\n<h3><strong>Installation:<\/strong> Ovanp\u00e5 b\u00e4nkskivan.<\/h3>\n<\/li>\n<li>\n<h3><strong>Diameter p\u00e5 avloppsh\u00e5l:<\/strong> 4,5 cm (europeisk standard).<\/h3>\n<\/li>\n<li>\n<h3><strong>Kompatibel avloppstyp:<\/strong> Universell ventil (ing\u00e5r ej), utan br\u00e4ddavlopp.<\/h3>\n<\/li>\n<li>\n<h3><strong>Kompatibel kran:<\/strong> F\u00f6r b\u00e4nkskiva eller v\u00e4ggmontering (ing\u00e5r ej).<\/h3>\n<\/li>\n<li>\n<h3><strong>Ing\u00e5r ej:<\/strong> Vattenl\u00e5s, avloppsventil, kran.<\/h3>\n<\/li>\n<\/ul>\n","protected":false},"excerpt":{"rendered":"<h2>Onyx stenhandfat \u2013 handfat i natursten<\/h2>\n<p>Elegans och prestige k\u00e4nnetecknar v\u00e5rt vita onyx-handfat f\u00f6r b\u00e4nkskiva, ett hantverksm\u00e4ssigt alster som tillf\u00f6r glamour till moderna badrum. Detta handfat utstr\u00e5lar f\u00f6rfinad stil och innovation inom inredningsdesign, och \u00e4r perfekt f\u00f6r dem som v\u00e4rdes\u00e4tter exceptionell kvalitet och imponerande estetik. Dess n\u00e4rvaro g\u00f6r handfatet till rummets blickf\u00e5ng, och erbjuder en exklusiv anv\u00e4ndarupplevelse samt ett unikt inslag av sofistikering i vilket badrum som helst.<\/p>\n","protected":false},"featured_media":15983,"comment_status":"closed","ping_status":"closed","template":"","meta":{"_acf_changed":false,"_joinchat":[]},"product_brand":[],"product_cat":[312,335],"product_tag":[324],"class_list":{"0":"post-16000","1":"product","2":"type-product","3":"status-publish","4":"has-post-thumbnail","6":"product_cat-handfat","7":"product_cat-tvattstall-onyx","8":"product_tag-onyx-sv","10":"first","11":"outofstock","12":"sale","13":"featured","14":"shipping-taxable","15":"purchasable","16":"product-type-simple"},"acf":[],"_links":{"self":[{"href":"https:\/\/forzini.com\/sv\/wp-json\/wp\/v2\/product\/16000","targetHints":{"allow":["GET"]}}],"collection":[{"href":"https:\/\/forzini.com\/sv\/wp-json\/wp\/v2\/product"}],"about":[{"href":"https:\/\/forzini.com\/sv\/wp-json\/wp\/v2\/types\/product"}],"replies":[{"embeddable":true,"href":"https:\/\/forzini.com\/sv\/wp-json\/wp\/v2\/comments?post=16000"}],"version-history":[{"count":0,"href":"https:\/\/forzini.com\/sv\/wp-json\/wp\/v2\/product\/16000\/revisions"}],"wp:featuredmedia":[{"embeddable":true,"href":"https:\/\/forzini.com\/sv\/wp-json\/wp\/v2\/media\/15983"}],"wp:attachment":[{"href":"https:\/\/forzini.com\/sv\/wp-json\/wp\/v2\/media?parent=16000"}],"wp:term":[{"taxonomy":"product_brand","embeddable":true,"href":"https:\/\/forzini.com\/sv\/wp-json\/wp\/v2\/product_brand?post=16000"},{"taxonomy":"product_cat","embeddable":true,"href":"https:\/\/forzini.com\/sv\/wp-json\/wp\/v2\/product_cat?post=16000"},{"taxonomy":"product_tag","embeddable":true,"href":"https:\/\/forzini.com\/sv\/wp-json\/wp\/v2\/product_tag?post=16000"}],"curies":[{"name":"wp","href":"https:\/\/api.w.org\/{rel}","templated":true}]}}