{"id":16822,"date":"2024-02-12T12:18:25","date_gmt":"2024-02-12T11:18:25","guid":{"rendered":"https:\/\/forzini.com\/nosotros\/"},"modified":"2025-12-08T18:31:07","modified_gmt":"2025-12-08T17:31:07","slug":"om-oss","status":"publish","type":"page","link":"https:\/\/forzini.com\/sv\/om-oss\/","title":{"rendered":"Om oss"},"content":{"rendered":"\t\t<div data-elementor-type=\"wp-page\" data-elementor-id=\"16822\" class=\"elementor elementor-16822 elementor-61\">\n\t\t\t\t<div class=\"elementor-element elementor-element-8829486 e-con-full e-flex e-con e-parent\" data-id=\"8829486\" data-element_type=\"container\" data-e-type=\"container\" data-settings=\"{&quot;background_background&quot;:&quot;classic&quot;}\">\n\t\t<div class=\"elementor-element elementor-element-19926f9 e-grid e-con-boxed e-con e-child\" data-id=\"19926f9\" data-element_type=\"container\" data-e-type=\"container\">\n\t\t\t\t\t<div class=\"e-con-inner\">\n\t\t\t\t<div class=\"elementor-element elementor-element-b835628 animated-slow elementor-invisible elementor-widget elementor-widget-text-editor\" data-id=\"b835628\" data-element_type=\"widget\" data-e-type=\"widget\" data-settings=\"{&quot;_animation&quot;:&quot;fadeInUp&quot;}\" data-widget_type=\"text-editor.default\">\n\t\t\t\t<div class=\"elementor-widget-container\">\n\t\t\t\t\t\t\t\t\t<h3 style=\"text-align: center;\"><strong>OM OSS<\/strong><\/h3><p style=\"text-align: center;\">V\u00e5r ber\u00e4ttelse b\u00f6rjar i jorden \u2014 inte i trender. Naturen s\u00e4tter rytmen; vi skulpterar m\u00e4sterverket. Vi v\u00e4ljer noggrant ut stenar med karakt\u00e4r och formar dem till verk som f\u00f6rh\u00f6jer de utrymmen m\u00e4nniskor v\u00e4rnar mest om: deras hem.<\/p>\t\t\t\t\t\t\t\t<\/div>\n\t\t\t\t<\/div>\n\t\t\t\t<div class=\"elementor-element elementor-element-39e675e elementor-widget elementor-widget-raven-image\" data-id=\"39e675e\" data-element_type=\"widget\" data-e-type=\"widget\" data-widget_type=\"raven-image.default\">\n\t\t\t\t<div class=\"elementor-widget-container\">\n\t\t\t\t\t\t\t<div class=\"raven-image\">\n\t\t\n\t\t\n\t\t<img loading=\"lazy\" decoding=\"async\" width=\"1024\" height=\"1024\" src=\"https:\/\/forzini.com\/wp-content\/uploads\/2025\/12\/pink-onyx-raw-block-Forzini-1024x1024.jpg\" class=\"attachment-large size-large wp-image-22003\" alt=\"\" srcset=\"https:\/\/forzini.com\/wp-content\/uploads\/2025\/12\/pink-onyx-raw-block-Forzini-1024x1024.jpg 1024w, https:\/\/forzini.com\/wp-content\/uploads\/2025\/12\/pink-onyx-raw-block-Forzini-300x300.jpg 300w, https:\/\/forzini.com\/wp-content\/uploads\/2025\/12\/pink-onyx-raw-block-Forzini-150x150.jpg 150w, https:\/\/forzini.com\/wp-content\/uploads\/2025\/12\/pink-onyx-raw-block-Forzini-768x768.jpg 768w, https:\/\/forzini.com\/wp-content\/uploads\/2025\/12\/pink-onyx-raw-block-Forzini-500x500.jpg 500w, https:\/\/forzini.com\/wp-content\/uploads\/2025\/12\/pink-onyx-raw-block-Forzini-600x600.jpg 600w, https:\/\/forzini.com\/wp-content\/uploads\/2025\/12\/pink-onyx-raw-block-Forzini-100x100.jpg 100w, https:\/\/forzini.com\/wp-content\/uploads\/2025\/12\/pink-onyx-raw-block-Forzini.jpg 1080w\" sizes=\"auto, (max-width: 1024px) 100vw, 1024px\" \/>\t\t<\/div>\n\t\t\t\t\t\t<\/div>\n\t\t\t\t<\/div>\n\t\t\t\t\t<\/div>\n\t\t\t\t<\/div>\n\t\t\t\t<\/div>\n\t\t<div class=\"elementor-element elementor-element-fd91bbf e-con-full e-flex e-con e-parent\" data-id=\"fd91bbf\" data-element_type=\"container\" data-e-type=\"container\" data-settings=\"{&quot;background_background&quot;:&quot;classic&quot;}\">\n\t\t<div class=\"elementor-element elementor-element-143c747 e-grid e-con-boxed e-con e-child\" data-id=\"143c747\" data-element_type=\"container\" data-e-type=\"container\">\n\t\t\t\t\t<div class=\"e-con-inner\">\n\t\t\t\t<div class=\"elementor-element elementor-element-30e0f77 elementor-widget elementor-widget-image\" data-id=\"30e0f77\" data-element_type=\"widget\" data-e-type=\"widget\" data-widget_type=\"image.default\">\n\t\t\t\t<div class=\"elementor-widget-container\">\n\t\t\t\t\t\t\t\t\t\t\t\t\t\t\t<img loading=\"lazy\" decoding=\"async\" width=\"1024\" height=\"1024\" src=\"https:\/\/forzini.com\/wp-content\/uploads\/2025\/12\/selection-of-blocks-onyx-stone-Forzini-1024x1024.jpg\" class=\"attachment-large size-large wp-image-22011\" alt=\"\" srcset=\"https:\/\/forzini.com\/wp-content\/uploads\/2025\/12\/selection-of-blocks-onyx-stone-Forzini-1024x1024.jpg 1024w, https:\/\/forzini.com\/wp-content\/uploads\/2025\/12\/selection-of-blocks-onyx-stone-Forzini-300x300.jpg 300w, https:\/\/forzini.com\/wp-content\/uploads\/2025\/12\/selection-of-blocks-onyx-stone-Forzini-150x150.jpg 150w, https:\/\/forzini.com\/wp-content\/uploads\/2025\/12\/selection-of-blocks-onyx-stone-Forzini-768x768.jpg 768w, https:\/\/forzini.com\/wp-content\/uploads\/2025\/12\/selection-of-blocks-onyx-stone-Forzini-500x500.jpg 500w, https:\/\/forzini.com\/wp-content\/uploads\/2025\/12\/selection-of-blocks-onyx-stone-Forzini-600x600.jpg 600w, https:\/\/forzini.com\/wp-content\/uploads\/2025\/12\/selection-of-blocks-onyx-stone-Forzini-100x100.jpg 100w, https:\/\/forzini.com\/wp-content\/uploads\/2025\/12\/selection-of-blocks-onyx-stone-Forzini.jpg 1080w\" sizes=\"auto, (max-width: 1024px) 100vw, 1024px\" \/>\t\t\t\t\t\t\t\t\t\t\t\t\t\t\t<\/div>\n\t\t\t\t<\/div>\n\t\t\t\t<div class=\"elementor-element elementor-element-c93abed animated-slow elementor-invisible elementor-widget elementor-widget-text-editor\" data-id=\"c93abed\" data-element_type=\"widget\" data-e-type=\"widget\" data-settings=\"{&quot;_animation&quot;:&quot;fadeInUp&quot;}\" data-widget_type=\"text-editor.default\">\n\t\t\t\t<div class=\"elementor-widget-container\">\n\t\t\t\t\t\t\t\t\t<h3 style=\"text-align: center;\"><strong>VI \u00c4R\u2026<\/strong><\/h3><p style=\"text-align: center;\">Med r\u00f6tter i generationer av geologer vet vi hur \u00e4kta kvalitet k\u00e4nns. Vi reser, vi v\u00e4ljer, vi skapar \u2014 och f\u00f6renar hantverksskicklighet med en design som v\u00e4grar att sm\u00e4lta in. Varje f\u00f6rem\u00e5l \u00e4r funktionellt, h\u00e5llbart, lyxigt och fullst\u00e4ndigt omissk\u00e4nnligt.<\/p><p style=\"text-align: center;\">Vi tror p\u00e5 stenens styrka och varje hems individualitet. P\u00e5 material som best\u00e5r, p\u00e5 hantverk som har betydelse och p\u00e5 att skapa design som v\u00e4cker kontakt i samma \u00f6gonblick som de blir en del av en plats.<\/p>\t\t\t\t\t\t\t\t<\/div>\n\t\t\t\t<\/div>\n\t\t\t\t\t<\/div>\n\t\t\t\t<\/div>\n\t\t\t\t<\/div>\n\t\t<div class=\"elementor-element elementor-element-4b31f50 e-con-full e-flex e-con e-parent\" data-id=\"4b31f50\" data-element_type=\"container\" data-e-type=\"container\" data-settings=\"{&quot;background_background&quot;:&quot;classic&quot;}\">\n\t\t<div class=\"elementor-element elementor-element-419a8b0 e-grid e-con-boxed e-con e-child\" data-id=\"419a8b0\" data-element_type=\"container\" data-e-type=\"container\">\n\t\t\t\t\t<div class=\"e-con-inner\">\n\t\t\t\t<div class=\"elementor-element elementor-element-b31adf7 animated-slow elementor-invisible elementor-widget elementor-widget-text-editor\" data-id=\"b31adf7\" data-element_type=\"widget\" data-e-type=\"widget\" data-settings=\"{&quot;_animation&quot;:&quot;fadeInUp&quot;}\" data-widget_type=\"text-editor.default\">\n\t\t\t\t<div class=\"elementor-widget-container\">\n\t\t\t\t\t\t\t\t\t<h3 style=\"text-align: center;\"><strong>V\u00c5R ESSENS\u2026<\/strong><\/h3><p>\u00a0<\/p><p style=\"text-align: center;\">Vi skapar med passion s\u00e5 att dina interi\u00f6rer f\u00f6rmedlar sj\u00e4lvf\u00f6rtroende, karakt\u00e4r och ren distinktion. Varje sten v\u00e4ljs med omsorg, varje design skapas f\u00f6r att st\u00e5 ut. F\u00f6r ditt hem f\u00f6rtj\u00e4nar n\u00e5got lika unikt som du.<\/p>\t\t\t\t\t\t\t\t<\/div>\n\t\t\t\t<\/div>\n\t\t\t\t<div class=\"elementor-element elementor-element-aca7914 elementor-widget elementor-widget-image\" data-id=\"aca7914\" data-element_type=\"widget\" data-e-type=\"widget\" data-widget_type=\"image.default\">\n\t\t\t\t<div class=\"elementor-widget-container\">\n\t\t\t\t\t\t\t\t\t\t\t\t\t\t\t<img loading=\"lazy\" decoding=\"async\" width=\"1024\" height=\"1024\" src=\"https:\/\/forzini.com\/wp-content\/uploads\/2025\/12\/Forzini-company-1024x1024.jpg\" class=\"attachment-large size-large wp-image-22043\" alt=\"\" srcset=\"https:\/\/forzini.com\/wp-content\/uploads\/2025\/12\/Forzini-company-1024x1024.jpg 1024w, https:\/\/forzini.com\/wp-content\/uploads\/2025\/12\/Forzini-company-300x300.jpg 300w, https:\/\/forzini.com\/wp-content\/uploads\/2025\/12\/Forzini-company-150x150.jpg 150w, https:\/\/forzini.com\/wp-content\/uploads\/2025\/12\/Forzini-company-768x768.jpg 768w, https:\/\/forzini.com\/wp-content\/uploads\/2025\/12\/Forzini-company-500x500.jpg 500w, https:\/\/forzini.com\/wp-content\/uploads\/2025\/12\/Forzini-company-600x600.jpg 600w, https:\/\/forzini.com\/wp-content\/uploads\/2025\/12\/Forzini-company-100x100.jpg 100w, https:\/\/forzini.com\/wp-content\/uploads\/2025\/12\/Forzini-company.jpg 1080w\" sizes=\"auto, (max-width: 1024px) 100vw, 1024px\" \/>\t\t\t\t\t\t\t\t\t\t\t\t\t\t\t<\/div>\n\t\t\t\t<\/div>\n\t\t\t\t\t<\/div>\n\t\t\t\t<\/div>\n\t\t\t\t<\/div>\n\t\t\t\t<\/div>\n\t\t","protected":false},"excerpt":{"rendered":"<p>OM OSS V\u00e5r ber\u00e4ttelse b\u00f6rjar i jorden \u2014 inte i trender. Naturen s\u00e4tter rytmen; vi skulpterar m\u00e4sterverket. Vi v\u00e4ljer noggrant ut stenar med karakt\u00e4r och formar dem till verk som f\u00f6rh\u00f6jer de utrymmen m\u00e4nniskor v\u00e4rnar mest om: deras hem. VI \u00c4R\u2026 Med r\u00f6tter i generationer av geologer vet vi hur \u00e4kta kvalitet k\u00e4nns. Vi reser, [&hellip;]<\/p>\n","protected":false},"author":4,"featured_media":0,"parent":0,"menu_order":0,"comment_status":"closed","ping_status":"closed","template":"elementor_header_footer","meta":{"_acf_changed":false,"_joinchat":[],"footnotes":""},"class_list":["post-16822","page","type-page","status-publish","hentry"],"acf":[],"_links":{"self":[{"href":"https:\/\/forzini.com\/sv\/wp-json\/wp\/v2\/pages\/16822","targetHints":{"allow":["GET"]}}],"collection":[{"href":"https:\/\/forzini.com\/sv\/wp-json\/wp\/v2\/pages"}],"about":[{"href":"https:\/\/forzini.com\/sv\/wp-json\/wp\/v2\/types\/page"}],"author":[{"embeddable":true,"href":"https:\/\/forzini.com\/sv\/wp-json\/wp\/v2\/users\/4"}],"replies":[{"embeddable":true,"href":"https:\/\/forzini.com\/sv\/wp-json\/wp\/v2\/comments?post=16822"}],"version-history":[{"count":0,"href":"https:\/\/forzini.com\/sv\/wp-json\/wp\/v2\/pages\/16822\/revisions"}],"wp:attachment":[{"href":"https:\/\/forzini.com\/sv\/wp-json\/wp\/v2\/media?parent=16822"}],"curies":[{"name":"wp","href":"https:\/\/api.w.org\/{rel}","templated":true}]}}