{"id":16759,"date":"2024-02-12T12:35:03","date_gmt":"2024-02-12T11:35:03","guid":{"rendered":"https:\/\/forzini.com\/contactos\/"},"modified":"2025-12-08T19:14:57","modified_gmt":"2025-12-08T18:14:57","slug":"kontakt","status":"publish","type":"page","link":"https:\/\/forzini.com\/sv\/kontakt\/","title":{"rendered":"Kontakt"},"content":{"rendered":"\t\t<div data-elementor-type=\"wp-page\" data-elementor-id=\"16759\" class=\"elementor elementor-16759 elementor-74\">\n\t\t\t\t<div class=\"elementor-element elementor-element-6481c83b e-flex e-con-boxed e-con e-parent\" data-id=\"6481c83b\" data-element_type=\"container\" data-e-type=\"container\" data-settings=\"{&quot;background_background&quot;:&quot;classic&quot;}\">\n\t\t\t\t\t<div class=\"e-con-inner\">\n\t\t<div class=\"elementor-element elementor-element-40388cc3 e-con-full e-flex e-con e-child\" data-id=\"40388cc3\" data-element_type=\"container\" data-e-type=\"container\">\n\t\t\t\t<div class=\"elementor-element elementor-element-2aa5ea6a elementor-align-center animated-slow elementor-invisible elementor-widget elementor-widget-raven-heading\" data-id=\"2aa5ea6a\" data-element_type=\"widget\" data-e-type=\"widget\" data-settings=\"{&quot;_animation&quot;:&quot;fadeInUp&quot;}\" data-widget_type=\"raven-heading.default\">\n\t\t\t\t<div class=\"elementor-widget-container\">\n\t\t\t\t\t\t\t<div class=\"raven-widget-wrapper\"><h1 class=\"raven-heading raven-heading-h1\"><span class=\"raven-heading-title \">KONTAKTER<\/span><\/h1><\/div>\n\t\t\t\t\t\t<\/div>\n\t\t\t\t<\/div>\n\t\t\t\t<\/div>\n\t\t<div class=\"elementor-element elementor-element-7230dcbb e-con-full e-flex e-con e-child\" data-id=\"7230dcbb\" data-element_type=\"container\" data-e-type=\"container\">\n\t\t\t\t<div class=\"elementor-element elementor-element-769a7706 elementor-widget elementor-widget-text-editor\" data-id=\"769a7706\" data-element_type=\"widget\" data-e-type=\"widget\" data-widget_type=\"text-editor.default\">\n\t\t\t\t<div class=\"elementor-widget-container\">\n\t\t\t\t\t\t\t\t\t<p>Din upplevelse \u00e4r lika viktig som v\u00e5ra designer. FORZINI bygger p\u00e5 kvalitet, \u00e4rlighet och svar som inte f\u00e5r dig att v\u00e4nta. Kontakta oss n\u00e4r som helst \u2014 vi finns h\u00e4r f\u00f6r att g\u00f6ra det extraordin\u00e4ra m\u00f6jligt.<\/p>\t\t\t\t\t\t\t\t<\/div>\n\t\t\t\t<\/div>\n\t\t\t\t<\/div>\n\t\t\t\t\t<\/div>\n\t\t\t\t<\/div>\n\t\t<div class=\"elementor-element elementor-element-5aa555c e-flex e-con-boxed e-con e-parent\" data-id=\"5aa555c\" data-element_type=\"container\" data-e-type=\"container\" data-settings=\"{&quot;background_background&quot;:&quot;classic&quot;}\">\n\t\t\t\t\t<div class=\"e-con-inner\">\n\t\t<div class=\"elementor-element elementor-element-dc71bb6 e-con-full e-flex e-con e-child\" data-id=\"dc71bb6\" data-element_type=\"container\" data-e-type=\"container\">\n\t\t\t\t<div class=\"elementor-element elementor-element-70203a3 elementor-widget elementor-widget-text-editor\" data-id=\"70203a3\" data-element_type=\"widget\" data-e-type=\"widget\" data-widget_type=\"text-editor.default\">\n\t\t\t\t<div class=\"elementor-widget-container\">\n\t\t\t\t\t\t\t\t\t<p>E-post:<\/p><p>Support och information<\/p><p>info@forzini.com<\/p>\t\t\t\t\t\t\t\t<\/div>\n\t\t\t\t<\/div>\n\t\t\t\t<\/div>\n\t\t<div class=\"elementor-element elementor-element-de8f138 e-con-full e-flex e-con e-child\" data-id=\"de8f138\" data-element_type=\"container\" data-e-type=\"container\">\n\t\t\t\t<div class=\"elementor-element elementor-element-7c735b8 elementor-widget elementor-widget-text-editor\" data-id=\"7c735b8\" data-element_type=\"widget\" data-e-type=\"widget\" data-widget_type=\"text-editor.default\">\n\t\t\t\t<div class=\"elementor-widget-container\">\n\t\t\t\t\t\t\t\t\t<p>Telefon:<\/p><p>Kundtj\u00e4nst<\/p><p>+34 613 979 559<\/p>\t\t\t\t\t\t\t\t<\/div>\n\t\t\t\t<\/div>\n\t\t\t\t<\/div>\n\t\t<div class=\"elementor-element elementor-element-d2a90d4 e-con-full e-flex e-con e-child\" data-id=\"d2a90d4\" data-element_type=\"container\" data-e-type=\"container\">\n\t\t\t\t<div class=\"elementor-element elementor-element-f7502a6 elementor-widget elementor-widget-text-editor\" data-id=\"f7502a6\" data-element_type=\"widget\" data-e-type=\"widget\" data-widget_type=\"text-editor.default\">\n\t\t\t\t<div class=\"elementor-widget-container\">\n\t\t\t\t\t\t\t\t\t<p>\u00d6ppettider:<\/p><p>Vi finns tillg\u00e4ngliga p\u00e5 telefon fr\u00e5n 09:00 till 21:00 M\u00e5ndag till L\u00f6rdag<\/p><p>\u00a0<\/p>\t\t\t\t\t\t\t\t<\/div>\n\t\t\t\t<\/div>\n\t\t\t\t<\/div>\n\t\t<div class=\"elementor-element elementor-element-a460bab e-con-full e-flex e-con e-child\" data-id=\"a460bab\" data-element_type=\"container\" data-e-type=\"container\">\n\t\t\t\t<\/div>\n\t\t<div class=\"elementor-element elementor-element-2dac8de e-con-full e-flex e-con e-child\" data-id=\"2dac8de\" data-element_type=\"container\" data-e-type=\"container\">\n\t\t\t\t<\/div>\n\t\t<div class=\"elementor-element elementor-element-7dd3f04 e-con-full e-flex e-con e-child\" data-id=\"7dd3f04\" data-element_type=\"container\" data-e-type=\"container\">\n\t\t\t\t<\/div>\n\t\t\t\t\t<\/div>\n\t\t\t\t<\/div>\n\t\t\t\t<\/div>\n\t\t","protected":false},"excerpt":{"rendered":"<p>KONTAKTER Din upplevelse \u00e4r lika viktig som v\u00e5ra designer. FORZINI bygger p\u00e5 kvalitet, \u00e4rlighet och svar som inte f\u00e5r dig att v\u00e4nta. Kontakta oss n\u00e4r som helst \u2014 vi finns h\u00e4r f\u00f6r att g\u00f6ra det extraordin\u00e4ra m\u00f6jligt. E-post: Support och information info@forzini.com Telefon: Kundtj\u00e4nst +34 613 979 559 \u00d6ppettider: Vi finns tillg\u00e4ngliga p\u00e5 telefon fr\u00e5n [&hellip;]<\/p>\n","protected":false},"author":4,"featured_media":0,"parent":0,"menu_order":0,"comment_status":"closed","ping_status":"closed","template":"full-width.php","meta":{"_acf_changed":false,"_joinchat":[],"footnotes":""},"class_list":["post-16759","page","type-page","status-publish","hentry"],"acf":[],"_links":{"self":[{"href":"https:\/\/forzini.com\/sv\/wp-json\/wp\/v2\/pages\/16759","targetHints":{"allow":["GET"]}}],"collection":[{"href":"https:\/\/forzini.com\/sv\/wp-json\/wp\/v2\/pages"}],"about":[{"href":"https:\/\/forzini.com\/sv\/wp-json\/wp\/v2\/types\/page"}],"author":[{"embeddable":true,"href":"https:\/\/forzini.com\/sv\/wp-json\/wp\/v2\/users\/4"}],"replies":[{"embeddable":true,"href":"https:\/\/forzini.com\/sv\/wp-json\/wp\/v2\/comments?post=16759"}],"version-history":[{"count":0,"href":"https:\/\/forzini.com\/sv\/wp-json\/wp\/v2\/pages\/16759\/revisions"}],"wp:attachment":[{"href":"https:\/\/forzini.com\/sv\/wp-json\/wp\/v2\/media?parent=16759"}],"curies":[{"name":"wp","href":"https:\/\/api.w.org\/{rel}","templated":true}]}}