{"id":14939,"date":"2024-02-13T14:08:19","date_gmt":"2024-02-13T13:08:19","guid":{"rendered":"https:\/\/forzini.com\/pleje-og-egenskabe\/"},"modified":"2025-09-03T20:24:38","modified_gmt":"2025-09-03T18:24:38","slug":"vard-och-egenskaper","status":"publish","type":"page","link":"https:\/\/forzini.com\/sv\/vard-och-egenskaper\/","title":{"rendered":"V\u00e5rd och egenskaper"},"content":{"rendered":"\t\t<div data-elementor-type=\"wp-page\" data-elementor-id=\"14939\" class=\"elementor elementor-14939 elementor-254\">\n\t\t\t\t<div class=\"elementor-element elementor-element-2095ab91 e-flex e-con-boxed e-con e-parent\" data-id=\"2095ab91\" data-element_type=\"container\" data-e-type=\"container\" data-settings=\"{&quot;background_background&quot;:&quot;classic&quot;}\">\n\t\t\t\t\t<div class=\"e-con-inner\">\n\t\t\t\t<div class=\"elementor-element elementor-element-3ff3c801 elementor-align-center elementor-invisible elementor-widget elementor-widget-raven-heading\" data-id=\"3ff3c801\" data-element_type=\"widget\" data-e-type=\"widget\" data-settings=\"{&quot;_animation&quot;:&quot;fadeInUp&quot;}\" data-widget_type=\"raven-heading.default\">\n\t\t\t\t<div class=\"elementor-widget-container\">\n\t\t\t\t\t\t\t<div class=\"raven-widget-wrapper\"><h1 class=\"raven-heading raven-heading-h1\"><span class=\"raven-heading-title \">Produktv\u00e5rd<\/span><\/h1><\/div>\n\t\t\t\t\t\t<\/div>\n\t\t\t\t<\/div>\n\t\t\t\t<div class=\"elementor-element elementor-element-10e1255f animated-slow elementor-invisible elementor-widget elementor-widget-text-editor\" data-id=\"10e1255f\" data-element_type=\"widget\" data-e-type=\"widget\" data-settings=\"{&quot;_animation&quot;:&quot;fadeIn&quot;}\" data-widget_type=\"text-editor.default\">\n\t\t\t\t<div class=\"elementor-widget-container\">\n\t\t\t\t\t\t\t\t\t<h1 class=\"p1\">Anv\u00e4nd v\u00e5ra r\u00e5d f\u00f6r att ta hand om produkterna<\/h1>\t\t\t\t\t\t\t\t<\/div>\n\t\t\t\t<\/div>\n\t\t\t\t\t<\/div>\n\t\t\t\t<\/div>\n\t\t<div class=\"elementor-element elementor-element-72678fb e-flex e-con-boxed e-con e-parent\" data-id=\"72678fb\" data-element_type=\"container\" data-e-type=\"container\" data-settings=\"{&quot;background_background&quot;:&quot;classic&quot;}\">\n\t\t\t\t\t<div class=\"e-con-inner\">\n\t\t<div class=\"elementor-element elementor-element-e3522a9 e-con-full e-flex e-con e-child\" data-id=\"e3522a9\" data-element_type=\"container\" data-e-type=\"container\">\n\t\t\t\t<div class=\"elementor-element elementor-element-2f2a346 elementor-align-center animated-slow elementor-invisible elementor-widget elementor-widget-raven-heading\" data-id=\"2f2a346\" data-element_type=\"widget\" data-e-type=\"widget\" data-settings=\"{&quot;_animation&quot;:&quot;fadeInUp&quot;}\" data-widget_type=\"raven-heading.default\">\n\t\t\t\t<div class=\"elementor-widget-container\">\n\t\t\t\t\t\t\t<div class=\"raven-widget-wrapper\"><h1 class=\"raven-heading raven-heading-h1\"><span class=\"raven-heading-title \">handfat\n<\/span><\/h1><\/div>\n\t\t\t\t\t\t<\/div>\n\t\t\t\t<\/div>\n\t\t\t\t<\/div>\n\t\t<div class=\"elementor-element elementor-element-3686975 e-con-full e-flex e-con e-child\" data-id=\"3686975\" data-element_type=\"container\" data-e-type=\"container\">\n\t\t\t\t<div class=\"elementor-element elementor-element-2b13b12 elementor-widget elementor-widget-text-editor\" data-id=\"2b13b12\" data-element_type=\"widget\" data-e-type=\"widget\" data-widget_type=\"text-editor.default\">\n\t\t\t\t<div class=\"elementor-widget-container\">\n\t\t\t\t\t\t\t\t\t<p><strong>F\u00f6r att bevara sk\u00f6nheten hos ditt handfat av natursten<\/strong> rekommenderas att ytan reng\u00f6rs med en mjuk trasa eller en nylonborste fuktad med diskmedel med neutralt pH (se till att det inte \u00e4r citrusbaserat) eller att anv\u00e4nda en specialtv\u00e5l f\u00f6r sten.<\/p><p>Efter reng\u00f6ring, sk\u00f6lj noggrant bort alla tv\u00e5lrester och torka handfatet med en mjuk och ren trasa. F\u00f6r sv\u00e5rare fl\u00e4ckar kan du anv\u00e4nda en icke-slipande tv\u00e5l som \u00e4r speciellt framtagen f\u00f6r natursten eller v\u00e4lja ett professionellt reng\u00f6ringsmedel som finns i din lokala kakelbutik. Det \u00e4r viktigt att undvika starka kemikalier s\u00e5som blekmedel, alkalier, ammoniak, vin\u00e4ger, alkohol, slipande syror eller andra fr\u00e4tande \u00e4mnen, och \u00e4ven att avst\u00e5 fr\u00e5n att reng\u00f6ra handfatet med svampar, st\u00e5lull, borstar eller grova trasor f\u00f6r att undvika repor.<\/p><p>F\u00f6r att skydda ytan och f\u00f6rhindra uppkomsten av fl\u00e4ckar rekommenderas att en speciell vattenavvisande behandling f\u00f6r sten appliceras en g\u00e5ng om \u00e5ret, tillg\u00e4nglig i j\u00e4rnhandeln eller kakelbutiken.<\/p><p>Regelbunden och korrekt reng\u00f6ring och underh\u00e5ll kommer att s\u00e4kerst\u00e4lla den l\u00e5ngvariga charmen hos ditt handfat av natursten, som \u00e4r s\u00e4rskilt utformat f\u00f6r att ge ditt hem en k\u00e4nsla av harmoni.<\/p>\t\t\t\t\t\t\t\t<\/div>\n\t\t\t\t<\/div>\n\t\t\t\t<\/div>\n\t\t\t\t\t<\/div>\n\t\t\t\t<\/div>\n\t\t<div class=\"elementor-element elementor-element-537e2f1 e-flex e-con-boxed e-con e-parent\" data-id=\"537e2f1\" data-element_type=\"container\" data-e-type=\"container\" data-settings=\"{&quot;background_background&quot;:&quot;classic&quot;}\">\n\t\t\t\t\t<div class=\"e-con-inner\">\n\t\t<div class=\"elementor-element elementor-element-d958b84 e-con-full e-flex e-con e-child\" data-id=\"d958b84\" data-element_type=\"container\" data-e-type=\"container\">\n\t\t\t\t<div class=\"elementor-element elementor-element-c180a4d elementor-align-center animated-slow elementor-invisible elementor-widget elementor-widget-raven-heading\" data-id=\"c180a4d\" data-element_type=\"widget\" data-e-type=\"widget\" data-settings=\"{&quot;_animation&quot;:&quot;fadeInUp&quot;}\" data-widget_type=\"raven-heading.default\">\n\t\t\t\t<div class=\"elementor-widget-container\">\n\t\t\t\t\t\t\t<div class=\"raven-widget-wrapper\"><h1 class=\"raven-heading raven-heading-h1\"><span class=\"raven-heading-title \">bord<\/span><\/h1><\/div>\n\t\t\t\t\t\t<\/div>\n\t\t\t\t<\/div>\n\t\t\t\t<\/div>\n\t\t<div class=\"elementor-element elementor-element-0db4d61 e-con-full e-flex e-con e-child\" data-id=\"0db4d61\" data-element_type=\"container\" data-e-type=\"container\" data-settings=\"{&quot;background_background&quot;:&quot;classic&quot;}\">\n\t\t\t\t<div class=\"elementor-element elementor-element-c91e7b5 elementor-widget elementor-widget-text-editor\" data-id=\"c91e7b5\" data-element_type=\"widget\" data-e-type=\"widget\" data-widget_type=\"text-editor.default\">\n\t\t\t\t<div class=\"elementor-widget-container\">\n\t\t\t\t\t\t\t\t\t<p><strong>Naturlig marmor \u00e4r ett tidl\u00f6st material<\/strong>, och varje enskild av v\u00e5ra produkter \u00e4r handgjord. Varje bord \u00e4r unikt och kr\u00e4ver s\u00e4rskild sk\u00f6tsel f\u00f6r att forts\u00e4tta framh\u00e4va omgivningens sk\u00f6nhet, ge gl\u00e4dje i anv\u00e4ndningen och kunna f\u00f6ras vidare fr\u00e5n generation till generation. Vi litar p\u00e5 att Ni tar hand om v\u00e5ra skapelsers unika karakt\u00e4r.<\/p><p>Alla naturstenar har sina egenskaper samt styrkor och s\u00e5rbarheter. \u00c4ven v\u00e5r marmor behandlas med en speciell f\u00f6rsegling som till viss del skyddar ytan, men som beh\u00f6ver f\u00f6rnyas var 8\u201312:e m\u00e5nad. Vi m\u00e5ste \u00e4nd\u00e5 komma ih\u00e5g att marmor, av sin natur, \u00e4r k\u00e4nslig n\u00e4r den uts\u00e4tts f\u00f6r sura eller syrliga \u00e4mnen fr\u00e5n mat och dryck (kaffe, vatten, alkohol, kolsyrade drycker, s\u00e5ser, kemikalier, parfymer m.m.), vilka kan l\u00e4mna fl\u00e4ckar p\u00e5 ytan om de inte omedelbart avl\u00e4gsnas och reng\u00f6rs. Till och med vatten kan tr\u00e4nga in i stenens porer och orsaka missf\u00e4rgningar.<\/p><p>Vi rekommenderar att Ni omedelbart torkar av ytan med en torr trasa eller en pappershandduk. Gnugga eller repa inte ytan, eftersom det kan l\u00e4mna o\u00f6nskade m\u00e4rken. Anv\u00e4nd glasunderl\u00e4gg, grytunderl\u00e4gg och andra skydd f\u00f6r att undvika repor p\u00e5 ytan.<\/p><p>F\u00f6r daglig sk\u00f6tsel b\u00f6r stenen reng\u00f6ras regelbundet med en mjuk mikrofiberduk och, vid behov, kan \u00e4ven ljummet vatten med en liten m\u00e4ngd diskmedel med neutralt pH eller en professionell reng\u00f6ringsl\u00f6sning f\u00f6r natursten anv\u00e4ndas, tillg\u00e4nglig i Er lokala kakelbutik.<\/p><p>Vi rekommenderar att anv\u00e4nda en speciell tv\u00e5l f\u00f6r natursten f\u00f6r att behandla sv\u00e5ra fl\u00e4ckar. Anv\u00e4nd inte kemikalier eller produkter som inneh\u00e5ller blekmedel, alkalier, ammoniak, vin\u00e4ger, alkohol, slipande syror eller fr\u00e4tande \u00e4mnen; undvik ocks\u00e5 att repa ytan med svampar, st\u00e5lull, borstar eller grova trasor. Regelbunden och korrekt reng\u00f6ring och underh\u00e5ll kommer att s\u00e4kerst\u00e4lla den l\u00e5ngvariga charmen hos Ert bord av natursten, som \u00e4r s\u00e4rskilt utformat f\u00f6r att ge Ert hem en touch av elegans.<\/p>\t\t\t\t\t\t\t\t<\/div>\n\t\t\t\t<\/div>\n\t\t\t\t<\/div>\n\t\t\t\t\t<\/div>\n\t\t\t\t<\/div>\n\t\t<div class=\"elementor-element elementor-element-0119d88 e-flex e-con-boxed e-con e-parent\" data-id=\"0119d88\" data-element_type=\"container\" data-e-type=\"container\" data-settings=\"{&quot;background_background&quot;:&quot;classic&quot;}\">\n\t\t\t\t\t<div class=\"e-con-inner\">\n\t\t<div class=\"elementor-element elementor-element-a7ce453 e-con-full e-flex e-con e-child\" data-id=\"a7ce453\" data-element_type=\"container\" data-e-type=\"container\">\n\t\t\t\t<div class=\"elementor-element elementor-element-67e1c7d elementor-align-center animated-slow elementor-invisible elementor-widget elementor-widget-raven-heading\" data-id=\"67e1c7d\" data-element_type=\"widget\" data-e-type=\"widget\" data-settings=\"{&quot;_animation&quot;:&quot;fadeInUp&quot;}\" data-widget_type=\"raven-heading.default\">\n\t\t\t\t<div class=\"elementor-widget-container\">\n\t\t\t\t\t\t\t<div class=\"raven-widget-wrapper\"><h1 class=\"raven-heading raven-heading-h1\"><span class=\"raven-heading-title \">TILLBEH\u00d6R<\/span><\/h1><\/div>\n\t\t\t\t\t\t<\/div>\n\t\t\t\t<\/div>\n\t\t\t\t<\/div>\n\t\t<div class=\"elementor-element elementor-element-86c2a42 e-con-full e-flex e-con e-child\" data-id=\"86c2a42\" data-element_type=\"container\" data-e-type=\"container\">\n\t\t\t\t<div class=\"elementor-element elementor-element-22d7922 elementor-widget elementor-widget-text-editor\" data-id=\"22d7922\" data-element_type=\"widget\" data-e-type=\"widget\" data-widget_type=\"text-editor.default\">\n\t\t\t\t<div class=\"elementor-widget-container\">\n\t\t\t\t\t\t\t\t\t<p><strong>F\u00f6r att reng\u00f6ra dekorativa f\u00f6rem\u00e5l av natursten<\/strong> rekommenderar vi att anv\u00e4nda en mjuk trasa eller en nylonborste med diskmedel med neutralt pH eller en professionell reng\u00f6ringsl\u00f6sning f\u00f6r natursten. Sk\u00f6lj noggrant bort alla tv\u00e5lrester och torka med en mjuk och ren trasa.<\/p><p>F\u00f6r att behandla sv\u00e5ra eller envisa fl\u00e4ckar rekommenderar vi att anv\u00e4nda en speciell, icke-slipande tv\u00e5l f\u00f6r natursten eller ett professionellt reng\u00f6ringsmedel som kan k\u00f6pas i kakelbutiken. Anv\u00e4nd inte kemikalier eller produkter som inneh\u00e5ller blekmedel, alkalier, ammoniak, vin\u00e4ger, alkohol, slipande syror eller fr\u00e4tande \u00e4mnen. Undvik att repa tillbeh\u00f6ren med svampar, st\u00e5lull, borstar eller grova trasor.<\/p><p>Var f\u00f6rsiktig n\u00e4r du hanterar f\u00f6rem\u00e5len medan de \u00e4r v\u00e5ta, eftersom de kan vara hala och orsaka skador om de tappas. Vi rekommenderar att f\u00f6rem\u00e5let torkas helt innan det lyfts. Regelbunden och korrekt reng\u00f6ring och sk\u00f6tsel g\u00f6r att du kan njuta av de vackra tillbeh\u00f6ren av natursten under l\u00e5ng tid. De \u00e4r s\u00e4rskilt utformade f\u00f6r att framh\u00e4va stilen i ditt hem och ge en distinkt och exklusiv k\u00e4nsla.<\/p>\t\t\t\t\t\t\t\t<\/div>\n\t\t\t\t<\/div>\n\t\t\t\t<\/div>\n\t\t\t\t\t<\/div>\n\t\t\t\t<\/div>\n\t\t\t\t<\/div>\n\t\t","protected":false},"excerpt":{"rendered":"<p>Produktv\u00e5rd Anv\u00e4nd v\u00e5ra r\u00e5d f\u00f6r att ta hand om produkterna handfat F\u00f6r att bevara sk\u00f6nheten hos ditt handfat av natursten rekommenderas att ytan reng\u00f6rs med en mjuk trasa eller en nylonborste fuktad med diskmedel med neutralt pH (se till att det inte \u00e4r citrusbaserat) eller att anv\u00e4nda en specialtv\u00e5l f\u00f6r sten. Efter reng\u00f6ring, sk\u00f6lj noggrant [&hellip;]<\/p>\n","protected":false},"author":4,"featured_media":0,"parent":0,"menu_order":0,"comment_status":"closed","ping_status":"closed","template":"full-width.php","meta":{"_acf_changed":false,"_joinchat":[],"footnotes":""},"class_list":["post-14939","page","type-page","status-publish","hentry"],"acf":[],"_links":{"self":[{"href":"https:\/\/forzini.com\/sv\/wp-json\/wp\/v2\/pages\/14939","targetHints":{"allow":["GET"]}}],"collection":[{"href":"https:\/\/forzini.com\/sv\/wp-json\/wp\/v2\/pages"}],"about":[{"href":"https:\/\/forzini.com\/sv\/wp-json\/wp\/v2\/types\/page"}],"author":[{"embeddable":true,"href":"https:\/\/forzini.com\/sv\/wp-json\/wp\/v2\/users\/4"}],"replies":[{"embeddable":true,"href":"https:\/\/forzini.com\/sv\/wp-json\/wp\/v2\/comments?post=14939"}],"version-history":[{"count":0,"href":"https:\/\/forzini.com\/sv\/wp-json\/wp\/v2\/pages\/14939\/revisions"}],"wp:attachment":[{"href":"https:\/\/forzini.com\/sv\/wp-json\/wp\/v2\/media?parent=14939"}],"curies":[{"name":"wp","href":"https:\/\/api.w.org\/{rel}","templated":true}]}}