{"id":19267,"date":"2025-11-07T17:05:44","date_gmt":"2025-11-07T16:05:44","guid":{"rendered":"https:\/\/forzini.com\/?post_type=product&#038;p=19267"},"modified":"2026-03-09T18:09:15","modified_gmt":"2026-03-09T17:09:15","slug":"umywalka-na-blat-lazienkowy-biala-kamienna","status":"publish","type":"product","link":"https:\/\/forzini.com\/pl\/producto\/umywalka-na-blat-lazienkowy-biala-kamienna\/","title":{"rendered":"Bia\u0142a kamienna umywalka na blat do \u0142azienki"},"content":{"rendered":"<h2><strong>Bia\u0142a kamienna umywalka z onyksu \u2013 designerska forma inspirowana natur\u0105<\/strong><\/h2>\n<p>Ta <strong>Bia\u0142a kamienna umywalka<\/strong>, wykonana z bia\u0142ego onyksu i przeznaczona do monta\u017cu nablatowego, wyr\u00f3\u017cnia si\u0119 organiczn\u0105, nieregularn\u0105 sylwetk\u0105 inspirowan\u0105 delikatnym kszta\u0142tem kwiatu. Jej projekt prze\u0142amuje tradycyjne formy i dodaje ka\u017cdej \u0142azience artystycznego, eleganckiego i wyj\u0105tkowego charakteru. Ka\u017cde wygi\u0119cie zosta\u0142o r\u0119cznie rze\u017abione, tworz\u0105c idealn\u0105 r\u00f3wnowag\u0119 mi\u0119dzy naturalno\u015bci\u0105, wyrafinowaniem i funkcjonalno\u015bci\u0105.<\/p>\n<p>Bia\u0142y onyks ujawnia subtelne \u017cy\u0142ki w odcieniach kremu, z\u0142ota i bursztynu, kt\u00f3re uk\u0142adaj\u0105 si\u0119 spontanicznie na powierzchni. Ten naturalny wz\u00f3r, niemo\u017cliwy do odtworzenia, sprawia, \u017ce ka\u017cda umywalka jest jedyna w swoim rodzaju. Polerowane wyko\u0144czenie podkre\u015bla przezroczysto\u015b\u0107 onyksu i tworzy efekt g\u0142\u0119bi, kt\u00f3ry odmienia przestrze\u0144, dodaj\u0105c jej ciep\u0142a, harmonii i subtelnego blasku, wzbogacaj\u0105cego atmosfer\u0119 \u0142azienki.<\/p>\n<p>Dzi\u0119ki kompaktowym wymiarom i otulaj\u0105cemu kszta\u0142towi ta umywalka idealnie sprawdza si\u0119 w <strong>ma\u0142ych \u0142azienkach<\/strong>, toaletach go\u015bcinnych lub wn\u0119trzach, w kt\u00f3rych zale\u017cy nam na optymalnym wykorzystaniu przestrzeni bez rezygnacji z designu. Staje si\u0119 naturalnym punktem centralnym, podkre\u015blaj\u0105c wn\u0119trze wyrafinowanym i nowoczesnym stylem.<\/p>\n<p>Ta umywalka z bia\u0142ego onyksu doskonale komponuje si\u0119 z wieloma stylami:<\/p>\n<ul>\n<li>Nowoczesny<\/li>\n<li>Maksymalistyczny<\/li>\n<li>Japandi<\/li>\n<li>\u015ar\u00f3dziemnomorski<\/li>\n<li>Art\u2011Deco<\/li>\n<li>Organiczny<\/li>\n<li>Boutique<\/li>\n<li>Klasyczny od\u015bwie\u017cony<\/li>\n<li>Eklektyczny<\/li>\n<li>Wabi\u2011Sabi<\/li>\n<li>Bali<\/li>\n<li>Nordycki<\/li>\n<li>Biofilny<\/li>\n<\/ul>\n<p>Jej kwiatowa, nieregularna forma sprawia, \u017ce jest idealnym wyborem dla os\u00f3b poszukuj\u0105cych ekskluzywnej, dekoracyjnej umywalki z bia\u0142ego onyksu, kt\u00f3ra nadaje \u0142azience wyj\u0105tkowo\u015bci i stylu.<\/p>\n<div><\/div>\n<h2><strong>Onyks Golden Dune \u2013 mi\u0119kkie tony i ciep\u0142e \u017cy\u0142kowanie<\/strong><\/h2>\n<p><strong>Onyks Golden Dune<\/strong> prezentuje spokojne, bia\u0142e t\u0142o, kt\u00f3re dzia\u0142a jak naturalne p\u0142\u00f3tno, ozdobione \u017c\u00f3\u0142tawymi falami i kremowymi cieniami delikatnie przesuwaj\u0105cymi si\u0119 po powierzchni. Z\u0142ote, karmelowe, br\u0105zowe, koniakowe i czerwonawe \u017cy\u0142ki splataj\u0105 si\u0119, tworz\u0105c niepowtarzalne wzory pe\u0142ne ruchu i harmonii.<\/p>\n<p>Dzi\u0119ki swojej naturalnej przezroczysto\u015bci onyks pozwala \u015bwiat\u0142u przenika\u0107 przez struktur\u0119 kamienia, tworz\u0105c efektowne refleksy, kt\u00f3re podkre\u015blaj\u0105 jego pi\u0119kno i nadaj\u0105 wn\u0119trzu subtelnego luksusu. To idealny materia\u0142 dla os\u00f3b poszukuj\u0105cych umywalki o silnej obecno\u015bci wizualnej, naturalnej fakturze i eleganckim, ponadczasowym wyko\u0144czeniu.<\/p>\n<p><a href=\"https:\/\/forzini.com\/pl\/materialy\/\" target=\"_blank\" rel=\"noopener\">Poznaj nasz\u0105 kolekcj\u0119 marmur\u00f3w i onyks\u00f3w, korzystaj\u0105c z tego linku: <strong>Materia\u0142y<\/strong><\/a><\/p>\n<div><\/div>\n<h2><strong>Trwa\u0142o\u015b\u0107 i \u0142atwa piel\u0119gnacja<\/strong><\/h2>\n<p>Naturalny onyks oferuje:<\/p>\n<ul>\n<li>wysok\u0105 odporno\u015b\u0107<\/li>\n<li>d\u0142ug\u0105 \u017cywotno\u015b\u0107<\/li>\n<li>ponadczasow\u0105 estetyk\u0119<\/li>\n<li>\u0142atw\u0105 piel\u0119gnacj\u0119<\/li>\n<\/ul>\n<p>Polerowana powierzchnia u\u0142atwia codzienne czyszczenie, a solidno\u015b\u0107 onyksu zapewnia wyj\u0105tkow\u0105 trwa\u0142o\u015b\u0107. Przy podstawowej piel\u0119gnacji umywalka zachowuje sw\u00f3j blask, jasno\u015b\u0107 i pi\u0119kno przez wiele lat.<\/p>\n<div><\/div>\n<h2><strong>Najwa\u017cniejsze cechy<\/strong><\/h2>\n<ul>\n<li><strong>Monta\u017c:<\/strong> nablatowy<\/li>\n<li><strong>\u015arednica otworu odp\u0142ywowego:<\/strong> 4,5 cm (standard europejski)<\/li>\n<li><strong>Kompatybilny odp\u0142yw:<\/strong> uniwersalny bez przelewu (nie do\u0142\u0105czony)<\/li>\n<li><strong>Kompatybilna bateria:<\/strong> nablatowa lub \u015bcienna (nie do\u0142\u0105czona)<\/li>\n<li><strong>Nie zawiera:<\/strong> syfonu, zaworu odp\u0142ywowego, baterii<\/li>\n<\/ul>\n<div><\/div>\n<h2><strong>FAQs<\/strong><\/h2>\n<h3><strong>1. Jak czy\u015bci\u0107 umywalk\u0119 z naturalnego bia\u0142ego onyksu?<\/strong><\/h3>\n<p>U\u017cywaj letniej wody i delikatnego myd\u0142a. Unikaj produkt\u00f3w kwa\u015bnych lub \u015bciernych. Po ka\u017cdym u\u017cyciu wytrzyj powierzchni\u0119 do sucha, aby zachowa\u0107 jej blask.<\/p>\n<h3><strong>2. Czy ka\u017cda umywalka z bia\u0142ego onyksu jest naprawd\u0119 unikatowa?<\/strong><\/h3>\n<p>Tak. Onyks naturalnie r\u00f3\u017cni si\u0119 \u017cy\u0142kowaniem i odcieniami, dzi\u0119ki czemu ka\u017cda umywalka ma niepowtarzalny wz\u00f3r.<\/p>\n<h3><strong>3. Jaki odp\u0142yw i jaka bateria s\u0105 kompatybilne?<\/strong><\/h3>\n<p>Model wykorzystuje uniwersalny odp\u0142yw bez przelewu i jest kompatybilny z bateriami nablatowymi oraz \u015bciennymi.<\/p>\n<p><strong>Nasza wskaz\u00f3wka:<\/strong> ta umywalka doskonale komponuje si\u0119 z nasz\u0105 <a href=\"https:\/\/forzini.com\/pl\/producto\/bateria-wysoka-umywalkowa-zlota\/\" target=\"_blank\" rel=\"noopener\">wysok\u0105 bateri\u0105<\/a> nablatow\u0105 z bia\u0142ego onyksu.<\/p>\n<h3><strong>4. Do jakich styl\u00f3w \u0142azienek pasuje ta umywalka?<\/strong><\/h3>\n<p>\u015awietnie sprawdza si\u0119 w \u0142azienkach nowoczesnych, minimalistycznych, \u015br\u00f3dziemnomorskich, luksusowych, boutique oraz inspirowanych natur\u0105.<\/p>\n<h3><strong>5. Dlaczego warto wybra\u0107 umywalk\u0119 z bia\u0142ego onyksu?<\/strong><\/h3>\n<p>Bia\u0142y onyks dodaje wn\u0119trzu jasno\u015bci, elegancji i subtelnej, wyrafinowanej estetyki. To ekskluzywny materia\u0142, kt\u00f3ry podnosi jako\u015b\u0107 designu \u0142azienki.<\/p>\n<h3><strong>6. Czy realizujecie wysy\u0142k\u0119 mi\u0119dzynarodow\u0105?<\/strong><\/h3>\n<p>Tak, wysy\u0142amy do ka\u017cdego kraju, aby nasze umywalki z kamienia naturalnego mog\u0142y dotrze\u0107 do klient\u00f3w na ca\u0142ym \u015bwiecie.<\/p>\n<h3><strong>7. Jakie walory estetyczne oferuje onyks w por\u00f3wnaniu z innymi kamieniami naturalnymi?<\/strong><\/h3>\n<p>Onyks wyr\u00f3\u017cnia si\u0119 przezroczysto\u015bci\u0105, wyrazistym \u017cy\u0142kowaniem i g\u0142\u0119bokim blaskiem, tworz\u0105c ciep\u0142y i otulaj\u0105cy efekt wizualny.<\/p>\n","protected":false},"excerpt":{"rendered":"<p>Ta bia\u0142a kamienna umywalka wykonana z naturalnego onyksu \u0142\u0105czy elegancj\u0119, ekskluzywno\u015b\u0107 i precyzj\u0119 rzemie\u015blnicz\u0105. Jej nietypowy, organiczny kszta\u0142t z mi\u0119kkimi liniami i nieregularnymi konturami sprawia, \u017ce staje si\u0119 centralnym punktem ka\u017cdej luksusowej \u0142azienki.<\/p>\n<p>Ka\u017cda umywalka nablatowa prezentuje unikalne uk\u0142ady \u017cy\u0142, kt\u00f3re nadaj\u0105 powierzchni g\u0142\u0119bi\u0119 i tekstur\u0119. Polerowane wyko\u0144czenie podkre\u015bla \u015bwietlisto\u015b\u0107 onyksu i tworzy subtelny efekt gry \u015bwiat\u0142a, kt\u00f3ry wzbogaca atmosfer\u0119 wn\u0119trza.<\/p>\n<p>Idealna do monta\u017cu na marmurowych blatach, meblach wisz\u0105cych lub minimalistycznych powierzchniach, umywalka doskonale wpisuje si\u0119 w aran\u017cacje nowoczesne, designerskie, a tak\u017ce klasyczne w nowej ods\u0142onie. Jej obecno\u015b\u0107 definiuje przestrze\u0144, dodaj\u0105c jej charakteru i wyrafinowania.<\/p>\n<p>Wyb\u00f3r tej umywalki to inwestycja w jako\u015b\u0107, trwa\u0142o\u015b\u0107 i ponadczasowe pi\u0119kno. To nie tylko element wyposa\u017cenia \u2013 to rze\u017abiarska forma, kt\u00f3ra przyci\u0105ga wzrok i podkre\u015bla styl wn\u0119trza.<\/p>\n<p>&nbsp;<\/p>\n<h2><strong>Wymiary:<\/strong> d\u0142ugo\u015b\u0107 40\u201345 cm, szeroko\u015b\u0107 30\u201340 cm, wysoko\u015b\u0107 12 cm.<\/h2>\n<p>&nbsp;<\/p>\n","protected":false},"featured_media":20626,"comment_status":"closed","ping_status":"closed","template":"","meta":{"_acf_changed":false,"_joinchat":[]},"product_brand":[],"product_cat":[311,336],"product_tag":[325,417],"class_list":{"0":"post-19267","1":"product","2":"type-product","3":"status-publish","4":"has-post-thumbnail","6":"product_cat-umywalki","7":"product_cat-umywalki-onyksu","8":"product_tag-onyks","9":"product_tag-umywalka-lazienkowa","11":"first","12":"outofstock","13":"sale","14":"shipping-taxable","15":"purchasable","16":"product-type-simple"},"acf":[],"_links":{"self":[{"href":"https:\/\/forzini.com\/pl\/wp-json\/wp\/v2\/product\/19267","targetHints":{"allow":["GET"]}}],"collection":[{"href":"https:\/\/forzini.com\/pl\/wp-json\/wp\/v2\/product"}],"about":[{"href":"https:\/\/forzini.com\/pl\/wp-json\/wp\/v2\/types\/product"}],"replies":[{"embeddable":true,"href":"https:\/\/forzini.com\/pl\/wp-json\/wp\/v2\/comments?post=19267"}],"version-history":[{"count":2,"href":"https:\/\/forzini.com\/pl\/wp-json\/wp\/v2\/product\/19267\/revisions"}],"predecessor-version":[{"id":24726,"href":"https:\/\/forzini.com\/pl\/wp-json\/wp\/v2\/product\/19267\/revisions\/24726"}],"wp:featuredmedia":[{"embeddable":true,"href":"https:\/\/forzini.com\/pl\/wp-json\/wp\/v2\/media\/20626"}],"wp:attachment":[{"href":"https:\/\/forzini.com\/pl\/wp-json\/wp\/v2\/media?parent=19267"}],"wp:term":[{"taxonomy":"product_brand","embeddable":true,"href":"https:\/\/forzini.com\/pl\/wp-json\/wp\/v2\/product_brand?post=19267"},{"taxonomy":"product_cat","embeddable":true,"href":"https:\/\/forzini.com\/pl\/wp-json\/wp\/v2\/product_cat?post=19267"},{"taxonomy":"product_tag","embeddable":true,"href":"https:\/\/forzini.com\/pl\/wp-json\/wp\/v2\/product_tag?post=19267"}],"curies":[{"name":"wp","href":"https:\/\/api.w.org\/{rel}","templated":true}]}}