{"id":19219,"date":"2025-11-06T21:15:04","date_gmt":"2025-11-06T20:15:04","guid":{"rendered":"https:\/\/forzini.com\/?post_type=product&#038;p=19219"},"modified":"2026-02-27T11:56:17","modified_gmt":"2026-02-27T10:56:17","slug":"umywalka-marmurowa-biala-rustykalna","status":"publish","type":"product","link":"https:\/\/forzini.com\/pl\/producto\/umywalka-marmurowa-biala-rustykalna\/","title":{"rendered":"Umywalka marmurowa bia\u0142a rustykalna nablatowa"},"content":{"rendered":"<h2><strong>R\u0119cznie wykonana umywalka marmurowa \u2013 bia\u0142a, rustykalna, nablatowa.<\/strong><\/h2>\n<p>Ta okr\u0105g\u0142a umywalka z naturalnego bia\u0142ego marmuru wyr\u00f3\u017cnia si\u0119 delikatnymi, szarymi \u017cy\u0142kami oraz starannym, r\u0119cznie wykonanym wyko\u0144czeniem. Wyrze\u017abiona r\u0119cznie z jednego bloku kamienia, \u0142\u0105czy g\u0142adkie, polerowane wn\u0119trze z lekko chropowat\u0105, rustykaln\u0105 powierzchni\u0105 zewn\u0119trzn\u0105, kt\u00f3ra podkre\u015bla autentyczno\u015b\u0107 materia\u0142u.<\/p>\n<div><\/div>\n<h2><strong>Uniwersalny design do nowoczesnych i rustykalnych \u0142azienek<\/strong><\/h2>\n<p>Zr\u00f3wnowa\u017cona estetyka sprawia, \u017ce umywalka doskonale pasuje do \u0142azienek:<\/p>\n<ul>\n<li>w stylu \u015br\u00f3dziemnomorskim<\/li>\n<li>rustykalnym i nowoczesnym<\/li>\n<li>minimalistycznym<\/li>\n<li>inspirowanych spa<\/li>\n<\/ul>\n<p>Bia\u0142y marmur roz\u015bwietla przestrze\u0144 i \u015bwietnie komponuje si\u0119 z ciemnym kamieniem, postarza\u0142ym drewnem czy mikrocementem, tworz\u0105c ciep\u0142e i eleganckie wn\u0119trza.<\/p>\n<div><\/div>\n<h2><strong>Niepowtarzalny element ka\u017cdej \u0142azienki<\/strong><\/h2>\n<p>Ka\u017cda umywalka jest jedyna w swoim rodzaju. \u017by\u0142ki, odcienie i struktura marmuru r\u00f3\u017cni\u0105 si\u0119 naturalnie, co gwarantuje absolutn\u0105 unikalno\u015b\u0107. Subtelne biele przeci\u0119te szarymi liniami wprowadzaj\u0105 spok\u00f3j i elegancj\u0119, nadaj\u0105c \u0142azience wyj\u0105tkowy charakter.<\/p>\n<div><\/div>\n<h2><strong>Trwa\u0142o\u015b\u0107 i \u0142atwa piel\u0119gnacja<\/strong><\/h2>\n<p>Bia\u0142y marmur to materia\u0142 klasy premium, ceniony za:<\/p>\n<ul>\n<li>wysok\u0105 odporno\u015b\u0107<\/li>\n<li>d\u0142ug\u0105 \u017cywotno\u015b\u0107<\/li>\n<li>\u0142atwo\u015b\u0107 czyszczenia<\/li>\n<li>ponadczasow\u0105 estetyk\u0119<\/li>\n<\/ul>\n<p>To idealny wyb\u00f3r dla os\u00f3b szukaj\u0105cych luksusowej, funkcjonalnej i wyj\u0105tkowej umywalki.<\/p>\n<div><\/div>\n<h2><strong>Marmur Snow Leopard \u2013 kamie\u0144 wyj\u0105tkowy i ekskluzywny<\/strong><\/h2>\n<p>Umywalka wykonana jest z marmuru Snow Leopard \u2013 rzadkiego materia\u0142u o delikatnych, szarych \u017cy\u0142kach i unikalnych, naturalnych wzorach. Powstawa\u0142 przez miliony lat, \u0142\u0105cz\u0105c minera\u0142y takie jak kalcyt i aragonit, kt\u00f3re tworz\u0105 elegancki i niepowtarzalny rysunek.<\/p>\n<p>Jego rzadko\u015b\u0107 i pi\u0119kno czyni\u0105 go idealnym wyborem do luksusowych wn\u0119trz, dodaj\u0105c im presti\u017cu i wyj\u0105tkowo\u015bci.<\/p>\n<p><a href=\"https:\/\/forzini.com\/pl\/materialy\/\" target=\"_blank\" rel=\"noopener\">Poznaj nasz\u0105 kolekcj\u0119 marmur\u00f3w i onyks\u00f3w, korzystaj\u0105c z tego linku: <strong>Materia\u0142y<\/strong><\/a><\/p>\n<div><\/div>\n<h2><strong>Specyfikacja techniczna<\/strong><\/h2>\n<ul>\n<li><strong>Monta\u017c:<\/strong> Umywalka nablatowa<\/li>\n<li><strong>\u015arednica otworu odp\u0142ywowego:<\/strong> 4,5 cm (standard europejski)<\/li>\n<li><strong>Kompatybilny odp\u0142yw:<\/strong> Uniwersalny bez przelewu (nie w zestawie)<\/li>\n<li><strong>Kompatybilna bateria:<\/strong> Nablatowa lub \u015bcienna (nie w zestawie)<\/li>\n<li><strong>Zestaw nie zawiera:<\/strong> Syfonu, zaworu odp\u0142ywowego, baterii<\/li>\n<\/ul>\n<div><\/div>\n<h2><strong>FAQs<\/strong><\/h2>\n<p><strong>1. Jak dba\u0107 o umywalk\u0119 z bia\u0142ego marmuru, aby zachowa\u0142a idealny wygl\u0105d?<\/strong><\/p>\n<p>Wystarczy ciep\u0142a woda i delikatne myd\u0142o. Unikaj \u015brodk\u00f3w kwa\u015bnych i \u015bciernych, aby zachowa\u0107 naturalny po\u0142ysk marmuru.<\/p>\n<p><strong>2. Czy ka\u017cda marmurowa umywalka jest unikatowa?<\/strong><\/p>\n<p>Tak. Ka\u017cdy egzemplarz jest rze\u017abiony z naturalnego bloku marmuru, dlatego \u017cy\u0142ki i odcienie r\u00f3\u017cni\u0105 si\u0119 w spos\u00f3b organiczny, gwarantuj\u0105c niepowtarzalny wygl\u0105d.<\/p>\n<p><strong>3. Jaki odp\u0142yw i jaka bateria s\u0105 kompatybilne?<\/strong><\/p>\n<p>Umywalka wymaga uniwersalnego odp\u0142ywu bez przelewu i wsp\u00f3\u0142pracuje z bateriami nablatowymi oraz \u015bciennymi.<\/p>\n<p><strong>4. Do jakich styl\u00f3w \u0142azienek pasuje bia\u0142a marmurowa umywalka?<\/strong><\/p>\n<p>Jej wszechstronny design sprawdza si\u0119 w \u0142azienkach \u015br\u00f3dziemnomorskich, nowoczesnych rustykalnych, minimalistycznych oraz inspirowanych spa.<\/p>\n<p><strong>5. Dlaczego warto wybra\u0107 umywalk\u0119 z kamienia naturalnego zamiast modelu przemys\u0142owego?<\/strong><\/p>\n<p>Umywalka z kamienia naturalnego oferuje wyj\u0105tkowo\u015b\u0107, wy\u017csz\u0105 estetyk\u0119 i trwa\u0142o\u015b\u0107. Ka\u017cdy egzemplarz ma niepowtarzalne \u017cy\u0142kowanie, kt\u00f3rego nie da si\u0119 odtworzy\u0107 w produktach przemys\u0142owych \u2013 dodaje to \u0142azience luksusu i charakteru.<\/p>\n<h3><strong>6. Czy oferujecie wysy\u0142k\u0119 na ca\u0142y \u015bwiat?<\/strong><\/h3>\n<p>Tak \u2014 zapewniamy wysy\u0142k\u0119 mi\u0119dzynarodow\u0105, dzi\u0119ki czemu nasze umywalki z naturalnego kamienia mog\u0105 dotrze\u0107 do klient\u00f3w na ca\u0142ym \u015bwiecie.<\/p>\n","protected":false},"excerpt":{"rendered":"<p>Okr\u0105g\u0142a umywalka nablatowa wykonana z jednego bloku naturalnego bia\u0142ego marmuru z widocznymi szarymi \u017cy\u0142kami, kt\u00f3re nadaj\u0105 jej charakter i autentyczno\u015b\u0107. Wn\u0119trze jest g\u0142adko wypolerowane, zapewniaj\u0105c mi\u0119kk\u0105 i b\u0142yszcz\u0105c\u0105 powierzchni\u0119, natomiast zewn\u0119trzna cz\u0119\u015b\u0107 zachowuje r\u0119cznie wyko\u0144czon\u0105, lekko chropowat\u0105 tekstur\u0119, podkre\u015blaj\u0105c\u0105 mineralne pochodzenie kamienia.<\/p>\n<p>Dzi\u0119ki uniwersalnemu designowi doskonale pasuje do \u0142azienek w stylu \u015br\u00f3dziemnomorskim, rustykalnym, skandynawskim czy inspirowanych spa. Estetyka marmuru harmonizuje z ciemnymi blatami kamiennymi, postarzan\u0105 drewnian\u0105 zabudow\u0105 lub mikrocementem, a ca\u0142o\u015b\u0107 idealnie uzupe\u0142niaj\u0105 baterie \u015bcienne w wyko\u0144czeniu matowej czerni, br\u0105zu lub szczotkowanej stali.<\/p>\n<p>Ka\u017cda umywalka jest niepowtarzalna \u2013 \u017cy\u0142ki, odcienie i faktury r\u00f3\u017cni\u0105 si\u0119 subtelnie, co gwarantuje wyj\u0105tkowy charakter Twojej \u0142azienki. Bia\u0142y marmur s\u0142ynie z trwa\u0142o\u015bci, odporno\u015bci i \u0142atwo\u015bci w czyszczeniu, dzi\u0119ki czemu stanowi praktyczny wyb\u00f3r bez kompromisu w kwestii luksusu.<\/p>\n<p>&nbsp;<\/p>\n<h2><strong>Wymiary:<\/strong> \u015arednica 40 cm, wysoko\u015b\u0107 15 cm.<\/h2>\n<p>&nbsp;<\/p>\n","protected":false},"featured_media":20913,"comment_status":"closed","ping_status":"closed","template":"","meta":{"_acf_changed":false,"_joinchat":[]},"product_brand":[],"product_cat":[311,344],"product_tag":[320,417],"class_list":{"0":"post-19219","1":"product","2":"type-product","3":"status-publish","4":"has-post-thumbnail","6":"product_cat-umywalki","7":"product_cat-umywalki-marmurowe","8":"product_tag-marmur","9":"product_tag-umywalka-lazienkowa","11":"first","12":"instock","13":"sale","14":"shipping-taxable","15":"purchasable","16":"product-type-simple"},"acf":[],"_links":{"self":[{"href":"https:\/\/forzini.com\/pl\/wp-json\/wp\/v2\/product\/19219","targetHints":{"allow":["GET"]}}],"collection":[{"href":"https:\/\/forzini.com\/pl\/wp-json\/wp\/v2\/product"}],"about":[{"href":"https:\/\/forzini.com\/pl\/wp-json\/wp\/v2\/types\/product"}],"replies":[{"embeddable":true,"href":"https:\/\/forzini.com\/pl\/wp-json\/wp\/v2\/comments?post=19219"}],"version-history":[{"count":5,"href":"https:\/\/forzini.com\/pl\/wp-json\/wp\/v2\/product\/19219\/revisions"}],"predecessor-version":[{"id":24386,"href":"https:\/\/forzini.com\/pl\/wp-json\/wp\/v2\/product\/19219\/revisions\/24386"}],"wp:featuredmedia":[{"embeddable":true,"href":"https:\/\/forzini.com\/pl\/wp-json\/wp\/v2\/media\/20913"}],"wp:attachment":[{"href":"https:\/\/forzini.com\/pl\/wp-json\/wp\/v2\/media?parent=19219"}],"wp:term":[{"taxonomy":"product_brand","embeddable":true,"href":"https:\/\/forzini.com\/pl\/wp-json\/wp\/v2\/product_brand?post=19219"},{"taxonomy":"product_cat","embeddable":true,"href":"https:\/\/forzini.com\/pl\/wp-json\/wp\/v2\/product_cat?post=19219"},{"taxonomy":"product_tag","embeddable":true,"href":"https:\/\/forzini.com\/pl\/wp-json\/wp\/v2\/product_tag?post=19219"}],"curies":[{"name":"wp","href":"https:\/\/api.w.org\/{rel}","templated":true}]}}