{"id":19069,"date":"2025-11-04T17:53:41","date_gmt":"2025-11-04T16:53:41","guid":{"rendered":"https:\/\/forzini.com\/?post_type=product&#038;p=19069"},"modified":"2026-04-05T20:27:22","modified_gmt":"2026-04-05T18:27:22","slug":"umywalka-kwadratowa-nablatowa-kamienna","status":"publish","type":"product","link":"https:\/\/forzini.com\/pl\/producto\/umywalka-kwadratowa-nablatowa-kamienna\/","title":{"rendered":"Umywalka kamienna nablatowa kwadratowa z onyksu"},"content":{"rendered":"<h2><strong>Kamienna umywalka nablatowa kwadratowa do \u0142azienki w stylu nowoczesnym<\/strong><\/h2>\n<p>Ta <strong>Umywalka kamienna nablatowa kwadratowa<\/strong> jest idealna dla os\u00f3b, kt\u00f3re chc\u0105 doda\u0107 do swojej \u0142azienki wyj\u0105tkowy, stylowy akcent. Jej ca\u0142kowicie kwadratowy kszta\u0142t zewn\u0119trzny nadaje nowoczesny i uporz\u0105dkowany wygl\u0105d, natomiast zaokr\u0105glone wn\u0119trze wprowadza mi\u0119kko\u015b\u0107 i harmoni\u0119. Po\u0142\u0105czenie prostych linii i delikatnych krzywizn sprawia, \u017ce umywalka natychmiast przyci\u0105ga wzrok i staje si\u0119 centralnym punktem aran\u017cacji.<\/p>\n<p>Ka\u017cda umywalka jest r\u0119cznie rze\u017abiona z naturalnego onyksu, dzi\u0119ki czemu ka\u017cdy egzemplarz jest absolutnie niepowtarzalny. Naturalne \u017cy\u0142kowanie, subtelne przej\u015bcia kolor\u00f3w oraz lekka przezroczysto\u015b\u0107 kamienia tworz\u0105 pi\u0119kny efekt, gdy \u015bwiat\u0142o odbija si\u0119 od powierzchni, dodaj\u0105c wn\u0119trzu ciep\u0142a i naturalnego luksusu. To umywalka, kt\u00f3ra nie tylko wygl\u0105da efektownie, ale tak\u017ce sprawia, \u017ce \u0142azienka staje si\u0119 bardziej przytulna i elegancka.<\/p>\n<p>Kwadratowy design doskonale pasuje do \u0142azienek nowoczesnych, minimalistycznych i wsp\u00f3\u0142czesnych, a tak\u017ce \u015bwietnie komponuje si\u0119 z meblami z drewna, marmuru czy kamienia. Zaokr\u0105glone wn\u0119trze jest nie tylko estetyczne, ale r\u00f3wnie\u017c wygodne i praktyczne w codziennym u\u017cytkowaniu. To idealny wyb\u00f3r dla os\u00f3b, kt\u00f3re chc\u0105 mie\u0107 \u0142azienk\u0119 eleganck\u0105 i nowoczesn\u0105, bez rezygnacji z funkcjonalno\u015bci.<\/p>\n<p>Ta umywalka doskonale pasuje do styl\u00f3w:<\/p>\n<ul>\n<li>Nowoczesny<\/li>\n<li>Minimalistyczny<\/li>\n<li>Wsp\u00f3\u0142czesny<\/li>\n<li>Skandynawski<\/li>\n<li>Japandi<\/li>\n<li>Industrialny<\/li>\n<li>Urban chic<\/li>\n<li>Organic modern<\/li>\n<li>Art D\u00e9co w nowej ods\u0142onie<\/li>\n<li>Transitional<\/li>\n<\/ul>\n<p>Jej geometryczna forma i zaokr\u0105glone wn\u0119trze czyni\u0105 j\u0105 idealn\u0105 propozycj\u0105 dla os\u00f3b szukaj\u0105cych czego\u015b wyj\u0105tkowego, wyrazistego i pe\u0142nego charakteru.<\/p>\n<div><\/div>\n<h2><strong>Galaxy Green Onyx \u2013 ekskluzywny i \u015bwietlisty onyks<\/strong><\/h2>\n<p><strong>Galaxy Green Onyx<\/strong> to rzadka i bardzo ceniona odmiana onyksu. Jego jasny zielony kolor, po\u0142\u0105czony z bia\u0142ymi, br\u0105zowymi, z\u0142otymi i czerwonawymi \u017cy\u0142kami, tworzy naturalny, dynamiczny wz\u00f3r. Ka\u017cda umywalka ma unikalny rysunek, co czyni j\u0105 prawdziwie ekskluzywnym elementem wyposa\u017cenia.<\/p>\n<p>Dzi\u0119ki swojej p\u00f3\u0142przezroczysto\u015bci onyks spektakularnie reaguje na \u015bwiat\u0142o, ukazuj\u0105c wewn\u0119trzne warstwy, kt\u00f3re dodaj\u0105 g\u0142\u0119bi i subtelnego blasku. Ta cecha sprawia, \u017ce umywalka jest nie tylko funkcjonalna, ale r\u00f3wnie\u017c dekoracyjna, nadaj\u0105c \u0142azience ciep\u0142y i elegancki charakter.<\/p>\n<p>To idealny wyb\u00f3r dla os\u00f3b, kt\u00f3re szukaj\u0105 umywalki z charakterem, naturalnym pi\u0119knem i ponadczasowym wyko\u0144czeniem.<\/p>\n<p><a href=\"https:\/\/forzini.com\/pl\/materialy\/\" target=\"_blank\" rel=\"noopener\">Poznaj nasz\u0105 kolekcj\u0119 marmur\u00f3w i onyks\u00f3w, korzystaj\u0105c z tego linku: <strong>Materia\u0142y<\/strong><\/a><\/p>\n<div><\/div>\n<h2><strong>Trwa\u0142o\u015b\u0107 i \u0142atwa piel\u0119gnacja<\/strong><\/h2>\n<p>Naturalny onyks oferuje:<\/p>\n<ul>\n<li>wysok\u0105 odporno\u015b\u0107<\/li>\n<li>d\u0142ug\u0105 \u017cywotno\u015b\u0107<\/li>\n<li>ponadczasow\u0105 estetyk\u0119<\/li>\n<li>\u0142atw\u0105 piel\u0119gnacj\u0119<\/li>\n<\/ul>\n<p>Polerowana powierzchnia jest \u0142atwa w czyszczeniu i zachowuje sw\u00f3j blask przez wiele lat. Przy podstawowej piel\u0119gnacji umywalka bez wysi\u0142ku utrzyma swoje naturalne pi\u0119kno.<\/p>\n<div><\/div>\n<h2><strong>Najwa\u017cniejsze cechy<\/strong><\/h2>\n<ul>\n<li><strong>Monta\u017c:<\/strong> nablatowy<\/li>\n<li><strong>\u015arednica otworu odp\u0142ywowego:<\/strong> 4,5 cm (standard europejski)<\/li>\n<li><strong>Kompatybilny odp\u0142yw:<\/strong> uniwersalny bez przelewu (nie w zestawie)<\/li>\n<li><strong>Kompatybilna bateria:<\/strong> nablatowa lub \u015bcienna (nie w zestawie)<\/li>\n<li><strong>Zestaw nie zawiera:<\/strong> syfonu, zaworu odp\u0142ywowego, baterii<\/li>\n<\/ul>\n<div><\/div>\n<h2><strong>FAQs<\/strong><\/h2>\n<h3><strong>1. Jak czy\u015bci\u0107 kwadratow\u0105 umywalk\u0119 z naturalnego onyksu?<\/strong><\/h3>\n<p>U\u017cywaj ciep\u0142ej wody i delikatnego myd\u0142a. Unikaj produkt\u00f3w kwa\u015bnych lub \u015bciernych i wycieraj powierzchni\u0119 do sucha po ka\u017cdym u\u017cyciu.<\/p>\n<h3><strong>2. Czy ka\u017cda umywalka z onyksu jest unikatowa?<\/strong><\/h3>\n<p>Tak. Ka\u017cdy egzemplarz ma inne \u017cy\u0142kowanie i odcienie, dzi\u0119ki czemu ka\u017cda umywalka jest jedyna w swoim rodzaju.<\/p>\n<h3><strong>3. Jaki odp\u0142yw i jak\u0105 bateri\u0119 nale\u017cy zastosowa\u0107?<\/strong><\/h3>\n<p>Uniwersalny odp\u0142yw bez przelewu oraz bateri\u0119 nablatow\u0105 lub \u015bcienn\u0105.<\/p>\n<p><strong>Nasza wskaz\u00f3wka: ta umywalka doskonale komponuje si\u0119 z nasz\u0105 <a href=\"https:\/\/forzini.com\/pl\/producto\/bateria-umywalkowa-stojaca-ozdobna\/\" target=\"_blank\" rel=\"noopener\">wysok\u0105 bateri\u0105 nablatow\u0105<\/a> z zielonego onyksu.<\/strong><\/p>\n<h3><strong>4. <\/strong><strong>Jakie zalety ma umywalka z naturalnego onyksu w por\u00f3wnaniu z ceramik\u0105 lub materia\u0142ami syntetycznymi?<\/strong><\/h3>\n<p>Opr\u00f3cz wyj\u0105tkowego wygl\u0105du, naturalny onyks jest zaskakuj\u0105co trwa\u0142y i przy odpowiedniej piel\u0119gnacji mo\u017ce s\u0142u\u017cy\u0107 przez dekady. W przeciwie\u0144stwie do ceramiki czy materia\u0142\u00f3w sztucznych, onyks mo\u017cna odnowi\u0107 i przywr\u00f3ci\u0107 mu pierwotny blask. Nie bez powodu wiele element\u00f3w \u0142azienkowych w staro\u017cytnym Rzymie i historycznych pa\u0142acach wykonywano z kamienia naturalnego \u2013 i przetrwa\u0142y do dzi\u015b. Wyb\u00f3r onyksu to inwestycja w trwa\u0142o\u015b\u0107, ekskluzywno\u015b\u0107 i materia\u0142 o ponadczasowej warto\u015bci.<\/p>\n<h3><strong>5. Dlaczego warto wybra\u0107 kwadratow\u0105 umywalk\u0119 z okr\u0105g\u0142ym wn\u0119trzem?<\/strong><\/h3>\n<p>Poniewa\u017c \u0142\u0105czy nowoczesny design z mi\u0119kk\u0105, wygodn\u0105 form\u0105 wewn\u0119trzn\u0105, tworz\u0105c harmonijny i atrakcyjny wizualnie efekt.<\/p>\n<h3><strong>6. Czy realizujecie wysy\u0142k\u0119 mi\u0119dzynarodow\u0105?<\/strong><\/h3>\n<p>Tak, wysy\u0142amy do ka\u017cdego kraju.<\/p>\n<h3><strong>7. Jakie zalety ma onyks w por\u00f3wnaniu z innymi kamieniami naturalnymi?<\/strong><\/h3>\n<p>Jego p\u00f3\u0142przezroczysto\u015b\u0107, naturalne \u017cy\u0142kowanie i g\u0142\u0119boki po\u0142ysk sprawiaj\u0105, \u017ce jest to kamie\u0144 wyj\u0105tkowy, elegancki i bardzo dekoracyjny.<\/p>\n","protected":false},"excerpt":{"rendered":"<p>Ta umywalka kwadratowa kamienna z onyksu wnosi do \u0142azienki wyrazist\u0105, harmonijn\u0105 obecno\u015b\u0107 \u2013 idealna dla wn\u0119trz, w kt\u00f3rych liczy si\u0119 \u015bwiadomy, przemy\u015blany design. Jej proste linie i delikatnie zaokr\u0105glony kontur tworz\u0105 nowoczesn\u0105 estetyk\u0119, kt\u00f3ra naturalnie wpisuje si\u0119 w r\u00f3\u017cne style aran\u017cacyjne: w przestrzeniach boho stanowi elegancki kontrapunkt dla organicznych materia\u0142\u00f3w i mi\u0119kkich faktur; w \u0142azienkach minimalistycznych podkre\u015bla wizualn\u0105 czysto\u015b\u0107 i brak zb\u0119dnych ozdobnik\u00f3w; w nowoczesnych wn\u0119trzach dodaje charakteru bez zak\u0142\u00f3cania harmonii; a w klasycznie odnowionych przestrzeniach staje si\u0119 wsp\u00f3\u0142czesnym akcentem, kt\u00f3ry szanuje ducha ca\u0142o\u015bci.<\/p>\n<p>Ta minimalistyczna umywalka nablatowa doskonale sprawdzi si\u0119 w eleganckich i wyrafinowanych aran\u017cacjach, \u0142\u0105cz\u0105c funkcjonalno\u015b\u0107 z wyrazist\u0105 osobowo\u015bci\u0105.<\/p>\n<h2><strong>Wymiary:<\/strong> d\u0142ugo\u015b\u0107 40 cm, szeroko\u015b\u0107 40 cm, wysoko\u015b\u0107 15 cm.<\/h2>\n","protected":false},"featured_media":20311,"comment_status":"closed","ping_status":"closed","template":"","meta":{"_acf_changed":false,"_joinchat":[]},"product_brand":[],"product_cat":[311,336],"product_tag":[325,417],"class_list":{"0":"post-19069","1":"product","2":"type-product","3":"status-publish","4":"has-post-thumbnail","6":"product_cat-umywalki","7":"product_cat-umywalki-onyksu","8":"product_tag-onyks","9":"product_tag-umywalka-lazienkowa","11":"first","12":"instock","13":"sale","14":"shipping-taxable","15":"purchasable","16":"product-type-simple"},"acf":[],"_links":{"self":[{"href":"https:\/\/forzini.com\/pl\/wp-json\/wp\/v2\/product\/19069","targetHints":{"allow":["GET"]}}],"collection":[{"href":"https:\/\/forzini.com\/pl\/wp-json\/wp\/v2\/product"}],"about":[{"href":"https:\/\/forzini.com\/pl\/wp-json\/wp\/v2\/types\/product"}],"replies":[{"embeddable":true,"href":"https:\/\/forzini.com\/pl\/wp-json\/wp\/v2\/comments?post=19069"}],"version-history":[{"count":4,"href":"https:\/\/forzini.com\/pl\/wp-json\/wp\/v2\/product\/19069\/revisions"}],"predecessor-version":[{"id":24775,"href":"https:\/\/forzini.com\/pl\/wp-json\/wp\/v2\/product\/19069\/revisions\/24775"}],"wp:featuredmedia":[{"embeddable":true,"href":"https:\/\/forzini.com\/pl\/wp-json\/wp\/v2\/media\/20311"}],"wp:attachment":[{"href":"https:\/\/forzini.com\/pl\/wp-json\/wp\/v2\/media?parent=19069"}],"wp:term":[{"taxonomy":"product_brand","embeddable":true,"href":"https:\/\/forzini.com\/pl\/wp-json\/wp\/v2\/product_brand?post=19069"},{"taxonomy":"product_cat","embeddable":true,"href":"https:\/\/forzini.com\/pl\/wp-json\/wp\/v2\/product_cat?post=19069"},{"taxonomy":"product_tag","embeddable":true,"href":"https:\/\/forzini.com\/pl\/wp-json\/wp\/v2\/product_tag?post=19069"}],"curies":[{"name":"wp","href":"https:\/\/api.w.org\/{rel}","templated":true}]}}