{"id":18767,"date":"2025-10-31T19:09:32","date_gmt":"2025-10-31T18:09:32","guid":{"rendered":"https:\/\/forzini.com\/producto\/lavabo-piedra-onix-rustico\/"},"modified":"2026-03-12T20:46:41","modified_gmt":"2026-03-12T19:46:41","slug":"umywalka-kamien-naturalny-onyks-okragla","status":"publish","type":"product","link":"https:\/\/forzini.com\/pl\/producto\/umywalka-kamien-naturalny-onyks-okragla\/","title":{"rendered":"Okr\u0105g\u0142a umywalka z kamienia naturalnego onyksy"},"content":{"rendered":"<h2>Okr\u0105g\u0142a umywalka z onyksu \u2013 kamie\u0144 naturalny<\/h2>\n<p>Ta <strong>Okr\u0105g\u0142a umywalka z kamienia naturalnego<\/strong> wykonana z zielonego onyksu wyr\u00f3\u017cnia si\u0119 spokojn\u0105 prezencj\u0105 i g\u0142\u0119boko naturaln\u0105 estetyk\u0105. Jej czysta, cylindryczna forma o zr\u00f3wnowa\u017conych proporcjach ods\u0142ania wewn\u0105trz polerowan\u0105 powierzchni\u0119, na kt\u00f3rej widoczna jest mozaika zieleni, be\u017cu, miodowych ton\u00f3w oraz delikatnych czerwonawych \u017cy\u0142ek biegn\u0105cych przez struktur\u0119 onyksu. Kamie\u0144 prezentuje bogactwo barw, tworz\u0105c ciep\u0142y i otulaj\u0105cy efekt wizualny.<\/p>\n<p>Zewn\u0119trzna cz\u0119\u015b\u0107 umywalki zachowuje <strong>surowe, nieobrobione wyko\u0144czenie<\/strong>, kt\u00f3re podkre\u015bla naturaln\u0105 tekstur\u0119 onyksu w jego pierwotnej formie. Ta nieregularna powierzchnia dodaje organicznego, autentycznego charakteru i tworzy wyrafinowany kontrast z b\u0142yszcz\u0105cym wn\u0119trzem. Efektem jest umywalka, kt\u00f3ra emanuje spokojem, naturalno\u015bci\u0105 i nowoczesnym stylem, idealnie pasuj\u0105cym do ciep\u0142ych, wsp\u00f3\u0142czesnych i starannie zaprojektowanych \u0142azienek.<\/p>\n<p>Stworzona jako <strong>umywalka nablatowa<\/strong>, staje si\u0119 centralnym elementem aran\u017cacji. Jej okr\u0105g\u0142a sylwetka i wizualna harmonia sprawiaj\u0105, \u017ce doskonale komponuje si\u0119 z nowoczesnymi meblami \u0142azienkowymi, blatami z litego drewna czy minimalistycznymi przestrzeniami, wnosz\u0105c do nich subteln\u0105 elegancj\u0119. To idealny wyb\u00f3r dla os\u00f3b poszukuj\u0105cych <strong>umywalki z naturalnego kamienia<\/strong>, kt\u00f3ra doda wn\u0119trzu wyj\u0105tkowo\u015bci, harmonii i charakteru.<\/p>\n<p>Ta umywalka doskonale pasuje do styl\u00f3w:<\/p>\n<ul>\n<li>rustykalny<\/li>\n<li>\u015br\u00f3dziemnomorski<\/li>\n<li>wabi\u2011sabi<\/li>\n<li>kolonialny<\/li>\n<li>boho natural<\/li>\n<li>vintage<\/li>\n<li>organiczny<\/li>\n<li>wiejski<\/li>\n<li>prowansalski<\/li>\n<li>klasyczny<\/li>\n<li>nowoczesny cottagecore<\/li>\n<li>nordycki \/ skandynawski<\/li>\n<li>japandi<\/li>\n<li>industrialny<\/li>\n<li>natural zen<\/li>\n<li>organiczny wsp\u00f3\u0142czesny<\/li>\n<li>nowoczesny farmhouse<\/li>\n<li>slow living<\/li>\n<li>coastal natural<\/li>\n<\/ul>\n<p>Zielony onyks u\u017cyty do wykonania tej umywalki wyr\u00f3\u017cnia si\u0119 bogactwem \u017cy\u0142ek i r\u00f3\u017cnorodno\u015bci\u0105 ton\u00f3w widocznych na powierzchni. Ka\u017cdy egzemplarz prezentuje unikaln\u0105 gr\u0119 linii i kontrast\u00f3w, gdzie zielenie \u0142\u0105cz\u0105 si\u0119 z ziemistymi odcieniami i subtelnymi ciep\u0142ymi akcentami. Kamie\u0144 zachowuje swoj\u0105 naturaln\u0105 struktur\u0119 i rysunek, co nadaje ka\u017cdej umywalce autentyczno\u015bci i niepowtarzalnego charakteru. Dzi\u0119ki tej kombinacji barw i organicznych form umywalka dodaje wn\u0119trzu g\u0142\u0119bi oraz spokojnej elegancji, kt\u00f3ra podkre\u015bla styl ka\u017cdej \u0142azienki.<\/p>\n<div><\/div>\n<h2><strong>Green Amazonian Onyx \u2013 odmiana bogata w niuanse i wizualn\u0105 g\u0142\u0119bi\u0119<\/strong><\/h2>\n<p><strong>Green Amazonian Onyx<\/strong> s\u0142ynie z szerokiej palety zieleni \u2014 od intensywnych ton\u00f3w po delikatniejsze odcienie \u2014 uzupe\u0142nionych br\u0105zowymi, czekoladowymi, z\u0142otymi i czerwonawymi \u017cy\u0142kami. Ta kombinacja tworzy dynamiczny i g\u0142\u0119boki efekt wizualny. Gdy \u015bwiat\u0142o pada na powierzchni\u0119, kolory staj\u0105 si\u0119 jeszcze bardziej wyraziste, nadaj\u0105c wn\u0119trzu ciep\u0142\u0105 i wyrafinowan\u0105 atmosfer\u0119.<\/p>\n<p><a href=\"https:\/\/forzini.com\/pl\/materialy\/\" target=\"_blank\" rel=\"noopener\">Poznaj nasz\u0105 kolekcj\u0119 marmur\u00f3w i onyks\u00f3w, korzystaj\u0105c z tego linku: <strong>Materia\u0142y<\/strong><\/a><\/p>\n<div><\/div>\n<h2><strong>Trwa\u0142o\u015b\u0107 i \u0142atwa piel\u0119gnacja<\/strong><\/h2>\n<p>Naturalny onyks oferuje:<\/p>\n<ul>\n<li>wysok\u0105 odporno\u015b\u0107<\/li>\n<li>d\u0142ug\u0105 \u017cywotno\u015b\u0107<\/li>\n<li>ponadczasow\u0105 estetyk\u0119<\/li>\n<li>\u0142atw\u0105 piel\u0119gnacj\u0119<\/li>\n<\/ul>\n<p>Polerowana powierzchnia jest \u0142atwa w czyszczeniu i zachowuje sw\u00f3j blask przez wiele lat. Przy podstawowej piel\u0119gnacji umywalka bez wysi\u0142ku utrzyma swoje naturalne pi\u0119kno.<\/p>\n<div><\/div>\n<h2><strong>Najwa\u017cniejsze cechy<\/strong><\/h2>\n<ul>\n<li><strong>Instalacja:<\/strong> nablatowa<\/li>\n<li><strong>\u015arednica otworu odp\u0142ywowego:<\/strong> 4,5 cm (standard europejski)<\/li>\n<li><strong>Kompatybilny odp\u0142yw:<\/strong> uniwersalny bez przelewu (nie do\u0142\u0105czony)<\/li>\n<li><strong>Kompatybilna bateria:<\/strong> stoj\u0105ca lub \u015bcienna (nie do\u0142\u0105czona)<\/li>\n<li><strong>Nie zawiera:<\/strong> syfonu, zaworu odp\u0142ywowego, baterii<\/li>\n<\/ul>\n<div><\/div>\n<h2><strong>FAQs<\/strong><\/h2>\n<h3><strong>1. Jak czy\u015bci\u0107 umywalk\u0119 z naturalnego onyksu?<\/strong><\/h3>\n<p>Ciep\u0142\u0105 wod\u0105 i delikatnym myd\u0142em. Unikaj \u015brodk\u00f3w kwa\u015bnych lub \u015bciernych i osuszaj powierzchni\u0119 po ka\u017cdym u\u017cyciu.<\/p>\n<h3><strong>2. Czy ka\u017cda umywalka z onyksu jest naprawd\u0119 unikatowa?<\/strong><\/h3>\n<p>Tak. Onyks posiada naturalne \u017cy\u0142ki i zr\u00f3\u017cnicowane kolory, kt\u00f3re nigdy si\u0119 nie powtarzaj\u0105 \u2014 ka\u017cda umywalka jest jedyna w swoim rodzaju.<\/p>\n<h3><strong>3. Jaki odp\u0142yw i jak\u0105 bateri\u0119 nale\u017cy zastosowa\u0107?<\/strong><\/h3>\n<p>Uniwersalny odp\u0142yw bez przelewu oraz bateri\u0119 nablatow\u0105 lub \u015bcienn\u0105.<\/p>\n<h3><strong>4. Czy ta umywalka nadaje si\u0119 do ma\u0142ych \u0142azienek?<\/strong><\/h3>\n<p>Tak. Jej okr\u0105g\u0142y kszta\u0142t i zr\u00f3wnowa\u017cone proporcje sprawiaj\u0105, \u017ce \u015bwietnie sprawdza si\u0119 nawet na mniejszych blatach.<\/p>\n<h3><strong>5. Co wnosi okr\u0105g\u0142a umywalka z zielonego onyksu do \u0142azienki?<\/strong><\/h3>\n<p>Dodaje designu, naturalno\u015bci, \u015bwiat\u0142a i subtelnego mineralnego akcentu, kt\u00f3ry odmienia przestrze\u0144.<\/p>\n<h3><strong>6. Czy oferujecie wysy\u0142k\u0119 mi\u0119dzynarodow\u0105?<\/strong><\/h3>\n<p>Tak, wysy\u0142amy do ka\u017cdego kraju.<\/p>\n<h3><strong>7. Jakie walory estetyczne ma onyks w por\u00f3wnaniu z innymi kamieniami?<\/strong><\/h3>\n<p>Jego wyraziste \u017cy\u0142ki, bogata kolorystyka i elegancki wygl\u0105d czyni\u0105 go materia\u0142em ciep\u0142ym, dekoracyjnym i niezwykle szlachetnym.<\/p>\n","protected":false},"excerpt":{"rendered":"<p>Ta umywalka z zielonego onyksu wyr\u00f3\u017cnia si\u0119 eleganckim, zaokr\u0105glonym kszta\u0142tem oraz surowym, niepolerowanym wyko\u0144czeniem zewn\u0119trznym, kt\u00f3re zachowuje autentyczn\u0105 i organiczn\u0105 struktur\u0119 kamienia. Jej powierzchnia ods\u0142ania unikalne \u017cy\u0142kowania w odcieniach zieleni, br\u0105zu i czerwieni, uk\u0142adaj\u0105ce si\u0119 w spontaniczne, niepowtarzalne wzory. Kontrast mi\u0119dzy subtelnie b\u0142yszcz\u0105cym, g\u0142adkim wn\u0119trzem a chropowatym konturem tworzy wizualn\u0105 harmoni\u0119, \u0142\u0105cz\u0105c\u0105 rustykalno\u015b\u0107 z wyrafinowaniem \u2013 czyni\u0105c z umywalki prawdziwe dzie\u0142o rze\u017abiarskiej sztuki.<\/p>\n<p>Idealna do \u0142azienek w stylu nowoczesnym z naturalnymi akcentami, przestrzeni inspirowanych estetyk\u0105 wabi-sabi lub minimalistycznych wn\u0119trz, kt\u00f3re poszukuj\u0105 centralnego elementu z charakterem i g\u0142\u0119bi\u0105.<\/p>\n<h2><strong>Wymiary:<\/strong> \u015brednica 40 cm, wysoko\u015b\u0107 15 cm.<\/h2>\n","protected":false},"featured_media":21150,"comment_status":"closed","ping_status":"closed","template":"","meta":{"_acf_changed":false,"_joinchat":[]},"product_brand":[],"product_cat":[311,336],"product_tag":[325,417],"class_list":{"0":"post-18767","1":"product","2":"type-product","3":"status-publish","4":"has-post-thumbnail","6":"product_cat-umywalki","7":"product_cat-umywalki-onyksu","8":"product_tag-onyks","9":"product_tag-umywalka-lazienkowa","11":"first","12":"instock","13":"sale","14":"shipping-taxable","15":"purchasable","16":"product-type-simple"},"acf":[],"_links":{"self":[{"href":"https:\/\/forzini.com\/pl\/wp-json\/wp\/v2\/product\/18767","targetHints":{"allow":["GET"]}}],"collection":[{"href":"https:\/\/forzini.com\/pl\/wp-json\/wp\/v2\/product"}],"about":[{"href":"https:\/\/forzini.com\/pl\/wp-json\/wp\/v2\/types\/product"}],"replies":[{"embeddable":true,"href":"https:\/\/forzini.com\/pl\/wp-json\/wp\/v2\/comments?post=18767"}],"version-history":[{"count":2,"href":"https:\/\/forzini.com\/pl\/wp-json\/wp\/v2\/product\/18767\/revisions"}],"predecessor-version":[{"id":24827,"href":"https:\/\/forzini.com\/pl\/wp-json\/wp\/v2\/product\/18767\/revisions\/24827"}],"wp:featuredmedia":[{"embeddable":true,"href":"https:\/\/forzini.com\/pl\/wp-json\/wp\/v2\/media\/21150"}],"wp:attachment":[{"href":"https:\/\/forzini.com\/pl\/wp-json\/wp\/v2\/media?parent=18767"}],"wp:term":[{"taxonomy":"product_brand","embeddable":true,"href":"https:\/\/forzini.com\/pl\/wp-json\/wp\/v2\/product_brand?post=18767"},{"taxonomy":"product_cat","embeddable":true,"href":"https:\/\/forzini.com\/pl\/wp-json\/wp\/v2\/product_cat?post=18767"},{"taxonomy":"product_tag","embeddable":true,"href":"https:\/\/forzini.com\/pl\/wp-json\/wp\/v2\/product_tag?post=18767"}],"curies":[{"name":"wp","href":"https:\/\/api.w.org\/{rel}","templated":true}]}}