{"id":18695,"date":"2025-10-30T21:24:18","date_gmt":"2025-10-30T20:24:18","guid":{"rendered":"https:\/\/forzini.com\/producto\/lavamanos-de-piedra-onix\/"},"modified":"2026-03-12T22:16:45","modified_gmt":"2026-03-12T21:16:45","slug":"umywalka-kamienna-luksusowa-onyks","status":"publish","type":"product","link":"https:\/\/forzini.com\/pl\/producto\/umywalka-kamienna-luksusowa-onyks\/","title":{"rendered":"Luksusowa umywalka kamienna z onyksu"},"content":{"rendered":"<h2>Hexagonalna umywalka kamienna z onyksu naturalnego<\/h2>\n<p>Ta <strong>umywalka kamienna z onyksu<\/strong>, zaprojektowana do monta\u017cu na blacie, wprowadza do ka\u017cdej \u0142azienki nowoczesny i niepowtarzalny charakter. Jej <strong>heksagonalny kszta\u0142t<\/strong>, rzadko spotykany i bardzo efektowny, sprawia, \u017ce od razu przyci\u0105ga wzrok. To idealna propozycja dla os\u00f3b, kt\u00f3re szukaj\u0105 wyj\u0105tkowego, naturalnego designu z nut\u0105 ekskluzywno\u015bci.<\/p>\n<p>Ka\u017cda umywalka jest r\u0119cznie rze\u017abiona z <strong>naturalnego zielonego onyksu<\/strong>, dzi\u0119ki czemu ka\u017cda sztuka ma swoje w\u0142asne, niepowtarzalne \u017cy\u0142ki, kolory i odcienie. Zielone tony \u2014 od intensywnych po delikatniejsze \u2014 \u0142\u0105cz\u0105 si\u0119 z liniami w kolorze miodu, be\u017cu oraz subtelnymi czerwonymi akcentami, tworz\u0105c ciep\u0142y i przyjemny efekt wizualny. Wn\u0119trze jest wypolerowane, co podkre\u015bla g\u0142\u0119bi\u0119 koloru, natomiast zewn\u0119trzna cz\u0119\u015b\u0107 zachowuje naturalne wyko\u0144czenie, ukazuj\u0105c prawdziwe pi\u0119kno onyksu.<\/p>\n<p>Projekt umywalki zapewnia wygodne i praktyczne u\u017cytkowanie na co dzie\u0144. Doskonale pasuje do <strong>nowoczesnych mebli \u0142azienkowych<\/strong>, blat\u00f3w drewnianych, powierzchni mineralnych oraz wn\u0119trz, kt\u00f3re chc\u0105 doda\u0107 wyj\u0105tkowego akcentu bez utraty funkcjonalno\u015bci. Jej heksagonalna forma nadaje \u0142azience \u015bwie\u017cy, wsp\u00f3\u0142czesny styl i \u015bwietnie sprawdza si\u0119 w aran\u017cacjach, kt\u00f3re maj\u0105 wyr\u00f3\u017cnia\u0107 si\u0119 osobowo\u015bci\u0105.<\/p>\n<p>Ta umywalka doskonale komponuje si\u0119 ze stylami:<\/p>\n<ul>\n<li>nowoczesny<\/li>\n<li>minimalistyczny<\/li>\n<li>industrialny<\/li>\n<li>japandi<\/li>\n<li>high\u2011tech<\/li>\n<li>ultra nowoczesny<\/li>\n<li>glam modern \/ luxury chic<\/li>\n<li>styl zen<\/li>\n<li>neo\u2011art d\u00e9co<\/li>\n<li>gallery\u2011home<\/li>\n<li>urban modern<\/li>\n<li>eklektyczny<\/li>\n<li>sztuka nowoczesna<\/li>\n<li>retro<\/li>\n<li>pop<\/li>\n<\/ul>\n<p>Zielony onyks wyr\u00f3\u017cnia si\u0119 bogactwem odcieni i naturalnych \u017cy\u0142ek. Ka\u017cda umywalka jest jedyna w swoim rodzaju i dodaje \u0142azience ciep\u0142a oraz elegancji. Po\u0142\u0105czenie kolor\u00f3w i geometrycznej formy sprawia, \u017ce staje si\u0119 dekoracyjnym elementem, kt\u00f3ry odmienia atmosfer\u0119 wn\u0119trza bez konieczno\u015bci przeprowadzania du\u017cych zmian.<\/p>\n<div><\/div>\n<h2><strong>Green Amazonian Onyx \u2013 paleta zieleni pe\u0142na naturalnych odcieni<\/strong><\/h2>\n<p><strong>Green Amazonian Onyx<\/strong> s\u0142ynie z szerokiej gamy zieleni \u2014 od \u017cywych, intensywnych ton\u00f3w po bardziej stonowane barwy. Jego br\u0105zowe, czekoladowe, z\u0142ote i czerwonawe \u017cy\u0142ki dodaj\u0105 g\u0142\u0119bi oraz naturalnego uroku. Gdy \u015bwiat\u0142o pada na powierzchni\u0119, kolory staj\u0105 si\u0119 jeszcze bardziej wyraziste, a umywalka zamienia si\u0119 w efektowny punkt centralny.<\/p>\n<p><a href=\"https:\/\/forzini.com\/pl\/materialy\/\" target=\"_blank\" rel=\"noopener\">Poznaj nasz\u0105 kolekcj\u0119 marmur\u00f3w i onyks\u00f3w, korzystaj\u0105c z tego linku: <strong>Materia\u0142y<\/strong><\/a><\/p>\n<div><\/div>\n<h2><strong>Trwa\u0142o\u015b\u0107 i \u0142atwa piel\u0119gnacja<\/strong><\/h2>\n<p>Naturalny onyks oferuje:<\/p>\n<ul>\n<li>wysok\u0105 odporno\u015b\u0107<\/li>\n<li>d\u0142ug\u0105 \u017cywotno\u015b\u0107<\/li>\n<li>ponadczasow\u0105 estetyk\u0119<\/li>\n<li>\u0142atw\u0105 piel\u0119gnacj\u0119<\/li>\n<\/ul>\n<p>Wypolerowana powierzchnia jest \u0142atwa w czyszczeniu i zachowuje sw\u00f3j blask przez wiele lat. Przy podstawowej piel\u0119gnacji umywalka bez trudu utrzyma swoje naturalne pi\u0119kno.<\/p>\n<div><\/div>\n<h2><strong>Najwa\u017cniejsze cechy<\/strong><\/h2>\n<ul>\n<li><strong>Instalacja:<\/strong> nablatowa<\/li>\n<li><strong>\u015arednica otworu odp\u0142ywowego:<\/strong> 4,5 cm (standard europejski)<\/li>\n<li><strong>Kompatybilny odp\u0142yw:<\/strong> uniwersalny bez przelewu (nie do\u0142\u0105czony)<\/li>\n<li><strong>Kompatybilna bateria:<\/strong> stoj\u0105ca lub \u015bcienna (nie do\u0142\u0105czona)<\/li>\n<li><strong>Nie zawiera:<\/strong> syfonu, zaworu odp\u0142ywowego, baterii<\/li>\n<\/ul>\n<div><\/div>\n<h2><strong>FAQs<\/strong><\/h2>\n<h3><strong>1. Jak czy\u015bci\u0107 umywalk\u0119 z naturalnego zielonego onyksu?<\/strong><\/h3>\n<p>Ciep\u0142\u0105 wod\u0105 i delikatnym myd\u0142em. Unikaj \u015brodk\u00f3w kwa\u015bnych lub \u015bciernych i osuszaj powierzchni\u0119 po ka\u017cdym u\u017cyciu.<\/p>\n<h3><strong>2. Czy ka\u017cda umywalka z onyksu jest naprawd\u0119 unikatowa?<\/strong><\/h3>\n<p>Tak. Ka\u017cdy egzemplarz ma naturalne \u017cy\u0142ki i odcienie, kt\u00f3re nigdy si\u0119 nie powtarzaj\u0105 \u2014 ka\u017cda umywalka jest wyj\u0105tkowa.<\/p>\n<h3><strong>3. Jaki odp\u0142yw i jak\u0105 bateri\u0119 nale\u017cy zastosowa\u0107?<\/strong><\/h3>\n<p>Uniwersalny odp\u0142yw bez przelewu oraz bateri\u0119 nablatow\u0105 lub \u015bcienn\u0105.<\/p>\n<h3><strong>4. Czy ta umywalka nadaje si\u0119 do ma\u0142ych \u0142azienek?<\/strong><\/h3>\n<p>Tak. Jej kompaktowy kszta\u0142t i nowoczesny design sprawiaj\u0105, \u017ce \u015bwietnie sprawdza si\u0119 nawet na mniejszych blatach.<\/p>\n<h3><strong>5. Co wnosi heksagonalna umywalka z zielonego onyksu do \u0142azienki?<\/strong><\/h3>\n<p>Styl, naturalno\u015b\u0107, oryginalny wygl\u0105d i przyjemn\u0105 wizualn\u0105 obecno\u015b\u0107, kt\u00f3ra poprawia atmosfer\u0119 wn\u0119trza.<\/p>\n<h3><strong>6. Czy oferujecie wysy\u0142k\u0119 mi\u0119dzynarodow\u0105?<\/strong><\/h3>\n<p>Tak, wysy\u0142amy do ka\u017cdego kraju.<\/p>\n<h3><strong>7. Jakie walory estetyczne ma onyks w por\u00f3wnaniu z innymi kamieniami?<\/strong><\/h3>\n<p>Naturalne \u017cy\u0142ki, bogactwo odcieni i delikatny po\u0142ysk czyni\u0105 go materia\u0142em ciep\u0142ym, eleganckim i bardzo dekoracyjnym.<\/p>\n","protected":false},"excerpt":{"rendered":"<p>Ta umywalka z zielonego onyksu, o sze\u015bciok\u0105tnym kszta\u0142cie i polerowanym wyko\u0144czeniu, wnosi rze\u017abiarski i nowoczesny akcent do ka\u017cdej \u0142azienki. Ka\u017cdy egzemplarz jest unikatowy \u2014 r\u0119cznie rze\u017abiony z naturalnego kamienia o niepowtarzalnym u\u017cyleniu. Jej odwa\u017cny i elegancki design sprawia, \u017ce staje si\u0119 centralnym punktem nowoczesnych blat\u00f3w i przestrzeni ceni\u0105cych sobie wyrafinowanie.<\/p>\n<p>Umywalka ta nie tylko spe\u0142nia funkcj\u0119 praktyczn\u0105, lecz tak\u017ce stanowi dekoracyjny klejnot. Wykorzystany onyks \u2014 wybrany ze wzgl\u0119du na swoj\u0105 rzadko\u015b\u0107 i pi\u0119kno \u2014 to kamie\u0144 p\u00f3\u0142szlachetny wysoko ceniony w jubilerstwie, co nadaje elementowi \u0142azienkowemu wyj\u0105tkowy poziom wyrafinowania.<\/p>\n<h2><strong>Wymiary: \u015brednica 40 cm, wysoko\u015b\u0107 13 cm.<\/strong><\/h2>\n<p>&nbsp;<\/p>\n","protected":false},"featured_media":20095,"comment_status":"closed","ping_status":"closed","template":"","meta":{"_acf_changed":false,"_joinchat":[]},"product_brand":[],"product_cat":[311,336],"product_tag":[325,417],"class_list":{"0":"post-18695","1":"product","2":"type-product","3":"status-publish","4":"has-post-thumbnail","6":"product_cat-umywalki","7":"product_cat-umywalki-onyksu","8":"product_tag-onyks","9":"product_tag-umywalka-lazienkowa","11":"first","12":"instock","13":"sale","14":"shipping-taxable","15":"purchasable","16":"product-type-simple"},"acf":[],"_links":{"self":[{"href":"https:\/\/forzini.com\/pl\/wp-json\/wp\/v2\/product\/18695","targetHints":{"allow":["GET"]}}],"collection":[{"href":"https:\/\/forzini.com\/pl\/wp-json\/wp\/v2\/product"}],"about":[{"href":"https:\/\/forzini.com\/pl\/wp-json\/wp\/v2\/types\/product"}],"replies":[{"embeddable":true,"href":"https:\/\/forzini.com\/pl\/wp-json\/wp\/v2\/comments?post=18695"}],"version-history":[{"count":2,"href":"https:\/\/forzini.com\/pl\/wp-json\/wp\/v2\/product\/18695\/revisions"}],"predecessor-version":[{"id":24843,"href":"https:\/\/forzini.com\/pl\/wp-json\/wp\/v2\/product\/18695\/revisions\/24843"}],"wp:featuredmedia":[{"embeddable":true,"href":"https:\/\/forzini.com\/pl\/wp-json\/wp\/v2\/media\/20095"}],"wp:attachment":[{"href":"https:\/\/forzini.com\/pl\/wp-json\/wp\/v2\/media?parent=18695"}],"wp:term":[{"taxonomy":"product_brand","embeddable":true,"href":"https:\/\/forzini.com\/pl\/wp-json\/wp\/v2\/product_brand?post=18695"},{"taxonomy":"product_cat","embeddable":true,"href":"https:\/\/forzini.com\/pl\/wp-json\/wp\/v2\/product_cat?post=18695"},{"taxonomy":"product_tag","embeddable":true,"href":"https:\/\/forzini.com\/pl\/wp-json\/wp\/v2\/product_tag?post=18695"}],"curies":[{"name":"wp","href":"https:\/\/api.w.org\/{rel}","templated":true}]}}