{"id":18470,"date":"2024-07-05T12:56:28","date_gmt":"2024-07-05T10:56:28","guid":{"rendered":"https:\/\/forzini.com\/producto\/kettlebell-premium-virtus-m\/"},"modified":"2025-12-23T17:59:53","modified_gmt":"2025-12-23T16:59:53","slug":"kettlebell-8-kg","status":"publish","type":"product","link":"https:\/\/forzini.com\/pl\/producto\/kettlebell-8-kg\/","title":{"rendered":"Kettlebell 8 kg z marmuru"},"content":{"rendered":"<h2>Stylowy kettlebell marmurowy &#8222;Virtus&#8221; 8 kg.<\/h2>\n<p>Ten dekoracyjny kettlebell premium wyr\u00f3\u017cnia si\u0119 oryginalno\u015bci\u0105 i ekskluzywnym charakterem. R\u0119cznie wykonany w limitowanej liczbie egzemplarzy rocznie, \u0142\u0105czy moc treningow\u0105 z elegancj\u0105 naturalnego marmuru. Ka\u017cdy egzemplarz to efekt pracy do\u015bwiadczonych rzemie\u015blnik\u00f3w, kt\u00f3rzy tworz\u0105 prawdziwe dzie\u0142o sztuki \u2013 idealne do wzbogacenia ka\u017cdej przestrzeni fitness.<\/p>\n<p>Nietypowy design i zaokr\u0105glony kszta\u0142t kettlebella emanuj\u0105 luksusem i prostot\u0105, tworz\u0105c aur\u0119 wyj\u0105tkowo\u015bci. Mi\u0119kkie linie, p\u0142ynne kontury i bogata tekstura marmuru splataj\u0105 si\u0119 w harmonijn\u0105 ca\u0142o\u015b\u0107, oferuj\u0105c produkt zar\u00f3wno funkcjonalny, jak i wizualnie zachwycaj\u0105cy.<\/p>\n<p>Do produkcji wybrali\u015bmy najbardziej charakterystyczny marmur w odcieniach bieli i czerni, oddaj\u0105cy dualizm natury oraz r\u00f3wnowag\u0119 yin i yang. Ta wizualna metafora podkre\u015bla, jak nasz projekt \u0142\u0105czy praktyczno\u015b\u0107 z elegancj\u0105. Kettlebell fitness 8 kg to wyraz dobrego gustu, symbol zaanga\u017cowania i doskona\u0142y prezent dla mi\u0142o\u015bnik\u00f3w treningu, kt\u00f3rzy szukaj\u0105 czego\u015b naprawd\u0119 wyj\u0105tkowego i luksusowego.<\/p>\n<p><strong>Nasza rekomendacja:<\/strong> Ten kettlebell idealnie komponuje si\u0119 z marmurowymi hantlami \u201eApolo L\u201d.<\/p>\n<p>Marmur Snow Leopardo &#8211; Bia\u0142y kolor z subtelnymi szarymi tonami i unikalnym \u017cy\u0142kowaniem. Wydobywany w niewielkich ilo\u015bciach z wybranych region\u00f3w, ceniony za jednolite wzory przypominaj\u0105ce sier\u015b\u0107 dzikiego zwierz\u0119cia.<\/p>\n<p>Marmur Jet Negro &#8211; G\u0142\u0119boka czer\u0144 z b\u0142yszcz\u0105cymi bia\u0142ymi \u017cy\u0142kami tworzy klasyczny kontrast i przyci\u0105ga wzrok elegancj\u0105.<\/p>\n<p>Wybrali\u015bmy marmur Snow Leopardo nie tylko ze wzgl\u0119du na jego naturalne pi\u0119kno, kt\u00f3re przywodzi na my\u015bl dzik\u0105 gracj\u0119 majestatycznego lamparta, ale tak\u017ce z uwagi na jego wyj\u0105tkow\u0105 formacj\u0119 geologiczn\u0105. Ta niezwyk\u0142a ska\u0142a powsta\u0142a w wyniku d\u0142ugotrwa\u0142ych proces\u00f3w naturalnych \u2013 przez miliony lat wody gruntowe bogate w minera\u0142y przenika\u0142y przez ska\u0142y, osadzaj\u0105c kalcyt i aragonit. W odpowiednich warunkach temperatury i ci\u015bnienia minera\u0142y te krystalizowa\u0142y, tworz\u0105c marmurow\u0105 struktur\u0119. Charakterystyczne \u017cy\u0142ki i ciemne rozetki zawdzi\u0119czaj\u0105 obecno\u015bci tlenku \u017celaza i grafitu, co czyni ten marmur rzadkim i po\u017c\u0105danym materia\u0142em w luksusowym designie.<\/p>\n<div><\/div>\n<p><a href=\"https:\/\/forzini.com\/pl\/materialy\/\" target=\"_blank\" rel=\"noopener\">Poznaj nasz\u0105 kolekcj\u0119 marmur\u00f3w i onyks\u00f3w, korzystaj\u0105c z tego linku: <strong>Materia\u0142y<\/strong><\/a><\/p>\n","protected":false},"excerpt":{"rendered":"<h1>Stylowy kettlebell marmurowy 8 kg do treningu<\/h1>\n<p>Zaprojektowany z my\u015bl\u0105 o stworzeniu ekskluzywnej atmosfery w Twojej przestrzeni treningowej, zosta\u0142 wykonany z marmuru najwy\u017cszej jako\u015bci. Dzi\u0119ki swojej dekoracyjnej formie stanowi idealne uzupe\u0142nienie wn\u0119trza \u2014 nie tylko je upi\u0119ksza, ale tak\u017ce dodaje nuty wyrafinowania i klasy.<\/p>\n<p>Szykowny i wyj\u0105tkowy, ten marmurowy kettlebell wyr\u00f3\u017cnia si\u0119 specjalnym, owalnym kszta\u0142tem, b\u0119d\u0105c doskona\u0142\u0105 harmoni\u0105 funkcjonalno\u015bci, stylu i innowacyjnego designu.<\/p>\n<p><strong>Aby dokona\u0107 zakupu, prosz\u0119 najpierw wybra\u0107 materia\u0142 poni\u017cej.<\/strong><\/p>\n<p>&nbsp;<\/p>\n","protected":false},"featured_media":18471,"comment_status":"closed","ping_status":"closed","template":"","meta":{"_acf_changed":false,"_joinchat":[]},"product_brand":[],"product_cat":[310,368],"product_tag":[320],"class_list":{"0":"post-18470","1":"product","2":"type-product","3":"status-publish","4":"has-post-thumbnail","6":"product_cat-akcesoria","7":"product_cat-akcesoria-treningowe","8":"product_tag-marmur","10":"first","11":"instock","12":"sale","13":"featured","14":"shipping-taxable","15":"purchasable","16":"product-type-variable"},"acf":[],"_links":{"self":[{"href":"https:\/\/forzini.com\/pl\/wp-json\/wp\/v2\/product\/18470","targetHints":{"allow":["GET"]}}],"collection":[{"href":"https:\/\/forzini.com\/pl\/wp-json\/wp\/v2\/product"}],"about":[{"href":"https:\/\/forzini.com\/pl\/wp-json\/wp\/v2\/types\/product"}],"replies":[{"embeddable":true,"href":"https:\/\/forzini.com\/pl\/wp-json\/wp\/v2\/comments?post=18470"}],"version-history":[{"count":1,"href":"https:\/\/forzini.com\/pl\/wp-json\/wp\/v2\/product\/18470\/revisions"}],"predecessor-version":[{"id":22981,"href":"https:\/\/forzini.com\/pl\/wp-json\/wp\/v2\/product\/18470\/revisions\/22981"}],"wp:featuredmedia":[{"embeddable":true,"href":"https:\/\/forzini.com\/pl\/wp-json\/wp\/v2\/media\/18471"}],"wp:attachment":[{"href":"https:\/\/forzini.com\/pl\/wp-json\/wp\/v2\/media?parent=18470"}],"wp:term":[{"taxonomy":"product_brand","embeddable":true,"href":"https:\/\/forzini.com\/pl\/wp-json\/wp\/v2\/product_brand?post=18470"},{"taxonomy":"product_cat","embeddable":true,"href":"https:\/\/forzini.com\/pl\/wp-json\/wp\/v2\/product_cat?post=18470"},{"taxonomy":"product_tag","embeddable":true,"href":"https:\/\/forzini.com\/pl\/wp-json\/wp\/v2\/product_tag?post=18470"}],"curies":[{"name":"wp","href":"https:\/\/api.w.org\/{rel}","templated":true}]}}