{"id":18286,"date":"2024-07-05T11:46:18","date_gmt":"2024-07-05T09:46:18","guid":{"rendered":"https:\/\/forzini.com\/producto\/cadena-marmol-rhea\/"},"modified":"2025-10-14T09:23:09","modified_gmt":"2025-10-14T07:23:09","slug":"figurka-dekoracyjna-z-marmuru","status":"publish","type":"product","link":"https:\/\/forzini.com\/pl\/producto\/figurka-dekoracyjna-z-marmuru\/","title":{"rendered":"Marmurowa figurka dekoracyjna w\u0119z\u0142a"},"content":{"rendered":"<h2><strong>Marmurowa figurka dekoracyjna w kszta\u0142cie w\u0119z\u0142a \u2013 luksusowy akcent do wn\u0119trz\u00a0<\/strong> &#8222;Rhea&#8221;<\/h2>\n<p>Ta wyj\u0105tkowa marmurowa figurka dekoracyjna, wykonana z zielonego onyksu, zachwyca eleganck\u0105 form\u0105 w\u0119z\u0142a i precyzyjnym r\u0119cznym wykonaniem. Stanowi ceniony akcent dekoracyjny, idealny do podkre\u015blenia stylu wn\u0119trza i dodania mu wyrafinowanego charakteru. Zielony onyks, z charakterystycznymi \u017cy\u0142kami w odcieniach czerwieni, z\u0142ota, czekolady i mlecznych chmur, wnosi do przestrzeni naturalne pi\u0119kno i niepowtarzalno\u015b\u0107.<\/p>\n<p>Ten ozdobny detal doskonale eksponuje punkty centralne w domu, dodaj\u0105c ciep\u0142a i przekszta\u0142caj\u0105c ka\u017cde pomieszczenie w prawdziwie przytulne miejsce. Marmurowa figurka dekoracyjna w kszta\u0142cie w\u0119z\u0142a to tak\u017ce doskona\u0142y pomys\u0142 na prezent \u2013 na urodziny, rocznic\u0119, dla mamy, do nowego mieszkania czy jako elegancki upominek dla wsp\u00f3\u0142pracownik\u00f3w.<\/p>\n<p>Poza walorami estetycznymi mo\u017ce pe\u0142ni\u0107 funkcj\u0119 podp\u00f3rki do ksi\u0105\u017cek lub stylowego przycisku do papieru, \u0142\u0105cz\u0105c pi\u0119kno z praktyczno\u015bci\u0105.<\/p>\n<p><strong>Amazonian Green Onyx<\/strong> to kamie\u0144 o bogatej palecie zieleni \u2013 od intensywnych ton\u00f3w po subtelne pastele \u2013 uzupe\u0142nione \u017cy\u0142kami w kolorach br\u0105zu, czekolady, z\u0142ota i czerwieni, kt\u00f3re odzwierciedlaj\u0105 czyste pi\u0119kno natury.<\/p>\n<p>Inspiracj\u0105 do stworzenia tej marmurowej figurki dekoracyjnej by\u0142a idea wi\u0119zi i jej odzwierciedlenie w przestrzeni domowej. Dom to miejsce, kt\u00f3re nas \u0142\u0105czy \u2013 punkt wyj\u015bcia, schronienie i przestrze\u0144, do kt\u00f3rej zawsze chcemy wraca\u0107. Trzy sploty symbolizuj\u0105 etapy \u017cycia: narodziny, doros\u0142o\u015b\u0107 i staro\u015b\u0107 \u2013 wszystkie po\u0142\u0105czone z centrum, czyli domem, kt\u00f3ry jest sercem naszego \u017cycia.<\/p>\n<p>Rze\u017abienie w onyksie, kamieniu znanym z twardo\u015bci i urody, by\u0142o wymagaj\u0105cym procesem. Dzi\u0119ki kunsztowi i zaanga\u017cowaniu naszych rzemie\u015blnik\u00f3w powsta\u0142a prawdziwa rze\u017aba nowoczesna \u2013 symboliczny w\u0119ze\u0142 jedno\u015bci, wykonany z niezwyk\u0142\u0105 precyzj\u0105 i dba\u0142o\u015bci\u0105 o detale.<\/p>\n<p>Prezentujemy t\u0119 unikaln\u0105 marmurow\u0105 figurk\u0119 dekoracyjn\u0105 jako ho\u0142d dla tego, co najwa\u017cniejsze \u2013 dla domu. To nie tylko ozdoba, ale g\u0142\u0119boko symboliczny element, kt\u00f3ry wzbogaci ka\u017cde wn\u0119trze i nada mu wyj\u0105tkowy charakter.<\/p>\n<p>&nbsp;<\/p>\n<p><a href=\"https:\/\/forzini.com\/pl\/materialy\/\" target=\"_blank\" rel=\"noopener\">Poznaj nasz\u0105 kolekcj\u0119 marmur\u00f3w i onyks\u00f3w, korzystaj\u0105c z tego linku: <strong>Materia\u0142y<\/strong><\/a><\/p>\n","protected":false},"excerpt":{"rendered":"<h1>Marmurowa figurka dekoracyjna w\u0119z\u0142a<\/h1>\n<p>Figurka z onyksu to doskona\u0142e uzupe\u0142nienie ka\u017cdej komody, p\u00f3\u0142ki czy sto\u0142u. Idealna na prezent \u2014 mo\u017ce pe\u0142ni\u0107 funkcj\u0119 przycisku do papieru, podp\u00f3rki do ksi\u0105\u017cek lub po prostu stylowego elementu dekoracyjnego, kt\u00f3ry dodaje wn\u0119trzu wyrafinowanego charakteru. Ten marmurowy detal to wyj\u0105tkowy akcent, kt\u00f3ry podkre\u015bla kluczowe miejsca w domu, wprowadzaj\u0105c ciep\u0142o i przemieniaj\u0105c ka\u017cd\u0105 przestrze\u0144 w prawdziwie przytulne wn\u0119trze.<\/p>\n","protected":false},"featured_media":18261,"comment_status":"closed","ping_status":"closed","template":"","meta":{"_acf_changed":false,"_joinchat":[]},"product_brand":[],"product_cat":[310,390],"product_tag":[325],"class_list":{"0":"post-18286","1":"product","2":"type-product","3":"status-publish","4":"has-post-thumbnail","6":"product_cat-akcesoria","7":"product_cat-dekoracje-do-domu","8":"product_tag-onyks","10":"first","11":"instock","12":"featured","13":"shipping-taxable","14":"purchasable","15":"product-type-simple"},"acf":[],"_links":{"self":[{"href":"https:\/\/forzini.com\/pl\/wp-json\/wp\/v2\/product\/18286","targetHints":{"allow":["GET"]}}],"collection":[{"href":"https:\/\/forzini.com\/pl\/wp-json\/wp\/v2\/product"}],"about":[{"href":"https:\/\/forzini.com\/pl\/wp-json\/wp\/v2\/types\/product"}],"replies":[{"embeddable":true,"href":"https:\/\/forzini.com\/pl\/wp-json\/wp\/v2\/comments?post=18286"}],"version-history":[{"count":0,"href":"https:\/\/forzini.com\/pl\/wp-json\/wp\/v2\/product\/18286\/revisions"}],"wp:featuredmedia":[{"embeddable":true,"href":"https:\/\/forzini.com\/pl\/wp-json\/wp\/v2\/media\/18261"}],"wp:attachment":[{"href":"https:\/\/forzini.com\/pl\/wp-json\/wp\/v2\/media?parent=18286"}],"wp:term":[{"taxonomy":"product_brand","embeddable":true,"href":"https:\/\/forzini.com\/pl\/wp-json\/wp\/v2\/product_brand?post=18286"},{"taxonomy":"product_cat","embeddable":true,"href":"https:\/\/forzini.com\/pl\/wp-json\/wp\/v2\/product_cat?post=18286"},{"taxonomy":"product_tag","embeddable":true,"href":"https:\/\/forzini.com\/pl\/wp-json\/wp\/v2\/product_tag?post=18286"}],"curies":[{"name":"wp","href":"https:\/\/api.w.org\/{rel}","templated":true}]}}