{"id":17943,"date":"2024-07-04T12:01:41","date_gmt":"2024-07-04T10:01:41","guid":{"rendered":"https:\/\/forzini.com\/producto\/bandeja-decorativa-marmol-oh-helios\/"},"modified":"2026-01-05T23:21:09","modified_gmt":"2026-01-05T22:21:09","slug":"taca-dekoracyjna-na-swiece","status":"publish","type":"product","link":"https:\/\/forzini.com\/pl\/producto\/taca-dekoracyjna-na-swiece\/","title":{"rendered":"Taca dekoracyjna z marmuru na \u015bwiece"},"content":{"rendered":"<h2><strong>Taca dekoracyjna z marmuru na \u015bwiece \u2013 luksusowy akcent <\/strong>&#8222;Oh Helios&#8221;<\/h2>\n<p>Ta wyj\u0105tkowa taca dekoracyjna na \u015bwiece, wykonana z marmuru onyksowego, zachwyca form\u0105 inspirowan\u0105 wzburzonymi falami morskimi. Jej dynamiczne linie i subtelne kontury oddaj\u0105 energi\u0119 oceanu, symbolizuj\u0105c si\u0142\u0119, ruch i ponadczasow\u0105 elegancj\u0119. Ka\u017cda krzywizna przypomina fale rozbijaj\u0105ce si\u0119 o skaliste wybrze\u017ce, tworz\u0105c wra\u017cenie nieustannego ruchu i \u017cycia.<\/p>\n<p>Perfekcyjne wykonanie oraz starannie dobrany naturalny marmur onyksowy \u015bwiadcz\u0105 o najwy\u017cszym poziomie rzemios\u0142a. Polerowana powierzchnia, pe\u0142na unikalnych \u017cy\u0142ek i delikatnych odcieni, dodaje wn\u0119trzu luksusu i wyrafinowania. Szczeg\u00f3ln\u0105 cech\u0105 tej tacy dekoracyjnej jest jej p\u00f3\u0142przezroczysto\u015b\u0107 \u2013 \u015bwiat\u0142o przenikaj\u0105ce przez kamie\u0144 tworzy spektakularne refleksy, przypominaj\u0105ce pi\u00f3ra pawia, zw\u0142aszcza w wersji z onyksu bia\u0142ego.<\/p>\n<p>Nasza taca dekoracyjna z marmuru onyksowego to idealny dodatek, kt\u00f3ry odmieni ka\u017cd\u0105 uroczysto\u015b\u0107 \u2013 od romantycznej kolacji po eleganckie przyj\u0119cie. Umieszczona na stole, przyci\u0105ga wzrok go\u015bci i budzi zachwyt swoj\u0105 oryginalno\u015bci\u0105 oraz subtelnym rze\u017abieniem. To luksusowy element dekoracyjny, kt\u00f3ry tworzy stylow\u0105, \u201echic\u201d atmosfer\u0119 i podkre\u015bla dobry gust w\u0142a\u015bciciela.<\/p>\n<p>Dzi\u0119ki swojej majestatycznej obecno\u015bci, taca z kamienia podkre\u015bla charakter ka\u017cdego wn\u0119trza, czyni\u0105c ka\u017cd\u0105 chwil\u0119 wyj\u0105tkow\u0105. To doskona\u0142y prezent dla mi\u0142o\u015bnik\u00f3w designu \u2013 idealny na rocznic\u0119, \u015blub czy inn\u0105 szczeg\u00f3ln\u0105 okazj\u0119, kt\u00f3ry z pewno\u015bci\u0105 zachwyci obdarowanego.<\/p>\n<p>Sugar Blanco Onyx to kamie\u0144 o czystej, mlecznobia\u0142ej barwie, ozdobiony delikatnymi, kremowymi \u017cy\u0142kami w odcieniach z\u0142ota. Ten rzadki, wysokiej jako\u015bci onyks wydobywany jest w bardzo ograniczonych ilo\u015bciach z jednego, wyj\u0105tkowego miejsca.<\/p>\n<p>Czy wiesz, \u017ce bia\u0142y onyks to jeden z najbardziej urzekaj\u0105cych kamieni naturalnych? Cho\u0107 na rynku dost\u0119pnych jest wiele odmian \u201ebia\u0142ego onyksu\u201d, znalezienie prawdziwego, czystego Sugar Blanco jest niezwykle trudne. Ceniony za swoj\u0105 wysok\u0105 przezroczysto\u015b\u0107, subteln\u0105 struktur\u0119 i gr\u0119 \u015bwiat\u0142a, stanowi materia\u0142 po\u017c\u0105dany przez projektant\u00f3w i kolekcjoner\u00f3w.<\/p>\n<p>W naszej pasji do doskona\u0142o\u015bci pracujemy wy\u0142\u0105cznie z Sugar Blanco i Duna Dorada \u2013 dwoma klejnotami natury, kt\u00f3re zachwycaj\u0105 swoj\u0105 urod\u0105 i wyj\u0105tkowo\u015bci\u0105. Magia bia\u0142ego onyksu tkwi w jego \u015bwietlistej g\u0142\u0119bi \u2013 jakby trzyma\u0107 w d\u0142oni fragment ksi\u0119\u017cyca na arktycznym niebie. Ta przezroczysto\u015b\u0107 pozwala \u015bwiat\u0142u ta\u0144czy\u0107 po powierzchni kamienia, ods\u0142aniaj\u0105c fascynuj\u0105ce wzory przypominaj\u0105ce mleczne mg\u0142y i \u0142agodne fale.<\/p>\n<p>To w\u0142a\u015bnie ten niepowtarzalny design nadaje bia\u0142emu onyksowi jego warto\u015b\u0107 i magnetyzuj\u0105c\u0105 elegancj\u0119.<\/p>\n<p>&nbsp;<\/p>\n<p><a href=\"https:\/\/forzini.com\/pl\/materialy\/\" target=\"_blank\" rel=\"noopener\">Poznaj nasz\u0105 kolekcj\u0119 marmur\u00f3w i onyks\u00f3w, korzystaj\u0105c z tego linku: <strong>Materia\u0142y<\/strong><\/a><\/p>\n","protected":false},"excerpt":{"rendered":"<h1><strong>Taca dekoracyjna z marmuru na \u015bwiece\u00a0<\/strong><\/h1>\n<p>W odcieniach bieli, ta marmurowa taca dekoracyjna na \u015bwiece b\u0119dzie idealnym dodatkiem, kt\u00f3ry nada nowoczesny charakter Twojemu salonowi lub jadalni. To wyj\u0105tkowy element wystroju sto\u0142u, kt\u00f3ry podkre\u015bla styl wn\u0119trza i przyci\u0105ga wzrok. Po\u0142\u0105czenie jasnych ton\u00f3w onyksu tworzy imponuj\u0105cy efekt wizualny, dodaj\u0105c luksusowego akcentu.<\/p>\n<p>W zestawieniu z innymi produktami z naszej kolekcji, ta marmurowa taca sprawi, \u017ce Twoje wn\u0119trze stanie si\u0119 absolutnie unikalne i pe\u0142ne elegancji.<\/p>\n<h2>Wymiary: D\u0142ugo\u015b\u0107 35 cm, Szeroko\u015b\u0107 15 cm, Wysoko\u015b\u0107 10 cm.<\/h2>\n","protected":false},"featured_media":17944,"comment_status":"closed","ping_status":"closed","template":"","meta":{"_acf_changed":false,"_joinchat":[]},"product_brand":[],"product_cat":[310,383],"product_tag":[325],"class_list":{"0":"post-17943","1":"product","2":"type-product","3":"status-publish","4":"has-post-thumbnail","6":"product_cat-akcesoria","7":"product_cat-dekoracje-na-stol","8":"product_tag-onyks","10":"first","11":"instock","12":"sale","13":"featured","14":"shipping-taxable","15":"purchasable","16":"product-type-simple"},"acf":[],"_links":{"self":[{"href":"https:\/\/forzini.com\/pl\/wp-json\/wp\/v2\/product\/17943","targetHints":{"allow":["GET"]}}],"collection":[{"href":"https:\/\/forzini.com\/pl\/wp-json\/wp\/v2\/product"}],"about":[{"href":"https:\/\/forzini.com\/pl\/wp-json\/wp\/v2\/types\/product"}],"replies":[{"embeddable":true,"href":"https:\/\/forzini.com\/pl\/wp-json\/wp\/v2\/comments?post=17943"}],"version-history":[{"count":2,"href":"https:\/\/forzini.com\/pl\/wp-json\/wp\/v2\/product\/17943\/revisions"}],"predecessor-version":[{"id":23489,"href":"https:\/\/forzini.com\/pl\/wp-json\/wp\/v2\/product\/17943\/revisions\/23489"}],"wp:featuredmedia":[{"embeddable":true,"href":"https:\/\/forzini.com\/pl\/wp-json\/wp\/v2\/media\/17944"}],"wp:attachment":[{"href":"https:\/\/forzini.com\/pl\/wp-json\/wp\/v2\/media?parent=17943"}],"wp:term":[{"taxonomy":"product_brand","embeddable":true,"href":"https:\/\/forzini.com\/pl\/wp-json\/wp\/v2\/product_brand?post=17943"},{"taxonomy":"product_cat","embeddable":true,"href":"https:\/\/forzini.com\/pl\/wp-json\/wp\/v2\/product_cat?post=17943"},{"taxonomy":"product_tag","embeddable":true,"href":"https:\/\/forzini.com\/pl\/wp-json\/wp\/v2\/product_tag?post=17943"}],"curies":[{"name":"wp","href":"https:\/\/api.w.org\/{rel}","templated":true}]}}