{"id":17656,"date":"2024-07-04T16:53:51","date_gmt":"2024-07-04T14:53:51","guid":{"rendered":"https:\/\/forzini.com\/producto\/bowl-de-marmol-bacchus-mediano\/"},"modified":"2025-10-06T21:19:54","modified_gmt":"2025-10-06T19:19:54","slug":"misa-marmurowa-czarna","status":"publish","type":"product","link":"https:\/\/forzini.com\/pl\/producto\/misa-marmurowa-czarna\/","title":{"rendered":"Misa Marmurowa Czarna z Naturalnego Kamienia"},"content":{"rendered":"<h2>Misa Marmurowa Czarna z Naturalnego Kamienia &#8222;Bacchus&#8221;<\/h2>\n<p>Ta \u015bredniej wielko\u015bci dekoracyjna misa marmurowa wnosi wyj\u0105tkowy akcent do aran\u017cacji Twojego wn\u0119trza. Wykonana r\u0119cznie z najdoskonalszego marmuru, \u0142\u0105czy estetyk\u0119 z funkcjonalno\u015bci\u0105, sprawdzaj\u0105c si\u0119 doskonale w wielu zastosowaniach \u2013 jako elegancki organizer na klucze w przedpokoju, tacka na drobiazgi, \u015bwiecznik czy efektowna ozdoba sto\u0142u w jadalni. Jej ponadczasowy, minimalistyczny design sprawia, \u017ce doskonale komponuje si\u0119 zar\u00f3wno z klasycznymi, jak i nowoczesnymi przestrzeniami.<\/p>\n<p>Ka\u017cda misa jest unikalna \u2013 naturalne \u017cy\u0142ki i odcienie marmuru ukazuj\u0105 jego wewn\u0119trzne pi\u0119kno. Rzemios\u0142o najwy\u017cszej klasy widoczne jest w ka\u017cdym detalu, tworz\u0105c dzie\u0142o sztuki, kt\u00f3re zachwyci mi\u0142o\u015bnik\u00f3w stylowych wn\u0119trz. To doskona\u0142y pomys\u0142 na prezent urodzinowy, \u015blubny lub z okazji wyj\u0105tkowego wydarzenia \u2013 jej wyrafinowanie i uroda b\u0119d\u0105 doceniane przez lata.<\/p>\n<p>Dost\u0119pna w dw\u00f3ch odmianach naszego wyj\u0105tkowego marmuru, misa marmurowa czarna to prawdziwa per\u0142a rzemios\u0142a, dodaj\u0105ca elegancji i charakteru ka\u017cdemu pomieszczeniu.<\/p>\n<p>Marmur Golden Cascad<strong> &#8211; <\/strong>Ten niezwyk\u0142y marmur to symfonia kontrast\u00f3w \u2013 g\u0142\u0119boka, tajemnicza czer\u0144 roz\u015bwietlona ta\u0144cem \u017cy\u0142ek w kolorach bieli, \u017c\u00f3\u0142ci, czerwieni, z\u0142ota i br\u0105zu. Ka\u017cda p\u0142yta opowiada histori\u0119 geologicznego kunsztu, b\u0119d\u0105c p\u0142\u00f3tnem, na kt\u00f3rym natura namalowa\u0142a sw\u00f3j najbardziej wystawny wz\u00f3r.<\/p>\n<p>Czy wiesz, \u017ce nasz marmur Golden Cascad to nie tylko kamie\u0144, lecz naturalne dzie\u0142o sztuki? Pochodzi wy\u0142\u0105cznie z jednej, konkretnej cz\u0119\u015bci po\u0142udniowej Azji, gdzie wydobywany jest w ograniczonych ilo\u015bciach, co czyni ka\u017cd\u0105 sztuk\u0119 rzadk\u0105 pere\u0142k\u0105. \u017by\u0142ki w odcieniach \u017c\u00f3\u0142ci, bieli, karmelu i br\u0105zu p\u0142yn\u0105 niczym rzeki barw, tworz\u0105c iluzj\u0119 ruchu, kt\u00f3ra fascynuje i urzeka. Interakcja kolor\u00f3w nadaje kamieniowi tr\u00f3jwymiarow\u0105 g\u0142\u0119bi\u0119 \u2013 ka\u017cdy k\u0105t widzenia odkrywa nowy obraz.<\/p>\n<p>To tak, jakby kamie\u0144 t\u0119tni\u0142 \u017cyciem, a kolory ta\u0144czy\u0142y w wiecznej z\u0142otej godzinie. Te dynamiczne \u017cy\u0142ki tworz\u0105 wra\u017cenie p\u0142yn\u0105cej kaskady, pe\u0142nej energii i elegancji. Rzadko\u015b\u0107 Golden Cascad sprawia, \u017ce posiadanie jego fragmentu to jak posiadanie kawa\u0142ka historii. Jego unikalno\u015b\u0107 przypomina o ulotno\u015bci pi\u0119kna i zach\u0119ca do podziwiania cud\u00f3w natury, kt\u00f3re powstaj\u0105 w najbardziej wyj\u0105tkowych okoliczno\u015bciach. Marmur Golden Cascad to \u015bwiadectwo artystycznych mo\u017cliwo\u015bci ziemi \u2013 dow\u00f3d na to, \u017ce najpi\u0119kniejsze rzeczy s\u0105 cz\u0119sto najbardziej niepowtarzalne.<\/p>\n<p>&nbsp;<\/p>\n<p><a href=\"https:\/\/forzini.com\/pl\/materialy\/\" target=\"_blank\" rel=\"noopener\">Poznaj nasz\u0105 kolekcj\u0119 marmur\u00f3w i onyks\u00f3w, korzystaj\u0105c z tego linku: <strong>Materia\u0142y<\/strong><\/a><\/p>\n","protected":false},"excerpt":{"rendered":"<h1>Misa Marmurowa Czarna<\/h1>\n<p>Jest niezwykle wszechstronna \u2013 mo\u017ce pe\u0142ni\u0107 rol\u0119 eleganckiego organizera na klucze w przedpokoju, tacki na Twoj\u0105 najcenniejsz\u0105 bi\u017cuteri\u0119, \u015bwiecznika tworz\u0105cego przytuln\u0105 atmosfer\u0119 lub efektownego elementu dekoracyjnego na stole w jadalni. Jej ponadczasowy i minimalistyczny design sprawia, \u017ce b\u0119dzie wyr\u00f3\u017cniaj\u0105cym si\u0119 dodatkiem w ka\u017cdym wn\u0119trzu \u2013 od klasycznego po nowoczesne. To idealne rozwi\u0105zanie dla os\u00f3b szukaj\u0105cych prezentu na nowe mieszkanie lub chc\u0105cych zaskoczy\u0107 kogo\u015b wyj\u0105tkowego unikalnym przedmiotem, kt\u00f3ry stanie si\u0119 trwa\u0142\u0105 pami\u0105tk\u0105 na wiele lat.<\/p>\n","protected":false},"featured_media":17657,"comment_status":"closed","ping_status":"closed","template":"","meta":{"_acf_changed":false,"_joinchat":[]},"product_brand":[],"product_cat":[310,383],"product_tag":[320],"class_list":{"0":"post-17656","1":"product","2":"type-product","3":"status-publish","4":"has-post-thumbnail","6":"product_cat-akcesoria","7":"product_cat-dekoracje-na-stol","8":"product_tag-marmur","10":"first","11":"instock","12":"sale","13":"featured","14":"shipping-taxable","15":"purchasable","16":"product-type-simple"},"acf":[],"_links":{"self":[{"href":"https:\/\/forzini.com\/pl\/wp-json\/wp\/v2\/product\/17656","targetHints":{"allow":["GET"]}}],"collection":[{"href":"https:\/\/forzini.com\/pl\/wp-json\/wp\/v2\/product"}],"about":[{"href":"https:\/\/forzini.com\/pl\/wp-json\/wp\/v2\/types\/product"}],"replies":[{"embeddable":true,"href":"https:\/\/forzini.com\/pl\/wp-json\/wp\/v2\/comments?post=17656"}],"version-history":[{"count":0,"href":"https:\/\/forzini.com\/pl\/wp-json\/wp\/v2\/product\/17656\/revisions"}],"wp:featuredmedia":[{"embeddable":true,"href":"https:\/\/forzini.com\/pl\/wp-json\/wp\/v2\/media\/17657"}],"wp:attachment":[{"href":"https:\/\/forzini.com\/pl\/wp-json\/wp\/v2\/media?parent=17656"}],"wp:term":[{"taxonomy":"product_brand","embeddable":true,"href":"https:\/\/forzini.com\/pl\/wp-json\/wp\/v2\/product_brand?post=17656"},{"taxonomy":"product_cat","embeddable":true,"href":"https:\/\/forzini.com\/pl\/wp-json\/wp\/v2\/product_cat?post=17656"},{"taxonomy":"product_tag","embeddable":true,"href":"https:\/\/forzini.com\/pl\/wp-json\/wp\/v2\/product_tag?post=17656"}],"curies":[{"name":"wp","href":"https:\/\/api.w.org\/{rel}","templated":true}]}}