{"id":17592,"date":"2024-10-30T20:53:41","date_gmt":"2024-10-30T19:53:41","guid":{"rendered":"https:\/\/forzini.com\/producto\/bandeja-de-marmol-verde\/"},"modified":"2026-01-05T23:20:22","modified_gmt":"2026-01-05T22:20:22","slug":"miska-dekoracyjna-na-owoce","status":"publish","type":"product","link":"https:\/\/forzini.com\/pl\/producto\/miska-dekoracyjna-na-owoce\/","title":{"rendered":"Miska dekoracyjna na owoce z marmuru"},"content":{"rendered":"<h2>Miska dekoracyjna na owoce z marmuru &#8222;Oh Helios G&#8221;<\/h2>\n<p>Ta miska dekoracyjna na owoce z marmuru to przyk\u0142ad najwy\u017cszej klasy rzemios\u0142a kamieniarskiego. R\u0119cznie rze\u017abiona z rzadkiego kamienia naturalnego, zachwyca du\u017cym, owalnym kszta\u0142tem i eleganckimi \u017c\u0142obieniami, kt\u00f3re podkre\u015blaj\u0105 naturalne pi\u0119kno marmuru. Ka\u017cda linia i kontur \u015bwiadcz\u0105 o kunszcie rzemie\u015blnika, czyni\u0105c z niej nie tylko naczynie, ale prawdziwe dzie\u0142o sztuki, wnosz\u0105ce ponadczasowy luksus do wn\u0119trza.<\/p>\n<p>Stworzona z my\u015bl\u0105 o wielofunkcyjno\u015bci, ta miska dekoracyjna z marmuru wyr\u00f3\u017cnia si\u0119 nie tylko estetyk\u0105, ale tak\u017ce praktycznym zastosowaniem. Jako ozdoba sto\u0142u przyci\u0105ga wzrok i z wdzi\u0119kiem eksponuje owoce, kompozycje kwiatowe lub dekoracyjne przedmioty. Jej imponuj\u0105cy rozmiar i subtelne detale sprawiaj\u0105, \u017ce doskonale sprawdza si\u0119 zar\u00f3wno na stole w jadalni, jak i na du\u017cej wyspie kuchennej.<\/p>\n<p>To wyj\u0105tkowy wyb\u00f3r dla os\u00f3b poszukuj\u0105cych luksusowego i niepowtarzalnego prezentu. Miska mo\u017ce pe\u0142ni\u0107 funkcj\u0119 eleganckiego \u015bwiecznika, tworz\u0105c nastrojowe \u015bwiat\u0142o, lub by\u0107 podziwiana jako samodzielna rze\u017aba. Dzi\u0119ki wyrafinowanej formie i bogatej zielonej kolorystyce, stanowi kwintesencj\u0119 sztuki kamieniarskiej, dodaj\u0105c charakteru ka\u017cdemu wn\u0119trzu.<\/p>\n<p><strong>Wskaz\u00f3wka:<\/strong> Ta dekoracyjna misa doskonale komponuje si\u0119 z naszym ch\u0142odziark\u0105 do szampana \u201eOh Lares\u201d.<\/p>\n<p><strong>Green Amazonian\u00a0<\/strong>\u2013 intensywnie zielony marmur o bogatej palecie barw: od \u017cywych odcieni po subtelne tony, uzupe\u0142nione naturalnymi \u017cy\u0142kami w kolorach br\u0105zu, z\u0142ota i czerwieni \u2013 prawdziwe dzie\u0142o natury.<\/p>\n<p>&nbsp;<\/p>\n<p><a href=\"https:\/\/forzini.com\/pl\/materialy\/\" target=\"_blank\" rel=\"noopener\">Poznaj nasz\u0105 kolekcj\u0119 marmur\u00f3w i onyks\u00f3w, korzystaj\u0105c z tego linku: <strong>Materia\u0142y<\/strong><\/a><\/p>\n","protected":false},"excerpt":{"rendered":"<h1>Miska dekoracyjna na owoce z marmuru<\/h1>\n<p>Ta miska dekoracyjna na owoce, r\u0119cznie rze\u017abiona z zielonego onyksu w eleganckim, owalnym kszta\u0142cie z delikatnymi fa\u0142dami, wnosi ponadczasowe pi\u0119kno do ka\u017cdego wn\u0119trza. Dzi\u0119ki wyrafinowanemu designowi i mistrzowskiej sztuce wykonania, stanowi wszechstronny element dekoracyjny \u2013 doskonale prezentuje si\u0119 jako ozdoba sto\u0142u w jadalni, wype\u0142niona owocami, kwiatami lub innymi dekoracyjnymi dodatkami.<\/p>\n<h2>Wymiary: D\u0142ugo\u015b\u0107 35 cm, Szeroko\u015b\u0107 15 cm, Wysoko\u015b\u0107 10 cm.<\/h2>\n","protected":false},"featured_media":17593,"comment_status":"closed","ping_status":"closed","template":"","meta":{"_acf_changed":false,"_joinchat":[]},"product_brand":[],"product_cat":[310,383],"product_tag":[325],"class_list":{"0":"post-17592","1":"product","2":"type-product","3":"status-publish","4":"has-post-thumbnail","6":"product_cat-akcesoria","7":"product_cat-dekoracje-na-stol","8":"product_tag-onyks","10":"first","11":"instock","12":"sale","13":"featured","14":"shipping-taxable","15":"purchasable","16":"product-type-simple"},"acf":[],"_links":{"self":[{"href":"https:\/\/forzini.com\/pl\/wp-json\/wp\/v2\/product\/17592","targetHints":{"allow":["GET"]}}],"collection":[{"href":"https:\/\/forzini.com\/pl\/wp-json\/wp\/v2\/product"}],"about":[{"href":"https:\/\/forzini.com\/pl\/wp-json\/wp\/v2\/types\/product"}],"replies":[{"embeddable":true,"href":"https:\/\/forzini.com\/pl\/wp-json\/wp\/v2\/comments?post=17592"}],"version-history":[{"count":2,"href":"https:\/\/forzini.com\/pl\/wp-json\/wp\/v2\/product\/17592\/revisions"}],"predecessor-version":[{"id":23486,"href":"https:\/\/forzini.com\/pl\/wp-json\/wp\/v2\/product\/17592\/revisions\/23486"}],"wp:featuredmedia":[{"embeddable":true,"href":"https:\/\/forzini.com\/pl\/wp-json\/wp\/v2\/media\/17593"}],"wp:attachment":[{"href":"https:\/\/forzini.com\/pl\/wp-json\/wp\/v2\/media?parent=17592"}],"wp:term":[{"taxonomy":"product_brand","embeddable":true,"href":"https:\/\/forzini.com\/pl\/wp-json\/wp\/v2\/product_brand?post=17592"},{"taxonomy":"product_cat","embeddable":true,"href":"https:\/\/forzini.com\/pl\/wp-json\/wp\/v2\/product_cat?post=17592"},{"taxonomy":"product_tag","embeddable":true,"href":"https:\/\/forzini.com\/pl\/wp-json\/wp\/v2\/product_tag?post=17592"}],"curies":[{"name":"wp","href":"https:\/\/api.w.org\/{rel}","templated":true}]}}