{"id":17375,"date":"2024-10-30T21:47:51","date_gmt":"2024-10-30T20:47:51","guid":{"rendered":"https:\/\/forzini.com\/producto\/bowl-oval-grande-de-marmol\/"},"modified":"2026-01-05T23:20:17","modified_gmt":"2026-01-05T22:20:17","slug":"miska-do-serwowania-dekoracyjna","status":"publish","type":"product","link":"https:\/\/forzini.com\/pl\/producto\/miska-do-serwowania-dekoracyjna\/","title":{"rendered":"Stylowa miska do serwowania"},"content":{"rendered":"<h2>Stylowa miska do serwowania &#8222;Oh Helios L&#8221;<\/h2>\n<p>Ta stylowa miska do serwowania, wykonana z jasnozielonego, p\u00f3\u0142przezroczystego onyksu, jest symbolem elegancji i mistrzowskiego rzemios\u0142a. Jej falisty kszta\u0142t przyci\u0105ga wzrok, podkre\u015blaj\u0105c kunszt do\u015bwiadczonych rzemie\u015blnik\u00f3w, kt\u00f3rzy z niezwyk\u0142\u0105 precyzj\u0105 formuj\u0105 ka\u017cd\u0105 krzywizn\u0119. Nie jest to tylko przedmiot u\u017cytkowy \u2013 to dzie\u0142o sztuki, kt\u00f3re dodaje wyrafinowania ka\u017cdemu wn\u0119trzu. Delikatny onyks przepuszcza \u015bwiat\u0142o przez swoje \u015bcianki, tworz\u0105c niemal eteryczny efekt, jakby zosta\u0142 wyrze\u017abiony z jedwabistego, chmurowego kamienia.<\/p>\n<p>Wyj\u0105tkowo wszechstronna, ta marmurowa miska do serwowania to dekoracyjny talerz idealny do eksponowania \u015bwie\u017cych owoc\u00f3w, sezonowych ozd\u00f3b lub jako elegancki element centralny na stole. Zar\u00f3wno podczas kameralnych spotka\u0144, jak i wi\u0119kszych uroczysto\u015bci, dodaje nuty luksusu i zachwyca go\u015bci swoim subtelnym designem oraz unikalnym wykonaniem z kamienia.<\/p>\n<p>Dla tych, kt\u00f3rzy szukaj\u0105 niezapomnianego prezentu, ten du\u017cy, owalny marmurowy bowl to doskona\u0142y wyb\u00f3r na urodziny, parapet\u00f3wki i wyj\u0105tkowe okazje. Jego ponadczasowy styl i funkcjonalno\u015b\u0107 czyni\u0105 go cennym dodatkiem do ka\u017cdego domu, \u0142\u0105cz\u0105c pi\u0119kno z praktyczno\u015bci\u0105 i oddaj\u0105c ho\u0142d sztuce rze\u017abienia w kamieniu.<\/p>\n<p><strong>Nasza wskaz\u00f3wka:<\/strong> Ta dekoracyjna taca doskonale komponuje si\u0119 z naszym ch\u0142odziark\u0105 do szampana \u201eOh Lares\u201d.<\/p>\n<p><strong>Green Galaxy Onyx:<\/strong> Jasnozielone t\u0142o pi\u0119knie podkre\u015blone bia\u0142ymi falami, przeplatane \u017cy\u0142kami w odcieniach br\u0105zu, z\u0142ocistej ziemi i czerwieni. Wydobywany w bardzo ma\u0142ych ilo\u015bciach, ten rodzaj onyksu jest wyj\u0105tkowo przezroczysty.<\/p>\n<p>&nbsp;<\/p>\n<p><a href=\"https:\/\/forzini.com\/pl\/materialy\/\" target=\"_blank\" rel=\"noopener\">Poznaj nasz\u0105 kolekcj\u0119 marmur\u00f3w i onyks\u00f3w, korzystaj\u0105c z tego linku: <strong>Materia\u0142y<\/strong><\/a><\/p>\n","protected":false},"excerpt":{"rendered":"<h1>Miska do serwowania<\/h1>\n<p>R\u0119cznie rze\u017abiona z jasnozielonego, p\u00f3\u0142przezroczystego onyksu, wyr\u00f3\u017cnia si\u0119 unikalnym, falistym kszta\u0142tem. Jej elegancki i lekki design wspaniale odbija \u015bwiat\u0142o, tworz\u0105c mi\u0119kki, niemal chmurkowy efekt. Idealna jako ozdoba sto\u0142u \u2013 doskonale sprawdza si\u0119 jako misa na owoce lub dekoracyjny talerz. Doskona\u0142a na wyj\u0105tkowe okazje, ta wykwintna miska to imponuj\u0105cy prezent na urodziny, parapet\u00f3wki czy inne uroczysto\u015bci, \u0142\u0105cz\u0105c sztuk\u0119 z funkcjonalno\u015bci\u0105 i pozostawiaj\u0105c trwa\u0142e wra\u017cenie.<\/p>\n<h2>Wymiary: D\u0142ugo\u015b\u0107 35 cm, Szeroko\u015b\u0107 15 cm, Wysoko\u015b\u0107 10 cm.<\/h2>\n<p>&nbsp;<\/p>\n","protected":false},"featured_media":17355,"comment_status":"closed","ping_status":"closed","template":"","meta":{"_acf_changed":false,"_joinchat":[]},"product_brand":[],"product_cat":[310,383],"product_tag":[325],"class_list":{"0":"post-17375","1":"product","2":"type-product","3":"status-publish","4":"has-post-thumbnail","6":"product_cat-akcesoria","7":"product_cat-dekoracje-na-stol","8":"product_tag-onyks","10":"first","11":"instock","12":"sale","13":"featured","14":"shipping-taxable","15":"purchasable","16":"product-type-simple"},"acf":[],"_links":{"self":[{"href":"https:\/\/forzini.com\/pl\/wp-json\/wp\/v2\/product\/17375","targetHints":{"allow":["GET"]}}],"collection":[{"href":"https:\/\/forzini.com\/pl\/wp-json\/wp\/v2\/product"}],"about":[{"href":"https:\/\/forzini.com\/pl\/wp-json\/wp\/v2\/types\/product"}],"replies":[{"embeddable":true,"href":"https:\/\/forzini.com\/pl\/wp-json\/wp\/v2\/comments?post=17375"}],"version-history":[{"count":2,"href":"https:\/\/forzini.com\/pl\/wp-json\/wp\/v2\/product\/17375\/revisions"}],"predecessor-version":[{"id":23483,"href":"https:\/\/forzini.com\/pl\/wp-json\/wp\/v2\/product\/17375\/revisions\/23483"}],"wp:featuredmedia":[{"embeddable":true,"href":"https:\/\/forzini.com\/pl\/wp-json\/wp\/v2\/media\/17355"}],"wp:attachment":[{"href":"https:\/\/forzini.com\/pl\/wp-json\/wp\/v2\/media?parent=17375"}],"wp:term":[{"taxonomy":"product_brand","embeddable":true,"href":"https:\/\/forzini.com\/pl\/wp-json\/wp\/v2\/product_brand?post=17375"},{"taxonomy":"product_cat","embeddable":true,"href":"https:\/\/forzini.com\/pl\/wp-json\/wp\/v2\/product_cat?post=17375"},{"taxonomy":"product_tag","embeddable":true,"href":"https:\/\/forzini.com\/pl\/wp-json\/wp\/v2\/product_tag?post=17375"}],"curies":[{"name":"wp","href":"https:\/\/api.w.org\/{rel}","templated":true}]}}