{"id":17304,"date":"2024-07-04T17:54:31","date_gmt":"2024-07-04T15:54:31","guid":{"rendered":"https:\/\/forzini.com\/producto\/bowl-de-onix-ceres\/"},"modified":"2025-10-02T23:00:19","modified_gmt":"2025-10-02T21:00:19","slug":"taca-ozdobna-na-stol","status":"publish","type":"product","link":"https:\/\/forzini.com\/pl\/producto\/taca-ozdobna-na-stol\/","title":{"rendered":"Taca ozdobna z marmuru na st\u00f3\u0142"},"content":{"rendered":"<h2>Taca ozdobna z marmuru na st\u00f3\u0142 &#8222;Ceres&#8221;<\/h2>\n<p>Wykonana r\u0119cznie przez mistrz\u00f3w rzemios\u0142a, ta taca dekoracyjna jest symbolem niezr\u00f3wnanej elegancji, emanuj\u0105c subtelnym blaskiem i palet\u0105 barw, kt\u00f3ra urzeka zmys\u0142y. Doskona\u0142a na ka\u017cd\u0105 okazj\u0119 \u2013 mo\u017ce pe\u0142ni\u0107 rol\u0119 luksusowej tacy prezentacyjnej lub wyrafinowanego elementu dekoracyjnego, staj\u0105c si\u0119 centralnym punktem sto\u0142u i prawdziw\u0105 ozdob\u0105 wn\u0119trza.<\/p>\n<p>Precyzyjnie wyrze\u017abiona z autentycznego r\u00f3\u017cowego onyksu, ta taca zachwyca swoj\u0105 wyj\u0105tkow\u0105 urod\u0105, dodaj\u0105c ka\u017cdemu otoczeniu nut\u0119 uroku i wyrafinowania. Jej wszechstronno\u015b\u0107 jest imponuj\u0105ca \u2013 mo\u017ce s\u0142u\u017cy\u0107 jako \u015bwiecznik, taca, ma\u0142y stroik lub luksusowy pojemnik na drobiazgi. Zaokr\u0105glony kszta\u0142t i dopracowany design czyni\u0105 j\u0105 dekoracyjnym akcentem pe\u0142nym klasy.<\/p>\n<p>Wybrali\u015bmy najbardziej ekskluzywny onyks, charakteryzuj\u0105cy si\u0119 wysok\u0105 przezroczysto\u015bci\u0105. \u015awiat\u0142o przenika przez jego delikatne \u015bciany, tworz\u0105c spektakularne refleksy, kt\u00f3re tylko kamie\u0144 p\u00f3\u0142szlachetny potrafi zapewni\u0107.<\/p>\n<p><strong>Pink Cloud Onyx<\/strong> \u2013 znany ze swojej osza\u0142amiaj\u0105cej urody i czystego, r\u00f3\u017cowego koloru, kt\u00f3ry przenosi \u015bwiat\u0142o z hipnotyzuj\u0105cym blaskiem. Ods\u0142ania z\u0142o\u017cone warstwy, tworz\u0105c zachwycaj\u0105cy efekt wizualny. Jego r\u00f3\u017cowe t\u0142o, subtelne chmurki i bia\u0142awe \u017cy\u0142ki uk\u0142adaj\u0105 si\u0119 w promienny, harmonijny wz\u00f3r.<\/p>\n<p>W centrum naszego zaanga\u017cowania w doskona\u0142o\u015b\u0107 le\u017cy dba\u0142o\u015b\u0107 o pozyskiwanie najczystszego naturalnego onyksu Rosa Cloud. Osobi\u015bcie odwiedzamy kamienio\u0142omy, by odnale\u017a\u0107 te rzadkie fragmenty, kt\u00f3re natura formowa\u0142a przez tysi\u0105clecia, zapewniaj\u0105c, \u017ce ka\u017cda p\u0142yta jest autentyczna i niebarwiona sztucznie. W przeciwie\u0144stwie do powszechnie dost\u0119pnego onyksu, cz\u0119sto poddawanego obr\u00f3bce koloru, nasz Rosa Cloud Onyx jest ca\u0142kowicie naturalny. Jego urok tkwi w zdolno\u015bci do hipnotyzowania intensywnym kolorem. Ka\u017cdy egzemplarz jest starannie wyselekcjonowany pod wzgl\u0119dem estetyki, a \u017cywe odcienie r\u00f3\u017cu s\u0105 czyste i sp\u00f3jne, p\u0142ynnie rozlewaj\u0105c si\u0119 po powierzchni niczym obraz, kt\u00f3ry o\u017cywa. Przezroczysto\u015b\u0107 kamienia pozwala \u015bwiat\u0142u ta\u0144czy\u0107 po jego strukturze, tworz\u0105c efekt \u015bwietlny, kt\u00f3ry jest zar\u00f3wno urzekaj\u0105cy, jak i koj\u0105cy.<\/p>\n<p>&nbsp;<\/p>\n<p><a href=\"https:\/\/forzini.com\/pl\/materialy\/\" target=\"_blank\" rel=\"noopener\">Poznaj nasz\u0105 kolekcj\u0119 marmur\u00f3w i onyks\u00f3w, korzystaj\u0105c z tego linku: <strong>Materia\u0142y<\/strong><\/a><\/p>\n<p>&nbsp;<\/p>\n","protected":false},"excerpt":{"rendered":"<h1>Taca ozdobna z marmuru na st\u00f3\u0142<\/h1>\n<p>Starannie rze\u017abiona r\u0119cznie przez mistrz\u00f3w rzemios\u0142a, ta elegancka taca prezentacyjna l\u015bni subtelnym blaskiem i zachwyca bogat\u0105, zr\u00f3\u017cnicowan\u0105 palet\u0105 barw. Doskona\u0142a na ka\u017cd\u0105 okazj\u0119 \u2013 mo\u017ce s\u0142u\u017cy\u0107 jako luksusowa taca na praliny lub jako stylowy element dekoracyjny, obiecuj\u0105c sta\u0107 si\u0119 centralnym punktem Twojego sto\u0142u i najbardziej wyr\u00f3\u017cniaj\u0105cym si\u0119 akcentem w aran\u017cacji wn\u0119trza.<\/p>\n","protected":false},"featured_media":17305,"comment_status":"closed","ping_status":"closed","template":"","meta":{"_acf_changed":false,"_joinchat":[]},"product_brand":[],"product_cat":[310,383],"product_tag":[325],"class_list":{"0":"post-17304","1":"product","2":"type-product","3":"status-publish","4":"has-post-thumbnail","6":"product_cat-akcesoria","7":"product_cat-dekoracje-na-stol","8":"product_tag-onyks","10":"first","11":"instock","12":"featured","13":"shipping-taxable","14":"purchasable","15":"product-type-simple"},"acf":[],"_links":{"self":[{"href":"https:\/\/forzini.com\/pl\/wp-json\/wp\/v2\/product\/17304","targetHints":{"allow":["GET"]}}],"collection":[{"href":"https:\/\/forzini.com\/pl\/wp-json\/wp\/v2\/product"}],"about":[{"href":"https:\/\/forzini.com\/pl\/wp-json\/wp\/v2\/types\/product"}],"replies":[{"embeddable":true,"href":"https:\/\/forzini.com\/pl\/wp-json\/wp\/v2\/comments?post=17304"}],"version-history":[{"count":0,"href":"https:\/\/forzini.com\/pl\/wp-json\/wp\/v2\/product\/17304\/revisions"}],"wp:featuredmedia":[{"embeddable":true,"href":"https:\/\/forzini.com\/pl\/wp-json\/wp\/v2\/media\/17305"}],"wp:attachment":[{"href":"https:\/\/forzini.com\/pl\/wp-json\/wp\/v2\/media?parent=17304"}],"wp:term":[{"taxonomy":"product_brand","embeddable":true,"href":"https:\/\/forzini.com\/pl\/wp-json\/wp\/v2\/product_brand?post=17304"},{"taxonomy":"product_cat","embeddable":true,"href":"https:\/\/forzini.com\/pl\/wp-json\/wp\/v2\/product_cat?post=17304"},{"taxonomy":"product_tag","embeddable":true,"href":"https:\/\/forzini.com\/pl\/wp-json\/wp\/v2\/product_tag?post=17304"}],"curies":[{"name":"wp","href":"https:\/\/api.w.org\/{rel}","templated":true}]}}