{"id":17271,"date":"2024-11-02T09:13:51","date_gmt":"2024-11-02T08:13:51","guid":{"rendered":"https:\/\/forzini.com\/producto\/bol-decorativo-de-marmol-de-pie\/"},"modified":"2025-10-02T22:00:37","modified_gmt":"2025-10-02T20:00:37","slug":"miska-na-nozce-dekoracyjna","status":"publish","type":"product","link":"https:\/\/forzini.com\/pl\/producto\/miska-na-nozce-dekoracyjna\/","title":{"rendered":"Miska na n\u00f3\u017cce z marmuru \u2013 elegancka dekoracja sto\u0142u"},"content":{"rendered":"<h2>Miska na n\u00f3\u017cce z marmuru \u2013 elegancka dekoracja sto\u0142u &#8222;Ceres L&#8221;<\/h2>\n<p>Ta <strong>miska na n\u00f3\u017cce z marmuru onyksowego<\/strong> to prawdziwe widowisko. R\u0119cznie wykonana z najbardziej luksusowego jasnozielonego onyksu, emanuje elegancj\u0105 z nut\u0105 przepychu. Spos\u00f3b, w jaki \u015bwiat\u0142o ta\u0144czy po jej delikatnych, p\u00f3\u0142przezroczystych \u015bciankach, sprawia, \u017ce staje si\u0119 niemal magicznym obiektem, kt\u00f3ry zachwyca ka\u017cdego, kto na ni\u0105 spojrzy. To imponuj\u0105cy element dekoracyjny, temat rozm\u00f3w i dzie\u0142o sztuki, kt\u00f3re odmienia ka\u017cde wn\u0119trze, w kt\u00f3rym si\u0119 znajdzie.<\/p>\n<p>Wyobra\u017a sobie t\u0119 wyj\u0105tkow\u0105 misk\u0119 na n\u00f3\u017cce zdobi\u0105c\u0105 stolik kawowy, konsol\u0119 w przedpokoju lub st\u00f3\u0142 w jadalni. Jej wszechstronno\u015b\u0107 nie zna granic \u2013 mo\u017ce s\u0142u\u017cy\u0107 jako elegancka szkatu\u0142ka na bi\u017cuteri\u0119, stylowa tacka na klucze, a nawet jako efektowny \u015bwiecznik, kt\u00f3ry wype\u0142ni pomieszczenie subtelnym i ciep\u0142ym blaskiem. To nie tylko dekoracyjny dodatek, lecz kolekcjonerska pere\u0142ka, stworzona przez mistrz\u00f3w rzemios\u0142a, by przetrwa\u0107 pr\u00f3b\u0119 czasu i wnie\u015b\u0107 wyrafinowany akcent do codziennych chwil.<\/p>\n<p>Dla mi\u0142o\u015bnik\u00f3w elegancji ta miska na n\u00f3\u017cce to co\u015b wi\u0119cej ni\u017c zakup \u2013 to do\u015bwiadczenie, kt\u00f3re wzbogaci dom i oczaruje wszystkich go\u015bci.<\/p>\n<p><strong>Galaxy Green Onyks<\/strong> \u2013 Jasnozielone t\u0142o pi\u0119knie podkre\u015blone bia\u0142ymi falami, przeplatane br\u0105zowoz\u0142otymi, ziemistymi i czerwonawymi \u017cy\u0142kami. Wydobywany w bardzo ograniczonych ilo\u015bciach, ten rodzaj onyksu jest wyj\u0105tkowy i niezwykle przezroczysty.<\/p>\n<p><a href=\"https:\/\/forzini.com\/pl\/materialy\/\" target=\"_blank\" rel=\"noopener\">Poznaj nasz\u0105 kolekcj\u0119 marmur\u00f3w i onyks\u00f3w, korzystaj\u0105c z tego linku: <strong>Materia\u0142y<\/strong><\/a><\/p>\n","protected":false},"excerpt":{"rendered":"<h1>Miska na n\u00f3\u017cce z marmuru<\/h1>\n<p>to idealny prezent dla os\u00f3b, kt\u00f3re ceni\u0105 pi\u0119kno r\u0119kodzie\u0142a i pasjonuj\u0105 si\u0119 eleganck\u0105 dekoracj\u0105 wn\u0119trz. Jej luksusowy jasnozielony onyks, r\u0119cznie rze\u017abiony przez mistrz\u00f3w rzemios\u0142a, dodaje ka\u017cdemu pomieszczeniu nuty wyrafinowania, czyni\u0105c j\u0105 niezapomnianym podarunkiem dla kogo\u015b o wysmakowanym gu\u015bcie.<\/p>\n<p>Ka\u017cda miska to unikatowe dzie\u0142o sztuki, kt\u00f3re wyr\u00f3\u017cnia si\u0119 jako stylowy dodatek w ka\u017cdym wn\u0119trzu, odzwierciedlaj\u0105c elegancj\u0119 i indywidualno\u015b\u0107. Niezale\u017cnie od tego, czy zdobi stolik kawowy, s\u0142u\u017cy jako wyrafinowana tacka na klucze, czy roz\u015bwietla przestrze\u0144 jako \u015bwiecznik \u2013 przyci\u0105ga wzrok i wzbogaca aran\u017cacj\u0119. Dla tych, kt\u00f3rzy ceni\u0105 urok r\u0119cznie wykonanych przedmiot\u00f3w i ponadczasowe pi\u0119kno w swoim domu, ta marmurowa miska z onyksu b\u0119dzie prezentem, kt\u00f3ry zachwyca i inspiruje przez lata.<\/p>\n<p>&nbsp;<\/p>\n","protected":false},"featured_media":17272,"comment_status":"closed","ping_status":"closed","template":"","meta":{"_acf_changed":false,"_joinchat":[]},"product_brand":[],"product_cat":[310,383],"product_tag":[325],"class_list":{"0":"post-17271","1":"product","2":"type-product","3":"status-publish","4":"has-post-thumbnail","6":"product_cat-akcesoria","7":"product_cat-dekoracje-na-stol","8":"product_tag-onyks","10":"first","11":"instock","12":"sale","13":"featured","14":"shipping-taxable","15":"purchasable","16":"product-type-simple"},"acf":[],"_links":{"self":[{"href":"https:\/\/forzini.com\/pl\/wp-json\/wp\/v2\/product\/17271","targetHints":{"allow":["GET"]}}],"collection":[{"href":"https:\/\/forzini.com\/pl\/wp-json\/wp\/v2\/product"}],"about":[{"href":"https:\/\/forzini.com\/pl\/wp-json\/wp\/v2\/types\/product"}],"replies":[{"embeddable":true,"href":"https:\/\/forzini.com\/pl\/wp-json\/wp\/v2\/comments?post=17271"}],"version-history":[{"count":0,"href":"https:\/\/forzini.com\/pl\/wp-json\/wp\/v2\/product\/17271\/revisions"}],"wp:featuredmedia":[{"embeddable":true,"href":"https:\/\/forzini.com\/pl\/wp-json\/wp\/v2\/media\/17272"}],"wp:attachment":[{"href":"https:\/\/forzini.com\/pl\/wp-json\/wp\/v2\/media?parent=17271"}],"wp:term":[{"taxonomy":"product_brand","embeddable":true,"href":"https:\/\/forzini.com\/pl\/wp-json\/wp\/v2\/product_brand?post=17271"},{"taxonomy":"product_cat","embeddable":true,"href":"https:\/\/forzini.com\/pl\/wp-json\/wp\/v2\/product_cat?post=17271"},{"taxonomy":"product_tag","embeddable":true,"href":"https:\/\/forzini.com\/pl\/wp-json\/wp\/v2\/product_tag?post=17271"}],"curies":[{"name":"wp","href":"https:\/\/api.w.org\/{rel}","templated":true}]}}