{"id":17195,"date":"2024-11-08T09:19:08","date_gmt":"2024-11-08T08:19:08","guid":{"rendered":"https:\/\/forzini.com\/producto\/cuenco-vaciabolsillos-de-marmol\/"},"modified":"2025-10-02T18:14:47","modified_gmt":"2025-10-02T16:14:47","slug":"mala-ozdobna-miseczka-z-czarnego-marmuru","status":"publish","type":"product","link":"https:\/\/forzini.com\/pl\/producto\/mala-ozdobna-miseczka-z-czarnego-marmuru\/","title":{"rendered":"Elegancka czarna miseczka dekoracyjna z marmuru"},"content":{"rendered":"<h2>Elegancka czarna miseczka dekoracyjna z marmuru &#8222;Fontus B&#8221;<\/h2>\n<p><strong>Ta miseczka dekoracyjna z marmuru<\/strong> to prawdziwy klejnot rzemios\u0142a artystycznego, misternie rze\u017abiony r\u0119cznie z rzadkiego i wyj\u0105tkowego marmuru. Jej wyrafinowany i ekskluzywny design podnosi estetyk\u0119 ka\u017cdego wn\u0119trza, dodaj\u0105c nut\u0119 elegancji, dobrego smaku i wyrafinowanej osobowo\u015bci. Marmur ten zachwyca kontrastem ciemnoczekoladowych ton\u00f3w, z\u0142otych refleks\u00f3w karmelu i delikatnych bia\u0142ych \u017cy\u0142ek, tworz\u0105c niepowtarzalne pi\u0119kno natury i czyni\u0105c miseczk\u0119 efektownym elementem dekoracyjnym.<\/p>\n<p><strong>Wszechstronno\u015b\u0107 tej miseczki dekoracyjnej z marmuru<\/strong> sprawia, \u017ce doskonale sprawdza si\u0119 w r\u00f3\u017cnych zastosowaniach domowych: jako \u015bwiecznik, ozdobna miseczka na praliny, tacka na drobne akcesoria \u0142azienkowe czy elegancki element sto\u0142u podczas spotka\u0144 i uroczysto\u015bci. Jej obecno\u015b\u0107 wnosi klas\u0119 i funkcjonalno\u015b\u0107, czyni\u0105c j\u0105 nieodzownym dodatkiem dla os\u00f3b pragn\u0105cych wzbogaci\u0107 swoje wn\u0119trze luksusem i wyj\u0105tkowo\u015bci\u0105.<\/p>\n<p><strong>Golden Cascad Marmur<\/strong> to niezwyk\u0142a symfonia kontrast\u00f3w, gdzie g\u0142\u0119boka, tajemnicza czer\u0144 roz\u015bwietlona jest baletem \u017cy\u0142ek w odcieniach bieli, karmelu, czerwieni, z\u0142ota i br\u0105zu. Ka\u017cdy fragment opowiada histori\u0119 geologicznego arcydzie\u0142a \u2013 p\u0142\u00f3tna, na kt\u00f3rym natura namalowa\u0142a sw\u00f3j najbardziej wystawny projekt.<\/p>\n<p>&nbsp;<\/p>\n<p><a href=\"https:\/\/forzini.com\/pl\/materialy\/\" target=\"_blank\" rel=\"noopener\">Poznaj nasz\u0105 kolekcj\u0119 marmur\u00f3w i onyks\u00f3w, korzystaj\u0105c z tego linku: <strong>Materia\u0142y<\/strong><\/a><\/p>\n","protected":false},"excerpt":{"rendered":"<h1>Miseczka dekoracyjna z marmuru<\/h1>\n<p>R\u0119cznie rze\u017abiona, stanowi dekoracyjny element idealny do podkre\u015blenia charakteru ka\u017cdego wn\u0119trza. Rzadki i szlachetny marmur w odcieniach ciemnych, ze z\u0142otymi refleksami i delikatnymi bia\u0142ymi \u017cy\u0142kami, nadaje jej wyj\u0105tkowy i wyrafinowany wygl\u0105d.<\/p>\n<p>Doskonale sprawdza si\u0119 w r\u00f3\u017cnych zastosowaniach \u2013 jako \u015bwiecznik, tacka na drobne akcesoria, miseczka na owoce lub efektowna ozdoba sto\u0142u podczas spotka\u0144 i uroczysto\u015bci. Dzi\u0119ki eleganckiemu wzornictwu jest to niezb\u0119dny detal dla os\u00f3b, kt\u00f3re pragn\u0105 doda\u0107 stylu i klasy swojemu domowi.<\/p>\n<p>&nbsp;<\/p>\n","protected":false},"featured_media":17196,"comment_status":"closed","ping_status":"closed","template":"","meta":{"_acf_changed":false,"_joinchat":[]},"product_brand":[],"product_cat":[310,390],"product_tag":[320],"class_list":{"0":"post-17195","1":"product","2":"type-product","3":"status-publish","4":"has-post-thumbnail","6":"product_cat-akcesoria","7":"product_cat-dekoracje-do-domu","8":"product_tag-marmur","10":"first","11":"instock","12":"sale","13":"featured","14":"shipping-taxable","15":"purchasable","16":"product-type-simple"},"acf":[],"_links":{"self":[{"href":"https:\/\/forzini.com\/pl\/wp-json\/wp\/v2\/product\/17195","targetHints":{"allow":["GET"]}}],"collection":[{"href":"https:\/\/forzini.com\/pl\/wp-json\/wp\/v2\/product"}],"about":[{"href":"https:\/\/forzini.com\/pl\/wp-json\/wp\/v2\/types\/product"}],"replies":[{"embeddable":true,"href":"https:\/\/forzini.com\/pl\/wp-json\/wp\/v2\/comments?post=17195"}],"version-history":[{"count":0,"href":"https:\/\/forzini.com\/pl\/wp-json\/wp\/v2\/product\/17195\/revisions"}],"wp:featuredmedia":[{"embeddable":true,"href":"https:\/\/forzini.com\/pl\/wp-json\/wp\/v2\/media\/17196"}],"wp:attachment":[{"href":"https:\/\/forzini.com\/pl\/wp-json\/wp\/v2\/media?parent=17195"}],"wp:term":[{"taxonomy":"product_brand","embeddable":true,"href":"https:\/\/forzini.com\/pl\/wp-json\/wp\/v2\/product_brand?post=17195"},{"taxonomy":"product_cat","embeddable":true,"href":"https:\/\/forzini.com\/pl\/wp-json\/wp\/v2\/product_cat?post=17195"},{"taxonomy":"product_tag","embeddable":true,"href":"https:\/\/forzini.com\/pl\/wp-json\/wp\/v2\/product_tag?post=17195"}],"curies":[{"name":"wp","href":"https:\/\/api.w.org\/{rel}","templated":true}]}}