{"id":17157,"date":"2025-03-29T22:03:22","date_gmt":"2025-03-29T21:03:22","guid":{"rendered":"https:\/\/forzini.com\/producto\/frutero-de-marmol-negro\/"},"modified":"2025-10-02T17:01:49","modified_gmt":"2025-10-02T15:01:49","slug":"taca-ozdobna-marmurowa","status":"publish","type":"product","link":"https:\/\/forzini.com\/pl\/producto\/taca-ozdobna-marmurowa\/","title":{"rendered":"Marmurowa taca ozdobna z czarnym kamieniem"},"content":{"rendered":"<h2>Marmurowa taca ozdobna z czarnym kamieniem<\/h2>\n<p>a wyj\u0105tkowa marmurowa taca ozdobna o efektownym, nieregularnym kszta\u0142cie emanuje elegancj\u0105 i wyrafinowaniem. Doskona\u0142a do podania owoc\u00f3w, s\u0142odyczy lub uporz\u0105dkowania drobiazg\u00f3w, wyr\u00f3\u017cnia si\u0119 jako imponuj\u0105ce centrum sto\u0142u dzi\u0119ki swoim unikalnym ornamentom. Idealna do dekoracji du\u017cych sto\u0142\u00f3w, dodaje luksusowego akcentu ka\u017cdemu wn\u0119trzu. Marmurowa taca ozdobna to ponadczasowe po\u0142\u0105czenie sztuki i funkcjonalno\u015bci \u2013 doskona\u0142a jako przemy\u015blany prezent lub rzadka kolekcjonerska pere\u0142ka.<\/p>\n<p><strong>Ten niezwyk\u0142y marmur<\/strong> o intensywnie czarnym kolorze, otulony ciemnoszarym welonem, zdobiony jest skamienia\u0142ymi szcz\u0105tkami stworze\u0144 sprzed 460 milion\u00f3w lat: amonit\u00f3w, trylobit\u00f3w i ortoceratyt\u00f3w. Te pradawne organizmy morskie, wraz z delikatnymi \u015bladami koralowc\u00f3w, zosta\u0142y na zawsze zachowane na powierzchni kamienia, tworz\u0105c fascynuj\u0105cy gobelin prehistorycznego \u017cycia.<\/p>\n<p>Ten wyj\u0105tkowy marmur niesie echa ery paleozoicznej, cz\u0119sto nazywanej \u201eEr\u0105 Ryb\u201d \u2013 czasu, gdy na Ziemi zacz\u0119\u0142y formowa\u0107 si\u0119 pierwsze lasy, na d\u0142ugo przed pojawieniem si\u0119 cz\u0142owieka. Nie jest to zwyk\u0142y kamie\u0144 \u2013 to fragment najg\u0142\u0119bszej historii naszej planety.<\/p>\n<p>Czasami marmur ten ozdobiony jest przezroczystymi, bia\u0142ymi kryszta\u0142ami kalcytu, kt\u00f3re dodaj\u0105 mu eterycznego blasku. Te krystaliczne formacje sprawiaj\u0105, \u017ce ka\u017cda p\u0142yta jest niepowtarzalna \u2013 niczym zamro\u017cone echa staro\u017cytnego oceanu.<\/p>\n<p>To, co czyni ten marmur jeszcze bardziej wyj\u0105tkowym, to jego niezwyk\u0142a rzadko\u015b\u0107. Wyst\u0119puje wy\u0142\u0105cznie w odleg\u0142ym zak\u0105tku pustyni Sahara, gdzie jest wydobywany w ograniczonych ilo\u015bciach. Stanowi prawdziwy skarb dla kolekcjoner\u00f3w \u2013 naturalne arcydzie\u0142o \u0142\u0105cz\u0105ce czas, geologi\u0119 i histori\u0119 morsk\u0105 w spos\u00f3b unikalny i niepor\u00f3wnywalny.<\/p>\n<p>Posiadanie tej tacy to podr\u00f3\u017c w czasie \u2013 kontakt z histori\u0105 poprzez prehistoryczn\u0105 relikwi\u0119, misternie wyrze\u017abion\u0105 przez naszych rzemie\u015blnik\u00f3w. Nie jest to tylko dekoracyjny przedmiot, lecz unikalne dzie\u0142o, kt\u00f3re mo\u017ce s\u0142u\u017cy\u0107 jako taca, miska, frutero czy ozdobny element sto\u0142u. Jej ponadczasowe pi\u0119kno zachwyca i pozostawia go\u015bci w pe\u0142nym podziwie.<\/p>\n<h3><strong>Wymiary:<\/strong><\/h3>\n<ul>\n<li>\n<h3>D\u0142ugo\u015b\u0107: 25\u201330 cm<\/h3>\n<\/li>\n<li>\n<h3>Szeroko\u015b\u0107: 20\u201324 cm<\/h3>\n<\/li>\n<li>\n<h3>Wysoko\u015b\u0107: 6\u20137 cm<\/h3>\n<\/li>\n<li>\n<h3>Waga: 1,2\u20131,5 kg<\/h3>\n<\/li>\n<\/ul>\n<p>&nbsp;<\/p>\n<p><a href=\"https:\/\/forzini.com\/pl\/materialy\/\" target=\"_blank\" rel=\"noopener\">Poznaj nasz\u0105 kolekcj\u0119 marmur\u00f3w i onyks\u00f3w, korzystaj\u0105c z tego linku: <strong>Materia\u0142y<\/strong><\/a><\/p>\n","protected":false},"excerpt":{"rendered":"<h1>Marmurowa taca ozdobna<\/h1>\n<p>Bardzo elegancka, o efektownym nieregularnym kszta\u0142cie, doskonale sprawdza si\u0119 jako centralny element dekoracyjny na du\u017cych sto\u0142ach. Idealna do podania owoc\u00f3w, serwowania przek\u0105sek lub uporz\u0105dkowania drobiazg\u00f3w \u2013 zachwyca unikalnymi wzorami i ponadczasowym urokiem. Rzadka kolekcjonerska pere\u0142ka lub wyj\u0105tkowy prezent, kt\u00f3ry podkre\u015bli charakter ka\u017cdej aran\u017cacji wn\u0119trza.<\/p>\n","protected":false},"featured_media":17158,"comment_status":"closed","ping_status":"closed","template":"","meta":{"_acf_changed":false,"_joinchat":[]},"product_brand":[],"product_cat":[310,383],"product_tag":[320],"class_list":{"0":"post-17157","1":"product","2":"type-product","3":"status-publish","4":"has-post-thumbnail","6":"product_cat-akcesoria","7":"product_cat-dekoracje-na-stol","8":"product_tag-marmur","10":"first","11":"outofstock","12":"sale","13":"featured","14":"shipping-taxable","15":"purchasable","16":"product-type-simple"},"acf":[],"_links":{"self":[{"href":"https:\/\/forzini.com\/pl\/wp-json\/wp\/v2\/product\/17157","targetHints":{"allow":["GET"]}}],"collection":[{"href":"https:\/\/forzini.com\/pl\/wp-json\/wp\/v2\/product"}],"about":[{"href":"https:\/\/forzini.com\/pl\/wp-json\/wp\/v2\/types\/product"}],"replies":[{"embeddable":true,"href":"https:\/\/forzini.com\/pl\/wp-json\/wp\/v2\/comments?post=17157"}],"version-history":[{"count":0,"href":"https:\/\/forzini.com\/pl\/wp-json\/wp\/v2\/product\/17157\/revisions"}],"wp:featuredmedia":[{"embeddable":true,"href":"https:\/\/forzini.com\/pl\/wp-json\/wp\/v2\/media\/17158"}],"wp:attachment":[{"href":"https:\/\/forzini.com\/pl\/wp-json\/wp\/v2\/media?parent=17157"}],"wp:term":[{"taxonomy":"product_brand","embeddable":true,"href":"https:\/\/forzini.com\/pl\/wp-json\/wp\/v2\/product_brand?post=17157"},{"taxonomy":"product_cat","embeddable":true,"href":"https:\/\/forzini.com\/pl\/wp-json\/wp\/v2\/product_cat?post=17157"},{"taxonomy":"product_tag","embeddable":true,"href":"https:\/\/forzini.com\/pl\/wp-json\/wp\/v2\/product_tag?post=17157"}],"curies":[{"name":"wp","href":"https:\/\/api.w.org\/{rel}","templated":true}]}}